{"id":6859,"date":"2025-03-04T12:36:39","date_gmt":"2025-03-04T11:36:39","guid":{"rendered":"https:\/\/www.checchiemagli.com\/prodotto\/foxdrive-plus\/"},"modified":"2025-10-28T15:34:32","modified_gmt":"2025-10-28T14:34:32","slug":"foxdrive-plus","status":"publish","type":"product","link":"https:\/\/www.checchiemagli.com\/fr\/planteuse\/foxdrive-plus\/","title":{"rendered":"Foxdrive Plus"},"content":{"rendered":"<p><strong>Polyvalent \u2013 \u200b\u200bLe seul pour plantes \u00e0 racines nues et en mottes!<\/strong> Evolution de la planteuse historique FOX, aujourd&#8217;hui chaque unit\u00e9 est \u00e9quip\u00e9e avec parall\u00e9logramme pour l&#8217;adaptation au sol. Distributeur avec 5, 10, 15 ou 20 pinces, inter-rangs r\u00e9glable \u00e0 partir de 50 cm\/20&#8243; ; d\u00e9bit de chantier jusqu&#8217;\u00e0 2 500 plantes\/heure chaque op\u00e9rateur. Id\u00e9al pour la patate douce, les fraises et la lavande.<\/p>\n","protected":false},"excerpt":{"rendered":"<p>Polyvalent \u2013 \u200b\u200bLe seul pour plantes \u00e0 racines nues et en mottes! Evolution de la planteuse historique FOX, aujourd&#8217;hui chaque unit\u00e9 est \u00e9quip\u00e9e avec parall\u00e9logramme pour l&#8217;adaptation au sol. Distributeur avec 5, 10, 15 ou 20 pinces, inter-rangs r\u00e9glable \u00e0 partir de 50 cm\/20&#8243; ; d\u00e9bit de chantier jusqu&#8217;\u00e0 2 500 plantes\/heure chaque op\u00e9rateur. Id\u00e9al&#8230;<\/p>\n","protected":false},"featured_media":2949,"template":"","meta":{"_acf_changed":false,"_gspb_post_css":"","_kad_post_transparent":"default","_kad_post_title":"","_kad_post_layout":"default","_kad_post_sidebar_id":"","_kad_post_content_style":"default","_kad_post_vertical_padding":"default","_kad_post_feature":"","_kad_post_feature_position":"","_kad_post_header":false,"_kad_post_footer":false,"_kad_post_classname":""},"cosa-puoi-piantare":[2411,563,579,551,567,539,555,571,543,559,591,527,499,483,487,475],"etichette":[2425],"nr-file":[443,444,445,446,447,441,442],"specifiche-tecniche":[1818,1831,1832,1893,1803],"tipo-di-terreno":[427],"tipo-di-zolla":[403,415,419,423],"tipologie-macchine":[1000],"product_brand":[],"product_cat":[399],"product_tag":[],"class_list":{"0":"post-6859","1":"product","2":"type-product","3":"status-publish","4":"has-post-thumbnail","6":"cosa-puoi-piantare-roses-fr","7":"cosa-puoi-piantare-patates-douces","8":"cosa-puoi-piantare-celeri","9":"cosa-puoi-piantare-fenouils","10":"cosa-puoi-piantare-poivrons","11":"cosa-puoi-piantare-brocolis","12":"cosa-puoi-piantare-salades","13":"cosa-puoi-piantare-tomates","14":"cosa-puoi-piantare-choux","15":"cosa-puoi-piantare-aubergines","16":"cosa-puoi-piantare-courgettes","17":"cosa-puoi-piantare-fraises","18":"cosa-puoi-piantare-oignons","19":"cosa-puoi-piantare-autres-herbes","20":"cosa-puoi-piantare-lavande","21":"cosa-puoi-piantare-canne-a-sucre","22":"etichette-top-seller","23":"nr-file-3-fr","24":"nr-file-4-fr","25":"nr-file-5-fr","26":"nr-file-6-fr","27":"nr-file-6-rangs","28":"nr-file-1-fr","29":"nr-file-2-fr","30":"specifiche-tecniche-roues-de-tassement-en-fer-o-56-cm-22","31":"specifiche-tecniche-distributeur-a-5-10-15-ou-20-pinces","32":"specifiche-tecniche-distance-entre-les-plantes-min-13-cm-max-140-cm-5-55","33":"specifiche-tecniche-parallelogramme-pour-un-profondeur-de-plantation-constant","34":"specifiche-tecniche-distance-entre-les-rangs-50-cm-20","35":"tipo-di-terreno-terre-nue","36":"tipo-di-zolla-racine-nue","37":"tipo-di-zolla-conique","38":"tipo-di-zolla-cubique","39":"tipo-di-zolla-pyramidale","40":"tipologie-macchine-planteuse","41":"product_cat-planteuses","43":"first","44":"instock","45":"virtual","46":"product-type-simple","47":"entry","48":"content-bg","49":"loop-entry"},"acf":[],"yoast_head":"<!-- This site is optimized with the Yoast SEO plugin v27.2 - https:\/\/yoast.com\/product\/yoast-seo-wordpress\/ -->\n<title>Planteuses Foxdrive Plus - Checchi &amp; Magli<\/title>\n<meta name=\"description\" content=\"Planteuse FOXDRIVE PLUS \u00e0 pinces : Pour jeunes plants \u00e0 racines nues, avec mottes coniques ou carr\u00e9es. Adapt\u00e9e pour planter patate douce, fraises et bien plus.\" \/>\n<meta name=\"robots\" content=\"index, follow, max-snippet:-1, max-image-preview:large, max-video-preview:-1\" \/>\n<link rel=\"canonical\" href=\"https:\/\/www.checchiemagli.com\/fr\/planteuse\/foxdrive-plus\/\" \/>\n<meta property=\"og:locale\" content=\"fr_FR\" \/>\n<meta property=\"og:type\" content=\"article\" \/>\n<meta property=\"og:title\" content=\"Planteuses Foxdrive Plus - Checchi &amp; Magli\" \/>\n<meta property=\"og:description\" content=\"Planteuse FOXDRIVE PLUS \u00e0 pinces : Pour jeunes plants \u00e0 racines nues, avec mottes coniques ou carr\u00e9es. Adapt\u00e9e pour planter patate douce, fraises et bien plus.\" \/>\n<meta property=\"og:url\" content=\"https:\/\/www.checchiemagli.com\/fr\/planteuse\/foxdrive-plus\/\" \/>\n<meta property=\"og:site_name\" content=\"Checchi e Magli\" \/>\n<meta property=\"article:publisher\" content=\"https:\/\/www.facebook.com\/checchiemagli\/\" \/>\n<meta property=\"article:modified_time\" content=\"2025-10-28T14:34:32+00:00\" \/>\n<meta property=\"og:image\" content=\"https:\/\/www.checchiemagli.com\/wp-content\/uploads\/2025\/03\/FOXDRIVE-PLUS-1.png\" \/>\n\t<meta property=\"og:image:width\" content=\"800\" \/>\n\t<meta property=\"og:image:height\" content=\"600\" \/>\n\t<meta property=\"og:image:type\" content=\"image\/png\" \/>\n<meta name=\"twitter:card\" content=\"summary_large_image\" \/>\n<meta name=\"twitter:site\" content=\"@checchiemagli\" \/>\n<meta name=\"twitter:label1\" content=\"Dur\u00e9e de lecture estim\u00e9e\" \/>\n\t<meta name=\"twitter:data1\" content=\"1 minute\" \/>\n<!-- \/ Yoast SEO plugin. -->","yoast_head_json":{"title":"Planteuses Foxdrive Plus - Checchi & Magli","description":"Planteuse FOXDRIVE PLUS \u00e0 pinces : Pour jeunes plants \u00e0 racines nues, avec mottes coniques ou carr\u00e9es. Adapt\u00e9e pour planter patate douce, fraises et bien plus.","robots":{"index":"index","follow":"follow","max-snippet":"max-snippet:-1","max-image-preview":"max-image-preview:large","max-video-preview":"max-video-preview:-1"},"canonical":"https:\/\/www.checchiemagli.com\/fr\/planteuse\/foxdrive-plus\/","og_locale":"fr_FR","og_type":"article","og_title":"Planteuses Foxdrive Plus - Checchi & Magli","og_description":"Planteuse FOXDRIVE PLUS \u00e0 pinces : Pour jeunes plants \u00e0 racines nues, avec mottes coniques ou carr\u00e9es. Adapt\u00e9e pour planter patate douce, fraises et bien plus.","og_url":"https:\/\/www.checchiemagli.com\/fr\/planteuse\/foxdrive-plus\/","og_site_name":"Checchi e Magli","article_publisher":"https:\/\/www.facebook.com\/checchiemagli\/","article_modified_time":"2025-10-28T14:34:32+00:00","og_image":[{"width":800,"height":600,"url":"https:\/\/www.checchiemagli.com\/wp-content\/uploads\/2025\/03\/FOXDRIVE-PLUS-1.png","type":"image\/png"}],"twitter_card":"summary_large_image","twitter_site":"@checchiemagli","twitter_misc":{"Dur\u00e9e de lecture estim\u00e9e":"1 minute"},"schema":{"@context":"https:\/\/schema.org","@graph":[{"@type":"WebPage","@id":"https:\/\/www.checchiemagli.com\/fr\/planteuse\/foxdrive-plus\/","url":"https:\/\/www.checchiemagli.com\/fr\/planteuse\/foxdrive-plus\/","name":"Planteuses Foxdrive Plus - Checchi & Magli","isPartOf":{"@id":"https:\/\/www.checchiemagli.com\/fr\/#website"},"primaryImageOfPage":{"@id":"https:\/\/www.checchiemagli.com\/fr\/planteuse\/foxdrive-plus\/#primaryimage"},"image":{"@id":"https:\/\/www.checchiemagli.com\/fr\/planteuse\/foxdrive-plus\/#primaryimage"},"thumbnailUrl":"https:\/\/www.checchiemagli.com\/wp-content\/uploads\/2025\/03\/FOXDRIVE-PLUS-1.png","datePublished":"2025-03-04T11:36:39+00:00","dateModified":"2025-10-28T14:34:32+00:00","description":"Planteuse FOXDRIVE PLUS \u00e0 pinces : Pour jeunes plants \u00e0 racines nues, avec mottes coniques ou carr\u00e9es. Adapt\u00e9e pour planter patate douce, fraises et bien plus.","breadcrumb":{"@id":"https:\/\/www.checchiemagli.com\/fr\/planteuse\/foxdrive-plus\/#breadcrumb"},"inLanguage":"fr-FR","potentialAction":[{"@type":"ReadAction","target":["https:\/\/www.checchiemagli.com\/fr\/planteuse\/foxdrive-plus\/"]}]},{"@type":"ImageObject","inLanguage":"fr-FR","@id":"https:\/\/www.checchiemagli.com\/fr\/planteuse\/foxdrive-plus\/#primaryimage","url":"https:\/\/www.checchiemagli.com\/wp-content\/uploads\/2025\/03\/FOXDRIVE-PLUS-1.png","contentUrl":"https:\/\/www.checchiemagli.com\/wp-content\/uploads\/2025\/03\/FOXDRIVE-PLUS-1.png","width":800,"height":600},{"@type":"BreadcrumbList","@id":"https:\/\/www.checchiemagli.com\/fr\/planteuse\/foxdrive-plus\/#breadcrumb","itemListElement":[{"@type":"ListItem","position":1,"name":"Home","item":"https:\/\/www.checchiemagli.com\/fr\/"},{"@type":"ListItem","position":2,"name":"Machinerie","item":"https:\/\/www.checchiemagli.com\/fr\/machinerie\/"},{"@type":"ListItem","position":3,"name":"Planteuses","item":"https:\/\/www.checchiemagli.com\/fr\/machinerie\/planteuses\/"},{"@type":"ListItem","position":4,"name":"Foxdrive Plus"}]},{"@type":"WebSite","@id":"https:\/\/www.checchiemagli.com\/fr\/#website","url":"https:\/\/www.checchiemagli.com\/fr\/","name":"Checchi&Magli","description":"Produzione e Distribuzione di Macchine Agricole","publisher":{"@id":"https:\/\/www.checchiemagli.com\/fr\/#organization"},"potentialAction":[{"@type":"SearchAction","target":{"@type":"EntryPoint","urlTemplate":"https:\/\/www.checchiemagli.com\/fr\/?s={search_term_string}"},"query-input":{"@type":"PropertyValueSpecification","valueRequired":true,"valueName":"search_term_string"}}],"inLanguage":"fr-FR"},{"@type":"Organization","@id":"https:\/\/www.checchiemagli.com\/fr\/#organization","name":"Checchi&Magli","url":"https:\/\/www.checchiemagli.com\/fr\/","logo":{"@type":"ImageObject","inLanguage":"fr-FR","@id":"https:\/\/www.checchiemagli.com\/fr\/#\/schema\/logo\/image\/","url":"https:\/\/www.checchiemagli.com\/wp-content\/uploads\/2025\/03\/logo.png","contentUrl":"https:\/\/www.checchiemagli.com\/wp-content\/uploads\/2025\/03\/logo.png","width":633,"height":149,"caption":"Checchi&Magli"},"image":{"@id":"https:\/\/www.checchiemagli.com\/fr\/#\/schema\/logo\/image\/"},"sameAs":["https:\/\/www.facebook.com\/checchiemagli\/","https:\/\/x.com\/checchiemagli","https:\/\/www.youtube.com\/user\/checchiemagli","https:\/\/www.instagram.com\/checchiemagli\/","https:\/\/www.linkedin.com\/company\/checchiemagli\/"]}]}},"_links":{"self":[{"href":"https:\/\/www.checchiemagli.com\/fr\/wp-json\/wp\/v2\/product\/6859","targetHints":{"allow":["GET"]}}],"collection":[{"href":"https:\/\/www.checchiemagli.com\/fr\/wp-json\/wp\/v2\/product"}],"about":[{"href":"https:\/\/www.checchiemagli.com\/fr\/wp-json\/wp\/v2\/types\/product"}],"wp:featuredmedia":[{"embeddable":true,"href":"https:\/\/www.checchiemagli.com\/fr\/wp-json\/wp\/v2\/media\/2949"}],"wp:attachment":[{"href":"https:\/\/www.checchiemagli.com\/fr\/wp-json\/wp\/v2\/media?parent=6859"}],"wp:term":[{"taxonomy":"cosa-puoi-piantare","embeddable":true,"href":"https:\/\/www.checchiemagli.com\/fr\/wp-json\/wp\/v2\/cosa-puoi-piantare?post=6859"},{"taxonomy":"etichette","embeddable":true,"href":"https:\/\/www.checchiemagli.com\/fr\/wp-json\/wp\/v2\/etichette?post=6859"},{"taxonomy":"nr-file","embeddable":true,"href":"https:\/\/www.checchiemagli.com\/fr\/wp-json\/wp\/v2\/nr-file?post=6859"},{"taxonomy":"specifiche-tecniche","embeddable":true,"href":"https:\/\/www.checchiemagli.com\/fr\/wp-json\/wp\/v2\/specifiche-tecniche?post=6859"},{"taxonomy":"tipo-di-terreno","embeddable":true,"href":"https:\/\/www.checchiemagli.com\/fr\/wp-json\/wp\/v2\/tipo-di-terreno?post=6859"},{"taxonomy":"tipo-di-zolla","embeddable":true,"href":"https:\/\/www.checchiemagli.com\/fr\/wp-json\/wp\/v2\/tipo-di-zolla?post=6859"},{"taxonomy":"tipologie-macchine","embeddable":true,"href":"https:\/\/www.checchiemagli.com\/fr\/wp-json\/wp\/v2\/tipologie-macchine?post=6859"},{"taxonomy":"product_brand","embeddable":true,"href":"https:\/\/www.checchiemagli.com\/fr\/wp-json\/wp\/v2\/product_brand?post=6859"},{"taxonomy":"product_cat","embeddable":true,"href":"https:\/\/www.checchiemagli.com\/fr\/wp-json\/wp\/v2\/product_cat?post=6859"},{"taxonomy":"product_tag","embeddable":true,"href":"https:\/\/www.checchiemagli.com\/fr\/wp-json\/wp\/v2\/product_tag?post=6859"}],"curies":[{"name":"wp","href":"https:\/\/api.w.org\/{rel}","templated":true}]}}