{"id":6855,"date":"2025-03-04T12:36:39","date_gmt":"2025-03-04T11:36:39","guid":{"rendered":"https:\/\/www.checchiemagli.com\/prodotto\/foxdrive-r14\/"},"modified":"2025-10-29T10:50:55","modified_gmt":"2025-10-29T09:50:55","slug":"foxdrive-r14","status":"publish","type":"product","link":"https:\/\/www.checchiemagli.com\/fr\/planteuse\/foxdrive-r14\/","title":{"rendered":"Foxdrive R14"},"content":{"rendered":"<p><strong>Sp\u00e9cifique pour le poireau et l&#8217;oignon, mais pas seulement!<\/strong> Planteuse simple, l\u00e9g\u00e8re et compacte, avec distributeur \u00e0 14 pinces pour une distance minimale entre les plantes de 9 cm\/4&#8243;, inter-rangs r\u00e9glable \u00e0 partir de 50 cm\/20&#8243; et 20 cm\/8&#8243; pour la version avec double ch\u00e2ssis; d\u00e9bit de chantier jusqu&#8217;\u00e0 2.500 plants\/heure chaque op\u00e9rateur. Id\u00e9al pour le poireau et l&#8217;oignon.<\/p>\n","protected":false},"excerpt":{"rendered":"<p>Sp\u00e9cifique pour le poireau et l&#8217;oignon, mais pas seulement! Planteuse simple, l\u00e9g\u00e8re et compacte, avec distributeur \u00e0 14 pinces pour une distance minimale entre les plantes de 9 cm\/4&#8243;, inter-rangs r\u00e9glable \u00e0 partir de 50 cm\/20&#8243; et 20 cm\/8&#8243; pour la version avec double ch\u00e2ssis; d\u00e9bit de chantier jusqu&#8217;\u00e0 2.500 plants\/heure chaque op\u00e9rateur. Id\u00e9al pour&#8230;<\/p>\n","protected":false},"featured_media":2903,"template":"","meta":{"_acf_changed":false,"_gspb_post_css":"","_kad_post_transparent":"default","_kad_post_title":"","_kad_post_layout":"default","_kad_post_sidebar_id":"","_kad_post_content_style":"default","_kad_post_vertical_padding":"default","_kad_post_feature":"","_kad_post_feature_position":"","_kad_post_header":false,"_kad_post_footer":false,"_kad_post_classname":""},"cosa-puoi-piantare":[2411,2406,547,579,551,567,539,555,571,587,543,559,575,591],"etichette":[2433],"nr-file":[447,441,442,443,444,445,446],"specifiche-tecniche":[1818,1833,1834,1835],"tipo-di-terreno":[427],"tipo-di-zolla":[403,415,419,423],"tipologie-macchine":[1000],"product_brand":[],"product_cat":[399],"product_tag":[],"class_list":{"0":"post-6855","1":"product","2":"type-product","3":"status-publish","4":"has-post-thumbnail","6":"cosa-puoi-piantare-roses-fr","7":"cosa-puoi-piantare-oignons-fr","8":"cosa-puoi-piantare-concombres","9":"cosa-puoi-piantare-celeri","10":"cosa-puoi-piantare-fenouils","11":"cosa-puoi-piantare-poivrons","12":"cosa-puoi-piantare-brocolis","13":"cosa-puoi-piantare-salades","14":"cosa-puoi-piantare-tomates","15":"cosa-puoi-piantare-citrouille","16":"cosa-puoi-piantare-choux","17":"cosa-puoi-piantare-aubergines","18":"cosa-puoi-piantare-poireaux","19":"cosa-puoi-piantare-courgettes","20":"etichette-easy-to-use","21":"nr-file-6-rangs","22":"nr-file-1-fr","23":"nr-file-2-fr","24":"nr-file-3-fr","25":"nr-file-4-fr","26":"nr-file-5-fr","27":"nr-file-6-fr","28":"specifiche-tecniche-roues-de-tassement-en-fer-o-56-cm-22","29":"specifiche-tecniche-distributeur-a-14-pinces","30":"specifiche-tecniche-distance-entre-les-rangs-min-50-cm-20-min-20-cm-8-en-version-dt","31":"specifiche-tecniche-distance-entre-les-plantes-min-9-cm-max-63-cm-4-25","32":"tipo-di-terreno-terre-nue","33":"tipo-di-zolla-racine-nue","34":"tipo-di-zolla-conique","35":"tipo-di-zolla-cubique","36":"tipo-di-zolla-pyramidale","37":"tipologie-macchine-planteuse","38":"product_cat-planteuses","40":"first","41":"instock","42":"virtual","43":"product-type-simple","44":"entry","45":"content-bg","46":"loop-entry"},"acf":[],"yoast_head":"<!-- This site is optimized with the Yoast SEO plugin v27.2 - https:\/\/yoast.com\/product\/yoast-seo-wordpress\/ -->\n<title>Planteuses Foxdrive R14 - Checchi &amp; Magli<\/title>\n<meta name=\"description\" content=\"Planteuse FOXDRIVE R14 \u00e0 pinces : Sp\u00e9cifique pour poireaux et oignons, mais pas uniquement ! Planteuse simple, l\u00e9g\u00e8re et compacte. Demandez une d\u00e9monstration.\" \/>\n<meta name=\"robots\" content=\"index, follow, max-snippet:-1, max-image-preview:large, max-video-preview:-1\" \/>\n<link rel=\"canonical\" href=\"https:\/\/www.checchiemagli.com\/fr\/planteuse\/foxdrive-r14\/\" \/>\n<meta property=\"og:locale\" content=\"fr_FR\" \/>\n<meta property=\"og:type\" content=\"article\" \/>\n<meta property=\"og:title\" content=\"Planteuses Foxdrive R14 - Checchi &amp; Magli\" \/>\n<meta property=\"og:description\" content=\"Planteuse FOXDRIVE R14 \u00e0 pinces : Sp\u00e9cifique pour poireaux et oignons, mais pas uniquement ! Planteuse simple, l\u00e9g\u00e8re et compacte. Demandez une d\u00e9monstration.\" \/>\n<meta property=\"og:url\" content=\"https:\/\/www.checchiemagli.com\/fr\/planteuse\/foxdrive-r14\/\" \/>\n<meta property=\"og:site_name\" content=\"Checchi e Magli\" \/>\n<meta property=\"article:publisher\" content=\"https:\/\/www.facebook.com\/checchiemagli\/\" \/>\n<meta property=\"article:modified_time\" content=\"2025-10-29T09:50:55+00:00\" \/>\n<meta property=\"og:image\" content=\"https:\/\/www.checchiemagli.com\/wp-content\/uploads\/2025\/03\/FOXDRIVE-R14-DT-3.png\" \/>\n\t<meta property=\"og:image:width\" content=\"800\" \/>\n\t<meta property=\"og:image:height\" content=\"600\" \/>\n\t<meta property=\"og:image:type\" content=\"image\/png\" \/>\n<meta name=\"twitter:card\" content=\"summary_large_image\" \/>\n<meta name=\"twitter:site\" content=\"@checchiemagli\" \/>\n<meta name=\"twitter:label1\" content=\"Dur\u00e9e de lecture estim\u00e9e\" \/>\n\t<meta name=\"twitter:data1\" content=\"1 minute\" \/>\n<!-- \/ Yoast SEO plugin. -->","yoast_head_json":{"title":"Planteuses Foxdrive R14 - Checchi & Magli","description":"Planteuse FOXDRIVE R14 \u00e0 pinces : Sp\u00e9cifique pour poireaux et oignons, mais pas uniquement ! Planteuse simple, l\u00e9g\u00e8re et compacte. Demandez une d\u00e9monstration.","robots":{"index":"index","follow":"follow","max-snippet":"max-snippet:-1","max-image-preview":"max-image-preview:large","max-video-preview":"max-video-preview:-1"},"canonical":"https:\/\/www.checchiemagli.com\/fr\/planteuse\/foxdrive-r14\/","og_locale":"fr_FR","og_type":"article","og_title":"Planteuses Foxdrive R14 - Checchi & Magli","og_description":"Planteuse FOXDRIVE R14 \u00e0 pinces : Sp\u00e9cifique pour poireaux et oignons, mais pas uniquement ! Planteuse simple, l\u00e9g\u00e8re et compacte. Demandez une d\u00e9monstration.","og_url":"https:\/\/www.checchiemagli.com\/fr\/planteuse\/foxdrive-r14\/","og_site_name":"Checchi e Magli","article_publisher":"https:\/\/www.facebook.com\/checchiemagli\/","article_modified_time":"2025-10-29T09:50:55+00:00","og_image":[{"width":800,"height":600,"url":"https:\/\/www.checchiemagli.com\/wp-content\/uploads\/2025\/03\/FOXDRIVE-R14-DT-3.png","type":"image\/png"}],"twitter_card":"summary_large_image","twitter_site":"@checchiemagli","twitter_misc":{"Dur\u00e9e de lecture estim\u00e9e":"1 minute"},"schema":{"@context":"https:\/\/schema.org","@graph":[{"@type":"WebPage","@id":"https:\/\/www.checchiemagli.com\/fr\/planteuse\/foxdrive-r14\/","url":"https:\/\/www.checchiemagli.com\/fr\/planteuse\/foxdrive-r14\/","name":"Planteuses Foxdrive R14 - Checchi & Magli","isPartOf":{"@id":"https:\/\/www.checchiemagli.com\/fr\/#website"},"primaryImageOfPage":{"@id":"https:\/\/www.checchiemagli.com\/fr\/planteuse\/foxdrive-r14\/#primaryimage"},"image":{"@id":"https:\/\/www.checchiemagli.com\/fr\/planteuse\/foxdrive-r14\/#primaryimage"},"thumbnailUrl":"https:\/\/www.checchiemagli.com\/wp-content\/uploads\/2025\/03\/FOXDRIVE-R14-DT-3.png","datePublished":"2025-03-04T11:36:39+00:00","dateModified":"2025-10-29T09:50:55+00:00","description":"Planteuse FOXDRIVE R14 \u00e0 pinces : Sp\u00e9cifique pour poireaux et oignons, mais pas uniquement ! Planteuse simple, l\u00e9g\u00e8re et compacte. Demandez une d\u00e9monstration.","breadcrumb":{"@id":"https:\/\/www.checchiemagli.com\/fr\/planteuse\/foxdrive-r14\/#breadcrumb"},"inLanguage":"fr-FR","potentialAction":[{"@type":"ReadAction","target":["https:\/\/www.checchiemagli.com\/fr\/planteuse\/foxdrive-r14\/"]}]},{"@type":"ImageObject","inLanguage":"fr-FR","@id":"https:\/\/www.checchiemagli.com\/fr\/planteuse\/foxdrive-r14\/#primaryimage","url":"https:\/\/www.checchiemagli.com\/wp-content\/uploads\/2025\/03\/FOXDRIVE-R14-DT-3.png","contentUrl":"https:\/\/www.checchiemagli.com\/wp-content\/uploads\/2025\/03\/FOXDRIVE-R14-DT-3.png","width":800,"height":600},{"@type":"BreadcrumbList","@id":"https:\/\/www.checchiemagli.com\/fr\/planteuse\/foxdrive-r14\/#breadcrumb","itemListElement":[{"@type":"ListItem","position":1,"name":"Home","item":"https:\/\/www.checchiemagli.com\/fr\/"},{"@type":"ListItem","position":2,"name":"Machinerie","item":"https:\/\/www.checchiemagli.com\/fr\/machinerie\/"},{"@type":"ListItem","position":3,"name":"Planteuses","item":"https:\/\/www.checchiemagli.com\/fr\/machinerie\/planteuses\/"},{"@type":"ListItem","position":4,"name":"Foxdrive R14"}]},{"@type":"WebSite","@id":"https:\/\/www.checchiemagli.com\/fr\/#website","url":"https:\/\/www.checchiemagli.com\/fr\/","name":"Checchi&Magli","description":"Produzione e Distribuzione di Macchine Agricole","publisher":{"@id":"https:\/\/www.checchiemagli.com\/fr\/#organization"},"potentialAction":[{"@type":"SearchAction","target":{"@type":"EntryPoint","urlTemplate":"https:\/\/www.checchiemagli.com\/fr\/?s={search_term_string}"},"query-input":{"@type":"PropertyValueSpecification","valueRequired":true,"valueName":"search_term_string"}}],"inLanguage":"fr-FR"},{"@type":"Organization","@id":"https:\/\/www.checchiemagli.com\/fr\/#organization","name":"Checchi&Magli","url":"https:\/\/www.checchiemagli.com\/fr\/","logo":{"@type":"ImageObject","inLanguage":"fr-FR","@id":"https:\/\/www.checchiemagli.com\/fr\/#\/schema\/logo\/image\/","url":"https:\/\/www.checchiemagli.com\/wp-content\/uploads\/2025\/03\/logo.png","contentUrl":"https:\/\/www.checchiemagli.com\/wp-content\/uploads\/2025\/03\/logo.png","width":633,"height":149,"caption":"Checchi&Magli"},"image":{"@id":"https:\/\/www.checchiemagli.com\/fr\/#\/schema\/logo\/image\/"},"sameAs":["https:\/\/www.facebook.com\/checchiemagli\/","https:\/\/x.com\/checchiemagli","https:\/\/www.youtube.com\/user\/checchiemagli","https:\/\/www.instagram.com\/checchiemagli\/","https:\/\/www.linkedin.com\/company\/checchiemagli\/"]}]}},"_links":{"self":[{"href":"https:\/\/www.checchiemagli.com\/fr\/wp-json\/wp\/v2\/product\/6855","targetHints":{"allow":["GET"]}}],"collection":[{"href":"https:\/\/www.checchiemagli.com\/fr\/wp-json\/wp\/v2\/product"}],"about":[{"href":"https:\/\/www.checchiemagli.com\/fr\/wp-json\/wp\/v2\/types\/product"}],"wp:featuredmedia":[{"embeddable":true,"href":"https:\/\/www.checchiemagli.com\/fr\/wp-json\/wp\/v2\/media\/2903"}],"wp:attachment":[{"href":"https:\/\/www.checchiemagli.com\/fr\/wp-json\/wp\/v2\/media?parent=6855"}],"wp:term":[{"taxonomy":"cosa-puoi-piantare","embeddable":true,"href":"https:\/\/www.checchiemagli.com\/fr\/wp-json\/wp\/v2\/cosa-puoi-piantare?post=6855"},{"taxonomy":"etichette","embeddable":true,"href":"https:\/\/www.checchiemagli.com\/fr\/wp-json\/wp\/v2\/etichette?post=6855"},{"taxonomy":"nr-file","embeddable":true,"href":"https:\/\/www.checchiemagli.com\/fr\/wp-json\/wp\/v2\/nr-file?post=6855"},{"taxonomy":"specifiche-tecniche","embeddable":true,"href":"https:\/\/www.checchiemagli.com\/fr\/wp-json\/wp\/v2\/specifiche-tecniche?post=6855"},{"taxonomy":"tipo-di-terreno","embeddable":true,"href":"https:\/\/www.checchiemagli.com\/fr\/wp-json\/wp\/v2\/tipo-di-terreno?post=6855"},{"taxonomy":"tipo-di-zolla","embeddable":true,"href":"https:\/\/www.checchiemagli.com\/fr\/wp-json\/wp\/v2\/tipo-di-zolla?post=6855"},{"taxonomy":"tipologie-macchine","embeddable":true,"href":"https:\/\/www.checchiemagli.com\/fr\/wp-json\/wp\/v2\/tipologie-macchine?post=6855"},{"taxonomy":"product_brand","embeddable":true,"href":"https:\/\/www.checchiemagli.com\/fr\/wp-json\/wp\/v2\/product_brand?post=6855"},{"taxonomy":"product_cat","embeddable":true,"href":"https:\/\/www.checchiemagli.com\/fr\/wp-json\/wp\/v2\/product_cat?post=6855"},{"taxonomy":"product_tag","embeddable":true,"href":"https:\/\/www.checchiemagli.com\/fr\/wp-json\/wp\/v2\/product_tag?post=6855"}],"curies":[{"name":"wp","href":"https:\/\/api.w.org\/{rel}","templated":true}]}}