{"id":6847,"date":"2025-03-04T12:36:39","date_gmt":"2025-03-04T11:36:39","guid":{"rendered":"https:\/\/www.checchiemagli.com\/prodotto\/qubik\/"},"modified":"2025-10-29T09:56:33","modified_gmt":"2025-10-29T08:56:33","slug":"qubik","status":"publish","type":"product","link":"https:\/\/www.checchiemagli.com\/fr\/planteuse\/qubik\/","title":{"rendered":"Qubik"},"content":{"rendered":"<p><strong>Technologie et innovation!<\/strong> Con\u00e7ue sp\u00e9cifiquement pour planter les mottes cubiques entre 3,2<br \/>\ncm et 5 cm (1-1\/3\u201d-2\u201d). Distributeur \u00e0 bande avec guide de cube r\u00e9glable, inter-rangs r\u00e9glable \u00e0 partir de 23 cm\/9&#8243;,<br \/>\nD\u00e9bit de chantier jusqu&#8217;\u00e0 7.200 plants\/heure\/rang. Id\u00e9al pour les salades et l&#8217;oignon.<\/p>\n","protected":false},"excerpt":{"rendered":"<p><strong>Technologie et innovation!<\/strong> Con\u00e7u sp\u00e9cifiquement pour transplanter des cubes press\u00e9s mesurant entre 3,2 cm et 5 cm (1-1\/3\u201d-2\u201d). Distributeur \u00e0 bande avec guide de cube r\u00e9glable, distance entre les rang\u00e9es r\u00e9glable \u00e0 partir de 23 cm\/9&#8243; minimum. Production approximative jusqu&#8217;\u00e0 7 200 plants\/heure\/rang. Id\u00e9al pour les salades et l&#8217;oignon.<\/p>\n","protected":false},"featured_media":9845,"template":"","meta":{"_acf_changed":false,"_gspb_post_css":"","_kad_post_transparent":"default","_kad_post_title":"","_kad_post_layout":"default","_kad_post_sidebar_id":"","_kad_post_content_style":"default","_kad_post_vertical_padding":"default","_kad_post_feature":"","_kad_post_feature_position":"","_kad_post_header":false,"_kad_post_footer":false,"_kad_post_classname":""},"cosa-puoi-piantare":[579,539,555,543,499],"etichette":[2431],"nr-file":[441,442,443,444,445,446,447],"specifiche-tecniche":[1799,1879,1880,1792,1793,1794,1795,1796,1797,1798],"tipo-di-terreno":[427],"tipo-di-zolla":[419],"tipologie-macchine":[1000],"product_brand":[],"product_cat":[399],"product_tag":[],"class_list":{"0":"post-6847","1":"product","2":"type-product","3":"status-publish","4":"has-post-thumbnail","6":"cosa-puoi-piantare-celeri","7":"cosa-puoi-piantare-brocolis","8":"cosa-puoi-piantare-salades","9":"cosa-puoi-piantare-choux","10":"cosa-puoi-piantare-oignons","11":"etichette-smart-tech","12":"nr-file-1-fr","13":"nr-file-2-fr","14":"nr-file-3-fr","15":"nr-file-4-fr","16":"nr-file-5-fr","17":"nr-file-6-fr","18":"nr-file-6-rangs","19":"specifiche-tecniche-roues-de-tassement-en-caoutchouc-flex-o-33-cm-13","20":"specifiche-tecniche-rouleau-frontal-farmflex","21":"specifiche-tecniche-guide-du-cube-reglable-de-32-cm-a-5-cm-1-1-3-2","22":"specifiche-tecniche-distance-entre-les-rangs-min-23-cm-9","23":"specifiche-tecniche-distance-entre-les-plantes-min-5-cm-2","24":"specifiche-tecniche-tableau-digitale-multifonction","25":"specifiche-tecniche-actionneurs-lineaires-pour-profondeur-de-plantation-constant","26":"specifiche-tecniche-roue-de-nivellement","27":"specifiche-tecniche-socs-de-buttage-arriere","28":"specifiche-tecniche-separation-electropneumatique-des-cubes","29":"tipo-di-terreno-terre-nue","30":"tipo-di-zolla-cubique","31":"tipologie-macchine-planteuse","32":"product_cat-planteuses","34":"first","35":"instock","36":"virtual","37":"product-type-simple","38":"entry","39":"content-bg","40":"loop-entry"},"acf":[],"yoast_head":"<!-- This site is optimized with the Yoast SEO plugin v27.2 - https:\/\/yoast.com\/product\/yoast-seo-wordpress\/ -->\n<title>Planteuses Qubik - Checchi &amp; Magli<\/title>\n<meta name=\"description\" content=\"Planteuse QUBIK pour mottes press\u00e9es : Production indicative jusqu&#039;\u00e0 7 200 plants\/heure\/ligne. Id\u00e9ale pour laitues et oignons. Demandez une d\u00e9monstration.\" \/>\n<meta name=\"robots\" content=\"index, follow, max-snippet:-1, max-image-preview:large, max-video-preview:-1\" \/>\n<link rel=\"canonical\" href=\"https:\/\/www.checchiemagli.com\/fr\/planteuse\/qubik\/\" \/>\n<meta property=\"og:locale\" content=\"fr_FR\" \/>\n<meta property=\"og:type\" content=\"article\" \/>\n<meta property=\"og:title\" content=\"Planteuses Qubik - Checchi &amp; Magli\" \/>\n<meta property=\"og:description\" content=\"Planteuse QUBIK pour mottes press\u00e9es : Production indicative jusqu&#039;\u00e0 7 200 plants\/heure\/ligne. Id\u00e9ale pour laitues et oignons. Demandez une d\u00e9monstration.\" \/>\n<meta property=\"og:url\" content=\"https:\/\/www.checchiemagli.com\/fr\/planteuse\/qubik\/\" \/>\n<meta property=\"og:site_name\" content=\"Checchi e Magli\" \/>\n<meta property=\"article:publisher\" content=\"https:\/\/www.facebook.com\/checchiemagli\/\" \/>\n<meta property=\"article:modified_time\" content=\"2025-10-29T08:56:33+00:00\" \/>\n<meta property=\"og:image\" content=\"https:\/\/www.checchiemagli.com\/wp-content\/uploads\/2025\/03\/QUBIK.png\" \/>\n\t<meta property=\"og:image:width\" content=\"1000\" \/>\n\t<meta property=\"og:image:height\" content=\"1000\" \/>\n\t<meta property=\"og:image:type\" content=\"image\/png\" \/>\n<meta name=\"twitter:card\" content=\"summary_large_image\" \/>\n<meta name=\"twitter:site\" content=\"@checchiemagli\" \/>\n<meta name=\"twitter:label1\" content=\"Dur\u00e9e de lecture estim\u00e9e\" \/>\n\t<meta name=\"twitter:data1\" content=\"1 minute\" \/>\n<!-- \/ Yoast SEO plugin. -->","yoast_head_json":{"title":"Planteuses Qubik - Checchi & Magli","description":"Planteuse QUBIK pour mottes press\u00e9es : Production indicative jusqu'\u00e0 7 200 plants\/heure\/ligne. Id\u00e9ale pour laitues et oignons. Demandez une d\u00e9monstration.","robots":{"index":"index","follow":"follow","max-snippet":"max-snippet:-1","max-image-preview":"max-image-preview:large","max-video-preview":"max-video-preview:-1"},"canonical":"https:\/\/www.checchiemagli.com\/fr\/planteuse\/qubik\/","og_locale":"fr_FR","og_type":"article","og_title":"Planteuses Qubik - Checchi & Magli","og_description":"Planteuse QUBIK pour mottes press\u00e9es : Production indicative jusqu'\u00e0 7 200 plants\/heure\/ligne. Id\u00e9ale pour laitues et oignons. Demandez une d\u00e9monstration.","og_url":"https:\/\/www.checchiemagli.com\/fr\/planteuse\/qubik\/","og_site_name":"Checchi e Magli","article_publisher":"https:\/\/www.facebook.com\/checchiemagli\/","article_modified_time":"2025-10-29T08:56:33+00:00","og_image":[{"width":1000,"height":1000,"url":"https:\/\/www.checchiemagli.com\/wp-content\/uploads\/2025\/03\/QUBIK.png","type":"image\/png"}],"twitter_card":"summary_large_image","twitter_site":"@checchiemagli","twitter_misc":{"Dur\u00e9e de lecture estim\u00e9e":"1 minute"},"schema":{"@context":"https:\/\/schema.org","@graph":[{"@type":"WebPage","@id":"https:\/\/www.checchiemagli.com\/fr\/planteuse\/qubik\/","url":"https:\/\/www.checchiemagli.com\/fr\/planteuse\/qubik\/","name":"Planteuses Qubik - Checchi & Magli","isPartOf":{"@id":"https:\/\/www.checchiemagli.com\/fr\/#website"},"primaryImageOfPage":{"@id":"https:\/\/www.checchiemagli.com\/fr\/planteuse\/qubik\/#primaryimage"},"image":{"@id":"https:\/\/www.checchiemagli.com\/fr\/planteuse\/qubik\/#primaryimage"},"thumbnailUrl":"https:\/\/www.checchiemagli.com\/wp-content\/uploads\/2025\/03\/QUBIK.png","datePublished":"2025-03-04T11:36:39+00:00","dateModified":"2025-10-29T08:56:33+00:00","description":"Planteuse QUBIK pour mottes press\u00e9es : Production indicative jusqu'\u00e0 7 200 plants\/heure\/ligne. Id\u00e9ale pour laitues et oignons. Demandez une d\u00e9monstration.","breadcrumb":{"@id":"https:\/\/www.checchiemagli.com\/fr\/planteuse\/qubik\/#breadcrumb"},"inLanguage":"fr-FR","potentialAction":[{"@type":"ReadAction","target":["https:\/\/www.checchiemagli.com\/fr\/planteuse\/qubik\/"]}]},{"@type":"ImageObject","inLanguage":"fr-FR","@id":"https:\/\/www.checchiemagli.com\/fr\/planteuse\/qubik\/#primaryimage","url":"https:\/\/www.checchiemagli.com\/wp-content\/uploads\/2025\/03\/QUBIK.png","contentUrl":"https:\/\/www.checchiemagli.com\/wp-content\/uploads\/2025\/03\/QUBIK.png","width":1000,"height":1000},{"@type":"BreadcrumbList","@id":"https:\/\/www.checchiemagli.com\/fr\/planteuse\/qubik\/#breadcrumb","itemListElement":[{"@type":"ListItem","position":1,"name":"Home","item":"https:\/\/www.checchiemagli.com\/fr\/"},{"@type":"ListItem","position":2,"name":"Machinerie","item":"https:\/\/www.checchiemagli.com\/fr\/machinerie\/"},{"@type":"ListItem","position":3,"name":"Planteuses","item":"https:\/\/www.checchiemagli.com\/fr\/machinerie\/planteuses\/"},{"@type":"ListItem","position":4,"name":"Qubik"}]},{"@type":"WebSite","@id":"https:\/\/www.checchiemagli.com\/fr\/#website","url":"https:\/\/www.checchiemagli.com\/fr\/","name":"Checchi&Magli","description":"Produzione e Distribuzione di Macchine Agricole","publisher":{"@id":"https:\/\/www.checchiemagli.com\/fr\/#organization"},"potentialAction":[{"@type":"SearchAction","target":{"@type":"EntryPoint","urlTemplate":"https:\/\/www.checchiemagli.com\/fr\/?s={search_term_string}"},"query-input":{"@type":"PropertyValueSpecification","valueRequired":true,"valueName":"search_term_string"}}],"inLanguage":"fr-FR"},{"@type":"Organization","@id":"https:\/\/www.checchiemagli.com\/fr\/#organization","name":"Checchi&Magli","url":"https:\/\/www.checchiemagli.com\/fr\/","logo":{"@type":"ImageObject","inLanguage":"fr-FR","@id":"https:\/\/www.checchiemagli.com\/fr\/#\/schema\/logo\/image\/","url":"https:\/\/www.checchiemagli.com\/wp-content\/uploads\/2025\/03\/logo.png","contentUrl":"https:\/\/www.checchiemagli.com\/wp-content\/uploads\/2025\/03\/logo.png","width":633,"height":149,"caption":"Checchi&Magli"},"image":{"@id":"https:\/\/www.checchiemagli.com\/fr\/#\/schema\/logo\/image\/"},"sameAs":["https:\/\/www.facebook.com\/checchiemagli\/","https:\/\/x.com\/checchiemagli","https:\/\/www.youtube.com\/user\/checchiemagli","https:\/\/www.instagram.com\/checchiemagli\/","https:\/\/www.linkedin.com\/company\/checchiemagli\/"]}]}},"_links":{"self":[{"href":"https:\/\/www.checchiemagli.com\/fr\/wp-json\/wp\/v2\/product\/6847","targetHints":{"allow":["GET"]}}],"collection":[{"href":"https:\/\/www.checchiemagli.com\/fr\/wp-json\/wp\/v2\/product"}],"about":[{"href":"https:\/\/www.checchiemagli.com\/fr\/wp-json\/wp\/v2\/types\/product"}],"wp:featuredmedia":[{"embeddable":true,"href":"https:\/\/www.checchiemagli.com\/fr\/wp-json\/wp\/v2\/media\/9845"}],"wp:attachment":[{"href":"https:\/\/www.checchiemagli.com\/fr\/wp-json\/wp\/v2\/media?parent=6847"}],"wp:term":[{"taxonomy":"cosa-puoi-piantare","embeddable":true,"href":"https:\/\/www.checchiemagli.com\/fr\/wp-json\/wp\/v2\/cosa-puoi-piantare?post=6847"},{"taxonomy":"etichette","embeddable":true,"href":"https:\/\/www.checchiemagli.com\/fr\/wp-json\/wp\/v2\/etichette?post=6847"},{"taxonomy":"nr-file","embeddable":true,"href":"https:\/\/www.checchiemagli.com\/fr\/wp-json\/wp\/v2\/nr-file?post=6847"},{"taxonomy":"specifiche-tecniche","embeddable":true,"href":"https:\/\/www.checchiemagli.com\/fr\/wp-json\/wp\/v2\/specifiche-tecniche?post=6847"},{"taxonomy":"tipo-di-terreno","embeddable":true,"href":"https:\/\/www.checchiemagli.com\/fr\/wp-json\/wp\/v2\/tipo-di-terreno?post=6847"},{"taxonomy":"tipo-di-zolla","embeddable":true,"href":"https:\/\/www.checchiemagli.com\/fr\/wp-json\/wp\/v2\/tipo-di-zolla?post=6847"},{"taxonomy":"tipologie-macchine","embeddable":true,"href":"https:\/\/www.checchiemagli.com\/fr\/wp-json\/wp\/v2\/tipologie-macchine?post=6847"},{"taxonomy":"product_brand","embeddable":true,"href":"https:\/\/www.checchiemagli.com\/fr\/wp-json\/wp\/v2\/product_brand?post=6847"},{"taxonomy":"product_cat","embeddable":true,"href":"https:\/\/www.checchiemagli.com\/fr\/wp-json\/wp\/v2\/product_cat?post=6847"},{"taxonomy":"product_tag","embeddable":true,"href":"https:\/\/www.checchiemagli.com\/fr\/wp-json\/wp\/v2\/product_tag?post=6847"}],"curies":[{"name":"wp","href":"https:\/\/api.w.org\/{rel}","templated":true}]}}