{"id":6843,"date":"2025-03-04T12:36:39","date_gmt":"2025-03-04T11:36:39","guid":{"rendered":"https:\/\/www.checchiemagli.com\/prodotto\/baby-compact\/"},"modified":"2025-11-28T14:02:07","modified_gmt":"2025-11-28T13:02:07","slug":"baby-compact","status":"publish","type":"product","link":"https:\/\/www.checchiemagli.com\/fr\/planteuse\/baby-compact\/","title":{"rendered":"Baby Compact"},"content":{"rendered":"<p><strong>Conception compacte et hautes performances!<\/strong> Planteuse avec distributeur de 6 godets avec fond ouvrant \u00e0 rotation continue et r\u00e9glage de phase, inter-rangs r\u00e9glable \u00e0 partir de 28 cm\/11, parall\u00e9logramme chaque unit\u00e9; d\u00e9bit de chantier jusqu&#8217;\u00e0 4.000 plants\/heure chaque op\u00e9rateur.<br \/>\nId\u00e9al pour la salade, le c\u00e9leri, l&#8217;oignon, le poireau et le poivron. Sur demande, <strong>rouleau frontal FARMFLEX<\/strong><\/p>\n","protected":false},"excerpt":{"rendered":"<p>Conception compacte et hautes performances! Planteuse avec distributeur de 6 godets avec fond ouvrant \u00e0 rotation continue et r\u00e9glage de phase, inter-rangs r\u00e9glable \u00e0 partir de 28 cm\/11, parall\u00e9logramme chaque unit\u00e9; d\u00e9bit de chantier jusqu&#8217;\u00e0 4.000 plants\/heure chaque op\u00e9rateur. Id\u00e9al pour la salade, le c\u00e9leri, l&#8217;oignon, le poireau et le poivron. Sur demande, rouleau frontal&#8230;<\/p>\n","protected":false},"featured_media":3150,"template":"","meta":{"_acf_changed":false,"_gspb_post_css":"","_kad_post_transparent":"default","_kad_post_title":"","_kad_post_layout":"default","_kad_post_sidebar_id":"","_kad_post_content_style":"default","_kad_post_vertical_padding":"default","_kad_post_feature":"","_kad_post_feature_position":"","_kad_post_header":false,"_kad_post_footer":false,"_kad_post_classname":""},"cosa-puoi-piantare":[579,551,539,555,571,543,591,527,499,483,487],"etichette":[],"nr-file":[441,442,443,444,445,446,447],"specifiche-tecniche":[1805,1827,1828,1830,1879,1893],"tipo-di-terreno":[427],"tipo-di-zolla":[415,423],"tipologie-macchine":[1000],"product_brand":[],"product_cat":[399],"product_tag":[],"class_list":{"0":"post-6843","1":"product","2":"type-product","3":"status-publish","4":"has-post-thumbnail","6":"cosa-puoi-piantare-celeri","7":"cosa-puoi-piantare-fenouils","8":"cosa-puoi-piantare-brocolis","9":"cosa-puoi-piantare-salades","10":"cosa-puoi-piantare-tomates","11":"cosa-puoi-piantare-choux","12":"cosa-puoi-piantare-courgettes","13":"cosa-puoi-piantare-fraises","14":"cosa-puoi-piantare-oignons","15":"cosa-puoi-piantare-autres-herbes","16":"cosa-puoi-piantare-lavande","17":"nr-file-1-fr","18":"nr-file-2-fr","19":"nr-file-3-fr","20":"nr-file-4-fr","21":"nr-file-5-fr","22":"nr-file-6-fr","23":"nr-file-6-rangs","24":"specifiche-tecniche-roues-de-tassement-en-caoutchouc-flex-o-41-cm-16","25":"specifiche-tecniche-distance-entre-les-plantes-min-10-cm-max-82-cm-4-32","26":"specifiche-tecniche-distributeur-6-godets-avec-fond-ouvrant","27":"specifiche-tecniche-distance-entre-les-rangs-min-28-cm-11","28":"specifiche-tecniche-rouleau-frontal-farmflex","29":"specifiche-tecniche-parallelogramme-pour-un-profondeur-de-plantation-constant","30":"tipo-di-terreno-terre-nue","31":"tipo-di-zolla-conique","32":"tipo-di-zolla-pyramidale","33":"tipologie-macchine-planteuse","34":"product_cat-planteuses","36":"first","37":"instock","38":"virtual","39":"product-type-simple","40":"entry","41":"content-bg","42":"loop-entry"},"acf":[],"yoast_head":"<!-- This site is optimized with the Yoast SEO plugin v27.2 - https:\/\/yoast.com\/product\/yoast-seo-wordpress\/ -->\n<title>Planteuses Baby Compact - Checchi &amp; Magli<\/title>\n<meta name=\"description\" content=\"Planteuse Baby Compact : Indiqu\u00e9e pour les jeunes plants en motte conique et pyramidale, m\u00eame de petite taille (ex. chicor\u00e9e, laitue...).\" \/>\n<meta name=\"robots\" content=\"index, follow, max-snippet:-1, max-image-preview:large, max-video-preview:-1\" \/>\n<link rel=\"canonical\" href=\"https:\/\/www.checchiemagli.com\/fr\/planteuse\/baby-compact\/\" \/>\n<meta property=\"og:locale\" content=\"fr_FR\" \/>\n<meta property=\"og:type\" content=\"article\" \/>\n<meta property=\"og:title\" content=\"Planteuses Baby Compact - Checchi &amp; Magli\" \/>\n<meta property=\"og:description\" content=\"Planteuse Baby Compact : Indiqu\u00e9e pour les jeunes plants en motte conique et pyramidale, m\u00eame de petite taille (ex. chicor\u00e9e, laitue...).\" \/>\n<meta property=\"og:url\" content=\"https:\/\/www.checchiemagli.com\/fr\/planteuse\/baby-compact\/\" \/>\n<meta property=\"og:site_name\" content=\"Checchi e Magli\" \/>\n<meta property=\"article:publisher\" content=\"https:\/\/www.facebook.com\/checchiemagli\/\" \/>\n<meta property=\"article:modified_time\" content=\"2025-11-28T13:02:07+00:00\" \/>\n<meta property=\"og:image\" content=\"https:\/\/www.checchiemagli.com\/wp-content\/uploads\/2025\/03\/BABY-COMPACT-4.png\" \/>\n\t<meta property=\"og:image:width\" content=\"800\" \/>\n\t<meta property=\"og:image:height\" content=\"600\" \/>\n\t<meta property=\"og:image:type\" content=\"image\/png\" \/>\n<meta name=\"twitter:card\" content=\"summary_large_image\" \/>\n<meta name=\"twitter:site\" content=\"@checchiemagli\" \/>\n<meta name=\"twitter:label1\" content=\"Dur\u00e9e de lecture estim\u00e9e\" \/>\n\t<meta name=\"twitter:data1\" content=\"1 minute\" \/>\n<!-- \/ Yoast SEO plugin. -->","yoast_head_json":{"title":"Planteuses Baby Compact - Checchi & Magli","description":"Planteuse Baby Compact : Indiqu\u00e9e pour les jeunes plants en motte conique et pyramidale, m\u00eame de petite taille (ex. chicor\u00e9e, laitue...).","robots":{"index":"index","follow":"follow","max-snippet":"max-snippet:-1","max-image-preview":"max-image-preview:large","max-video-preview":"max-video-preview:-1"},"canonical":"https:\/\/www.checchiemagli.com\/fr\/planteuse\/baby-compact\/","og_locale":"fr_FR","og_type":"article","og_title":"Planteuses Baby Compact - Checchi & Magli","og_description":"Planteuse Baby Compact : Indiqu\u00e9e pour les jeunes plants en motte conique et pyramidale, m\u00eame de petite taille (ex. chicor\u00e9e, laitue...).","og_url":"https:\/\/www.checchiemagli.com\/fr\/planteuse\/baby-compact\/","og_site_name":"Checchi e Magli","article_publisher":"https:\/\/www.facebook.com\/checchiemagli\/","article_modified_time":"2025-11-28T13:02:07+00:00","og_image":[{"width":800,"height":600,"url":"https:\/\/www.checchiemagli.com\/wp-content\/uploads\/2025\/03\/BABY-COMPACT-4.png","type":"image\/png"}],"twitter_card":"summary_large_image","twitter_site":"@checchiemagli","twitter_misc":{"Dur\u00e9e de lecture estim\u00e9e":"1 minute"},"schema":{"@context":"https:\/\/schema.org","@graph":[{"@type":"WebPage","@id":"https:\/\/www.checchiemagli.com\/fr\/planteuse\/baby-compact\/","url":"https:\/\/www.checchiemagli.com\/fr\/planteuse\/baby-compact\/","name":"Planteuses Baby Compact - Checchi & Magli","isPartOf":{"@id":"https:\/\/www.checchiemagli.com\/fr\/#website"},"primaryImageOfPage":{"@id":"https:\/\/www.checchiemagli.com\/fr\/planteuse\/baby-compact\/#primaryimage"},"image":{"@id":"https:\/\/www.checchiemagli.com\/fr\/planteuse\/baby-compact\/#primaryimage"},"thumbnailUrl":"https:\/\/www.checchiemagli.com\/wp-content\/uploads\/2025\/03\/BABY-COMPACT-4.png","datePublished":"2025-03-04T11:36:39+00:00","dateModified":"2025-11-28T13:02:07+00:00","description":"Planteuse Baby Compact : Indiqu\u00e9e pour les jeunes plants en motte conique et pyramidale, m\u00eame de petite taille (ex. chicor\u00e9e, laitue...).","breadcrumb":{"@id":"https:\/\/www.checchiemagli.com\/fr\/planteuse\/baby-compact\/#breadcrumb"},"inLanguage":"fr-FR","potentialAction":[{"@type":"ReadAction","target":["https:\/\/www.checchiemagli.com\/fr\/planteuse\/baby-compact\/"]}]},{"@type":"ImageObject","inLanguage":"fr-FR","@id":"https:\/\/www.checchiemagli.com\/fr\/planteuse\/baby-compact\/#primaryimage","url":"https:\/\/www.checchiemagli.com\/wp-content\/uploads\/2025\/03\/BABY-COMPACT-4.png","contentUrl":"https:\/\/www.checchiemagli.com\/wp-content\/uploads\/2025\/03\/BABY-COMPACT-4.png","width":800,"height":600},{"@type":"BreadcrumbList","@id":"https:\/\/www.checchiemagli.com\/fr\/planteuse\/baby-compact\/#breadcrumb","itemListElement":[{"@type":"ListItem","position":1,"name":"Home","item":"https:\/\/www.checchiemagli.com\/fr\/"},{"@type":"ListItem","position":2,"name":"Machinerie","item":"https:\/\/www.checchiemagli.com\/fr\/machinerie\/"},{"@type":"ListItem","position":3,"name":"Planteuses","item":"https:\/\/www.checchiemagli.com\/fr\/machinerie\/planteuses\/"},{"@type":"ListItem","position":4,"name":"Baby Compact"}]},{"@type":"WebSite","@id":"https:\/\/www.checchiemagli.com\/fr\/#website","url":"https:\/\/www.checchiemagli.com\/fr\/","name":"Checchi&Magli","description":"Produzione e Distribuzione di Macchine Agricole","publisher":{"@id":"https:\/\/www.checchiemagli.com\/fr\/#organization"},"potentialAction":[{"@type":"SearchAction","target":{"@type":"EntryPoint","urlTemplate":"https:\/\/www.checchiemagli.com\/fr\/?s={search_term_string}"},"query-input":{"@type":"PropertyValueSpecification","valueRequired":true,"valueName":"search_term_string"}}],"inLanguage":"fr-FR"},{"@type":"Organization","@id":"https:\/\/www.checchiemagli.com\/fr\/#organization","name":"Checchi&Magli","url":"https:\/\/www.checchiemagli.com\/fr\/","logo":{"@type":"ImageObject","inLanguage":"fr-FR","@id":"https:\/\/www.checchiemagli.com\/fr\/#\/schema\/logo\/image\/","url":"https:\/\/www.checchiemagli.com\/wp-content\/uploads\/2025\/03\/logo.png","contentUrl":"https:\/\/www.checchiemagli.com\/wp-content\/uploads\/2025\/03\/logo.png","width":633,"height":149,"caption":"Checchi&Magli"},"image":{"@id":"https:\/\/www.checchiemagli.com\/fr\/#\/schema\/logo\/image\/"},"sameAs":["https:\/\/www.facebook.com\/checchiemagli\/","https:\/\/x.com\/checchiemagli","https:\/\/www.youtube.com\/user\/checchiemagli","https:\/\/www.instagram.com\/checchiemagli\/","https:\/\/www.linkedin.com\/company\/checchiemagli\/"]}]}},"_links":{"self":[{"href":"https:\/\/www.checchiemagli.com\/fr\/wp-json\/wp\/v2\/product\/6843","targetHints":{"allow":["GET"]}}],"collection":[{"href":"https:\/\/www.checchiemagli.com\/fr\/wp-json\/wp\/v2\/product"}],"about":[{"href":"https:\/\/www.checchiemagli.com\/fr\/wp-json\/wp\/v2\/types\/product"}],"wp:featuredmedia":[{"embeddable":true,"href":"https:\/\/www.checchiemagli.com\/fr\/wp-json\/wp\/v2\/media\/3150"}],"wp:attachment":[{"href":"https:\/\/www.checchiemagli.com\/fr\/wp-json\/wp\/v2\/media?parent=6843"}],"wp:term":[{"taxonomy":"cosa-puoi-piantare","embeddable":true,"href":"https:\/\/www.checchiemagli.com\/fr\/wp-json\/wp\/v2\/cosa-puoi-piantare?post=6843"},{"taxonomy":"etichette","embeddable":true,"href":"https:\/\/www.checchiemagli.com\/fr\/wp-json\/wp\/v2\/etichette?post=6843"},{"taxonomy":"nr-file","embeddable":true,"href":"https:\/\/www.checchiemagli.com\/fr\/wp-json\/wp\/v2\/nr-file?post=6843"},{"taxonomy":"specifiche-tecniche","embeddable":true,"href":"https:\/\/www.checchiemagli.com\/fr\/wp-json\/wp\/v2\/specifiche-tecniche?post=6843"},{"taxonomy":"tipo-di-terreno","embeddable":true,"href":"https:\/\/www.checchiemagli.com\/fr\/wp-json\/wp\/v2\/tipo-di-terreno?post=6843"},{"taxonomy":"tipo-di-zolla","embeddable":true,"href":"https:\/\/www.checchiemagli.com\/fr\/wp-json\/wp\/v2\/tipo-di-zolla?post=6843"},{"taxonomy":"tipologie-macchine","embeddable":true,"href":"https:\/\/www.checchiemagli.com\/fr\/wp-json\/wp\/v2\/tipologie-macchine?post=6843"},{"taxonomy":"product_brand","embeddable":true,"href":"https:\/\/www.checchiemagli.com\/fr\/wp-json\/wp\/v2\/product_brand?post=6843"},{"taxonomy":"product_cat","embeddable":true,"href":"https:\/\/www.checchiemagli.com\/fr\/wp-json\/wp\/v2\/product_cat?post=6843"},{"taxonomy":"product_tag","embeddable":true,"href":"https:\/\/www.checchiemagli.com\/fr\/wp-json\/wp\/v2\/product_tag?post=6843"}],"curies":[{"name":"wp","href":"https:\/\/api.w.org\/{rel}","templated":true}]}}