{"id":6822,"date":"2025-03-04T12:36:39","date_gmt":"2025-03-04T11:36:39","guid":{"rendered":"https:\/\/www.checchiemagli.com\/prodotto\/trium45\/"},"modified":"2025-11-28T13:56:14","modified_gmt":"2025-11-28T12:56:14","slug":"trium45","status":"publish","type":"product","link":"https:\/\/www.checchiemagli.com\/fr\/planteuse\/trium45\/","title":{"rendered":"Trium45"},"content":{"rendered":"<p><strong>Mod\u00e8le haut de gamme pour ceux qui privil\u00e9gient la vitesse et la pr\u00e9cision!<\/strong> Planteuse avec distributeur de 10 ou 12 godets \u00e0 rotation continue et r\u00e9glage de phase, inter-rangs r\u00e9glable \u00e0 partir de 45 cm pour la version 10 godets, \u00e0 partir de 60 cm\/24&#8243; pour la version 12 godets, parall\u00e9logramme chaque unit\u00e9; d\u00e9bit de chantier jusqu&#8217;\u00e0 5 000 plants\/heure chaque op\u00e9rateur (7 000 pour les 12 godets). Id\u00e9al pour les plantes avec syst\u00e8mes foliaires particuli\u00e8rement d\u00e9velopp\u00e9s : tomate, tabac, chou, chou-fleur, brocoli, fenouil, chanvre. Sur demande, <strong>rouleau frontal FARMFLEX<\/strong><\/p>\n","protected":false},"excerpt":{"rendered":"<p>Mod\u00e8le haut de gamme pour ceux qui privil\u00e9gient la vitesse et la pr\u00e9cision! Planteuse avec distributeur de 10 ou 12 godets \u00e0 rotation continue et r\u00e9glage de phase, inter-rangs r\u00e9glable \u00e0 partir de 45 cm pour la version 10 godets, \u00e0 partir de 60 cm\/24&#8243; pour la version 12 godets, parall\u00e9logramme chaque unit\u00e9; d\u00e9bit de&#8230;<\/p>\n","protected":false},"featured_media":5768,"template":"","meta":{"_acf_changed":false,"_gspb_post_css":"","_kad_post_transparent":"default","_kad_post_title":"","_kad_post_layout":"default","_kad_post_sidebar_id":"","_kad_post_content_style":"default","_kad_post_vertical_padding":"default","_kad_post_feature":"","_kad_post_feature_position":"","_kad_post_header":false,"_kad_post_footer":false,"_kad_post_classname":""},"cosa-puoi-piantare":[2422,2406,547,563,579,551,567,583,539,555,571,587,543,559,575,591,471,475],"etichette":[],"nr-file":[447,441,442,443,444,445,446],"specifiche-tecniche":[1822,1879,1893,2486,1818,1819,1820,1821],"tipo-di-terreno":[427],"tipo-di-zolla":[415,423],"tipologie-macchine":[1000],"product_brand":[],"product_cat":[399],"product_tag":[],"class_list":{"0":"post-6822","1":"product","2":"type-product","3":"status-publish","4":"has-post-thumbnail","6":"cosa-puoi-piantare-piment","7":"cosa-puoi-piantare-oignons-fr","8":"cosa-puoi-piantare-concombres","9":"cosa-puoi-piantare-patates-douces","10":"cosa-puoi-piantare-celeri","11":"cosa-puoi-piantare-fenouils","12":"cosa-puoi-piantare-poivrons","13":"cosa-puoi-piantare-tabac","14":"cosa-puoi-piantare-brocolis","15":"cosa-puoi-piantare-salades","16":"cosa-puoi-piantare-tomates","17":"cosa-puoi-piantare-citrouille","18":"cosa-puoi-piantare-choux","19":"cosa-puoi-piantare-aubergines","20":"cosa-puoi-piantare-poireaux","21":"cosa-puoi-piantare-courgettes","22":"cosa-puoi-piantare-chanvre","23":"cosa-puoi-piantare-canne-a-sucre","24":"nr-file-6-rangs","25":"nr-file-1-fr","26":"nr-file-2-fr","27":"nr-file-3-fr","28":"nr-file-4-fr","29":"nr-file-5-fr","30":"nr-file-6-fr","31":"specifiche-tecniche-de-serie-nous-incluons-les-inserts-de-reduction-pour-petites-plantes-et-les-rallonges-pour-plantes-developpees","32":"specifiche-tecniche-rouleau-frontal-farmflex","33":"specifiche-tecniche-parallelogramme-pour-un-profondeur-de-plantation-constant","34":"specifiche-tecniche-no-till-optional","35":"specifiche-tecniche-roues-de-tassement-en-fer-o-56-cm-22","36":"specifiche-tecniche-distributeur-10-ou-12-godets","37":"specifiche-tecniche-distance-entre-les-rangs-min-45-cm-18-60-cm-24-pour-12-godets","38":"specifiche-tecniche-distance-entre-les-plantes-min-14-max-103-cm-6-41","39":"tipo-di-terreno-terre-nue","40":"tipo-di-zolla-conique","41":"tipo-di-zolla-pyramidale","42":"tipologie-macchine-planteuse","43":"product_cat-planteuses","45":"first","46":"instock","47":"virtual","48":"product-type-simple","49":"entry","50":"content-bg","51":"loop-entry"},"acf":[],"yoast_head":"<!-- This site is optimized with the Yoast SEO plugin v27.2 - https:\/\/yoast.com\/product\/yoast-seo-wordpress\/ -->\n<title>Planteuses Trium45 - Checchi &amp; Magli<\/title>\n<meta name=\"description\" content=\"Planteuse TRIUM45 : Production indicative jusqu\u2019\u00e0 5 000 plants\/heure par op\u00e9rateur. Id\u00e9ale pour plantes avec feuillage tr\u00e8s d\u00e9velopp\u00e9.\" \/>\n<meta name=\"robots\" content=\"index, follow, max-snippet:-1, max-image-preview:large, max-video-preview:-1\" \/>\n<link rel=\"canonical\" href=\"https:\/\/www.checchiemagli.com\/fr\/planteuse\/trium45\/\" \/>\n<meta property=\"og:locale\" content=\"fr_FR\" \/>\n<meta property=\"og:type\" content=\"article\" \/>\n<meta property=\"og:title\" content=\"Planteuses Trium45 - Checchi &amp; Magli\" \/>\n<meta property=\"og:description\" content=\"Planteuse TRIUM45 : Production indicative jusqu\u2019\u00e0 5 000 plants\/heure par op\u00e9rateur. Id\u00e9ale pour plantes avec feuillage tr\u00e8s d\u00e9velopp\u00e9.\" \/>\n<meta property=\"og:url\" content=\"https:\/\/www.checchiemagli.com\/fr\/planteuse\/trium45\/\" \/>\n<meta property=\"og:site_name\" content=\"Checchi e Magli\" \/>\n<meta property=\"article:publisher\" content=\"https:\/\/www.facebook.com\/checchiemagli\/\" \/>\n<meta property=\"article:modified_time\" content=\"2025-11-28T12:56:14+00:00\" \/>\n<meta property=\"og:image\" content=\"https:\/\/www.checchiemagli.com\/wp-content\/uploads\/2025\/03\/TRIUM45-1.png\" \/>\n\t<meta property=\"og:image:width\" content=\"800\" \/>\n\t<meta property=\"og:image:height\" content=\"600\" \/>\n\t<meta property=\"og:image:type\" content=\"image\/png\" \/>\n<meta name=\"twitter:card\" content=\"summary_large_image\" \/>\n<meta name=\"twitter:site\" content=\"@checchiemagli\" \/>\n<meta name=\"twitter:label1\" content=\"Dur\u00e9e de lecture estim\u00e9e\" \/>\n\t<meta name=\"twitter:data1\" content=\"1 minute\" \/>\n<!-- \/ Yoast SEO plugin. -->","yoast_head_json":{"title":"Planteuses Trium45 - Checchi & Magli","description":"Planteuse TRIUM45 : Production indicative jusqu\u2019\u00e0 5 000 plants\/heure par op\u00e9rateur. Id\u00e9ale pour plantes avec feuillage tr\u00e8s d\u00e9velopp\u00e9.","robots":{"index":"index","follow":"follow","max-snippet":"max-snippet:-1","max-image-preview":"max-image-preview:large","max-video-preview":"max-video-preview:-1"},"canonical":"https:\/\/www.checchiemagli.com\/fr\/planteuse\/trium45\/","og_locale":"fr_FR","og_type":"article","og_title":"Planteuses Trium45 - Checchi & Magli","og_description":"Planteuse TRIUM45 : Production indicative jusqu\u2019\u00e0 5 000 plants\/heure par op\u00e9rateur. Id\u00e9ale pour plantes avec feuillage tr\u00e8s d\u00e9velopp\u00e9.","og_url":"https:\/\/www.checchiemagli.com\/fr\/planteuse\/trium45\/","og_site_name":"Checchi e Magli","article_publisher":"https:\/\/www.facebook.com\/checchiemagli\/","article_modified_time":"2025-11-28T12:56:14+00:00","og_image":[{"width":800,"height":600,"url":"https:\/\/www.checchiemagli.com\/wp-content\/uploads\/2025\/03\/TRIUM45-1.png","type":"image\/png"}],"twitter_card":"summary_large_image","twitter_site":"@checchiemagli","twitter_misc":{"Dur\u00e9e de lecture estim\u00e9e":"1 minute"},"schema":{"@context":"https:\/\/schema.org","@graph":[{"@type":"WebPage","@id":"https:\/\/www.checchiemagli.com\/fr\/planteuse\/trium45\/","url":"https:\/\/www.checchiemagli.com\/fr\/planteuse\/trium45\/","name":"Planteuses Trium45 - Checchi & Magli","isPartOf":{"@id":"https:\/\/www.checchiemagli.com\/fr\/#website"},"primaryImageOfPage":{"@id":"https:\/\/www.checchiemagli.com\/fr\/planteuse\/trium45\/#primaryimage"},"image":{"@id":"https:\/\/www.checchiemagli.com\/fr\/planteuse\/trium45\/#primaryimage"},"thumbnailUrl":"https:\/\/www.checchiemagli.com\/wp-content\/uploads\/2025\/03\/TRIUM45-1.png","datePublished":"2025-03-04T11:36:39+00:00","dateModified":"2025-11-28T12:56:14+00:00","description":"Planteuse TRIUM45 : Production indicative jusqu\u2019\u00e0 5 000 plants\/heure par op\u00e9rateur. Id\u00e9ale pour plantes avec feuillage tr\u00e8s d\u00e9velopp\u00e9.","breadcrumb":{"@id":"https:\/\/www.checchiemagli.com\/fr\/planteuse\/trium45\/#breadcrumb"},"inLanguage":"fr-FR","potentialAction":[{"@type":"ReadAction","target":["https:\/\/www.checchiemagli.com\/fr\/planteuse\/trium45\/"]}]},{"@type":"ImageObject","inLanguage":"fr-FR","@id":"https:\/\/www.checchiemagli.com\/fr\/planteuse\/trium45\/#primaryimage","url":"https:\/\/www.checchiemagli.com\/wp-content\/uploads\/2025\/03\/TRIUM45-1.png","contentUrl":"https:\/\/www.checchiemagli.com\/wp-content\/uploads\/2025\/03\/TRIUM45-1.png","width":800,"height":600},{"@type":"BreadcrumbList","@id":"https:\/\/www.checchiemagli.com\/fr\/planteuse\/trium45\/#breadcrumb","itemListElement":[{"@type":"ListItem","position":1,"name":"Home","item":"https:\/\/www.checchiemagli.com\/fr\/"},{"@type":"ListItem","position":2,"name":"Machinerie","item":"https:\/\/www.checchiemagli.com\/fr\/machinerie\/"},{"@type":"ListItem","position":3,"name":"Planteuses","item":"https:\/\/www.checchiemagli.com\/fr\/machinerie\/planteuses\/"},{"@type":"ListItem","position":4,"name":"Trium45"}]},{"@type":"WebSite","@id":"https:\/\/www.checchiemagli.com\/fr\/#website","url":"https:\/\/www.checchiemagli.com\/fr\/","name":"Checchi&Magli","description":"Produzione e Distribuzione di Macchine Agricole","publisher":{"@id":"https:\/\/www.checchiemagli.com\/fr\/#organization"},"potentialAction":[{"@type":"SearchAction","target":{"@type":"EntryPoint","urlTemplate":"https:\/\/www.checchiemagli.com\/fr\/?s={search_term_string}"},"query-input":{"@type":"PropertyValueSpecification","valueRequired":true,"valueName":"search_term_string"}}],"inLanguage":"fr-FR"},{"@type":"Organization","@id":"https:\/\/www.checchiemagli.com\/fr\/#organization","name":"Checchi&Magli","url":"https:\/\/www.checchiemagli.com\/fr\/","logo":{"@type":"ImageObject","inLanguage":"fr-FR","@id":"https:\/\/www.checchiemagli.com\/fr\/#\/schema\/logo\/image\/","url":"https:\/\/www.checchiemagli.com\/wp-content\/uploads\/2025\/03\/logo.png","contentUrl":"https:\/\/www.checchiemagli.com\/wp-content\/uploads\/2025\/03\/logo.png","width":633,"height":149,"caption":"Checchi&Magli"},"image":{"@id":"https:\/\/www.checchiemagli.com\/fr\/#\/schema\/logo\/image\/"},"sameAs":["https:\/\/www.facebook.com\/checchiemagli\/","https:\/\/x.com\/checchiemagli","https:\/\/www.youtube.com\/user\/checchiemagli","https:\/\/www.instagram.com\/checchiemagli\/","https:\/\/www.linkedin.com\/company\/checchiemagli\/"]}]}},"_links":{"self":[{"href":"https:\/\/www.checchiemagli.com\/fr\/wp-json\/wp\/v2\/product\/6822","targetHints":{"allow":["GET"]}}],"collection":[{"href":"https:\/\/www.checchiemagli.com\/fr\/wp-json\/wp\/v2\/product"}],"about":[{"href":"https:\/\/www.checchiemagli.com\/fr\/wp-json\/wp\/v2\/types\/product"}],"wp:featuredmedia":[{"embeddable":true,"href":"https:\/\/www.checchiemagli.com\/fr\/wp-json\/wp\/v2\/media\/5768"}],"wp:attachment":[{"href":"https:\/\/www.checchiemagli.com\/fr\/wp-json\/wp\/v2\/media?parent=6822"}],"wp:term":[{"taxonomy":"cosa-puoi-piantare","embeddable":true,"href":"https:\/\/www.checchiemagli.com\/fr\/wp-json\/wp\/v2\/cosa-puoi-piantare?post=6822"},{"taxonomy":"etichette","embeddable":true,"href":"https:\/\/www.checchiemagli.com\/fr\/wp-json\/wp\/v2\/etichette?post=6822"},{"taxonomy":"nr-file","embeddable":true,"href":"https:\/\/www.checchiemagli.com\/fr\/wp-json\/wp\/v2\/nr-file?post=6822"},{"taxonomy":"specifiche-tecniche","embeddable":true,"href":"https:\/\/www.checchiemagli.com\/fr\/wp-json\/wp\/v2\/specifiche-tecniche?post=6822"},{"taxonomy":"tipo-di-terreno","embeddable":true,"href":"https:\/\/www.checchiemagli.com\/fr\/wp-json\/wp\/v2\/tipo-di-terreno?post=6822"},{"taxonomy":"tipo-di-zolla","embeddable":true,"href":"https:\/\/www.checchiemagli.com\/fr\/wp-json\/wp\/v2\/tipo-di-zolla?post=6822"},{"taxonomy":"tipologie-macchine","embeddable":true,"href":"https:\/\/www.checchiemagli.com\/fr\/wp-json\/wp\/v2\/tipologie-macchine?post=6822"},{"taxonomy":"product_brand","embeddable":true,"href":"https:\/\/www.checchiemagli.com\/fr\/wp-json\/wp\/v2\/product_brand?post=6822"},{"taxonomy":"product_cat","embeddable":true,"href":"https:\/\/www.checchiemagli.com\/fr\/wp-json\/wp\/v2\/product_cat?post=6822"},{"taxonomy":"product_tag","embeddable":true,"href":"https:\/\/www.checchiemagli.com\/fr\/wp-json\/wp\/v2\/product_tag?post=6822"}],"curies":[{"name":"wp","href":"https:\/\/api.w.org\/{rel}","templated":true}]}}