{"id":6818,"date":"2025-03-04T12:36:39","date_gmt":"2025-03-04T11:36:39","guid":{"rendered":"https:\/\/www.checchiemagli.com\/prodotto\/top-24\/"},"modified":"2025-10-29T09:53:46","modified_gmt":"2025-10-29T08:53:46","slug":"top-24","status":"publish","type":"product","link":"https:\/\/www.checchiemagli.com\/fr\/planteuse\/top-24\/","title":{"rendered":"Top 24"},"content":{"rendered":"<p><strong>1 seul op\u00e9rateur pour 2 rangs de plantation, best-seller pour le brassicaceae et le tabac!<\/strong> Planteuse avec distributeur brevet\u00e9 de 24 godets, avec fond ouvrant, rotation continue et r\u00e9glage de phase, coupelles dispos\u00e9es sur une seule circonf\u00e9rence pour faciliter le travail de l&#8217;op\u00e9rateur, inter-rangs r\u00e9glable de 60 \u00e0 120 cm \u00e0 (24&#8243;-47&#8243;), parall\u00e9logramme pour chaque unit\u00e9; d\u00e9bit de chantier jusqu&#8217;\u00e0 8.000 plantes\/heure chaque op\u00e9rateur. Id\u00e9al pour le tabac, le chou, le chou-fleur et le brocoli.<\/p>\n","protected":false},"excerpt":{"rendered":"<p>1 seul op\u00e9rateur pour 2 rangs de plantation, best-seller pour le brassicaceae et le tabac! Planteuse avec distributeur brevet\u00e9 de 24 godets, avec fond ouvrant, rotation continue et r\u00e9glage de phase, coupelles dispos\u00e9es sur une seule circonf\u00e9rence pour faciliter le travail de l&#8217;op\u00e9rateur, inter-rangs r\u00e9glable de 60 \u00e0 120 cm \u00e0 (24&#8243;-47&#8243;), parall\u00e9logramme pour chaque&#8230;<\/p>\n","protected":false},"featured_media":9839,"template":"","meta":{"_acf_changed":false,"_gspb_post_css":"","_kad_post_transparent":"default","_kad_post_title":"","_kad_post_layout":"default","_kad_post_sidebar_id":"","_kad_post_content_style":"default","_kad_post_vertical_padding":"default","_kad_post_feature":"","_kad_post_feature_position":"","_kad_post_header":false,"_kad_post_footer":false,"_kad_post_classname":""},"cosa-puoi-piantare":[579,567,583,539,543,559,591,527,483,487,471],"etichette":[2430],"nr-file":[442,444,446,447],"specifiche-tecniche":[1815,1816,1817,1818,1893,1814],"tipo-di-terreno":[427],"tipo-di-zolla":[415,423],"tipologie-macchine":[1000],"product_brand":[],"product_cat":[399],"product_tag":[],"class_list":{"0":"post-6818","1":"product","2":"type-product","3":"status-publish","4":"has-post-thumbnail","6":"cosa-puoi-piantare-celeri","7":"cosa-puoi-piantare-poivrons","8":"cosa-puoi-piantare-tabac","9":"cosa-puoi-piantare-brocolis","10":"cosa-puoi-piantare-choux","11":"cosa-puoi-piantare-aubergines","12":"cosa-puoi-piantare-courgettes","13":"cosa-puoi-piantare-fraises","14":"cosa-puoi-piantare-autres-herbes","15":"cosa-puoi-piantare-lavande","16":"cosa-puoi-piantare-chanvre","17":"etichette-labor-saver","18":"nr-file-2-fr","19":"nr-file-4-fr","20":"nr-file-6-fr","21":"nr-file-6-rangs","22":"specifiche-tecniche-distance-entre-les-rangs-min-60-cm-max-120-cm-24-47","23":"specifiche-tecniche-distance-entre-les-plantes-min-14-cm-max-101-cm-6-40","24":"specifiche-tecniche-rapid-shift-de-serie","25":"specifiche-tecniche-roues-de-tassement-en-fer-o-56-cm-22","26":"specifiche-tecniche-parallelogramme-pour-un-profondeur-de-plantation-constant","27":"specifiche-tecniche-distributeur-24-godets-avec-fond-ouvrant","28":"tipo-di-terreno-terre-nue","29":"tipo-di-zolla-conique","30":"tipo-di-zolla-pyramidale","31":"tipologie-macchine-planteuse","32":"product_cat-planteuses","34":"first","35":"instock","36":"virtual","37":"product-type-simple","38":"entry","39":"content-bg","40":"loop-entry"},"acf":[],"yoast_head":"<!-- This site is optimized with the Yoast SEO plugin v27.2 - https:\/\/yoast.com\/product\/yoast-seo-wordpress\/ -->\n<title>Planteuses Top 24 - Checchi &amp; Magli<\/title>\n<meta name=\"description\" content=\"Planteuse TOP 24 : Un seul op\u00e9rateur pour deux lignes. Production indicative : jusqu\u2019\u00e0 8 000 plants\/heure par op\u00e9rateur. Demandez une d\u00e9monstration. Checchi&amp;Magli.\" \/>\n<meta name=\"robots\" content=\"index, follow, max-snippet:-1, max-image-preview:large, max-video-preview:-1\" \/>\n<link rel=\"canonical\" href=\"https:\/\/www.checchiemagli.com\/fr\/planteuse\/top-24\/\" \/>\n<meta property=\"og:locale\" content=\"fr_FR\" \/>\n<meta property=\"og:type\" content=\"article\" \/>\n<meta property=\"og:title\" content=\"Planteuses Top 24 - Checchi &amp; Magli\" \/>\n<meta property=\"og:description\" content=\"Planteuse TOP 24 : Un seul op\u00e9rateur pour deux lignes. Production indicative : jusqu\u2019\u00e0 8 000 plants\/heure par op\u00e9rateur. Demandez une d\u00e9monstration. Checchi&amp;Magli.\" \/>\n<meta property=\"og:url\" content=\"https:\/\/www.checchiemagli.com\/fr\/planteuse\/top-24\/\" \/>\n<meta property=\"og:site_name\" content=\"Checchi e Magli\" \/>\n<meta property=\"article:publisher\" content=\"https:\/\/www.facebook.com\/checchiemagli\/\" \/>\n<meta property=\"article:modified_time\" content=\"2025-10-29T08:53:46+00:00\" \/>\n<meta property=\"og:image\" content=\"https:\/\/www.checchiemagli.com\/wp-content\/uploads\/2025\/03\/TOP-24.png\" \/>\n\t<meta property=\"og:image:width\" content=\"1000\" \/>\n\t<meta property=\"og:image:height\" content=\"1000\" \/>\n\t<meta property=\"og:image:type\" content=\"image\/png\" \/>\n<meta name=\"twitter:card\" content=\"summary_large_image\" \/>\n<meta name=\"twitter:site\" content=\"@checchiemagli\" \/>\n<meta name=\"twitter:label1\" content=\"Dur\u00e9e de lecture estim\u00e9e\" \/>\n\t<meta name=\"twitter:data1\" content=\"1 minute\" \/>\n<!-- \/ Yoast SEO plugin. -->","yoast_head_json":{"title":"Planteuses Top 24 - Checchi & Magli","description":"Planteuse TOP 24 : Un seul op\u00e9rateur pour deux lignes. Production indicative : jusqu\u2019\u00e0 8 000 plants\/heure par op\u00e9rateur. Demandez une d\u00e9monstration. Checchi&Magli.","robots":{"index":"index","follow":"follow","max-snippet":"max-snippet:-1","max-image-preview":"max-image-preview:large","max-video-preview":"max-video-preview:-1"},"canonical":"https:\/\/www.checchiemagli.com\/fr\/planteuse\/top-24\/","og_locale":"fr_FR","og_type":"article","og_title":"Planteuses Top 24 - Checchi & Magli","og_description":"Planteuse TOP 24 : Un seul op\u00e9rateur pour deux lignes. Production indicative : jusqu\u2019\u00e0 8 000 plants\/heure par op\u00e9rateur. Demandez une d\u00e9monstration. Checchi&Magli.","og_url":"https:\/\/www.checchiemagli.com\/fr\/planteuse\/top-24\/","og_site_name":"Checchi e Magli","article_publisher":"https:\/\/www.facebook.com\/checchiemagli\/","article_modified_time":"2025-10-29T08:53:46+00:00","og_image":[{"width":1000,"height":1000,"url":"https:\/\/www.checchiemagli.com\/wp-content\/uploads\/2025\/03\/TOP-24.png","type":"image\/png"}],"twitter_card":"summary_large_image","twitter_site":"@checchiemagli","twitter_misc":{"Dur\u00e9e de lecture estim\u00e9e":"1 minute"},"schema":{"@context":"https:\/\/schema.org","@graph":[{"@type":"WebPage","@id":"https:\/\/www.checchiemagli.com\/fr\/planteuse\/top-24\/","url":"https:\/\/www.checchiemagli.com\/fr\/planteuse\/top-24\/","name":"Planteuses Top 24 - Checchi & Magli","isPartOf":{"@id":"https:\/\/www.checchiemagli.com\/fr\/#website"},"primaryImageOfPage":{"@id":"https:\/\/www.checchiemagli.com\/fr\/planteuse\/top-24\/#primaryimage"},"image":{"@id":"https:\/\/www.checchiemagli.com\/fr\/planteuse\/top-24\/#primaryimage"},"thumbnailUrl":"https:\/\/www.checchiemagli.com\/wp-content\/uploads\/2025\/03\/TOP-24.png","datePublished":"2025-03-04T11:36:39+00:00","dateModified":"2025-10-29T08:53:46+00:00","description":"Planteuse TOP 24 : Un seul op\u00e9rateur pour deux lignes. Production indicative : jusqu\u2019\u00e0 8 000 plants\/heure par op\u00e9rateur. Demandez une d\u00e9monstration. Checchi&Magli.","breadcrumb":{"@id":"https:\/\/www.checchiemagli.com\/fr\/planteuse\/top-24\/#breadcrumb"},"inLanguage":"fr-FR","potentialAction":[{"@type":"ReadAction","target":["https:\/\/www.checchiemagli.com\/fr\/planteuse\/top-24\/"]}]},{"@type":"ImageObject","inLanguage":"fr-FR","@id":"https:\/\/www.checchiemagli.com\/fr\/planteuse\/top-24\/#primaryimage","url":"https:\/\/www.checchiemagli.com\/wp-content\/uploads\/2025\/03\/TOP-24.png","contentUrl":"https:\/\/www.checchiemagli.com\/wp-content\/uploads\/2025\/03\/TOP-24.png","width":1000,"height":1000},{"@type":"BreadcrumbList","@id":"https:\/\/www.checchiemagli.com\/fr\/planteuse\/top-24\/#breadcrumb","itemListElement":[{"@type":"ListItem","position":1,"name":"Home","item":"https:\/\/www.checchiemagli.com\/fr\/"},{"@type":"ListItem","position":2,"name":"Machinerie","item":"https:\/\/www.checchiemagli.com\/fr\/machinerie\/"},{"@type":"ListItem","position":3,"name":"Planteuses","item":"https:\/\/www.checchiemagli.com\/fr\/machinerie\/planteuses\/"},{"@type":"ListItem","position":4,"name":"Top 24"}]},{"@type":"WebSite","@id":"https:\/\/www.checchiemagli.com\/fr\/#website","url":"https:\/\/www.checchiemagli.com\/fr\/","name":"Checchi&Magli","description":"Produzione e Distribuzione di Macchine Agricole","publisher":{"@id":"https:\/\/www.checchiemagli.com\/fr\/#organization"},"potentialAction":[{"@type":"SearchAction","target":{"@type":"EntryPoint","urlTemplate":"https:\/\/www.checchiemagli.com\/fr\/?s={search_term_string}"},"query-input":{"@type":"PropertyValueSpecification","valueRequired":true,"valueName":"search_term_string"}}],"inLanguage":"fr-FR"},{"@type":"Organization","@id":"https:\/\/www.checchiemagli.com\/fr\/#organization","name":"Checchi&Magli","url":"https:\/\/www.checchiemagli.com\/fr\/","logo":{"@type":"ImageObject","inLanguage":"fr-FR","@id":"https:\/\/www.checchiemagli.com\/fr\/#\/schema\/logo\/image\/","url":"https:\/\/www.checchiemagli.com\/wp-content\/uploads\/2025\/03\/logo.png","contentUrl":"https:\/\/www.checchiemagli.com\/wp-content\/uploads\/2025\/03\/logo.png","width":633,"height":149,"caption":"Checchi&Magli"},"image":{"@id":"https:\/\/www.checchiemagli.com\/fr\/#\/schema\/logo\/image\/"},"sameAs":["https:\/\/www.facebook.com\/checchiemagli\/","https:\/\/x.com\/checchiemagli","https:\/\/www.youtube.com\/user\/checchiemagli","https:\/\/www.instagram.com\/checchiemagli\/","https:\/\/www.linkedin.com\/company\/checchiemagli\/"]}]}},"_links":{"self":[{"href":"https:\/\/www.checchiemagli.com\/fr\/wp-json\/wp\/v2\/product\/6818","targetHints":{"allow":["GET"]}}],"collection":[{"href":"https:\/\/www.checchiemagli.com\/fr\/wp-json\/wp\/v2\/product"}],"about":[{"href":"https:\/\/www.checchiemagli.com\/fr\/wp-json\/wp\/v2\/types\/product"}],"wp:featuredmedia":[{"embeddable":true,"href":"https:\/\/www.checchiemagli.com\/fr\/wp-json\/wp\/v2\/media\/9839"}],"wp:attachment":[{"href":"https:\/\/www.checchiemagli.com\/fr\/wp-json\/wp\/v2\/media?parent=6818"}],"wp:term":[{"taxonomy":"cosa-puoi-piantare","embeddable":true,"href":"https:\/\/www.checchiemagli.com\/fr\/wp-json\/wp\/v2\/cosa-puoi-piantare?post=6818"},{"taxonomy":"etichette","embeddable":true,"href":"https:\/\/www.checchiemagli.com\/fr\/wp-json\/wp\/v2\/etichette?post=6818"},{"taxonomy":"nr-file","embeddable":true,"href":"https:\/\/www.checchiemagli.com\/fr\/wp-json\/wp\/v2\/nr-file?post=6818"},{"taxonomy":"specifiche-tecniche","embeddable":true,"href":"https:\/\/www.checchiemagli.com\/fr\/wp-json\/wp\/v2\/specifiche-tecniche?post=6818"},{"taxonomy":"tipo-di-terreno","embeddable":true,"href":"https:\/\/www.checchiemagli.com\/fr\/wp-json\/wp\/v2\/tipo-di-terreno?post=6818"},{"taxonomy":"tipo-di-zolla","embeddable":true,"href":"https:\/\/www.checchiemagli.com\/fr\/wp-json\/wp\/v2\/tipo-di-zolla?post=6818"},{"taxonomy":"tipologie-macchine","embeddable":true,"href":"https:\/\/www.checchiemagli.com\/fr\/wp-json\/wp\/v2\/tipologie-macchine?post=6818"},{"taxonomy":"product_brand","embeddable":true,"href":"https:\/\/www.checchiemagli.com\/fr\/wp-json\/wp\/v2\/product_brand?post=6818"},{"taxonomy":"product_cat","embeddable":true,"href":"https:\/\/www.checchiemagli.com\/fr\/wp-json\/wp\/v2\/product_cat?post=6818"},{"taxonomy":"product_tag","embeddable":true,"href":"https:\/\/www.checchiemagli.com\/fr\/wp-json\/wp\/v2\/product_tag?post=6818"}],"curies":[{"name":"wp","href":"https:\/\/api.w.org\/{rel}","templated":true}]}}