{"id":6814,"date":"2025-03-04T12:36:39","date_gmt":"2025-03-04T11:36:39","guid":{"rendered":"https:\/\/www.checchiemagli.com\/prodotto\/dual-12-compact\/"},"modified":"2025-11-28T13:59:31","modified_gmt":"2025-11-28T12:59:31","slug":"dual-12-compact","status":"publish","type":"product","link":"https:\/\/www.checchiemagli.com\/fr\/planteuse\/dual-12-compact\/","title":{"rendered":"Dual 12 Compact"},"content":{"rendered":"<p><strong>Un seul op\u00e9rateur pour 2 rangs de plantation &#8211; Inter-rangs \u00e9troit!<\/strong> Planteuse avec distributeur \u00e0 fond ouvert de 12 godets \u00e0 rotation continue et r\u00e9glage de phase, inter-rangs r\u00e9glable de 25 \u00e0 30 cm (12&#8243;-20&#8243;), sur demande constant inter-rangs de 20 cm\/8&#8243; avec patin. Parall\u00e9logramme pour chaque unit\u00e9; d\u00e9dit de chantier indicatif maximum de 5.000 plantes\/heure chaque op\u00e9rateur. Id\u00e9al pour les salades et l&#8217;oignon. Sur demande, <strong>rouleau frontal FARMFLEX<\/strong><\/p>\n","protected":false},"excerpt":{"rendered":"<p>Un seul op\u00e9rateur pour 2 rangs de plantation &#8211; Inter-rangs \u00e9troit! Planteuse avec distributeur \u00e0 fond ouvert de 12 godets \u00e0 rotation continue et r\u00e9glage de phase, inter-rangs r\u00e9glable de 25 \u00e0 30 cm (12&#8243;-20&#8243;), sur demande constant inter-rangs de 20 cm\/8&#8243; avec patin. Parall\u00e9logramme pour chaque unit\u00e9; d\u00e9dit de chantier indicatif maximum de 5.000&#8230;<\/p>\n","protected":false},"featured_media":2798,"template":"","meta":{"_acf_changed":false,"_gspb_post_css":"","_kad_post_transparent":"default","_kad_post_title":"","_kad_post_layout":"default","_kad_post_sidebar_id":"","_kad_post_content_style":"default","_kad_post_vertical_padding":"default","_kad_post_feature":"","_kad_post_feature_position":"","_kad_post_header":false,"_kad_post_footer":false,"_kad_post_classname":""},"cosa-puoi-piantare":[579,555,499],"etichette":[2430],"nr-file":[442,444,446,447],"specifiche-tecniche":[1809,1812,1813,1879,1893,1799],"tipo-di-terreno":[427],"tipo-di-zolla":[423,415],"tipologie-macchine":[1000],"product_brand":[],"product_cat":[399],"product_tag":[],"class_list":{"0":"post-6814","1":"product","2":"type-product","3":"status-publish","4":"has-post-thumbnail","6":"cosa-puoi-piantare-celeri","7":"cosa-puoi-piantare-salades","8":"cosa-puoi-piantare-oignons","9":"etichette-labor-saver","10":"nr-file-2-fr","11":"nr-file-4-fr","12":"nr-file-6-fr","13":"nr-file-6-rangs","14":"specifiche-tecniche-distributeur-12-godets-avec-fond-ouvrant","15":"specifiche-tecniche-distance-entre-les-rangs-min-20-cm-8-fixe-avec-patin-ou-25-30-cm-10-12","16":"specifiche-tecniche-distance-entre-les-plantes-min-10-cm-max-50-cm-4-20","17":"specifiche-tecniche-rouleau-frontal-farmflex","18":"specifiche-tecniche-parallelogramme-pour-un-profondeur-de-plantation-constant","19":"specifiche-tecniche-roues-de-tassement-en-caoutchouc-flex-o-33-cm-13","20":"tipo-di-terreno-terre-nue","21":"tipo-di-zolla-pyramidale","22":"tipo-di-zolla-conique","23":"tipologie-macchine-planteuse","24":"product_cat-planteuses","26":"first","27":"instock","28":"virtual","29":"product-type-simple","30":"entry","31":"content-bg","32":"loop-entry"},"acf":[],"yoast_head":"<!-- This site is optimized with the Yoast SEO plugin v27.2 - https:\/\/yoast.com\/product\/yoast-seo-wordpress\/ -->\n<title>Planteuses Dual 12 Compact - Checchi &amp; Magli<\/title>\n<meta name=\"description\" content=\"Planteuse DUAL 12 Compact : Pour jeunes plants en motte conique et pyramidale. Un seul op\u00e9rateur pour deux rangs. Jusqu&#039;\u00e0 5 000 plants\/heure par op\u00e9rateur.\" \/>\n<meta name=\"robots\" content=\"index, follow, max-snippet:-1, max-image-preview:large, max-video-preview:-1\" \/>\n<link rel=\"canonical\" href=\"https:\/\/www.checchiemagli.com\/fr\/planteuse\/dual-12-compact\/\" \/>\n<meta property=\"og:locale\" content=\"fr_FR\" \/>\n<meta property=\"og:type\" content=\"article\" \/>\n<meta property=\"og:title\" content=\"Planteuses Dual 12 Compact - Checchi &amp; Magli\" \/>\n<meta property=\"og:description\" content=\"Planteuse DUAL 12 Compact : Pour jeunes plants en motte conique et pyramidale. Un seul op\u00e9rateur pour deux rangs. Jusqu&#039;\u00e0 5 000 plants\/heure par op\u00e9rateur.\" \/>\n<meta property=\"og:url\" content=\"https:\/\/www.checchiemagli.com\/fr\/planteuse\/dual-12-compact\/\" \/>\n<meta property=\"og:site_name\" content=\"Checchi e Magli\" \/>\n<meta property=\"article:publisher\" content=\"https:\/\/www.facebook.com\/checchiemagli\/\" \/>\n<meta property=\"article:modified_time\" content=\"2025-11-28T12:59:31+00:00\" \/>\n<meta property=\"og:image\" content=\"https:\/\/www.checchiemagli.com\/wp-content\/uploads\/2025\/03\/DUAL-12-COMPACT-4-1.png\" \/>\n\t<meta property=\"og:image:width\" content=\"800\" \/>\n\t<meta property=\"og:image:height\" content=\"600\" \/>\n\t<meta property=\"og:image:type\" content=\"image\/png\" \/>\n<meta name=\"twitter:card\" content=\"summary_large_image\" \/>\n<meta name=\"twitter:site\" content=\"@checchiemagli\" \/>\n<meta name=\"twitter:label1\" content=\"Dur\u00e9e de lecture estim\u00e9e\" \/>\n\t<meta name=\"twitter:data1\" content=\"1 minute\" \/>\n<!-- \/ Yoast SEO plugin. -->","yoast_head_json":{"title":"Planteuses Dual 12 Compact - Checchi & Magli","description":"Planteuse DUAL 12 Compact : Pour jeunes plants en motte conique et pyramidale. Un seul op\u00e9rateur pour deux rangs. Jusqu'\u00e0 5 000 plants\/heure par op\u00e9rateur.","robots":{"index":"index","follow":"follow","max-snippet":"max-snippet:-1","max-image-preview":"max-image-preview:large","max-video-preview":"max-video-preview:-1"},"canonical":"https:\/\/www.checchiemagli.com\/fr\/planteuse\/dual-12-compact\/","og_locale":"fr_FR","og_type":"article","og_title":"Planteuses Dual 12 Compact - Checchi & Magli","og_description":"Planteuse DUAL 12 Compact : Pour jeunes plants en motte conique et pyramidale. Un seul op\u00e9rateur pour deux rangs. Jusqu'\u00e0 5 000 plants\/heure par op\u00e9rateur.","og_url":"https:\/\/www.checchiemagli.com\/fr\/planteuse\/dual-12-compact\/","og_site_name":"Checchi e Magli","article_publisher":"https:\/\/www.facebook.com\/checchiemagli\/","article_modified_time":"2025-11-28T12:59:31+00:00","og_image":[{"width":800,"height":600,"url":"https:\/\/www.checchiemagli.com\/wp-content\/uploads\/2025\/03\/DUAL-12-COMPACT-4-1.png","type":"image\/png"}],"twitter_card":"summary_large_image","twitter_site":"@checchiemagli","twitter_misc":{"Dur\u00e9e de lecture estim\u00e9e":"1 minute"},"schema":{"@context":"https:\/\/schema.org","@graph":[{"@type":"WebPage","@id":"https:\/\/www.checchiemagli.com\/fr\/planteuse\/dual-12-compact\/","url":"https:\/\/www.checchiemagli.com\/fr\/planteuse\/dual-12-compact\/","name":"Planteuses Dual 12 Compact - Checchi & Magli","isPartOf":{"@id":"https:\/\/www.checchiemagli.com\/fr\/#website"},"primaryImageOfPage":{"@id":"https:\/\/www.checchiemagli.com\/fr\/planteuse\/dual-12-compact\/#primaryimage"},"image":{"@id":"https:\/\/www.checchiemagli.com\/fr\/planteuse\/dual-12-compact\/#primaryimage"},"thumbnailUrl":"https:\/\/www.checchiemagli.com\/wp-content\/uploads\/2025\/03\/DUAL-12-COMPACT-4-1.png","datePublished":"2025-03-04T11:36:39+00:00","dateModified":"2025-11-28T12:59:31+00:00","description":"Planteuse DUAL 12 Compact : Pour jeunes plants en motte conique et pyramidale. Un seul op\u00e9rateur pour deux rangs. Jusqu'\u00e0 5 000 plants\/heure par op\u00e9rateur.","breadcrumb":{"@id":"https:\/\/www.checchiemagli.com\/fr\/planteuse\/dual-12-compact\/#breadcrumb"},"inLanguage":"fr-FR","potentialAction":[{"@type":"ReadAction","target":["https:\/\/www.checchiemagli.com\/fr\/planteuse\/dual-12-compact\/"]}]},{"@type":"ImageObject","inLanguage":"fr-FR","@id":"https:\/\/www.checchiemagli.com\/fr\/planteuse\/dual-12-compact\/#primaryimage","url":"https:\/\/www.checchiemagli.com\/wp-content\/uploads\/2025\/03\/DUAL-12-COMPACT-4-1.png","contentUrl":"https:\/\/www.checchiemagli.com\/wp-content\/uploads\/2025\/03\/DUAL-12-COMPACT-4-1.png","width":800,"height":600},{"@type":"BreadcrumbList","@id":"https:\/\/www.checchiemagli.com\/fr\/planteuse\/dual-12-compact\/#breadcrumb","itemListElement":[{"@type":"ListItem","position":1,"name":"Home","item":"https:\/\/www.checchiemagli.com\/fr\/"},{"@type":"ListItem","position":2,"name":"Machinerie","item":"https:\/\/www.checchiemagli.com\/fr\/machinerie\/"},{"@type":"ListItem","position":3,"name":"Planteuses","item":"https:\/\/www.checchiemagli.com\/fr\/machinerie\/planteuses\/"},{"@type":"ListItem","position":4,"name":"Dual 12 Compact"}]},{"@type":"WebSite","@id":"https:\/\/www.checchiemagli.com\/fr\/#website","url":"https:\/\/www.checchiemagli.com\/fr\/","name":"Checchi&Magli","description":"Produzione e Distribuzione di Macchine Agricole","publisher":{"@id":"https:\/\/www.checchiemagli.com\/fr\/#organization"},"potentialAction":[{"@type":"SearchAction","target":{"@type":"EntryPoint","urlTemplate":"https:\/\/www.checchiemagli.com\/fr\/?s={search_term_string}"},"query-input":{"@type":"PropertyValueSpecification","valueRequired":true,"valueName":"search_term_string"}}],"inLanguage":"fr-FR"},{"@type":"Organization","@id":"https:\/\/www.checchiemagli.com\/fr\/#organization","name":"Checchi&Magli","url":"https:\/\/www.checchiemagli.com\/fr\/","logo":{"@type":"ImageObject","inLanguage":"fr-FR","@id":"https:\/\/www.checchiemagli.com\/fr\/#\/schema\/logo\/image\/","url":"https:\/\/www.checchiemagli.com\/wp-content\/uploads\/2025\/03\/logo.png","contentUrl":"https:\/\/www.checchiemagli.com\/wp-content\/uploads\/2025\/03\/logo.png","width":633,"height":149,"caption":"Checchi&Magli"},"image":{"@id":"https:\/\/www.checchiemagli.com\/fr\/#\/schema\/logo\/image\/"},"sameAs":["https:\/\/www.facebook.com\/checchiemagli\/","https:\/\/x.com\/checchiemagli","https:\/\/www.youtube.com\/user\/checchiemagli","https:\/\/www.instagram.com\/checchiemagli\/","https:\/\/www.linkedin.com\/company\/checchiemagli\/"]}]}},"_links":{"self":[{"href":"https:\/\/www.checchiemagli.com\/fr\/wp-json\/wp\/v2\/product\/6814","targetHints":{"allow":["GET"]}}],"collection":[{"href":"https:\/\/www.checchiemagli.com\/fr\/wp-json\/wp\/v2\/product"}],"about":[{"href":"https:\/\/www.checchiemagli.com\/fr\/wp-json\/wp\/v2\/types\/product"}],"wp:featuredmedia":[{"embeddable":true,"href":"https:\/\/www.checchiemagli.com\/fr\/wp-json\/wp\/v2\/media\/2798"}],"wp:attachment":[{"href":"https:\/\/www.checchiemagli.com\/fr\/wp-json\/wp\/v2\/media?parent=6814"}],"wp:term":[{"taxonomy":"cosa-puoi-piantare","embeddable":true,"href":"https:\/\/www.checchiemagli.com\/fr\/wp-json\/wp\/v2\/cosa-puoi-piantare?post=6814"},{"taxonomy":"etichette","embeddable":true,"href":"https:\/\/www.checchiemagli.com\/fr\/wp-json\/wp\/v2\/etichette?post=6814"},{"taxonomy":"nr-file","embeddable":true,"href":"https:\/\/www.checchiemagli.com\/fr\/wp-json\/wp\/v2\/nr-file?post=6814"},{"taxonomy":"specifiche-tecniche","embeddable":true,"href":"https:\/\/www.checchiemagli.com\/fr\/wp-json\/wp\/v2\/specifiche-tecniche?post=6814"},{"taxonomy":"tipo-di-terreno","embeddable":true,"href":"https:\/\/www.checchiemagli.com\/fr\/wp-json\/wp\/v2\/tipo-di-terreno?post=6814"},{"taxonomy":"tipo-di-zolla","embeddable":true,"href":"https:\/\/www.checchiemagli.com\/fr\/wp-json\/wp\/v2\/tipo-di-zolla?post=6814"},{"taxonomy":"tipologie-macchine","embeddable":true,"href":"https:\/\/www.checchiemagli.com\/fr\/wp-json\/wp\/v2\/tipologie-macchine?post=6814"},{"taxonomy":"product_brand","embeddable":true,"href":"https:\/\/www.checchiemagli.com\/fr\/wp-json\/wp\/v2\/product_brand?post=6814"},{"taxonomy":"product_cat","embeddable":true,"href":"https:\/\/www.checchiemagli.com\/fr\/wp-json\/wp\/v2\/product_cat?post=6814"},{"taxonomy":"product_tag","embeddable":true,"href":"https:\/\/www.checchiemagli.com\/fr\/wp-json\/wp\/v2\/product_tag?post=6814"}],"curies":[{"name":"wp","href":"https:\/\/api.w.org\/{rel}","templated":true}]}}