{"id":6802,"date":"2025-03-04T12:36:39","date_gmt":"2025-03-04T11:36:39","guid":{"rendered":"https:\/\/www.checchiemagli.com\/prodotto\/smartwolf\/"},"modified":"2025-12-12T13:12:29","modified_gmt":"2025-12-12T12:12:29","slug":"smartwolf","status":"publish","type":"product","link":"https:\/\/www.checchiemagli.com\/fr\/planteuse\/smartwolf\/","title":{"rendered":"Smartwolf"},"content":{"rendered":"<p><strong>Efficacit\u00e9 SMART \u00e0 port\u00e9e de main!<\/strong> Planteuse avec distributeur de 1 \u00e0 6 godets perforants.<br \/>\nDouble usage avec et sans film de paillage, \u00e9galement biod\u00e9gradable, inter-rangs \u00e0 partir de 50 cm\/20&#8243;;<br \/>\nd\u00e9bit de chantier jusqu&#8217;\u00e0 3.000 plants\/heure par op\u00e9rateur.<br \/>\nId\u00e9al pour tomates, melons, past\u00e8ques, salades, potirons et courgettes.<br \/>\nSur demande, arrosage \u00e9lectrique localis\u00e9 et synchronis\u00e9 pour chaque plante et \u00e9l\u00e9ment semeur SEEDPROe.<\/p>\n","protected":false},"excerpt":{"rendered":"<p>Efficacit\u00e9 SMART \u00e0 port\u00e9e de main! Planteuse avec distributeur de 1 \u00e0 6 godets perforants. Double usage avec et sans film de paillage, \u00e9galement biod\u00e9gradable, inter-rangs \u00e0 partir de 50 cm\/20&#8243;; d\u00e9bit de chantier jusqu&#8217;\u00e0 3.000 plants\/heure par op\u00e9rateur. Id\u00e9al pour tomates, melons, past\u00e8ques, salades, potirons et courgettes. Sur demande, arrosage \u00e9lectrique localis\u00e9 et synchronis\u00e9&#8230;<\/p>\n","protected":false},"featured_media":9834,"template":"","meta":{"_acf_changed":false,"_gspb_post_css":"","_kad_post_transparent":"default","_kad_post_title":"","_kad_post_layout":"default","_kad_post_sidebar_id":"","_kad_post_content_style":"default","_kad_post_vertical_padding":"default","_kad_post_feature":"","_kad_post_feature_position":"","_kad_post_header":false,"_kad_post_footer":false,"_kad_post_classname":""},"cosa-puoi-piantare":[2422,2406,547,563,579,551,567,539,555,571,587,543,559,575,591,531,519,523,527,499,503,495,483,487,471],"etichette":[],"nr-file":[441,442,443,444,445,446,447],"specifiche-tecniche":[1799,1800,1801,1803,1807,1808,1845,1893],"tipo-di-terreno":[427,432],"tipo-di-zolla":[407,411,415,419,423],"tipologie-macchine":[1000],"product_brand":[],"product_cat":[399],"product_tag":[],"class_list":{"0":"post-6802","1":"product","2":"type-product","3":"status-publish","4":"has-post-thumbnail","6":"cosa-puoi-piantare-piment","7":"cosa-puoi-piantare-oignons-fr","8":"cosa-puoi-piantare-concombres","9":"cosa-puoi-piantare-patates-douces","10":"cosa-puoi-piantare-celeri","11":"cosa-puoi-piantare-fenouils","12":"cosa-puoi-piantare-poivrons","13":"cosa-puoi-piantare-brocolis","14":"cosa-puoi-piantare-salades","15":"cosa-puoi-piantare-tomates","16":"cosa-puoi-piantare-citrouille","17":"cosa-puoi-piantare-choux","18":"cosa-puoi-piantare-aubergines","19":"cosa-puoi-piantare-poireaux","20":"cosa-puoi-piantare-courgettes","21":"cosa-puoi-piantare-melon-fr","22":"cosa-puoi-piantare-ananas-fr","23":"cosa-puoi-piantare-pasteque","24":"cosa-puoi-piantare-fraises","25":"cosa-puoi-piantare-oignons","26":"cosa-puoi-piantare-pommes-de-terre","27":"cosa-puoi-piantare-ail","28":"cosa-puoi-piantare-autres-herbes","29":"cosa-puoi-piantare-lavande","30":"cosa-puoi-piantare-chanvre","31":"nr-file-1-fr","32":"nr-file-2-fr","33":"nr-file-3-fr","34":"nr-file-4-fr","35":"nr-file-5-fr","36":"nr-file-6-fr","37":"nr-file-6-rangs","38":"specifiche-tecniche-roues-de-tassement-en-caoutchouc-flex-o-33-cm-13","39":"specifiche-tecniche-compatible-avec-seedproe","40":"specifiche-tecniche-systeme-darrosage-electrique-localise-et-synchronise-unique-au-monde-en-option","41":"specifiche-tecniche-distance-entre-les-rangs-50-cm-20","42":"specifiche-tecniche-distributeur-de-1-a-6-godets-perforant","43":"specifiche-tecniche-distance-entre-les-plantes-min-25-max-150-cm-10-59","44":"specifiche-tecniche-compatible-avec-films-biodegradables","45":"specifiche-tecniche-parallelogramme-pour-un-profondeur-de-plantation-constant","46":"tipo-di-terreno-terre-nue","47":"tipo-di-terreno-terre-paillee","48":"tipo-di-zolla-graine","49":"tipo-di-zolla-cilindrique","50":"tipo-di-zolla-conique","51":"tipo-di-zolla-cubique","52":"tipo-di-zolla-pyramidale","53":"tipologie-macchine-planteuse","54":"product_cat-planteuses","56":"first","57":"instock","58":"virtual","59":"product-type-simple","60":"entry","61":"content-bg","62":"loop-entry"},"acf":[],"yoast_head":"<!-- This site is optimized with the Yoast SEO plugin v27.2 - https:\/\/yoast.com\/product\/yoast-seo-wordpress\/ -->\n<title>Planteuses Smartwolf - Checchi &amp; Magli<\/title>\n<meta name=\"description\" content=\"Planteuse SmartWolf : Pour un usage professionnel, avec ou sans film de paillage. Id\u00e9ale pour tomates, melons, past\u00e8ques, laitues, courges et courgettes.\" \/>\n<meta name=\"robots\" content=\"index, follow, max-snippet:-1, max-image-preview:large, max-video-preview:-1\" \/>\n<link rel=\"canonical\" href=\"https:\/\/www.checchiemagli.com\/fr\/planteuse\/smartwolf\/\" \/>\n<meta property=\"og:locale\" content=\"fr_FR\" \/>\n<meta property=\"og:type\" content=\"article\" \/>\n<meta property=\"og:title\" content=\"Planteuses Smartwolf - Checchi &amp; Magli\" \/>\n<meta property=\"og:description\" content=\"Planteuse SmartWolf : Pour un usage professionnel, avec ou sans film de paillage. Id\u00e9ale pour tomates, melons, past\u00e8ques, laitues, courges et courgettes.\" \/>\n<meta property=\"og:url\" content=\"https:\/\/www.checchiemagli.com\/fr\/planteuse\/smartwolf\/\" \/>\n<meta property=\"og:site_name\" content=\"Checchi e Magli\" \/>\n<meta property=\"article:publisher\" content=\"https:\/\/www.facebook.com\/checchiemagli\/\" \/>\n<meta property=\"article:modified_time\" content=\"2025-12-12T12:12:29+00:00\" \/>\n<meta property=\"og:image\" content=\"https:\/\/www.checchiemagli.com\/wp-content\/uploads\/2025\/03\/SMARTWOLF-1000x1000-1.png\" \/>\n\t<meta property=\"og:image:width\" content=\"1000\" \/>\n\t<meta property=\"og:image:height\" content=\"1000\" \/>\n\t<meta property=\"og:image:type\" content=\"image\/png\" \/>\n<meta name=\"twitter:card\" content=\"summary_large_image\" \/>\n<meta name=\"twitter:site\" content=\"@checchiemagli\" \/>\n<meta name=\"twitter:label1\" content=\"Dur\u00e9e de lecture estim\u00e9e\" \/>\n\t<meta name=\"twitter:data1\" content=\"1 minute\" \/>\n<!-- \/ Yoast SEO plugin. -->","yoast_head_json":{"title":"Planteuses Smartwolf - Checchi & Magli","description":"Planteuse SmartWolf : Pour un usage professionnel, avec ou sans film de paillage. Id\u00e9ale pour tomates, melons, past\u00e8ques, laitues, courges et courgettes.","robots":{"index":"index","follow":"follow","max-snippet":"max-snippet:-1","max-image-preview":"max-image-preview:large","max-video-preview":"max-video-preview:-1"},"canonical":"https:\/\/www.checchiemagli.com\/fr\/planteuse\/smartwolf\/","og_locale":"fr_FR","og_type":"article","og_title":"Planteuses Smartwolf - Checchi & Magli","og_description":"Planteuse SmartWolf : Pour un usage professionnel, avec ou sans film de paillage. Id\u00e9ale pour tomates, melons, past\u00e8ques, laitues, courges et courgettes.","og_url":"https:\/\/www.checchiemagli.com\/fr\/planteuse\/smartwolf\/","og_site_name":"Checchi e Magli","article_publisher":"https:\/\/www.facebook.com\/checchiemagli\/","article_modified_time":"2025-12-12T12:12:29+00:00","og_image":[{"width":1000,"height":1000,"url":"https:\/\/www.checchiemagli.com\/wp-content\/uploads\/2025\/03\/SMARTWOLF-1000x1000-1.png","type":"image\/png"}],"twitter_card":"summary_large_image","twitter_site":"@checchiemagli","twitter_misc":{"Dur\u00e9e de lecture estim\u00e9e":"1 minute"},"schema":{"@context":"https:\/\/schema.org","@graph":[{"@type":"WebPage","@id":"https:\/\/www.checchiemagli.com\/fr\/planteuse\/smartwolf\/","url":"https:\/\/www.checchiemagli.com\/fr\/planteuse\/smartwolf\/","name":"Planteuses Smartwolf - Checchi & Magli","isPartOf":{"@id":"https:\/\/www.checchiemagli.com\/fr\/#website"},"primaryImageOfPage":{"@id":"https:\/\/www.checchiemagli.com\/fr\/planteuse\/smartwolf\/#primaryimage"},"image":{"@id":"https:\/\/www.checchiemagli.com\/fr\/planteuse\/smartwolf\/#primaryimage"},"thumbnailUrl":"https:\/\/www.checchiemagli.com\/wp-content\/uploads\/2025\/03\/SMARTWOLF-1000x1000-1.png","datePublished":"2025-03-04T11:36:39+00:00","dateModified":"2025-12-12T12:12:29+00:00","description":"Planteuse SmartWolf : Pour un usage professionnel, avec ou sans film de paillage. Id\u00e9ale pour tomates, melons, past\u00e8ques, laitues, courges et courgettes.","breadcrumb":{"@id":"https:\/\/www.checchiemagli.com\/fr\/planteuse\/smartwolf\/#breadcrumb"},"inLanguage":"fr-FR","potentialAction":[{"@type":"ReadAction","target":["https:\/\/www.checchiemagli.com\/fr\/planteuse\/smartwolf\/"]}]},{"@type":"ImageObject","inLanguage":"fr-FR","@id":"https:\/\/www.checchiemagli.com\/fr\/planteuse\/smartwolf\/#primaryimage","url":"https:\/\/www.checchiemagli.com\/wp-content\/uploads\/2025\/03\/SMARTWOLF-1000x1000-1.png","contentUrl":"https:\/\/www.checchiemagli.com\/wp-content\/uploads\/2025\/03\/SMARTWOLF-1000x1000-1.png","width":1000,"height":1000},{"@type":"BreadcrumbList","@id":"https:\/\/www.checchiemagli.com\/fr\/planteuse\/smartwolf\/#breadcrumb","itemListElement":[{"@type":"ListItem","position":1,"name":"Home","item":"https:\/\/www.checchiemagli.com\/fr\/"},{"@type":"ListItem","position":2,"name":"Machinerie","item":"https:\/\/www.checchiemagli.com\/fr\/machinerie\/"},{"@type":"ListItem","position":3,"name":"Planteuses","item":"https:\/\/www.checchiemagli.com\/fr\/machinerie\/planteuses\/"},{"@type":"ListItem","position":4,"name":"Smartwolf"}]},{"@type":"WebSite","@id":"https:\/\/www.checchiemagli.com\/fr\/#website","url":"https:\/\/www.checchiemagli.com\/fr\/","name":"Checchi&Magli","description":"Produzione e Distribuzione di Macchine Agricole","publisher":{"@id":"https:\/\/www.checchiemagli.com\/fr\/#organization"},"potentialAction":[{"@type":"SearchAction","target":{"@type":"EntryPoint","urlTemplate":"https:\/\/www.checchiemagli.com\/fr\/?s={search_term_string}"},"query-input":{"@type":"PropertyValueSpecification","valueRequired":true,"valueName":"search_term_string"}}],"inLanguage":"fr-FR"},{"@type":"Organization","@id":"https:\/\/www.checchiemagli.com\/fr\/#organization","name":"Checchi&Magli","url":"https:\/\/www.checchiemagli.com\/fr\/","logo":{"@type":"ImageObject","inLanguage":"fr-FR","@id":"https:\/\/www.checchiemagli.com\/fr\/#\/schema\/logo\/image\/","url":"https:\/\/www.checchiemagli.com\/wp-content\/uploads\/2025\/03\/logo.png","contentUrl":"https:\/\/www.checchiemagli.com\/wp-content\/uploads\/2025\/03\/logo.png","width":633,"height":149,"caption":"Checchi&Magli"},"image":{"@id":"https:\/\/www.checchiemagli.com\/fr\/#\/schema\/logo\/image\/"},"sameAs":["https:\/\/www.facebook.com\/checchiemagli\/","https:\/\/x.com\/checchiemagli","https:\/\/www.youtube.com\/user\/checchiemagli","https:\/\/www.instagram.com\/checchiemagli\/","https:\/\/www.linkedin.com\/company\/checchiemagli\/"]}]}},"_links":{"self":[{"href":"https:\/\/www.checchiemagli.com\/fr\/wp-json\/wp\/v2\/product\/6802","targetHints":{"allow":["GET"]}}],"collection":[{"href":"https:\/\/www.checchiemagli.com\/fr\/wp-json\/wp\/v2\/product"}],"about":[{"href":"https:\/\/www.checchiemagli.com\/fr\/wp-json\/wp\/v2\/types\/product"}],"wp:featuredmedia":[{"embeddable":true,"href":"https:\/\/www.checchiemagli.com\/fr\/wp-json\/wp\/v2\/media\/9834"}],"wp:attachment":[{"href":"https:\/\/www.checchiemagli.com\/fr\/wp-json\/wp\/v2\/media?parent=6802"}],"wp:term":[{"taxonomy":"cosa-puoi-piantare","embeddable":true,"href":"https:\/\/www.checchiemagli.com\/fr\/wp-json\/wp\/v2\/cosa-puoi-piantare?post=6802"},{"taxonomy":"etichette","embeddable":true,"href":"https:\/\/www.checchiemagli.com\/fr\/wp-json\/wp\/v2\/etichette?post=6802"},{"taxonomy":"nr-file","embeddable":true,"href":"https:\/\/www.checchiemagli.com\/fr\/wp-json\/wp\/v2\/nr-file?post=6802"},{"taxonomy":"specifiche-tecniche","embeddable":true,"href":"https:\/\/www.checchiemagli.com\/fr\/wp-json\/wp\/v2\/specifiche-tecniche?post=6802"},{"taxonomy":"tipo-di-terreno","embeddable":true,"href":"https:\/\/www.checchiemagli.com\/fr\/wp-json\/wp\/v2\/tipo-di-terreno?post=6802"},{"taxonomy":"tipo-di-zolla","embeddable":true,"href":"https:\/\/www.checchiemagli.com\/fr\/wp-json\/wp\/v2\/tipo-di-zolla?post=6802"},{"taxonomy":"tipologie-macchine","embeddable":true,"href":"https:\/\/www.checchiemagli.com\/fr\/wp-json\/wp\/v2\/tipologie-macchine?post=6802"},{"taxonomy":"product_brand","embeddable":true,"href":"https:\/\/www.checchiemagli.com\/fr\/wp-json\/wp\/v2\/product_brand?post=6802"},{"taxonomy":"product_cat","embeddable":true,"href":"https:\/\/www.checchiemagli.com\/fr\/wp-json\/wp\/v2\/product_cat?post=6802"},{"taxonomy":"product_tag","embeddable":true,"href":"https:\/\/www.checchiemagli.com\/fr\/wp-json\/wp\/v2\/product_tag?post=6802"}],"curies":[{"name":"wp","href":"https:\/\/api.w.org\/{rel}","templated":true}]}}