{"id":6798,"date":"2025-03-04T12:36:39","date_gmt":"2025-03-04T11:36:39","guid":{"rendered":"https:\/\/www.checchiemagli.com\/prodotto\/wolf-pro-compact\/"},"modified":"2025-06-27T12:43:52","modified_gmt":"2025-06-27T10:43:52","slug":"wolf-pro-compact","status":"publish","type":"product","link":"https:\/\/www.checchiemagli.com\/fr\/planteuse\/wolf-pro-compact\/","title":{"rendered":"Wolf Pro Compact"},"content":{"rendered":"<p><strong>Polyvalent et PROprofessionnel \u2013 Inter-rangs \u00e9troit!<\/strong> Planteuse avec distributeur de 1 \u00e0 8 godets perforants. Double usage avec et sans film de paillage, \u00e9galement biod\u00e9gradable, inter-rangs r\u00e9glable \u00e0 partir de 30 cm\/12&#8243;; d\u00e9bit de chantier jusqu&#8217;\u00e0 3.000 plants\/heure par op\u00e9rateur. Id\u00e9al pour les salades, le c\u00e9leri, les fraises et l&#8217;ananas.<br \/>\nSur demande, arrosage \u00e9lectrique localis\u00e9 et synchronis\u00e9 pour chaque plante et \u00e9l\u00e9ment semeur SEEDPROe.<\/p>\n","protected":false},"excerpt":{"rendered":"<p>Polyvalent et PROprofessionnel \u2013 Inter-rangs \u00e9troit! Planteuse avec distributeur de 1 \u00e0 8 godets perforants. Double usage avec et sans film de paillage, \u00e9galement biod\u00e9gradable, inter-rangs r\u00e9glable \u00e0 partir de 30 cm\/12&#8243;; d\u00e9bit de chantier jusqu&#8217;\u00e0 3.000 plants\/heure par op\u00e9rateur. Id\u00e9al pour les salades, le c\u00e9leri, les fraises et l&#8217;ananas. Sur demande, arrosage \u00e9lectrique localis\u00e9&#8230;<\/p>\n","protected":false},"featured_media":5207,"template":"","meta":{"_acf_changed":false,"_gspb_post_css":"","_kad_post_transparent":"default","_kad_post_title":"","_kad_post_layout":"default","_kad_post_sidebar_id":"","_kad_post_content_style":"default","_kad_post_vertical_padding":"default","_kad_post_feature":"","_kad_post_feature_position":"","_kad_post_header":false,"_kad_post_footer":false,"_kad_post_classname":""},"cosa-puoi-piantare":[547,563,579,551,567,539,555,571,587,543,559,591,531,519,523,527,499,503,483,487,471],"etichette":[],"nr-file":[441,442,443,444,445,446,447],"specifiche-tecniche":[1801,1802,1804,1805,1806,1845,1893,1800],"tipo-di-terreno":[427,432],"tipo-di-zolla":[407,411,415,419,423],"tipologie-macchine":[1000],"product_brand":[],"product_cat":[399],"product_tag":[],"class_list":{"0":"post-6798","1":"product","2":"type-product","3":"status-publish","4":"has-post-thumbnail","6":"cosa-puoi-piantare-concombres","7":"cosa-puoi-piantare-patates-douces","8":"cosa-puoi-piantare-celeri","9":"cosa-puoi-piantare-fenouils","10":"cosa-puoi-piantare-poivrons","11":"cosa-puoi-piantare-brocolis","12":"cosa-puoi-piantare-salades","13":"cosa-puoi-piantare-tomates","14":"cosa-puoi-piantare-citrouille","15":"cosa-puoi-piantare-choux","16":"cosa-puoi-piantare-aubergines","17":"cosa-puoi-piantare-courgettes","18":"cosa-puoi-piantare-melon-fr","19":"cosa-puoi-piantare-ananas-fr","20":"cosa-puoi-piantare-pasteque","21":"cosa-puoi-piantare-fraises","22":"cosa-puoi-piantare-oignons","23":"cosa-puoi-piantare-pommes-de-terre","24":"cosa-puoi-piantare-autres-herbes","25":"cosa-puoi-piantare-lavande","26":"cosa-puoi-piantare-chanvre","27":"nr-file-1-fr","28":"nr-file-2-fr","29":"nr-file-3-fr","30":"nr-file-4-fr","31":"nr-file-5-fr","32":"nr-file-6-fr","33":"nr-file-6-rangs","34":"specifiche-tecniche-systeme-darrosage-electrique-localise-et-synchronise-unique-au-monde-en-option","35":"specifiche-tecniche-distributeur-de-1-a-8-godets-perforant","36":"specifiche-tecniche-distance-entre-les-plantes-min-25-cm-max-200-cm-10-79","37":"specifiche-tecniche-roues-de-tassement-en-caoutchouc-flex-o-41-cm-16","38":"specifiche-tecniche-distance-entre-les-rangs-min-30-cm-12","39":"specifiche-tecniche-compatible-avec-films-biodegradables","40":"specifiche-tecniche-parallelogramme-pour-un-profondeur-de-plantation-constant","41":"specifiche-tecniche-compatible-avec-seedproe","42":"tipo-di-terreno-terre-nue","43":"tipo-di-terreno-terre-paillee","44":"tipo-di-zolla-graine","45":"tipo-di-zolla-cilindrique","46":"tipo-di-zolla-conique","47":"tipo-di-zolla-cubique","48":"tipo-di-zolla-pyramidale","49":"tipologie-macchine-planteuse","50":"product_cat-planteuses","52":"first","53":"instock","54":"virtual","55":"product-type-simple","56":"entry","57":"content-bg","58":"loop-entry"},"acf":[],"yoast_head":"<!-- This site is optimized with the Yoast SEO plugin v27.2 - https:\/\/yoast.com\/product\/yoast-seo-wordpress\/ -->\n<title>Planteuses Wolf Pro Compact - Checchi &amp; Magli<\/title>\n<meta name=\"description\" content=\"Planteuse professionnelle WOLF PRO COMPACT : Double utilisation avec ou sans film de paillage. Distributeur de 1 \u00e0 8 godets perforateurs. Checchi&amp;Magli.\" \/>\n<meta name=\"robots\" content=\"index, follow, max-snippet:-1, max-image-preview:large, max-video-preview:-1\" \/>\n<link rel=\"canonical\" href=\"https:\/\/www.checchiemagli.com\/fr\/planteuse\/wolf-pro-compact\/\" \/>\n<meta property=\"og:locale\" content=\"fr_FR\" \/>\n<meta property=\"og:type\" content=\"article\" \/>\n<meta property=\"og:title\" content=\"Planteuses Wolf Pro Compact - Checchi &amp; Magli\" \/>\n<meta property=\"og:description\" content=\"Planteuse professionnelle WOLF PRO COMPACT : Double utilisation avec ou sans film de paillage. Distributeur de 1 \u00e0 8 godets perforateurs. Checchi&amp;Magli.\" \/>\n<meta property=\"og:url\" content=\"https:\/\/www.checchiemagli.com\/fr\/planteuse\/wolf-pro-compact\/\" \/>\n<meta property=\"og:site_name\" content=\"Checchi e Magli\" \/>\n<meta property=\"article:publisher\" content=\"https:\/\/www.facebook.com\/checchiemagli\/\" \/>\n<meta property=\"article:modified_time\" content=\"2025-06-27T10:43:52+00:00\" \/>\n<meta property=\"og:image\" content=\"https:\/\/www.checchiemagli.com\/wp-content\/uploads\/2025\/03\/WOLF-PRO-COMPACT-4_fronte.png\" \/>\n\t<meta property=\"og:image:width\" content=\"768\" \/>\n\t<meta property=\"og:image:height\" content=\"576\" \/>\n\t<meta property=\"og:image:type\" content=\"image\/png\" \/>\n<meta name=\"twitter:card\" content=\"summary_large_image\" \/>\n<meta name=\"twitter:site\" content=\"@checchiemagli\" \/>\n<meta name=\"twitter:label1\" content=\"Dur\u00e9e de lecture estim\u00e9e\" \/>\n\t<meta name=\"twitter:data1\" content=\"1 minute\" \/>\n<!-- \/ Yoast SEO plugin. -->","yoast_head_json":{"title":"Planteuses Wolf Pro Compact - Checchi & Magli","description":"Planteuse professionnelle WOLF PRO COMPACT : Double utilisation avec ou sans film de paillage. Distributeur de 1 \u00e0 8 godets perforateurs. Checchi&Magli.","robots":{"index":"index","follow":"follow","max-snippet":"max-snippet:-1","max-image-preview":"max-image-preview:large","max-video-preview":"max-video-preview:-1"},"canonical":"https:\/\/www.checchiemagli.com\/fr\/planteuse\/wolf-pro-compact\/","og_locale":"fr_FR","og_type":"article","og_title":"Planteuses Wolf Pro Compact - Checchi & Magli","og_description":"Planteuse professionnelle WOLF PRO COMPACT : Double utilisation avec ou sans film de paillage. Distributeur de 1 \u00e0 8 godets perforateurs. Checchi&Magli.","og_url":"https:\/\/www.checchiemagli.com\/fr\/planteuse\/wolf-pro-compact\/","og_site_name":"Checchi e Magli","article_publisher":"https:\/\/www.facebook.com\/checchiemagli\/","article_modified_time":"2025-06-27T10:43:52+00:00","og_image":[{"width":768,"height":576,"url":"https:\/\/www.checchiemagli.com\/wp-content\/uploads\/2025\/03\/WOLF-PRO-COMPACT-4_fronte.png","type":"image\/png"}],"twitter_card":"summary_large_image","twitter_site":"@checchiemagli","twitter_misc":{"Dur\u00e9e de lecture estim\u00e9e":"1 minute"},"schema":{"@context":"https:\/\/schema.org","@graph":[{"@type":"WebPage","@id":"https:\/\/www.checchiemagli.com\/fr\/planteuse\/wolf-pro-compact\/","url":"https:\/\/www.checchiemagli.com\/fr\/planteuse\/wolf-pro-compact\/","name":"Planteuses Wolf Pro Compact - Checchi & Magli","isPartOf":{"@id":"https:\/\/www.checchiemagli.com\/fr\/#website"},"primaryImageOfPage":{"@id":"https:\/\/www.checchiemagli.com\/fr\/planteuse\/wolf-pro-compact\/#primaryimage"},"image":{"@id":"https:\/\/www.checchiemagli.com\/fr\/planteuse\/wolf-pro-compact\/#primaryimage"},"thumbnailUrl":"https:\/\/www.checchiemagli.com\/wp-content\/uploads\/2025\/03\/WOLF-PRO-COMPACT-4_fronte.png","datePublished":"2025-03-04T11:36:39+00:00","dateModified":"2025-06-27T10:43:52+00:00","description":"Planteuse professionnelle WOLF PRO COMPACT : Double utilisation avec ou sans film de paillage. Distributeur de 1 \u00e0 8 godets perforateurs. Checchi&Magli.","breadcrumb":{"@id":"https:\/\/www.checchiemagli.com\/fr\/planteuse\/wolf-pro-compact\/#breadcrumb"},"inLanguage":"fr-FR","potentialAction":[{"@type":"ReadAction","target":["https:\/\/www.checchiemagli.com\/fr\/planteuse\/wolf-pro-compact\/"]}]},{"@type":"ImageObject","inLanguage":"fr-FR","@id":"https:\/\/www.checchiemagli.com\/fr\/planteuse\/wolf-pro-compact\/#primaryimage","url":"https:\/\/www.checchiemagli.com\/wp-content\/uploads\/2025\/03\/WOLF-PRO-COMPACT-4_fronte.png","contentUrl":"https:\/\/www.checchiemagli.com\/wp-content\/uploads\/2025\/03\/WOLF-PRO-COMPACT-4_fronte.png","width":768,"height":576},{"@type":"BreadcrumbList","@id":"https:\/\/www.checchiemagli.com\/fr\/planteuse\/wolf-pro-compact\/#breadcrumb","itemListElement":[{"@type":"ListItem","position":1,"name":"Home","item":"https:\/\/www.checchiemagli.com\/fr\/"},{"@type":"ListItem","position":2,"name":"Machinerie","item":"https:\/\/www.checchiemagli.com\/fr\/machinerie\/"},{"@type":"ListItem","position":3,"name":"Planteuses","item":"https:\/\/www.checchiemagli.com\/fr\/machinerie\/planteuses\/"},{"@type":"ListItem","position":4,"name":"Wolf Pro Compact"}]},{"@type":"WebSite","@id":"https:\/\/www.checchiemagli.com\/fr\/#website","url":"https:\/\/www.checchiemagli.com\/fr\/","name":"Checchi&Magli","description":"Produzione e Distribuzione di Macchine Agricole","publisher":{"@id":"https:\/\/www.checchiemagli.com\/fr\/#organization"},"potentialAction":[{"@type":"SearchAction","target":{"@type":"EntryPoint","urlTemplate":"https:\/\/www.checchiemagli.com\/fr\/?s={search_term_string}"},"query-input":{"@type":"PropertyValueSpecification","valueRequired":true,"valueName":"search_term_string"}}],"inLanguage":"fr-FR"},{"@type":"Organization","@id":"https:\/\/www.checchiemagli.com\/fr\/#organization","name":"Checchi&Magli","url":"https:\/\/www.checchiemagli.com\/fr\/","logo":{"@type":"ImageObject","inLanguage":"fr-FR","@id":"https:\/\/www.checchiemagli.com\/fr\/#\/schema\/logo\/image\/","url":"https:\/\/www.checchiemagli.com\/wp-content\/uploads\/2025\/03\/logo.png","contentUrl":"https:\/\/www.checchiemagli.com\/wp-content\/uploads\/2025\/03\/logo.png","width":633,"height":149,"caption":"Checchi&Magli"},"image":{"@id":"https:\/\/www.checchiemagli.com\/fr\/#\/schema\/logo\/image\/"},"sameAs":["https:\/\/www.facebook.com\/checchiemagli\/","https:\/\/x.com\/checchiemagli","https:\/\/www.youtube.com\/user\/checchiemagli","https:\/\/www.instagram.com\/checchiemagli\/","https:\/\/www.linkedin.com\/company\/checchiemagli\/"]}]}},"_links":{"self":[{"href":"https:\/\/www.checchiemagli.com\/fr\/wp-json\/wp\/v2\/product\/6798","targetHints":{"allow":["GET"]}}],"collection":[{"href":"https:\/\/www.checchiemagli.com\/fr\/wp-json\/wp\/v2\/product"}],"about":[{"href":"https:\/\/www.checchiemagli.com\/fr\/wp-json\/wp\/v2\/types\/product"}],"wp:featuredmedia":[{"embeddable":true,"href":"https:\/\/www.checchiemagli.com\/fr\/wp-json\/wp\/v2\/media\/5207"}],"wp:attachment":[{"href":"https:\/\/www.checchiemagli.com\/fr\/wp-json\/wp\/v2\/media?parent=6798"}],"wp:term":[{"taxonomy":"cosa-puoi-piantare","embeddable":true,"href":"https:\/\/www.checchiemagli.com\/fr\/wp-json\/wp\/v2\/cosa-puoi-piantare?post=6798"},{"taxonomy":"etichette","embeddable":true,"href":"https:\/\/www.checchiemagli.com\/fr\/wp-json\/wp\/v2\/etichette?post=6798"},{"taxonomy":"nr-file","embeddable":true,"href":"https:\/\/www.checchiemagli.com\/fr\/wp-json\/wp\/v2\/nr-file?post=6798"},{"taxonomy":"specifiche-tecniche","embeddable":true,"href":"https:\/\/www.checchiemagli.com\/fr\/wp-json\/wp\/v2\/specifiche-tecniche?post=6798"},{"taxonomy":"tipo-di-terreno","embeddable":true,"href":"https:\/\/www.checchiemagli.com\/fr\/wp-json\/wp\/v2\/tipo-di-terreno?post=6798"},{"taxonomy":"tipo-di-zolla","embeddable":true,"href":"https:\/\/www.checchiemagli.com\/fr\/wp-json\/wp\/v2\/tipo-di-zolla?post=6798"},{"taxonomy":"tipologie-macchine","embeddable":true,"href":"https:\/\/www.checchiemagli.com\/fr\/wp-json\/wp\/v2\/tipologie-macchine?post=6798"},{"taxonomy":"product_brand","embeddable":true,"href":"https:\/\/www.checchiemagli.com\/fr\/wp-json\/wp\/v2\/product_brand?post=6798"},{"taxonomy":"product_cat","embeddable":true,"href":"https:\/\/www.checchiemagli.com\/fr\/wp-json\/wp\/v2\/product_cat?post=6798"},{"taxonomy":"product_tag","embeddable":true,"href":"https:\/\/www.checchiemagli.com\/fr\/wp-json\/wp\/v2\/product_tag?post=6798"}],"curies":[{"name":"wp","href":"https:\/\/api.w.org\/{rel}","templated":true}]}}