{"id":6790,"date":"2025-04-11T09:31:58","date_gmt":"2025-04-11T07:31:58","guid":{"rendered":"https:\/\/www.checchiemagli.com\/prodotto\/s14-plus\/"},"modified":"2025-07-02T14:44:45","modified_gmt":"2025-07-02T12:44:45","slug":"s14-plus","status":"publish","type":"product","link":"https:\/\/www.checchiemagli.com\/fr\/derouleuses-pour-plates-bandes-deja-realise\/s14-plus\/","title":{"rendered":"S14 Plus"},"content":{"rendered":"<p><strong>Quand vos buttes sont d\u00e9j\u00e0 faites!<\/strong> Permet la pose du film de paillage (mat\u00e9riaux biod\u00e9gradables, plastique, papier, cellulose, etc.) avec une largeur allant jusqu\u2019\u00e0 140 cm\/55&#8243;. Elle assure \u00e9galement le buttage lat\u00e9ral du film, r\u00e9alis\u00e9 par des socs lat\u00e9raux. Mod\u00e8le \u00e9quip\u00e9 de roues avant en caoutchouc, sans rouleau avant en inox pour l\u2019aplanissement.<br \/>\nCombinable avec le butteuse AL.<\/p>\n","protected":false},"excerpt":{"rendered":"<p>Quand vos buttes sont d\u00e9j\u00e0 faites! Permet la pose du film de paillage (mat\u00e9riaux biod\u00e9gradables, plastique, papier, cellulose, etc.) avec une largeur allant jusqu\u2019\u00e0 140 cm\/55&#8243;. Elle assure \u00e9galement le buttage lat\u00e9ral du film, r\u00e9alis\u00e9 par des socs lat\u00e9raux. Mod\u00e8le \u00e9quip\u00e9 de roues avant en caoutchouc, sans rouleau avant en inox pour l\u2019aplanissement. Combinable avec&#8230;<\/p>\n","protected":false},"featured_media":5202,"template":"","meta":{"_acf_changed":false,"_gspb_post_css":"","_kad_post_transparent":"default","_kad_post_title":"","_kad_post_layout":"default","_kad_post_sidebar_id":"","_kad_post_content_style":"default","_kad_post_vertical_padding":"default","_kad_post_feature":"","_kad_post_feature_position":"","_kad_post_header":false,"_kad_post_footer":false,"_kad_post_classname":""},"cosa-puoi-piantare":[],"etichette":[],"nr-file":[],"specifiche-tecniche":[1890,1891,1892,1845],"tipo-di-terreno":[],"tipo-di-zolla":[],"tipologie-macchine":[1105],"product_brand":[],"product_cat":[1089],"product_tag":[],"class_list":{"0":"post-6790","1":"product","2":"type-product","3":"status-publish","4":"has-post-thumbnail","6":"specifiche-tecniche-combinable-avec-butteuse-al","7":"specifiche-tecniche-pour-films-jusqua-140-cm-55","8":"specifiche-tecniche-discs-de-buttage-arriere","9":"specifiche-tecniche-compatible-avec-films-biodegradables","10":"tipologie-macchine-derouleuses-pour-plates-bandes-deja-realise","11":"product_cat-derouleuses-et-butteuses","13":"first","14":"instock","15":"virtual","16":"product-type-simple","17":"entry","18":"content-bg","19":"loop-entry"},"acf":[],"yoast_head":"<!-- This site is optimized with the Yoast SEO plugin v27.2 - https:\/\/yoast.com\/product\/yoast-seo-wordpress\/ -->\n<title>D\u00e9rouleuses S14 Plus - Checchi &amp; Magli<\/title>\n<meta name=\"description\" content=\"D\u00e9rouleuses PS Plus S14 Plus : R\u00e9alise simultan\u00e9ment le buttage du sol, la pose du film de paillage et du goutte-\u00e0-goutte. Checchi&amp;Magli\" \/>\n<meta name=\"robots\" content=\"index, follow, max-snippet:-1, max-image-preview:large, max-video-preview:-1\" \/>\n<link rel=\"canonical\" href=\"https:\/\/www.checchiemagli.com\/fr\/derouleuses-pour-plates-bandes-deja-realise\/s14-plus\/\" \/>\n<meta property=\"og:locale\" content=\"fr_FR\" \/>\n<meta property=\"og:type\" content=\"article\" \/>\n<meta property=\"og:title\" content=\"D\u00e9rouleuses S14 Plus - Checchi &amp; Magli\" \/>\n<meta property=\"og:description\" content=\"D\u00e9rouleuses PS Plus S14 Plus : R\u00e9alise simultan\u00e9ment le buttage du sol, la pose du film de paillage et du goutte-\u00e0-goutte. Checchi&amp;Magli\" \/>\n<meta property=\"og:url\" content=\"https:\/\/www.checchiemagli.com\/fr\/derouleuses-pour-plates-bandes-deja-realise\/s14-plus\/\" \/>\n<meta property=\"og:site_name\" content=\"Checchi e Magli\" \/>\n<meta property=\"article:publisher\" content=\"https:\/\/www.facebook.com\/checchiemagli\/\" \/>\n<meta property=\"article:modified_time\" content=\"2025-07-02T12:44:45+00:00\" \/>\n<meta property=\"og:image\" content=\"https:\/\/www.checchiemagli.com\/wp-content\/uploads\/2025\/04\/S14-PLUS_ok.png\" \/>\n\t<meta property=\"og:image:width\" content=\"768\" \/>\n\t<meta property=\"og:image:height\" content=\"576\" \/>\n\t<meta property=\"og:image:type\" content=\"image\/png\" \/>\n<meta name=\"twitter:card\" content=\"summary_large_image\" \/>\n<meta name=\"twitter:site\" content=\"@checchiemagli\" \/>\n<meta name=\"twitter:label1\" content=\"Dur\u00e9e de lecture estim\u00e9e\" \/>\n\t<meta name=\"twitter:data1\" content=\"1 minute\" \/>\n<!-- \/ Yoast SEO plugin. -->","yoast_head_json":{"title":"D\u00e9rouleuses S14 Plus - Checchi & Magli","description":"D\u00e9rouleuses PS Plus S14 Plus : R\u00e9alise simultan\u00e9ment le buttage du sol, la pose du film de paillage et du goutte-\u00e0-goutte. Checchi&Magli","robots":{"index":"index","follow":"follow","max-snippet":"max-snippet:-1","max-image-preview":"max-image-preview:large","max-video-preview":"max-video-preview:-1"},"canonical":"https:\/\/www.checchiemagli.com\/fr\/derouleuses-pour-plates-bandes-deja-realise\/s14-plus\/","og_locale":"fr_FR","og_type":"article","og_title":"D\u00e9rouleuses S14 Plus - Checchi & Magli","og_description":"D\u00e9rouleuses PS Plus S14 Plus : R\u00e9alise simultan\u00e9ment le buttage du sol, la pose du film de paillage et du goutte-\u00e0-goutte. Checchi&Magli","og_url":"https:\/\/www.checchiemagli.com\/fr\/derouleuses-pour-plates-bandes-deja-realise\/s14-plus\/","og_site_name":"Checchi e Magli","article_publisher":"https:\/\/www.facebook.com\/checchiemagli\/","article_modified_time":"2025-07-02T12:44:45+00:00","og_image":[{"width":768,"height":576,"url":"https:\/\/www.checchiemagli.com\/wp-content\/uploads\/2025\/04\/S14-PLUS_ok.png","type":"image\/png"}],"twitter_card":"summary_large_image","twitter_site":"@checchiemagli","twitter_misc":{"Dur\u00e9e de lecture estim\u00e9e":"1 minute"},"schema":{"@context":"https:\/\/schema.org","@graph":[{"@type":"WebPage","@id":"https:\/\/www.checchiemagli.com\/fr\/derouleuses-pour-plates-bandes-deja-realise\/s14-plus\/","url":"https:\/\/www.checchiemagli.com\/fr\/derouleuses-pour-plates-bandes-deja-realise\/s14-plus\/","name":"D\u00e9rouleuses S14 Plus - Checchi & Magli","isPartOf":{"@id":"https:\/\/www.checchiemagli.com\/fr\/#website"},"primaryImageOfPage":{"@id":"https:\/\/www.checchiemagli.com\/fr\/derouleuses-pour-plates-bandes-deja-realise\/s14-plus\/#primaryimage"},"image":{"@id":"https:\/\/www.checchiemagli.com\/fr\/derouleuses-pour-plates-bandes-deja-realise\/s14-plus\/#primaryimage"},"thumbnailUrl":"https:\/\/www.checchiemagli.com\/wp-content\/uploads\/2025\/04\/S14-PLUS_ok.png","datePublished":"2025-04-11T07:31:58+00:00","dateModified":"2025-07-02T12:44:45+00:00","description":"D\u00e9rouleuses PS Plus S14 Plus : R\u00e9alise simultan\u00e9ment le buttage du sol, la pose du film de paillage et du goutte-\u00e0-goutte. Checchi&Magli","breadcrumb":{"@id":"https:\/\/www.checchiemagli.com\/fr\/derouleuses-pour-plates-bandes-deja-realise\/s14-plus\/#breadcrumb"},"inLanguage":"fr-FR","potentialAction":[{"@type":"ReadAction","target":["https:\/\/www.checchiemagli.com\/fr\/derouleuses-pour-plates-bandes-deja-realise\/s14-plus\/"]}]},{"@type":"ImageObject","inLanguage":"fr-FR","@id":"https:\/\/www.checchiemagli.com\/fr\/derouleuses-pour-plates-bandes-deja-realise\/s14-plus\/#primaryimage","url":"https:\/\/www.checchiemagli.com\/wp-content\/uploads\/2025\/04\/S14-PLUS_ok.png","contentUrl":"https:\/\/www.checchiemagli.com\/wp-content\/uploads\/2025\/04\/S14-PLUS_ok.png","width":768,"height":576},{"@type":"BreadcrumbList","@id":"https:\/\/www.checchiemagli.com\/fr\/derouleuses-pour-plates-bandes-deja-realise\/s14-plus\/#breadcrumb","itemListElement":[{"@type":"ListItem","position":1,"name":"Home","item":"https:\/\/www.checchiemagli.com\/fr\/"},{"@type":"ListItem","position":2,"name":"Machinerie","item":"https:\/\/www.checchiemagli.com\/fr\/machinerie\/"},{"@type":"ListItem","position":3,"name":"D\u00e9rouleuses et Butteuses","item":"https:\/\/www.checchiemagli.com\/fr\/machinerie\/derouleuses-et-butteuses\/"},{"@type":"ListItem","position":4,"name":"S14 Plus"}]},{"@type":"WebSite","@id":"https:\/\/www.checchiemagli.com\/fr\/#website","url":"https:\/\/www.checchiemagli.com\/fr\/","name":"Checchi&Magli","description":"Produzione e Distribuzione di Macchine Agricole","publisher":{"@id":"https:\/\/www.checchiemagli.com\/fr\/#organization"},"potentialAction":[{"@type":"SearchAction","target":{"@type":"EntryPoint","urlTemplate":"https:\/\/www.checchiemagli.com\/fr\/?s={search_term_string}"},"query-input":{"@type":"PropertyValueSpecification","valueRequired":true,"valueName":"search_term_string"}}],"inLanguage":"fr-FR"},{"@type":"Organization","@id":"https:\/\/www.checchiemagli.com\/fr\/#organization","name":"Checchi&Magli","url":"https:\/\/www.checchiemagli.com\/fr\/","logo":{"@type":"ImageObject","inLanguage":"fr-FR","@id":"https:\/\/www.checchiemagli.com\/fr\/#\/schema\/logo\/image\/","url":"https:\/\/www.checchiemagli.com\/wp-content\/uploads\/2025\/03\/logo.png","contentUrl":"https:\/\/www.checchiemagli.com\/wp-content\/uploads\/2025\/03\/logo.png","width":633,"height":149,"caption":"Checchi&Magli"},"image":{"@id":"https:\/\/www.checchiemagli.com\/fr\/#\/schema\/logo\/image\/"},"sameAs":["https:\/\/www.facebook.com\/checchiemagli\/","https:\/\/x.com\/checchiemagli","https:\/\/www.youtube.com\/user\/checchiemagli","https:\/\/www.instagram.com\/checchiemagli\/","https:\/\/www.linkedin.com\/company\/checchiemagli\/"]}]}},"_links":{"self":[{"href":"https:\/\/www.checchiemagli.com\/fr\/wp-json\/wp\/v2\/product\/6790","targetHints":{"allow":["GET"]}}],"collection":[{"href":"https:\/\/www.checchiemagli.com\/fr\/wp-json\/wp\/v2\/product"}],"about":[{"href":"https:\/\/www.checchiemagli.com\/fr\/wp-json\/wp\/v2\/types\/product"}],"wp:featuredmedia":[{"embeddable":true,"href":"https:\/\/www.checchiemagli.com\/fr\/wp-json\/wp\/v2\/media\/5202"}],"wp:attachment":[{"href":"https:\/\/www.checchiemagli.com\/fr\/wp-json\/wp\/v2\/media?parent=6790"}],"wp:term":[{"taxonomy":"cosa-puoi-piantare","embeddable":true,"href":"https:\/\/www.checchiemagli.com\/fr\/wp-json\/wp\/v2\/cosa-puoi-piantare?post=6790"},{"taxonomy":"etichette","embeddable":true,"href":"https:\/\/www.checchiemagli.com\/fr\/wp-json\/wp\/v2\/etichette?post=6790"},{"taxonomy":"nr-file","embeddable":true,"href":"https:\/\/www.checchiemagli.com\/fr\/wp-json\/wp\/v2\/nr-file?post=6790"},{"taxonomy":"specifiche-tecniche","embeddable":true,"href":"https:\/\/www.checchiemagli.com\/fr\/wp-json\/wp\/v2\/specifiche-tecniche?post=6790"},{"taxonomy":"tipo-di-terreno","embeddable":true,"href":"https:\/\/www.checchiemagli.com\/fr\/wp-json\/wp\/v2\/tipo-di-terreno?post=6790"},{"taxonomy":"tipo-di-zolla","embeddable":true,"href":"https:\/\/www.checchiemagli.com\/fr\/wp-json\/wp\/v2\/tipo-di-zolla?post=6790"},{"taxonomy":"tipologie-macchine","embeddable":true,"href":"https:\/\/www.checchiemagli.com\/fr\/wp-json\/wp\/v2\/tipologie-macchine?post=6790"},{"taxonomy":"product_brand","embeddable":true,"href":"https:\/\/www.checchiemagli.com\/fr\/wp-json\/wp\/v2\/product_brand?post=6790"},{"taxonomy":"product_cat","embeddable":true,"href":"https:\/\/www.checchiemagli.com\/fr\/wp-json\/wp\/v2\/product_cat?post=6790"},{"taxonomy":"product_tag","embeddable":true,"href":"https:\/\/www.checchiemagli.com\/fr\/wp-json\/wp\/v2\/product_tag?post=6790"}],"curies":[{"name":"wp","href":"https:\/\/api.w.org\/{rel}","templated":true}]}}