{"id":6786,"date":"2025-04-10T17:02:46","date_gmt":"2025-04-10T15:02:46","guid":{"rendered":"https:\/\/www.checchiemagli.com\/prodotto\/ps-3-tpix-plus\/"},"modified":"2025-10-28T14:32:51","modified_gmt":"2025-10-28T13:32:51","slug":"ps-3-tpix-plus","status":"publish","type":"product","link":"https:\/\/www.checchiemagli.com\/fr\/derouleuses\/ps-3-tpix-plus\/","title":{"rendered":"PS-3 TPIX Plus"},"content":{"rendered":"<p><strong>La productivit\u00e9 \u00e0 travers le toit!<\/strong> D\u00e9rouleuse de plastique triple avec ch\u00e2ssis pliable et configurable dans toutes les versions simples PS Plus, Inox Plus et Star Plus.<br \/>\nId\u00e9al pour ceux qui doivent d\u00e9rouler le paillage sur de grandes surfaces et qui ne veulent pas perdre du temps. Compatible avec les films biod\u00e9gradables.<\/p>\n","protected":false},"excerpt":{"rendered":"<p>La productivit\u00e9 \u00e0 travers le toit! D\u00e9rouleuse de plastique triple avec ch\u00e2ssis pliable et configurable dans toutes les versions simples PS Plus, Inox Plus et Star Plus. Id\u00e9al pour ceux qui doivent d\u00e9rouler le paillage sur de grandes surfaces et qui ne veulent pas perdre du temps. Compatible avec les films biod\u00e9gradables.<\/p>\n","protected":false},"featured_media":9912,"template":"","meta":{"_acf_changed":false,"_gspb_post_css":"","_kad_post_transparent":"default","_kad_post_title":"","_kad_post_layout":"default","_kad_post_sidebar_id":"","_kad_post_content_style":"default","_kad_post_vertical_padding":"default","_kad_post_feature":"","_kad_post_feature_position":"","_kad_post_header":false,"_kad_post_footer":false,"_kad_post_classname":""},"cosa-puoi-piantare":[],"etichette":[2425],"nr-file":[],"specifiche-tecniche":[1845,1889],"tipo-di-terreno":[],"tipo-di-zolla":[],"tipologie-macchine":[992],"product_brand":[],"product_cat":[1089],"product_tag":[],"class_list":{"0":"post-6786","1":"product","2":"type-product","3":"status-publish","4":"has-post-thumbnail","6":"etichette-top-seller","7":"specifiche-tecniche-compatible-avec-films-biodegradables","8":"specifiche-tecniche-disponible-avec-chassis-fixe","9":"tipologie-macchine-derouleuses","10":"product_cat-derouleuses-et-butteuses","12":"first","13":"instock","14":"virtual","15":"product-type-simple","16":"entry","17":"content-bg","18":"loop-entry"},"acf":[],"yoast_head":"<!-- This site is optimized with the Yoast SEO plugin v27.2 - https:\/\/yoast.com\/product\/yoast-seo-wordpress\/ -->\n<title>D\u00e9rouleuses PS-3 TPIX Plus - Checchi &amp; Magli<\/title>\n<meta name=\"description\" content=\"D\u00e9rouleuses PS-3 TPIX Plus : Paillageuse triple disponible avec ch\u00e2ssis fixe ou repliable, configurable en versions W Plus, Inox Plus et Star Plus.\" \/>\n<meta name=\"robots\" content=\"index, follow, max-snippet:-1, max-image-preview:large, max-video-preview:-1\" \/>\n<link rel=\"canonical\" href=\"https:\/\/www.checchiemagli.com\/fr\/derouleuses\/ps-3-tpix-plus\/\" \/>\n<meta property=\"og:locale\" content=\"fr_FR\" \/>\n<meta property=\"og:type\" content=\"article\" \/>\n<meta property=\"og:title\" content=\"D\u00e9rouleuses PS-3 TPIX Plus - Checchi &amp; Magli\" \/>\n<meta property=\"og:description\" content=\"D\u00e9rouleuses PS-3 TPIX Plus : Paillageuse triple disponible avec ch\u00e2ssis fixe ou repliable, configurable en versions W Plus, Inox Plus et Star Plus.\" \/>\n<meta property=\"og:url\" content=\"https:\/\/www.checchiemagli.com\/fr\/derouleuses\/ps-3-tpix-plus\/\" \/>\n<meta property=\"og:site_name\" content=\"Checchi e Magli\" \/>\n<meta property=\"article:publisher\" content=\"https:\/\/www.facebook.com\/checchiemagli\/\" \/>\n<meta property=\"article:modified_time\" content=\"2025-10-28T13:32:51+00:00\" \/>\n<meta property=\"og:image\" content=\"https:\/\/www.checchiemagli.com\/wp-content\/uploads\/2025\/04\/PS-TRIPLA-TPI.png\" \/>\n\t<meta property=\"og:image:width\" content=\"1000\" \/>\n\t<meta property=\"og:image:height\" content=\"1000\" \/>\n\t<meta property=\"og:image:type\" content=\"image\/png\" \/>\n<meta name=\"twitter:card\" content=\"summary_large_image\" \/>\n<meta name=\"twitter:site\" content=\"@checchiemagli\" \/>\n<meta name=\"twitter:label1\" content=\"Dur\u00e9e de lecture estim\u00e9e\" \/>\n\t<meta name=\"twitter:data1\" content=\"1 minute\" \/>\n<!-- \/ Yoast SEO plugin. -->","yoast_head_json":{"title":"D\u00e9rouleuses PS-3 TPIX Plus - Checchi & Magli","description":"D\u00e9rouleuses PS-3 TPIX Plus : Paillageuse triple disponible avec ch\u00e2ssis fixe ou repliable, configurable en versions W Plus, Inox Plus et Star Plus.","robots":{"index":"index","follow":"follow","max-snippet":"max-snippet:-1","max-image-preview":"max-image-preview:large","max-video-preview":"max-video-preview:-1"},"canonical":"https:\/\/www.checchiemagli.com\/fr\/derouleuses\/ps-3-tpix-plus\/","og_locale":"fr_FR","og_type":"article","og_title":"D\u00e9rouleuses PS-3 TPIX Plus - Checchi & Magli","og_description":"D\u00e9rouleuses PS-3 TPIX Plus : Paillageuse triple disponible avec ch\u00e2ssis fixe ou repliable, configurable en versions W Plus, Inox Plus et Star Plus.","og_url":"https:\/\/www.checchiemagli.com\/fr\/derouleuses\/ps-3-tpix-plus\/","og_site_name":"Checchi e Magli","article_publisher":"https:\/\/www.facebook.com\/checchiemagli\/","article_modified_time":"2025-10-28T13:32:51+00:00","og_image":[{"width":1000,"height":1000,"url":"https:\/\/www.checchiemagli.com\/wp-content\/uploads\/2025\/04\/PS-TRIPLA-TPI.png","type":"image\/png"}],"twitter_card":"summary_large_image","twitter_site":"@checchiemagli","twitter_misc":{"Dur\u00e9e de lecture estim\u00e9e":"1 minute"},"schema":{"@context":"https:\/\/schema.org","@graph":[{"@type":"WebPage","@id":"https:\/\/www.checchiemagli.com\/fr\/derouleuses\/ps-3-tpix-plus\/","url":"https:\/\/www.checchiemagli.com\/fr\/derouleuses\/ps-3-tpix-plus\/","name":"D\u00e9rouleuses PS-3 TPIX Plus - Checchi & Magli","isPartOf":{"@id":"https:\/\/www.checchiemagli.com\/fr\/#website"},"primaryImageOfPage":{"@id":"https:\/\/www.checchiemagli.com\/fr\/derouleuses\/ps-3-tpix-plus\/#primaryimage"},"image":{"@id":"https:\/\/www.checchiemagli.com\/fr\/derouleuses\/ps-3-tpix-plus\/#primaryimage"},"thumbnailUrl":"https:\/\/www.checchiemagli.com\/wp-content\/uploads\/2025\/04\/PS-TRIPLA-TPI.png","datePublished":"2025-04-10T15:02:46+00:00","dateModified":"2025-10-28T13:32:51+00:00","description":"D\u00e9rouleuses PS-3 TPIX Plus : Paillageuse triple disponible avec ch\u00e2ssis fixe ou repliable, configurable en versions W Plus, Inox Plus et Star Plus.","breadcrumb":{"@id":"https:\/\/www.checchiemagli.com\/fr\/derouleuses\/ps-3-tpix-plus\/#breadcrumb"},"inLanguage":"fr-FR","potentialAction":[{"@type":"ReadAction","target":["https:\/\/www.checchiemagli.com\/fr\/derouleuses\/ps-3-tpix-plus\/"]}]},{"@type":"ImageObject","inLanguage":"fr-FR","@id":"https:\/\/www.checchiemagli.com\/fr\/derouleuses\/ps-3-tpix-plus\/#primaryimage","url":"https:\/\/www.checchiemagli.com\/wp-content\/uploads\/2025\/04\/PS-TRIPLA-TPI.png","contentUrl":"https:\/\/www.checchiemagli.com\/wp-content\/uploads\/2025\/04\/PS-TRIPLA-TPI.png","width":1000,"height":1000},{"@type":"BreadcrumbList","@id":"https:\/\/www.checchiemagli.com\/fr\/derouleuses\/ps-3-tpix-plus\/#breadcrumb","itemListElement":[{"@type":"ListItem","position":1,"name":"Home","item":"https:\/\/www.checchiemagli.com\/fr\/"},{"@type":"ListItem","position":2,"name":"Machinerie","item":"https:\/\/www.checchiemagli.com\/fr\/machinerie\/"},{"@type":"ListItem","position":3,"name":"D\u00e9rouleuses et Butteuses","item":"https:\/\/www.checchiemagli.com\/fr\/machinerie\/derouleuses-et-butteuses\/"},{"@type":"ListItem","position":4,"name":"PS-3 TPIX Plus"}]},{"@type":"WebSite","@id":"https:\/\/www.checchiemagli.com\/fr\/#website","url":"https:\/\/www.checchiemagli.com\/fr\/","name":"Checchi&Magli","description":"Produzione e Distribuzione di Macchine Agricole","publisher":{"@id":"https:\/\/www.checchiemagli.com\/fr\/#organization"},"potentialAction":[{"@type":"SearchAction","target":{"@type":"EntryPoint","urlTemplate":"https:\/\/www.checchiemagli.com\/fr\/?s={search_term_string}"},"query-input":{"@type":"PropertyValueSpecification","valueRequired":true,"valueName":"search_term_string"}}],"inLanguage":"fr-FR"},{"@type":"Organization","@id":"https:\/\/www.checchiemagli.com\/fr\/#organization","name":"Checchi&Magli","url":"https:\/\/www.checchiemagli.com\/fr\/","logo":{"@type":"ImageObject","inLanguage":"fr-FR","@id":"https:\/\/www.checchiemagli.com\/fr\/#\/schema\/logo\/image\/","url":"https:\/\/www.checchiemagli.com\/wp-content\/uploads\/2025\/03\/logo.png","contentUrl":"https:\/\/www.checchiemagli.com\/wp-content\/uploads\/2025\/03\/logo.png","width":633,"height":149,"caption":"Checchi&Magli"},"image":{"@id":"https:\/\/www.checchiemagli.com\/fr\/#\/schema\/logo\/image\/"},"sameAs":["https:\/\/www.facebook.com\/checchiemagli\/","https:\/\/x.com\/checchiemagli","https:\/\/www.youtube.com\/user\/checchiemagli","https:\/\/www.instagram.com\/checchiemagli\/","https:\/\/www.linkedin.com\/company\/checchiemagli\/"]}]}},"_links":{"self":[{"href":"https:\/\/www.checchiemagli.com\/fr\/wp-json\/wp\/v2\/product\/6786","targetHints":{"allow":["GET"]}}],"collection":[{"href":"https:\/\/www.checchiemagli.com\/fr\/wp-json\/wp\/v2\/product"}],"about":[{"href":"https:\/\/www.checchiemagli.com\/fr\/wp-json\/wp\/v2\/types\/product"}],"wp:featuredmedia":[{"embeddable":true,"href":"https:\/\/www.checchiemagli.com\/fr\/wp-json\/wp\/v2\/media\/9912"}],"wp:attachment":[{"href":"https:\/\/www.checchiemagli.com\/fr\/wp-json\/wp\/v2\/media?parent=6786"}],"wp:term":[{"taxonomy":"cosa-puoi-piantare","embeddable":true,"href":"https:\/\/www.checchiemagli.com\/fr\/wp-json\/wp\/v2\/cosa-puoi-piantare?post=6786"},{"taxonomy":"etichette","embeddable":true,"href":"https:\/\/www.checchiemagli.com\/fr\/wp-json\/wp\/v2\/etichette?post=6786"},{"taxonomy":"nr-file","embeddable":true,"href":"https:\/\/www.checchiemagli.com\/fr\/wp-json\/wp\/v2\/nr-file?post=6786"},{"taxonomy":"specifiche-tecniche","embeddable":true,"href":"https:\/\/www.checchiemagli.com\/fr\/wp-json\/wp\/v2\/specifiche-tecniche?post=6786"},{"taxonomy":"tipo-di-terreno","embeddable":true,"href":"https:\/\/www.checchiemagli.com\/fr\/wp-json\/wp\/v2\/tipo-di-terreno?post=6786"},{"taxonomy":"tipo-di-zolla","embeddable":true,"href":"https:\/\/www.checchiemagli.com\/fr\/wp-json\/wp\/v2\/tipo-di-zolla?post=6786"},{"taxonomy":"tipologie-macchine","embeddable":true,"href":"https:\/\/www.checchiemagli.com\/fr\/wp-json\/wp\/v2\/tipologie-macchine?post=6786"},{"taxonomy":"product_brand","embeddable":true,"href":"https:\/\/www.checchiemagli.com\/fr\/wp-json\/wp\/v2\/product_brand?post=6786"},{"taxonomy":"product_cat","embeddable":true,"href":"https:\/\/www.checchiemagli.com\/fr\/wp-json\/wp\/v2\/product_cat?post=6786"},{"taxonomy":"product_tag","embeddable":true,"href":"https:\/\/www.checchiemagli.com\/fr\/wp-json\/wp\/v2\/product_tag?post=6786"}],"curies":[{"name":"wp","href":"https:\/\/api.w.org\/{rel}","templated":true}]}}