{"id":6774,"date":"2025-03-04T12:36:44","date_gmt":"2025-03-04T11:36:44","guid":{"rendered":"https:\/\/www.checchiemagli.com\/prodotto\/ps-star-plus\/"},"modified":"2026-04-08T11:57:32","modified_gmt":"2026-04-08T09:57:32","slug":"ps-star-plus","status":"publish","type":"product","link":"https:\/\/www.checchiemagli.com\/fr\/derouleuses-avec-formatuer-de-comble\/ps-star-plus\/","title":{"rendered":"PS Star Plus"},"content":{"rendered":"<p><strong>Triple fonction en un seul passage!<\/strong> D\u00e9rouleuse de plastique avec butteuse int\u00e9gr\u00e9e, elle permet de former la planche de culture, poser la gaine d\u2019irrigation et le film de paillage en une seule op\u00e9ration, en \u00e9conomisant du temps et de la main-d&#8217;\u0153uvre.. Id\u00e9al pour les plantations monorang comme le potiron, la courgette, le melon, la past\u00e8que. Avec des disques d&#8217;ouverture et de buttage. Compatible avec les film biod\u00e9gradables.<\/p>\n","protected":false},"excerpt":{"rendered":"<p>Triple fonction en un seul passage! D\u00e9rouleuse de plastique avec butteuse int\u00e9gr\u00e9e, elle permet de former la planche de culture, poser la gaine d\u2019irrigation et le film de paillage en une seule op\u00e9ration, en \u00e9conomisant du temps et de la main-d&#8217;\u0153uvre.. Id\u00e9al pour les plantations monorang comme le potiron, la courgette, le melon, la past\u00e8que&#8230;.<\/p>\n","protected":false},"featured_media":5153,"template":"","meta":{"_acf_changed":false,"_gspb_post_css":"","_kad_post_transparent":"default","_kad_post_title":"","_kad_post_layout":"default","_kad_post_sidebar_id":"","_kad_post_content_style":"default","_kad_post_vertical_padding":"default","_kad_post_feature":"","_kad_post_feature_position":"","_kad_post_header":false,"_kad_post_footer":false,"_kad_post_classname":""},"cosa-puoi-piantare":[547,563,579,551,567,583,539,555,571,587,543,559,575,591,531,519,523,499,483,487,471],"etichette":[],"nr-file":[442,443,441],"specifiche-tecniche":[1845,1848,1849,1850,1851,1887,1892],"tipo-di-terreno":[],"tipo-di-zolla":[],"tipologie-macchine":[1109],"product_brand":[],"product_cat":[1089],"product_tag":[],"class_list":{"0":"post-6774","1":"product","2":"type-product","3":"status-publish","4":"has-post-thumbnail","6":"cosa-puoi-piantare-concombres","7":"cosa-puoi-piantare-patates-douces","8":"cosa-puoi-piantare-celeri","9":"cosa-puoi-piantare-fenouils","10":"cosa-puoi-piantare-poivrons","11":"cosa-puoi-piantare-tabac","12":"cosa-puoi-piantare-brocolis","13":"cosa-puoi-piantare-salades","14":"cosa-puoi-piantare-tomates","15":"cosa-puoi-piantare-citrouille","16":"cosa-puoi-piantare-choux","17":"cosa-puoi-piantare-aubergines","18":"cosa-puoi-piantare-poireaux","19":"cosa-puoi-piantare-courgettes","20":"cosa-puoi-piantare-melon-fr","21":"cosa-puoi-piantare-ananas-fr","22":"cosa-puoi-piantare-pasteque","23":"cosa-puoi-piantare-oignons","24":"cosa-puoi-piantare-autres-herbes","25":"cosa-puoi-piantare-lavande","26":"cosa-puoi-piantare-chanvre","27":"nr-file-2-fr","28":"nr-file-3-fr","29":"nr-file-1-fr","30":"specifiche-tecniche-compatible-avec-films-biodegradables","31":"specifiche-tecniche-hauteur-plate-bande-min-10-cm-max-15-cm-4-6","32":"specifiche-tecniche-ps14-star-plus-pour-films-jusqua-140-cm-55","33":"specifiche-tecniche-ps19-star-plus-pour-films-jusqua-190-cm-75","34":"specifiche-tecniche-disques-douverture-et-de-buttage","35":"specifiche-tecniche-rouleau-en-inox-pour-profile-plate-bande-arrondie","36":"specifiche-tecniche-discs-de-buttage-arriere","37":"tipologie-macchine-derouleuses-avec-formatuer-de-comble","38":"product_cat-derouleuses-et-butteuses","40":"first","41":"instock","42":"virtual","43":"product-type-simple","44":"entry","45":"content-bg","46":"loop-entry"},"acf":[],"yoast_head":"<!-- This site is optimized with the Yoast SEO plugin v27.2 - https:\/\/yoast.com\/product\/yoast-seo-wordpress\/ -->\n<title>D\u00e9rouleuses PS Star Plus - Checchi &amp; Magli<\/title>\n<meta name=\"description\" content=\"D\u00e9rouleuses PS Star Plus : Paillageuse avec formateur de butte, pose du goutte-\u00e0-goutte et du film de paillage, m\u00eame bio. Checchi&amp;Magli\" \/>\n<meta name=\"robots\" content=\"index, follow, max-snippet:-1, max-image-preview:large, max-video-preview:-1\" \/>\n<link rel=\"canonical\" href=\"https:\/\/www.checchiemagli.com\/fr\/derouleuses-avec-formatuer-de-comble\/ps-star-plus\/\" \/>\n<meta property=\"og:locale\" content=\"fr_FR\" \/>\n<meta property=\"og:type\" content=\"article\" \/>\n<meta property=\"og:title\" content=\"D\u00e9rouleuses PS Star Plus - Checchi &amp; Magli\" \/>\n<meta property=\"og:description\" content=\"D\u00e9rouleuses PS Star Plus : Paillageuse avec formateur de butte, pose du goutte-\u00e0-goutte et du film de paillage, m\u00eame bio. Checchi&amp;Magli\" \/>\n<meta property=\"og:url\" content=\"https:\/\/www.checchiemagli.com\/fr\/derouleuses-avec-formatuer-de-comble\/ps-star-plus\/\" \/>\n<meta property=\"og:site_name\" content=\"Checchi e Magli\" \/>\n<meta property=\"article:publisher\" content=\"https:\/\/www.facebook.com\/checchiemagli\/\" \/>\n<meta property=\"article:modified_time\" content=\"2026-04-08T09:57:32+00:00\" \/>\n<meta property=\"og:image\" content=\"https:\/\/www.checchiemagli.com\/wp-content\/uploads\/2025\/04\/PLASTIC-STOP-STAR-PLUS.png\" \/>\n\t<meta property=\"og:image:width\" content=\"768\" \/>\n\t<meta property=\"og:image:height\" content=\"576\" \/>\n\t<meta property=\"og:image:type\" content=\"image\/png\" \/>\n<meta name=\"twitter:card\" content=\"summary_large_image\" \/>\n<meta name=\"twitter:site\" content=\"@checchiemagli\" \/>\n<meta name=\"twitter:label1\" content=\"Dur\u00e9e de lecture estim\u00e9e\" \/>\n\t<meta name=\"twitter:data1\" content=\"1 minute\" \/>\n<!-- \/ Yoast SEO plugin. -->","yoast_head_json":{"title":"D\u00e9rouleuses PS Star Plus - Checchi & Magli","description":"D\u00e9rouleuses PS Star Plus : Paillageuse avec formateur de butte, pose du goutte-\u00e0-goutte et du film de paillage, m\u00eame bio. Checchi&Magli","robots":{"index":"index","follow":"follow","max-snippet":"max-snippet:-1","max-image-preview":"max-image-preview:large","max-video-preview":"max-video-preview:-1"},"canonical":"https:\/\/www.checchiemagli.com\/fr\/derouleuses-avec-formatuer-de-comble\/ps-star-plus\/","og_locale":"fr_FR","og_type":"article","og_title":"D\u00e9rouleuses PS Star Plus - Checchi & Magli","og_description":"D\u00e9rouleuses PS Star Plus : Paillageuse avec formateur de butte, pose du goutte-\u00e0-goutte et du film de paillage, m\u00eame bio. Checchi&Magli","og_url":"https:\/\/www.checchiemagli.com\/fr\/derouleuses-avec-formatuer-de-comble\/ps-star-plus\/","og_site_name":"Checchi e Magli","article_publisher":"https:\/\/www.facebook.com\/checchiemagli\/","article_modified_time":"2026-04-08T09:57:32+00:00","og_image":[{"width":768,"height":576,"url":"https:\/\/www.checchiemagli.com\/wp-content\/uploads\/2025\/04\/PLASTIC-STOP-STAR-PLUS.png","type":"image\/png"}],"twitter_card":"summary_large_image","twitter_site":"@checchiemagli","twitter_misc":{"Dur\u00e9e de lecture estim\u00e9e":"1 minute"},"schema":{"@context":"https:\/\/schema.org","@graph":[{"@type":"WebPage","@id":"https:\/\/www.checchiemagli.com\/fr\/derouleuses-avec-formatuer-de-comble\/ps-star-plus\/","url":"https:\/\/www.checchiemagli.com\/fr\/derouleuses-avec-formatuer-de-comble\/ps-star-plus\/","name":"D\u00e9rouleuses PS Star Plus - Checchi & Magli","isPartOf":{"@id":"https:\/\/www.checchiemagli.com\/fr\/#website"},"primaryImageOfPage":{"@id":"https:\/\/www.checchiemagli.com\/fr\/derouleuses-avec-formatuer-de-comble\/ps-star-plus\/#primaryimage"},"image":{"@id":"https:\/\/www.checchiemagli.com\/fr\/derouleuses-avec-formatuer-de-comble\/ps-star-plus\/#primaryimage"},"thumbnailUrl":"https:\/\/www.checchiemagli.com\/wp-content\/uploads\/2025\/04\/PLASTIC-STOP-STAR-PLUS.png","datePublished":"2025-03-04T11:36:44+00:00","dateModified":"2026-04-08T09:57:32+00:00","description":"D\u00e9rouleuses PS Star Plus : Paillageuse avec formateur de butte, pose du goutte-\u00e0-goutte et du film de paillage, m\u00eame bio. Checchi&Magli","breadcrumb":{"@id":"https:\/\/www.checchiemagli.com\/fr\/derouleuses-avec-formatuer-de-comble\/ps-star-plus\/#breadcrumb"},"inLanguage":"fr-FR","potentialAction":[{"@type":"ReadAction","target":["https:\/\/www.checchiemagli.com\/fr\/derouleuses-avec-formatuer-de-comble\/ps-star-plus\/"]}]},{"@type":"ImageObject","inLanguage":"fr-FR","@id":"https:\/\/www.checchiemagli.com\/fr\/derouleuses-avec-formatuer-de-comble\/ps-star-plus\/#primaryimage","url":"https:\/\/www.checchiemagli.com\/wp-content\/uploads\/2025\/04\/PLASTIC-STOP-STAR-PLUS.png","contentUrl":"https:\/\/www.checchiemagli.com\/wp-content\/uploads\/2025\/04\/PLASTIC-STOP-STAR-PLUS.png","width":768,"height":576},{"@type":"BreadcrumbList","@id":"https:\/\/www.checchiemagli.com\/fr\/derouleuses-avec-formatuer-de-comble\/ps-star-plus\/#breadcrumb","itemListElement":[{"@type":"ListItem","position":1,"name":"Home","item":"https:\/\/www.checchiemagli.com\/fr\/"},{"@type":"ListItem","position":2,"name":"Machinerie","item":"https:\/\/www.checchiemagli.com\/fr\/machinerie\/"},{"@type":"ListItem","position":3,"name":"D\u00e9rouleuses et Butteuses","item":"https:\/\/www.checchiemagli.com\/fr\/machinerie\/derouleuses-et-butteuses\/"},{"@type":"ListItem","position":4,"name":"PS Star Plus"}]},{"@type":"WebSite","@id":"https:\/\/www.checchiemagli.com\/fr\/#website","url":"https:\/\/www.checchiemagli.com\/fr\/","name":"Checchi&Magli","description":"Produzione e Distribuzione di Macchine Agricole","publisher":{"@id":"https:\/\/www.checchiemagli.com\/fr\/#organization"},"potentialAction":[{"@type":"SearchAction","target":{"@type":"EntryPoint","urlTemplate":"https:\/\/www.checchiemagli.com\/fr\/?s={search_term_string}"},"query-input":{"@type":"PropertyValueSpecification","valueRequired":true,"valueName":"search_term_string"}}],"inLanguage":"fr-FR"},{"@type":"Organization","@id":"https:\/\/www.checchiemagli.com\/fr\/#organization","name":"Checchi&Magli","url":"https:\/\/www.checchiemagli.com\/fr\/","logo":{"@type":"ImageObject","inLanguage":"fr-FR","@id":"https:\/\/www.checchiemagli.com\/fr\/#\/schema\/logo\/image\/","url":"https:\/\/www.checchiemagli.com\/wp-content\/uploads\/2025\/03\/logo.png","contentUrl":"https:\/\/www.checchiemagli.com\/wp-content\/uploads\/2025\/03\/logo.png","width":633,"height":149,"caption":"Checchi&Magli"},"image":{"@id":"https:\/\/www.checchiemagli.com\/fr\/#\/schema\/logo\/image\/"},"sameAs":["https:\/\/www.facebook.com\/checchiemagli\/","https:\/\/x.com\/checchiemagli","https:\/\/www.youtube.com\/user\/checchiemagli","https:\/\/www.instagram.com\/checchiemagli\/","https:\/\/www.linkedin.com\/company\/checchiemagli\/"]}]}},"_links":{"self":[{"href":"https:\/\/www.checchiemagli.com\/fr\/wp-json\/wp\/v2\/product\/6774","targetHints":{"allow":["GET"]}}],"collection":[{"href":"https:\/\/www.checchiemagli.com\/fr\/wp-json\/wp\/v2\/product"}],"about":[{"href":"https:\/\/www.checchiemagli.com\/fr\/wp-json\/wp\/v2\/types\/product"}],"wp:featuredmedia":[{"embeddable":true,"href":"https:\/\/www.checchiemagli.com\/fr\/wp-json\/wp\/v2\/media\/5153"}],"wp:attachment":[{"href":"https:\/\/www.checchiemagli.com\/fr\/wp-json\/wp\/v2\/media?parent=6774"}],"wp:term":[{"taxonomy":"cosa-puoi-piantare","embeddable":true,"href":"https:\/\/www.checchiemagli.com\/fr\/wp-json\/wp\/v2\/cosa-puoi-piantare?post=6774"},{"taxonomy":"etichette","embeddable":true,"href":"https:\/\/www.checchiemagli.com\/fr\/wp-json\/wp\/v2\/etichette?post=6774"},{"taxonomy":"nr-file","embeddable":true,"href":"https:\/\/www.checchiemagli.com\/fr\/wp-json\/wp\/v2\/nr-file?post=6774"},{"taxonomy":"specifiche-tecniche","embeddable":true,"href":"https:\/\/www.checchiemagli.com\/fr\/wp-json\/wp\/v2\/specifiche-tecniche?post=6774"},{"taxonomy":"tipo-di-terreno","embeddable":true,"href":"https:\/\/www.checchiemagli.com\/fr\/wp-json\/wp\/v2\/tipo-di-terreno?post=6774"},{"taxonomy":"tipo-di-zolla","embeddable":true,"href":"https:\/\/www.checchiemagli.com\/fr\/wp-json\/wp\/v2\/tipo-di-zolla?post=6774"},{"taxonomy":"tipologie-macchine","embeddable":true,"href":"https:\/\/www.checchiemagli.com\/fr\/wp-json\/wp\/v2\/tipologie-macchine?post=6774"},{"taxonomy":"product_brand","embeddable":true,"href":"https:\/\/www.checchiemagli.com\/fr\/wp-json\/wp\/v2\/product_brand?post=6774"},{"taxonomy":"product_cat","embeddable":true,"href":"https:\/\/www.checchiemagli.com\/fr\/wp-json\/wp\/v2\/product_cat?post=6774"},{"taxonomy":"product_tag","embeddable":true,"href":"https:\/\/www.checchiemagli.com\/fr\/wp-json\/wp\/v2\/product_tag?post=6774"}],"curies":[{"name":"wp","href":"https:\/\/api.w.org\/{rel}","templated":true}]}}