{"id":6770,"date":"2025-03-04T12:36:44","date_gmt":"2025-03-04T11:36:44","guid":{"rendered":"https:\/\/www.checchiemagli.com\/prodotto\/sp150-sp160\/"},"modified":"2025-06-28T00:11:46","modified_gmt":"2025-06-27T22:11:46","slug":"sp150-sp160","status":"publish","type":"product","link":"https:\/\/www.checchiemagli.com\/fr\/machine-a-pommes-de-terre\/sp150-sp160\/","title":{"rendered":"SP150-SP160"},"content":{"rendered":"<p><strong>Deux rangs en un seul passage!<\/strong> Arracheuse de pommes de terre \u00e0 bande \u00e0 deux rang\u00e9es, largeur de machine 150 cm\/59&#8243; ou 160 cm\/63&#8243;.<br \/>\nSP150 id\u00e9al pour un inter-rangs compris entre 70 cm et 80 cm (27&#8243;-32&#8243;).<br \/>\nSP160 id\u00e9al pour un inter-rangs compris entre 75 cm et 85 cm (30&#8243;-34&#8243;).<br \/>\nProduction approximative jusqu&#8217;\u00e0 4 ha (10 ac)\/jour.<\/p>\n","protected":false},"excerpt":{"rendered":"<p>Deux rangs en un seul passage! Arracheuse de pommes de terre \u00e0 bande \u00e0 deux rang\u00e9es, largeur de machine 150 cm\/59&#8243; ou 160 cm\/63&#8243;. SP150 id\u00e9al pour un inter-rangs compris entre 70 cm et 80 cm (27&#8243;-32&#8243;). SP160 id\u00e9al pour un inter-rangs compris entre 75 cm et 85 cm (30&#8243;-34&#8243;). Production approximative jusqu&#8217;\u00e0 4 ha&#8230;<\/p>\n","protected":false},"featured_media":3420,"template":"","meta":{"_acf_changed":false,"_gspb_post_css":"","_kad_post_transparent":"default","_kad_post_title":"","_kad_post_layout":"default","_kad_post_sidebar_id":"","_kad_post_content_style":"default","_kad_post_vertical_padding":"default","_kad_post_feature":"","_kad_post_feature_position":"","_kad_post_header":false,"_kad_post_footer":false,"_kad_post_classname":""},"cosa-puoi-piantare":[499,503,495],"etichette":[],"nr-file":[442],"specifiche-tecniche":[1870,1871,1872,1873,1874],"tipo-di-terreno":[427],"tipo-di-zolla":[],"tipologie-macchine":[1131],"product_brand":[],"product_cat":[1094],"product_tag":[],"class_list":{"0":"post-6770","1":"product","2":"type-product","3":"status-publish","4":"has-post-thumbnail","6":"cosa-puoi-piantare-oignons","7":"cosa-puoi-piantare-pommes-de-terre","8":"cosa-puoi-piantare-ail","9":"nr-file-2-fr","10":"specifiche-tecniche-disques-de-coupe-lateraux-o-60-cm-24","11":"specifiche-tecniche-soc-a-9-lames-sur-toute-la-largeur-et-inclinaison-variable","12":"specifiche-tecniche-tamis-de-nettoyage-du-produit-avec-agitateur-a-intensite-reglable","13":"specifiche-tecniche-roues-dappui-arriere","14":"specifiche-tecniche-queues-arriere-pour-alignement-du-produit-et-faciliter-la-recolte","15":"tipo-di-terreno-terre-nue","16":"tipologie-macchine-arracheuse-de-pomme-de-terre","17":"product_cat-pommes-de-terre-et-oignons","19":"first","20":"instock","21":"virtual","22":"product-type-simple","23":"entry","24":"content-bg","25":"loop-entry"},"acf":[],"yoast_head":"<!-- This site is optimized with the Yoast SEO plugin v27.2 - https:\/\/yoast.com\/product\/yoast-seo-wordpress\/ -->\n<title>Arracheuse de pommes de terre SP150-SP160 - Checchi &amp; Magli<\/title>\n<meta name=\"description\" content=\"Arracheuse de pommes de terre SP150-SP160 : Con\u00e7ue pour r\u00e9colter pommes de terre, ail, oignons, tubercules et bulbes en g\u00e9n\u00e9ral. Pour tous types de terrains.\" \/>\n<meta name=\"robots\" content=\"index, follow, max-snippet:-1, max-image-preview:large, max-video-preview:-1\" \/>\n<link rel=\"canonical\" href=\"https:\/\/www.checchiemagli.com\/fr\/machine-a-pommes-de-terre\/sp150-sp160\/\" \/>\n<meta property=\"og:locale\" content=\"fr_FR\" \/>\n<meta property=\"og:type\" content=\"article\" \/>\n<meta property=\"og:title\" content=\"Arracheuse de pommes de terre SP150-SP160 - Checchi &amp; Magli\" \/>\n<meta property=\"og:description\" content=\"Arracheuse de pommes de terre SP150-SP160 : Con\u00e7ue pour r\u00e9colter pommes de terre, ail, oignons, tubercules et bulbes en g\u00e9n\u00e9ral. Pour tous types de terrains.\" \/>\n<meta property=\"og:url\" content=\"https:\/\/www.checchiemagli.com\/fr\/machine-a-pommes-de-terre\/sp150-sp160\/\" \/>\n<meta property=\"og:site_name\" content=\"Checchi e Magli\" \/>\n<meta property=\"article:publisher\" content=\"https:\/\/www.facebook.com\/checchiemagli\/\" \/>\n<meta property=\"article:modified_time\" content=\"2025-06-27T22:11:46+00:00\" \/>\n<meta property=\"og:image\" content=\"https:\/\/www.checchiemagli.com\/wp-content\/uploads\/2025\/03\/SCAVAPATATE-SP160-2-FILE-2-1.png\" \/>\n\t<meta property=\"og:image:width\" content=\"768\" \/>\n\t<meta property=\"og:image:height\" content=\"576\" \/>\n\t<meta property=\"og:image:type\" content=\"image\/png\" \/>\n<meta name=\"twitter:card\" content=\"summary_large_image\" \/>\n<meta name=\"twitter:site\" content=\"@checchiemagli\" \/>\n<meta name=\"twitter:label1\" content=\"Dur\u00e9e de lecture estim\u00e9e\" \/>\n\t<meta name=\"twitter:data1\" content=\"1 minute\" \/>\n<!-- \/ Yoast SEO plugin. -->","yoast_head_json":{"title":"Arracheuse de pommes de terre SP150-SP160 - Checchi & Magli","description":"Arracheuse de pommes de terre SP150-SP160 : Con\u00e7ue pour r\u00e9colter pommes de terre, ail, oignons, tubercules et bulbes en g\u00e9n\u00e9ral. Pour tous types de terrains.","robots":{"index":"index","follow":"follow","max-snippet":"max-snippet:-1","max-image-preview":"max-image-preview:large","max-video-preview":"max-video-preview:-1"},"canonical":"https:\/\/www.checchiemagli.com\/fr\/machine-a-pommes-de-terre\/sp150-sp160\/","og_locale":"fr_FR","og_type":"article","og_title":"Arracheuse de pommes de terre SP150-SP160 - Checchi & Magli","og_description":"Arracheuse de pommes de terre SP150-SP160 : Con\u00e7ue pour r\u00e9colter pommes de terre, ail, oignons, tubercules et bulbes en g\u00e9n\u00e9ral. Pour tous types de terrains.","og_url":"https:\/\/www.checchiemagli.com\/fr\/machine-a-pommes-de-terre\/sp150-sp160\/","og_site_name":"Checchi e Magli","article_publisher":"https:\/\/www.facebook.com\/checchiemagli\/","article_modified_time":"2025-06-27T22:11:46+00:00","og_image":[{"width":768,"height":576,"url":"https:\/\/www.checchiemagli.com\/wp-content\/uploads\/2025\/03\/SCAVAPATATE-SP160-2-FILE-2-1.png","type":"image\/png"}],"twitter_card":"summary_large_image","twitter_site":"@checchiemagli","twitter_misc":{"Dur\u00e9e de lecture estim\u00e9e":"1 minute"},"schema":{"@context":"https:\/\/schema.org","@graph":[{"@type":"WebPage","@id":"https:\/\/www.checchiemagli.com\/fr\/machine-a-pommes-de-terre\/sp150-sp160\/","url":"https:\/\/www.checchiemagli.com\/fr\/machine-a-pommes-de-terre\/sp150-sp160\/","name":"Arracheuse de pommes de terre SP150-SP160 - Checchi & Magli","isPartOf":{"@id":"https:\/\/www.checchiemagli.com\/fr\/#website"},"primaryImageOfPage":{"@id":"https:\/\/www.checchiemagli.com\/fr\/machine-a-pommes-de-terre\/sp150-sp160\/#primaryimage"},"image":{"@id":"https:\/\/www.checchiemagli.com\/fr\/machine-a-pommes-de-terre\/sp150-sp160\/#primaryimage"},"thumbnailUrl":"https:\/\/www.checchiemagli.com\/wp-content\/uploads\/2025\/03\/SCAVAPATATE-SP160-2-FILE-2-1.png","datePublished":"2025-03-04T11:36:44+00:00","dateModified":"2025-06-27T22:11:46+00:00","description":"Arracheuse de pommes de terre SP150-SP160 : Con\u00e7ue pour r\u00e9colter pommes de terre, ail, oignons, tubercules et bulbes en g\u00e9n\u00e9ral. Pour tous types de terrains.","breadcrumb":{"@id":"https:\/\/www.checchiemagli.com\/fr\/machine-a-pommes-de-terre\/sp150-sp160\/#breadcrumb"},"inLanguage":"fr-FR","potentialAction":[{"@type":"ReadAction","target":["https:\/\/www.checchiemagli.com\/fr\/machine-a-pommes-de-terre\/sp150-sp160\/"]}]},{"@type":"ImageObject","inLanguage":"fr-FR","@id":"https:\/\/www.checchiemagli.com\/fr\/machine-a-pommes-de-terre\/sp150-sp160\/#primaryimage","url":"https:\/\/www.checchiemagli.com\/wp-content\/uploads\/2025\/03\/SCAVAPATATE-SP160-2-FILE-2-1.png","contentUrl":"https:\/\/www.checchiemagli.com\/wp-content\/uploads\/2025\/03\/SCAVAPATATE-SP160-2-FILE-2-1.png","width":768,"height":576},{"@type":"BreadcrumbList","@id":"https:\/\/www.checchiemagli.com\/fr\/machine-a-pommes-de-terre\/sp150-sp160\/#breadcrumb","itemListElement":[{"@type":"ListItem","position":1,"name":"Home","item":"https:\/\/www.checchiemagli.com\/fr\/"},{"@type":"ListItem","position":2,"name":"Machinerie","item":"https:\/\/www.checchiemagli.com\/fr\/machinerie\/"},{"@type":"ListItem","position":3,"name":"Pommes de terre et Oignons","item":"https:\/\/www.checchiemagli.com\/fr\/machinerie\/pommes-de-terre-et-oignons\/"},{"@type":"ListItem","position":4,"name":"SP150-SP160"}]},{"@type":"WebSite","@id":"https:\/\/www.checchiemagli.com\/fr\/#website","url":"https:\/\/www.checchiemagli.com\/fr\/","name":"Checchi&Magli","description":"Produzione e Distribuzione di Macchine Agricole","publisher":{"@id":"https:\/\/www.checchiemagli.com\/fr\/#organization"},"potentialAction":[{"@type":"SearchAction","target":{"@type":"EntryPoint","urlTemplate":"https:\/\/www.checchiemagli.com\/fr\/?s={search_term_string}"},"query-input":{"@type":"PropertyValueSpecification","valueRequired":true,"valueName":"search_term_string"}}],"inLanguage":"fr-FR"},{"@type":"Organization","@id":"https:\/\/www.checchiemagli.com\/fr\/#organization","name":"Checchi&Magli","url":"https:\/\/www.checchiemagli.com\/fr\/","logo":{"@type":"ImageObject","inLanguage":"fr-FR","@id":"https:\/\/www.checchiemagli.com\/fr\/#\/schema\/logo\/image\/","url":"https:\/\/www.checchiemagli.com\/wp-content\/uploads\/2025\/03\/logo.png","contentUrl":"https:\/\/www.checchiemagli.com\/wp-content\/uploads\/2025\/03\/logo.png","width":633,"height":149,"caption":"Checchi&Magli"},"image":{"@id":"https:\/\/www.checchiemagli.com\/fr\/#\/schema\/logo\/image\/"},"sameAs":["https:\/\/www.facebook.com\/checchiemagli\/","https:\/\/x.com\/checchiemagli","https:\/\/www.youtube.com\/user\/checchiemagli","https:\/\/www.instagram.com\/checchiemagli\/","https:\/\/www.linkedin.com\/company\/checchiemagli\/"]}]}},"_links":{"self":[{"href":"https:\/\/www.checchiemagli.com\/fr\/wp-json\/wp\/v2\/product\/6770","targetHints":{"allow":["GET"]}}],"collection":[{"href":"https:\/\/www.checchiemagli.com\/fr\/wp-json\/wp\/v2\/product"}],"about":[{"href":"https:\/\/www.checchiemagli.com\/fr\/wp-json\/wp\/v2\/types\/product"}],"wp:featuredmedia":[{"embeddable":true,"href":"https:\/\/www.checchiemagli.com\/fr\/wp-json\/wp\/v2\/media\/3420"}],"wp:attachment":[{"href":"https:\/\/www.checchiemagli.com\/fr\/wp-json\/wp\/v2\/media?parent=6770"}],"wp:term":[{"taxonomy":"cosa-puoi-piantare","embeddable":true,"href":"https:\/\/www.checchiemagli.com\/fr\/wp-json\/wp\/v2\/cosa-puoi-piantare?post=6770"},{"taxonomy":"etichette","embeddable":true,"href":"https:\/\/www.checchiemagli.com\/fr\/wp-json\/wp\/v2\/etichette?post=6770"},{"taxonomy":"nr-file","embeddable":true,"href":"https:\/\/www.checchiemagli.com\/fr\/wp-json\/wp\/v2\/nr-file?post=6770"},{"taxonomy":"specifiche-tecniche","embeddable":true,"href":"https:\/\/www.checchiemagli.com\/fr\/wp-json\/wp\/v2\/specifiche-tecniche?post=6770"},{"taxonomy":"tipo-di-terreno","embeddable":true,"href":"https:\/\/www.checchiemagli.com\/fr\/wp-json\/wp\/v2\/tipo-di-terreno?post=6770"},{"taxonomy":"tipo-di-zolla","embeddable":true,"href":"https:\/\/www.checchiemagli.com\/fr\/wp-json\/wp\/v2\/tipo-di-zolla?post=6770"},{"taxonomy":"tipologie-macchine","embeddable":true,"href":"https:\/\/www.checchiemagli.com\/fr\/wp-json\/wp\/v2\/tipologie-macchine?post=6770"},{"taxonomy":"product_brand","embeddable":true,"href":"https:\/\/www.checchiemagli.com\/fr\/wp-json\/wp\/v2\/product_brand?post=6770"},{"taxonomy":"product_cat","embeddable":true,"href":"https:\/\/www.checchiemagli.com\/fr\/wp-json\/wp\/v2\/product_cat?post=6770"},{"taxonomy":"product_tag","embeddable":true,"href":"https:\/\/www.checchiemagli.com\/fr\/wp-json\/wp\/v2\/product_tag?post=6770"}],"curies":[{"name":"wp","href":"https:\/\/api.w.org\/{rel}","templated":true}]}}