{"id":6761,"date":"2025-03-04T12:36:44","date_gmt":"2025-03-04T11:36:44","guid":{"rendered":"https:\/\/www.checchiemagli.com\/prodotto\/sp50v\/"},"modified":"2025-10-29T09:48:32","modified_gmt":"2025-10-29T08:48:32","slug":"sp50v","status":"publish","type":"product","link":"https:\/\/www.checchiemagli.com\/fr\/machine-a-pommes-de-terre\/sp50v\/","title":{"rendered":"SP50V"},"content":{"rendered":"<p><strong>Petit et pratique, incontournable!<\/strong> Arracheuse de pommes de terre \u00e0 une rang\u00e9e avec soc vibrant et \u00e9jection arri\u00e8re, particuli\u00e8rement adapt\u00e9e aux sols meubles et aux pommes de terre nouvelles. Disponible avec attelage central 3 points<br \/>\nou d\u00e9centralis\u00e9. Production approximative jusqu&#8217;\u00e0 1,2 ha (3 acres)\/jour.<\/p>\n","protected":false},"excerpt":{"rendered":"<p>Petit et pratique, incontournable! Arracheuse de pommes de terre \u00e0 une rang\u00e9e avec soc vibrant et \u00e9jection arri\u00e8re, particuli\u00e8rement adapt\u00e9e aux sols meubles et aux pommes de terre nouvelles. Disponible avec attelage central 3 points ou d\u00e9centralis\u00e9. Production approximative jusqu&#8217;\u00e0 1,2 ha (3 acres)\/jour.<\/p>\n","protected":false},"featured_media":3380,"template":"","meta":{"_acf_changed":false,"_gspb_post_css":"","_kad_post_transparent":"default","_kad_post_title":"","_kad_post_layout":"default","_kad_post_sidebar_id":"","_kad_post_content_style":"default","_kad_post_vertical_padding":"default","_kad_post_feature":"","_kad_post_feature_position":"","_kad_post_header":false,"_kad_post_footer":false,"_kad_post_classname":""},"cosa-puoi-piantare":[499,503,495,511],"etichette":[2428],"nr-file":[441],"specifiche-tecniche":[1864,1865,1866,1867],"tipo-di-terreno":[427],"tipo-di-zolla":[],"tipologie-macchine":[1131],"product_brand":[],"product_cat":[1094],"product_tag":[],"class_list":{"0":"post-6761","1":"product","2":"type-product","3":"status-publish","4":"has-post-thumbnail","6":"cosa-puoi-piantare-oignons","7":"cosa-puoi-piantare-pommes-de-terre","8":"cosa-puoi-piantare-ail","9":"cosa-puoi-piantare-safran","10":"etichette-must-have","11":"nr-file-1-fr","12":"specifiche-tecniche-fixation-3-points-central-pour-petits-tracteurs","13":"specifiche-tecniche-fixation-3-points-deporte-pour-tracteurs","14":"specifiche-tecniche-distance-entre-disques-54-cm-21","15":"specifiche-tecniche-voie-etroite-70-100-cm-28-39","16":"tipo-di-terreno-terre-nue","17":"tipologie-macchine-arracheuse-de-pomme-de-terre","18":"product_cat-pommes-de-terre-et-oignons","20":"first","21":"instock","22":"virtual","23":"product-type-simple","24":"entry","25":"content-bg","26":"loop-entry"},"acf":[],"yoast_head":"<!-- This site is optimized with the Yoast SEO plugin v27.2 - https:\/\/yoast.com\/product\/yoast-seo-wordpress\/ -->\n<title>Arracheuse de pommes de terre SP50V - Checchi &amp; Magli<\/title>\n<meta name=\"description\" content=\"Arracheuse de pommes de terre SP50V : Adapt\u00e9e pour r\u00e9colter sur petites surfaces, id\u00e9ale pour sols sableux. Mod\u00e8le avec d\u00e9chargement arri\u00e8re.\" \/>\n<meta name=\"robots\" content=\"index, follow, max-snippet:-1, max-image-preview:large, max-video-preview:-1\" \/>\n<link rel=\"canonical\" href=\"https:\/\/www.checchiemagli.com\/fr\/machine-a-pommes-de-terre\/sp50v\/\" \/>\n<meta property=\"og:locale\" content=\"fr_FR\" \/>\n<meta property=\"og:type\" content=\"article\" \/>\n<meta property=\"og:title\" content=\"Arracheuse de pommes de terre SP50V - Checchi &amp; Magli\" \/>\n<meta property=\"og:description\" content=\"Arracheuse de pommes de terre SP50V : Adapt\u00e9e pour r\u00e9colter sur petites surfaces, id\u00e9ale pour sols sableux. Mod\u00e8le avec d\u00e9chargement arri\u00e8re.\" \/>\n<meta property=\"og:url\" content=\"https:\/\/www.checchiemagli.com\/fr\/machine-a-pommes-de-terre\/sp50v\/\" \/>\n<meta property=\"og:site_name\" content=\"Checchi e Magli\" \/>\n<meta property=\"article:publisher\" content=\"https:\/\/www.facebook.com\/checchiemagli\/\" \/>\n<meta property=\"article:modified_time\" content=\"2025-10-29T08:48:32+00:00\" \/>\n<meta property=\"og:image\" content=\"https:\/\/www.checchiemagli.com\/wp-content\/uploads\/2025\/03\/SP50V-TRATTORINO_front.png\" \/>\n\t<meta property=\"og:image:width\" content=\"768\" \/>\n\t<meta property=\"og:image:height\" content=\"576\" \/>\n\t<meta property=\"og:image:type\" content=\"image\/png\" \/>\n<meta name=\"twitter:card\" content=\"summary_large_image\" \/>\n<meta name=\"twitter:site\" content=\"@checchiemagli\" \/>\n<meta name=\"twitter:label1\" content=\"Dur\u00e9e de lecture estim\u00e9e\" \/>\n\t<meta name=\"twitter:data1\" content=\"1 minute\" \/>\n<!-- \/ Yoast SEO plugin. -->","yoast_head_json":{"title":"Arracheuse de pommes de terre SP50V - Checchi & Magli","description":"Arracheuse de pommes de terre SP50V : Adapt\u00e9e pour r\u00e9colter sur petites surfaces, id\u00e9ale pour sols sableux. Mod\u00e8le avec d\u00e9chargement arri\u00e8re.","robots":{"index":"index","follow":"follow","max-snippet":"max-snippet:-1","max-image-preview":"max-image-preview:large","max-video-preview":"max-video-preview:-1"},"canonical":"https:\/\/www.checchiemagli.com\/fr\/machine-a-pommes-de-terre\/sp50v\/","og_locale":"fr_FR","og_type":"article","og_title":"Arracheuse de pommes de terre SP50V - Checchi & Magli","og_description":"Arracheuse de pommes de terre SP50V : Adapt\u00e9e pour r\u00e9colter sur petites surfaces, id\u00e9ale pour sols sableux. Mod\u00e8le avec d\u00e9chargement arri\u00e8re.","og_url":"https:\/\/www.checchiemagli.com\/fr\/machine-a-pommes-de-terre\/sp50v\/","og_site_name":"Checchi e Magli","article_publisher":"https:\/\/www.facebook.com\/checchiemagli\/","article_modified_time":"2025-10-29T08:48:32+00:00","og_image":[{"width":768,"height":576,"url":"https:\/\/www.checchiemagli.com\/wp-content\/uploads\/2025\/03\/SP50V-TRATTORINO_front.png","type":"image\/png"}],"twitter_card":"summary_large_image","twitter_site":"@checchiemagli","twitter_misc":{"Dur\u00e9e de lecture estim\u00e9e":"1 minute"},"schema":{"@context":"https:\/\/schema.org","@graph":[{"@type":"WebPage","@id":"https:\/\/www.checchiemagli.com\/fr\/machine-a-pommes-de-terre\/sp50v\/","url":"https:\/\/www.checchiemagli.com\/fr\/machine-a-pommes-de-terre\/sp50v\/","name":"Arracheuse de pommes de terre SP50V - Checchi & Magli","isPartOf":{"@id":"https:\/\/www.checchiemagli.com\/fr\/#website"},"primaryImageOfPage":{"@id":"https:\/\/www.checchiemagli.com\/fr\/machine-a-pommes-de-terre\/sp50v\/#primaryimage"},"image":{"@id":"https:\/\/www.checchiemagli.com\/fr\/machine-a-pommes-de-terre\/sp50v\/#primaryimage"},"thumbnailUrl":"https:\/\/www.checchiemagli.com\/wp-content\/uploads\/2025\/03\/SP50V-TRATTORINO_front.png","datePublished":"2025-03-04T11:36:44+00:00","dateModified":"2025-10-29T08:48:32+00:00","description":"Arracheuse de pommes de terre SP50V : Adapt\u00e9e pour r\u00e9colter sur petites surfaces, id\u00e9ale pour sols sableux. Mod\u00e8le avec d\u00e9chargement arri\u00e8re.","breadcrumb":{"@id":"https:\/\/www.checchiemagli.com\/fr\/machine-a-pommes-de-terre\/sp50v\/#breadcrumb"},"inLanguage":"fr-FR","potentialAction":[{"@type":"ReadAction","target":["https:\/\/www.checchiemagli.com\/fr\/machine-a-pommes-de-terre\/sp50v\/"]}]},{"@type":"ImageObject","inLanguage":"fr-FR","@id":"https:\/\/www.checchiemagli.com\/fr\/machine-a-pommes-de-terre\/sp50v\/#primaryimage","url":"https:\/\/www.checchiemagli.com\/wp-content\/uploads\/2025\/03\/SP50V-TRATTORINO_front.png","contentUrl":"https:\/\/www.checchiemagli.com\/wp-content\/uploads\/2025\/03\/SP50V-TRATTORINO_front.png","width":768,"height":576},{"@type":"BreadcrumbList","@id":"https:\/\/www.checchiemagli.com\/fr\/machine-a-pommes-de-terre\/sp50v\/#breadcrumb","itemListElement":[{"@type":"ListItem","position":1,"name":"Home","item":"https:\/\/www.checchiemagli.com\/fr\/"},{"@type":"ListItem","position":2,"name":"Machinerie","item":"https:\/\/www.checchiemagli.com\/fr\/machinerie\/"},{"@type":"ListItem","position":3,"name":"Pommes de terre et Oignons","item":"https:\/\/www.checchiemagli.com\/fr\/machinerie\/pommes-de-terre-et-oignons\/"},{"@type":"ListItem","position":4,"name":"SP50V"}]},{"@type":"WebSite","@id":"https:\/\/www.checchiemagli.com\/fr\/#website","url":"https:\/\/www.checchiemagli.com\/fr\/","name":"Checchi&Magli","description":"Produzione e Distribuzione di Macchine Agricole","publisher":{"@id":"https:\/\/www.checchiemagli.com\/fr\/#organization"},"potentialAction":[{"@type":"SearchAction","target":{"@type":"EntryPoint","urlTemplate":"https:\/\/www.checchiemagli.com\/fr\/?s={search_term_string}"},"query-input":{"@type":"PropertyValueSpecification","valueRequired":true,"valueName":"search_term_string"}}],"inLanguage":"fr-FR"},{"@type":"Organization","@id":"https:\/\/www.checchiemagli.com\/fr\/#organization","name":"Checchi&Magli","url":"https:\/\/www.checchiemagli.com\/fr\/","logo":{"@type":"ImageObject","inLanguage":"fr-FR","@id":"https:\/\/www.checchiemagli.com\/fr\/#\/schema\/logo\/image\/","url":"https:\/\/www.checchiemagli.com\/wp-content\/uploads\/2025\/03\/logo.png","contentUrl":"https:\/\/www.checchiemagli.com\/wp-content\/uploads\/2025\/03\/logo.png","width":633,"height":149,"caption":"Checchi&Magli"},"image":{"@id":"https:\/\/www.checchiemagli.com\/fr\/#\/schema\/logo\/image\/"},"sameAs":["https:\/\/www.facebook.com\/checchiemagli\/","https:\/\/x.com\/checchiemagli","https:\/\/www.youtube.com\/user\/checchiemagli","https:\/\/www.instagram.com\/checchiemagli\/","https:\/\/www.linkedin.com\/company\/checchiemagli\/"]}]}},"_links":{"self":[{"href":"https:\/\/www.checchiemagli.com\/fr\/wp-json\/wp\/v2\/product\/6761","targetHints":{"allow":["GET"]}}],"collection":[{"href":"https:\/\/www.checchiemagli.com\/fr\/wp-json\/wp\/v2\/product"}],"about":[{"href":"https:\/\/www.checchiemagli.com\/fr\/wp-json\/wp\/v2\/types\/product"}],"wp:featuredmedia":[{"embeddable":true,"href":"https:\/\/www.checchiemagli.com\/fr\/wp-json\/wp\/v2\/media\/3380"}],"wp:attachment":[{"href":"https:\/\/www.checchiemagli.com\/fr\/wp-json\/wp\/v2\/media?parent=6761"}],"wp:term":[{"taxonomy":"cosa-puoi-piantare","embeddable":true,"href":"https:\/\/www.checchiemagli.com\/fr\/wp-json\/wp\/v2\/cosa-puoi-piantare?post=6761"},{"taxonomy":"etichette","embeddable":true,"href":"https:\/\/www.checchiemagli.com\/fr\/wp-json\/wp\/v2\/etichette?post=6761"},{"taxonomy":"nr-file","embeddable":true,"href":"https:\/\/www.checchiemagli.com\/fr\/wp-json\/wp\/v2\/nr-file?post=6761"},{"taxonomy":"specifiche-tecniche","embeddable":true,"href":"https:\/\/www.checchiemagli.com\/fr\/wp-json\/wp\/v2\/specifiche-tecniche?post=6761"},{"taxonomy":"tipo-di-terreno","embeddable":true,"href":"https:\/\/www.checchiemagli.com\/fr\/wp-json\/wp\/v2\/tipo-di-terreno?post=6761"},{"taxonomy":"tipo-di-zolla","embeddable":true,"href":"https:\/\/www.checchiemagli.com\/fr\/wp-json\/wp\/v2\/tipo-di-zolla?post=6761"},{"taxonomy":"tipologie-macchine","embeddable":true,"href":"https:\/\/www.checchiemagli.com\/fr\/wp-json\/wp\/v2\/tipologie-macchine?post=6761"},{"taxonomy":"product_brand","embeddable":true,"href":"https:\/\/www.checchiemagli.com\/fr\/wp-json\/wp\/v2\/product_brand?post=6761"},{"taxonomy":"product_cat","embeddable":true,"href":"https:\/\/www.checchiemagli.com\/fr\/wp-json\/wp\/v2\/product_cat?post=6761"},{"taxonomy":"product_tag","embeddable":true,"href":"https:\/\/www.checchiemagli.com\/fr\/wp-json\/wp\/v2\/product_tag?post=6761"}],"curies":[{"name":"wp","href":"https:\/\/api.w.org\/{rel}","templated":true}]}}