{"id":6757,"date":"2025-03-04T12:36:44","date_gmt":"2025-03-04T11:36:44","guid":{"rendered":"https:\/\/www.checchiemagli.com\/prodotto\/vr76\/"},"modified":"2025-06-06T16:26:59","modified_gmt":"2025-06-06T14:26:59","slug":"vr76","status":"publish","type":"product","link":"https:\/\/www.checchiemagli.com\/fr\/machine-a-pommes-de-terre\/vr76\/","title":{"rendered":"VR76"},"content":{"rendered":"<p><strong>Apr\u00e8s le semis et avant la r\u00e9colte!<\/strong> Butteuse \u00e0 disques id\u00e9ale pour les pommes de terre, vitesse de travail jusqu&#8217;\u00e0 10 km\/h (6 mph).<br \/>\nPeut \u00e9galement \u00eatre utilis\u00e9 pour le d\u00e9sherbage des cultures en rangs (poireaux, ma\u00efs, tabac, c\u00e9leri, betteraves).et coton). Version avec socs pour sols sableux et formeuses arri\u00e8re disponibles sur demande.<\/p>\n","protected":false},"excerpt":{"rendered":"<p>Apr\u00e8s le semis et avant la r\u00e9colte! Butteuse \u00e0 disques id\u00e9ale pour les pommes de terre, vitesse de travail jusqu&#8217;\u00e0 10 km\/h (6 mph). Peut \u00e9galement \u00eatre utilis\u00e9 pour le d\u00e9sherbage des cultures en rangs (poireaux, ma\u00efs, tabac, c\u00e9leri, betteraves).et coton). Version avec socs pour sols sableux et formeuses arri\u00e8re disponibles sur demande.<\/p>\n","protected":false},"featured_media":3335,"template":"","meta":{"_acf_changed":false,"_gspb_post_css":"","_kad_post_transparent":"default","_kad_post_title":"","_kad_post_layout":"default","_kad_post_sidebar_id":"","_kad_post_content_style":"default","_kad_post_vertical_padding":"default","_kad_post_feature":"","_kad_post_feature_position":"","_kad_post_header":false,"_kad_post_footer":false,"_kad_post_classname":""},"cosa-puoi-piantare":[579,583,575,499,503,495,2389,2401,2396],"etichette":[],"nr-file":[445,441,442,443,444],"specifiche-tecniche":[1862,1863,1860,1861],"tipo-di-terreno":[427],"tipo-di-zolla":[],"tipologie-macchine":[1127],"product_brand":[],"product_cat":[1094],"product_tag":[],"class_list":{"0":"post-6757","1":"product","2":"type-product","3":"status-publish","4":"has-post-thumbnail","6":"cosa-puoi-piantare-celeri","7":"cosa-puoi-piantare-tabac","8":"cosa-puoi-piantare-poireaux","9":"cosa-puoi-piantare-oignons","10":"cosa-puoi-piantare-pommes-de-terre","11":"cosa-puoi-piantare-ail","12":"cosa-puoi-piantare-mais-fr","13":"cosa-puoi-piantare-betteraves","14":"cosa-puoi-piantare-coton","15":"nr-file-5-fr","16":"nr-file-1-fr","17":"nr-file-2-fr","18":"nr-file-3-fr","19":"nr-file-4-fr","20":"specifiche-tecniche-3-ressorts-vibrants-chaque-unite","21":"specifiche-tecniche-parallelogramme-avec-roue-de-controle-profondeur","22":"specifiche-tecniche-distance-entre-les-rangs-version-disques-min-60-cm-max-90-cm-24-35","23":"specifiche-tecniche-distance-entre-les-rangs-version-socs-min-45-cm-max-90-cm-18-35","24":"tipo-di-terreno-terre-nue","25":"tipologie-macchine-vibro-rechausseuse","26":"product_cat-pommes-de-terre-et-oignons","28":"first","29":"instock","30":"virtual","31":"product-type-simple","32":"entry","33":"content-bg","34":"loop-entry"},"acf":[],"yoast_head":"<!-- This site is optimized with the Yoast SEO plugin v27.2 - https:\/\/yoast.com\/product\/yoast-seo-wordpress\/ -->\n<title>Vibro-rechausseuse VR76 - Checchi &amp; Magli<\/title>\n<meta name=\"description\" content=\"Vibro-rechausseuse VR76 : Le buttage des pommes de terre s\u2019effectue apr\u00e8s le semis et avant la r\u00e9colte. Qualit\u00e9 pour l&#039;agriculture Checchi&amp;Magli.\" \/>\n<meta name=\"robots\" content=\"index, follow, max-snippet:-1, max-image-preview:large, max-video-preview:-1\" \/>\n<link rel=\"canonical\" href=\"https:\/\/www.checchiemagli.com\/fr\/machine-a-pommes-de-terre\/vr76\/\" \/>\n<meta property=\"og:locale\" content=\"fr_FR\" \/>\n<meta property=\"og:type\" content=\"article\" \/>\n<meta property=\"og:title\" content=\"Vibro-rechausseuse VR76 - Checchi &amp; Magli\" \/>\n<meta property=\"og:description\" content=\"Vibro-rechausseuse VR76 : Le buttage des pommes de terre s\u2019effectue apr\u00e8s le semis et avant la r\u00e9colte. Qualit\u00e9 pour l&#039;agriculture Checchi&amp;Magli.\" \/>\n<meta property=\"og:url\" content=\"https:\/\/www.checchiemagli.com\/fr\/machine-a-pommes-de-terre\/vr76\/\" \/>\n<meta property=\"og:site_name\" content=\"Checchi e Magli\" \/>\n<meta property=\"article:publisher\" content=\"https:\/\/www.facebook.com\/checchiemagli\/\" \/>\n<meta property=\"article:modified_time\" content=\"2025-06-06T14:26:59+00:00\" \/>\n<meta property=\"og:image\" content=\"https:\/\/www.checchiemagli.com\/wp-content\/uploads\/2025\/03\/VR76.png\" \/>\n\t<meta property=\"og:image:width\" content=\"800\" \/>\n\t<meta property=\"og:image:height\" content=\"600\" \/>\n\t<meta property=\"og:image:type\" content=\"image\/png\" \/>\n<meta name=\"twitter:card\" content=\"summary_large_image\" \/>\n<meta name=\"twitter:site\" content=\"@checchiemagli\" \/>\n<meta name=\"twitter:label1\" content=\"Dur\u00e9e de lecture estim\u00e9e\" \/>\n\t<meta name=\"twitter:data1\" content=\"1 minute\" \/>\n<!-- \/ Yoast SEO plugin. -->","yoast_head_json":{"title":"Vibro-rechausseuse VR76 - Checchi & Magli","description":"Vibro-rechausseuse VR76 : Le buttage des pommes de terre s\u2019effectue apr\u00e8s le semis et avant la r\u00e9colte. Qualit\u00e9 pour l'agriculture Checchi&Magli.","robots":{"index":"index","follow":"follow","max-snippet":"max-snippet:-1","max-image-preview":"max-image-preview:large","max-video-preview":"max-video-preview:-1"},"canonical":"https:\/\/www.checchiemagli.com\/fr\/machine-a-pommes-de-terre\/vr76\/","og_locale":"fr_FR","og_type":"article","og_title":"Vibro-rechausseuse VR76 - Checchi & Magli","og_description":"Vibro-rechausseuse VR76 : Le buttage des pommes de terre s\u2019effectue apr\u00e8s le semis et avant la r\u00e9colte. Qualit\u00e9 pour l'agriculture Checchi&Magli.","og_url":"https:\/\/www.checchiemagli.com\/fr\/machine-a-pommes-de-terre\/vr76\/","og_site_name":"Checchi e Magli","article_publisher":"https:\/\/www.facebook.com\/checchiemagli\/","article_modified_time":"2025-06-06T14:26:59+00:00","og_image":[{"width":800,"height":600,"url":"https:\/\/www.checchiemagli.com\/wp-content\/uploads\/2025\/03\/VR76.png","type":"image\/png"}],"twitter_card":"summary_large_image","twitter_site":"@checchiemagli","twitter_misc":{"Dur\u00e9e de lecture estim\u00e9e":"1 minute"},"schema":{"@context":"https:\/\/schema.org","@graph":[{"@type":"WebPage","@id":"https:\/\/www.checchiemagli.com\/fr\/machine-a-pommes-de-terre\/vr76\/","url":"https:\/\/www.checchiemagli.com\/fr\/machine-a-pommes-de-terre\/vr76\/","name":"Vibro-rechausseuse VR76 - Checchi & Magli","isPartOf":{"@id":"https:\/\/www.checchiemagli.com\/fr\/#website"},"primaryImageOfPage":{"@id":"https:\/\/www.checchiemagli.com\/fr\/machine-a-pommes-de-terre\/vr76\/#primaryimage"},"image":{"@id":"https:\/\/www.checchiemagli.com\/fr\/machine-a-pommes-de-terre\/vr76\/#primaryimage"},"thumbnailUrl":"https:\/\/www.checchiemagli.com\/wp-content\/uploads\/2025\/03\/VR76.png","datePublished":"2025-03-04T11:36:44+00:00","dateModified":"2025-06-06T14:26:59+00:00","description":"Vibro-rechausseuse VR76 : Le buttage des pommes de terre s\u2019effectue apr\u00e8s le semis et avant la r\u00e9colte. Qualit\u00e9 pour l'agriculture Checchi&Magli.","breadcrumb":{"@id":"https:\/\/www.checchiemagli.com\/fr\/machine-a-pommes-de-terre\/vr76\/#breadcrumb"},"inLanguage":"fr-FR","potentialAction":[{"@type":"ReadAction","target":["https:\/\/www.checchiemagli.com\/fr\/machine-a-pommes-de-terre\/vr76\/"]}]},{"@type":"ImageObject","inLanguage":"fr-FR","@id":"https:\/\/www.checchiemagli.com\/fr\/machine-a-pommes-de-terre\/vr76\/#primaryimage","url":"https:\/\/www.checchiemagli.com\/wp-content\/uploads\/2025\/03\/VR76.png","contentUrl":"https:\/\/www.checchiemagli.com\/wp-content\/uploads\/2025\/03\/VR76.png","width":800,"height":600},{"@type":"BreadcrumbList","@id":"https:\/\/www.checchiemagli.com\/fr\/machine-a-pommes-de-terre\/vr76\/#breadcrumb","itemListElement":[{"@type":"ListItem","position":1,"name":"Home","item":"https:\/\/www.checchiemagli.com\/fr\/"},{"@type":"ListItem","position":2,"name":"Machinerie","item":"https:\/\/www.checchiemagli.com\/fr\/machinerie\/"},{"@type":"ListItem","position":3,"name":"Pommes de terre et Oignons","item":"https:\/\/www.checchiemagli.com\/fr\/machinerie\/pommes-de-terre-et-oignons\/"},{"@type":"ListItem","position":4,"name":"VR76"}]},{"@type":"WebSite","@id":"https:\/\/www.checchiemagli.com\/fr\/#website","url":"https:\/\/www.checchiemagli.com\/fr\/","name":"Checchi&Magli","description":"Produzione e Distribuzione di Macchine Agricole","publisher":{"@id":"https:\/\/www.checchiemagli.com\/fr\/#organization"},"potentialAction":[{"@type":"SearchAction","target":{"@type":"EntryPoint","urlTemplate":"https:\/\/www.checchiemagli.com\/fr\/?s={search_term_string}"},"query-input":{"@type":"PropertyValueSpecification","valueRequired":true,"valueName":"search_term_string"}}],"inLanguage":"fr-FR"},{"@type":"Organization","@id":"https:\/\/www.checchiemagli.com\/fr\/#organization","name":"Checchi&Magli","url":"https:\/\/www.checchiemagli.com\/fr\/","logo":{"@type":"ImageObject","inLanguage":"fr-FR","@id":"https:\/\/www.checchiemagli.com\/fr\/#\/schema\/logo\/image\/","url":"https:\/\/www.checchiemagli.com\/wp-content\/uploads\/2025\/03\/logo.png","contentUrl":"https:\/\/www.checchiemagli.com\/wp-content\/uploads\/2025\/03\/logo.png","width":633,"height":149,"caption":"Checchi&Magli"},"image":{"@id":"https:\/\/www.checchiemagli.com\/fr\/#\/schema\/logo\/image\/"},"sameAs":["https:\/\/www.facebook.com\/checchiemagli\/","https:\/\/x.com\/checchiemagli","https:\/\/www.youtube.com\/user\/checchiemagli","https:\/\/www.instagram.com\/checchiemagli\/","https:\/\/www.linkedin.com\/company\/checchiemagli\/"]}]}},"_links":{"self":[{"href":"https:\/\/www.checchiemagli.com\/fr\/wp-json\/wp\/v2\/product\/6757","targetHints":{"allow":["GET"]}}],"collection":[{"href":"https:\/\/www.checchiemagli.com\/fr\/wp-json\/wp\/v2\/product"}],"about":[{"href":"https:\/\/www.checchiemagli.com\/fr\/wp-json\/wp\/v2\/types\/product"}],"wp:featuredmedia":[{"embeddable":true,"href":"https:\/\/www.checchiemagli.com\/fr\/wp-json\/wp\/v2\/media\/3335"}],"wp:attachment":[{"href":"https:\/\/www.checchiemagli.com\/fr\/wp-json\/wp\/v2\/media?parent=6757"}],"wp:term":[{"taxonomy":"cosa-puoi-piantare","embeddable":true,"href":"https:\/\/www.checchiemagli.com\/fr\/wp-json\/wp\/v2\/cosa-puoi-piantare?post=6757"},{"taxonomy":"etichette","embeddable":true,"href":"https:\/\/www.checchiemagli.com\/fr\/wp-json\/wp\/v2\/etichette?post=6757"},{"taxonomy":"nr-file","embeddable":true,"href":"https:\/\/www.checchiemagli.com\/fr\/wp-json\/wp\/v2\/nr-file?post=6757"},{"taxonomy":"specifiche-tecniche","embeddable":true,"href":"https:\/\/www.checchiemagli.com\/fr\/wp-json\/wp\/v2\/specifiche-tecniche?post=6757"},{"taxonomy":"tipo-di-terreno","embeddable":true,"href":"https:\/\/www.checchiemagli.com\/fr\/wp-json\/wp\/v2\/tipo-di-terreno?post=6757"},{"taxonomy":"tipo-di-zolla","embeddable":true,"href":"https:\/\/www.checchiemagli.com\/fr\/wp-json\/wp\/v2\/tipo-di-zolla?post=6757"},{"taxonomy":"tipologie-macchine","embeddable":true,"href":"https:\/\/www.checchiemagli.com\/fr\/wp-json\/wp\/v2\/tipologie-macchine?post=6757"},{"taxonomy":"product_brand","embeddable":true,"href":"https:\/\/www.checchiemagli.com\/fr\/wp-json\/wp\/v2\/product_brand?post=6757"},{"taxonomy":"product_cat","embeddable":true,"href":"https:\/\/www.checchiemagli.com\/fr\/wp-json\/wp\/v2\/product_cat?post=6757"},{"taxonomy":"product_tag","embeddable":true,"href":"https:\/\/www.checchiemagli.com\/fr\/wp-json\/wp\/v2\/product_tag?post=6757"}],"curies":[{"name":"wp","href":"https:\/\/api.w.org\/{rel}","templated":true}]}}