{"id":6753,"date":"2025-03-04T12:36:44","date_gmt":"2025-03-04T11:36:44","guid":{"rendered":"https:\/\/www.checchiemagli.com\/prodotto\/f300l\/"},"modified":"2025-10-29T09:50:49","modified_gmt":"2025-10-29T08:50:49","slug":"f300l","status":"publish","type":"product","link":"https:\/\/www.checchiemagli.com\/fr\/machine-a-pommes-de-terre\/f300l\/","title":{"rendered":"F300L"},"content":{"rendered":"<p><strong>Entre histoire et qualit\u00e9!<\/strong> Planteuse de pommes de terre semi-automatique avec distributeur nid d&#8217;abeille \u00e0 rotation continue, id\u00e9ale pour tubercules entiers ou coup\u00e9s, production indicative jusqu&#8217;\u00e0 0,6 ha\/jour par op\u00e9rateur. Distance entre les rang\u00e9es r\u00e9glable \u00e0 partir de 50 cm\/20&#8243;. Convient \u00e9galement aux bulbes d&#8217;ail, d&#8217;oignon, de safran et de tulipe.<\/p>\n","protected":false},"excerpt":{"rendered":"<p>Entre histoire et qualit\u00e9! Planteuse de pommes de terre semi-automatique avec distributeur nid d&#8217;abeille \u00e0 rotation continue, id\u00e9ale pour tubercules entiers ou coup\u00e9s, production indicative jusqu&#8217;\u00e0 0,6 ha\/jour par op\u00e9rateur. Distance entre les rang\u00e9es r\u00e9glable \u00e0 partir de 50 cm\/20&#8243;. Convient \u00e9galement aux bulbes d&#8217;ail, d&#8217;oignon, de safran et de tulipe.<\/p>\n","protected":false},"featured_media":3290,"template":"","meta":{"_acf_changed":false,"_gspb_post_css":"","_kad_post_transparent":"default","_kad_post_title":"","_kad_post_layout":"default","_kad_post_sidebar_id":"","_kad_post_content_style":"default","_kad_post_vertical_padding":"default","_kad_post_feature":"","_kad_post_feature_position":"","_kad_post_header":false,"_kad_post_footer":false,"_kad_post_classname":""},"cosa-puoi-piantare":[499,503,507,495,511],"etichette":[2429],"nr-file":[441,442,443,444],"specifiche-tecniche":[1857,1858,1859,1998],"tipo-di-terreno":[427],"tipo-di-zolla":[],"tipologie-macchine":[1123],"product_brand":[],"product_cat":[1094],"product_tag":[],"class_list":{"0":"post-6753","1":"product","2":"type-product","3":"status-publish","4":"has-post-thumbnail","6":"cosa-puoi-piantare-oignons","7":"cosa-puoi-piantare-pommes-de-terre","8":"cosa-puoi-piantare-tulipes","9":"cosa-puoi-piantare-ail","10":"cosa-puoi-piantare-safran","11":"etichette-iconic","12":"nr-file-1-fr","13":"nr-file-2-fr","14":"nr-file-3-fr","15":"nr-file-4-fr","16":"specifiche-tecniche-distance-entre-les-plantes-min-3-cm-max-38-cm-1-15","17":"specifiche-tecniche-roues-dappui","18":"specifiche-tecniche-disques-de-couverture-reglables","19":"specifiche-tecniche-distance-entre-les-rangs-min-50-cm-20","20":"tipo-di-terreno-terre-nue","21":"tipologie-macchine-planteuse-de-pomme-de-terre","22":"product_cat-pommes-de-terre-et-oignons","24":"first","25":"instock","26":"virtual","27":"product-type-simple","28":"entry","29":"content-bg","30":"loop-entry"},"acf":[],"yoast_head":"<!-- This site is optimized with the Yoast SEO plugin v27.2 - https:\/\/yoast.com\/product\/yoast-seo-wordpress\/ -->\n<title>Planteuse de pomme de terre F300L - Checchi &amp; Magli<\/title>\n<meta name=\"description\" content=\"Planteuse de pommes de terre F300L : \u00e9galement pour planter d&#039;autres tubercules ou bulbes. Adaptable aux tracteurs \u00e9quip\u00e9s d\u2019un attelage trois points universel.\" \/>\n<meta name=\"robots\" content=\"index, follow, max-snippet:-1, max-image-preview:large, max-video-preview:-1\" \/>\n<link rel=\"canonical\" href=\"https:\/\/www.checchiemagli.com\/fr\/machine-a-pommes-de-terre\/f300l\/\" \/>\n<meta property=\"og:locale\" content=\"fr_FR\" \/>\n<meta property=\"og:type\" content=\"article\" \/>\n<meta property=\"og:title\" content=\"Planteuse de pomme de terre F300L - Checchi &amp; Magli\" \/>\n<meta property=\"og:description\" content=\"Planteuse de pommes de terre F300L : \u00e9galement pour planter d&#039;autres tubercules ou bulbes. Adaptable aux tracteurs \u00e9quip\u00e9s d\u2019un attelage trois points universel.\" \/>\n<meta property=\"og:url\" content=\"https:\/\/www.checchiemagli.com\/fr\/machine-a-pommes-de-terre\/f300l\/\" \/>\n<meta property=\"og:site_name\" content=\"Checchi e Magli\" \/>\n<meta property=\"article:publisher\" content=\"https:\/\/www.facebook.com\/checchiemagli\/\" \/>\n<meta property=\"article:modified_time\" content=\"2025-10-29T08:50:49+00:00\" \/>\n<meta property=\"og:image\" content=\"https:\/\/www.checchiemagli.com\/wp-content\/uploads\/2025\/03\/F300L.png\" \/>\n\t<meta property=\"og:image:width\" content=\"768\" \/>\n\t<meta property=\"og:image:height\" content=\"576\" \/>\n\t<meta property=\"og:image:type\" content=\"image\/png\" \/>\n<meta name=\"twitter:card\" content=\"summary_large_image\" \/>\n<meta name=\"twitter:site\" content=\"@checchiemagli\" \/>\n<meta name=\"twitter:label1\" content=\"Dur\u00e9e de lecture estim\u00e9e\" \/>\n\t<meta name=\"twitter:data1\" content=\"1 minute\" \/>\n<!-- \/ Yoast SEO plugin. -->","yoast_head_json":{"title":"Planteuse de pomme de terre F300L - Checchi & Magli","description":"Planteuse de pommes de terre F300L : \u00e9galement pour planter d'autres tubercules ou bulbes. Adaptable aux tracteurs \u00e9quip\u00e9s d\u2019un attelage trois points universel.","robots":{"index":"index","follow":"follow","max-snippet":"max-snippet:-1","max-image-preview":"max-image-preview:large","max-video-preview":"max-video-preview:-1"},"canonical":"https:\/\/www.checchiemagli.com\/fr\/machine-a-pommes-de-terre\/f300l\/","og_locale":"fr_FR","og_type":"article","og_title":"Planteuse de pomme de terre F300L - Checchi & Magli","og_description":"Planteuse de pommes de terre F300L : \u00e9galement pour planter d'autres tubercules ou bulbes. Adaptable aux tracteurs \u00e9quip\u00e9s d\u2019un attelage trois points universel.","og_url":"https:\/\/www.checchiemagli.com\/fr\/machine-a-pommes-de-terre\/f300l\/","og_site_name":"Checchi e Magli","article_publisher":"https:\/\/www.facebook.com\/checchiemagli\/","article_modified_time":"2025-10-29T08:50:49+00:00","og_image":[{"width":768,"height":576,"url":"https:\/\/www.checchiemagli.com\/wp-content\/uploads\/2025\/03\/F300L.png","type":"image\/png"}],"twitter_card":"summary_large_image","twitter_site":"@checchiemagli","twitter_misc":{"Dur\u00e9e de lecture estim\u00e9e":"1 minute"},"schema":{"@context":"https:\/\/schema.org","@graph":[{"@type":"WebPage","@id":"https:\/\/www.checchiemagli.com\/fr\/machine-a-pommes-de-terre\/f300l\/","url":"https:\/\/www.checchiemagli.com\/fr\/machine-a-pommes-de-terre\/f300l\/","name":"Planteuse de pomme de terre F300L - Checchi & Magli","isPartOf":{"@id":"https:\/\/www.checchiemagli.com\/fr\/#website"},"primaryImageOfPage":{"@id":"https:\/\/www.checchiemagli.com\/fr\/machine-a-pommes-de-terre\/f300l\/#primaryimage"},"image":{"@id":"https:\/\/www.checchiemagli.com\/fr\/machine-a-pommes-de-terre\/f300l\/#primaryimage"},"thumbnailUrl":"https:\/\/www.checchiemagli.com\/wp-content\/uploads\/2025\/03\/F300L.png","datePublished":"2025-03-04T11:36:44+00:00","dateModified":"2025-10-29T08:50:49+00:00","description":"Planteuse de pommes de terre F300L : \u00e9galement pour planter d'autres tubercules ou bulbes. Adaptable aux tracteurs \u00e9quip\u00e9s d\u2019un attelage trois points universel.","breadcrumb":{"@id":"https:\/\/www.checchiemagli.com\/fr\/machine-a-pommes-de-terre\/f300l\/#breadcrumb"},"inLanguage":"fr-FR","potentialAction":[{"@type":"ReadAction","target":["https:\/\/www.checchiemagli.com\/fr\/machine-a-pommes-de-terre\/f300l\/"]}]},{"@type":"ImageObject","inLanguage":"fr-FR","@id":"https:\/\/www.checchiemagli.com\/fr\/machine-a-pommes-de-terre\/f300l\/#primaryimage","url":"https:\/\/www.checchiemagli.com\/wp-content\/uploads\/2025\/03\/F300L.png","contentUrl":"https:\/\/www.checchiemagli.com\/wp-content\/uploads\/2025\/03\/F300L.png","width":768,"height":576},{"@type":"BreadcrumbList","@id":"https:\/\/www.checchiemagli.com\/fr\/machine-a-pommes-de-terre\/f300l\/#breadcrumb","itemListElement":[{"@type":"ListItem","position":1,"name":"Home","item":"https:\/\/www.checchiemagli.com\/fr\/"},{"@type":"ListItem","position":2,"name":"Machinerie","item":"https:\/\/www.checchiemagli.com\/fr\/machinerie\/"},{"@type":"ListItem","position":3,"name":"Pommes de terre et Oignons","item":"https:\/\/www.checchiemagli.com\/fr\/machinerie\/pommes-de-terre-et-oignons\/"},{"@type":"ListItem","position":4,"name":"F300L"}]},{"@type":"WebSite","@id":"https:\/\/www.checchiemagli.com\/fr\/#website","url":"https:\/\/www.checchiemagli.com\/fr\/","name":"Checchi&Magli","description":"Produzione e Distribuzione di Macchine Agricole","publisher":{"@id":"https:\/\/www.checchiemagli.com\/fr\/#organization"},"potentialAction":[{"@type":"SearchAction","target":{"@type":"EntryPoint","urlTemplate":"https:\/\/www.checchiemagli.com\/fr\/?s={search_term_string}"},"query-input":{"@type":"PropertyValueSpecification","valueRequired":true,"valueName":"search_term_string"}}],"inLanguage":"fr-FR"},{"@type":"Organization","@id":"https:\/\/www.checchiemagli.com\/fr\/#organization","name":"Checchi&Magli","url":"https:\/\/www.checchiemagli.com\/fr\/","logo":{"@type":"ImageObject","inLanguage":"fr-FR","@id":"https:\/\/www.checchiemagli.com\/fr\/#\/schema\/logo\/image\/","url":"https:\/\/www.checchiemagli.com\/wp-content\/uploads\/2025\/03\/logo.png","contentUrl":"https:\/\/www.checchiemagli.com\/wp-content\/uploads\/2025\/03\/logo.png","width":633,"height":149,"caption":"Checchi&Magli"},"image":{"@id":"https:\/\/www.checchiemagli.com\/fr\/#\/schema\/logo\/image\/"},"sameAs":["https:\/\/www.facebook.com\/checchiemagli\/","https:\/\/x.com\/checchiemagli","https:\/\/www.youtube.com\/user\/checchiemagli","https:\/\/www.instagram.com\/checchiemagli\/","https:\/\/www.linkedin.com\/company\/checchiemagli\/"]}]}},"_links":{"self":[{"href":"https:\/\/www.checchiemagli.com\/fr\/wp-json\/wp\/v2\/product\/6753","targetHints":{"allow":["GET"]}}],"collection":[{"href":"https:\/\/www.checchiemagli.com\/fr\/wp-json\/wp\/v2\/product"}],"about":[{"href":"https:\/\/www.checchiemagli.com\/fr\/wp-json\/wp\/v2\/types\/product"}],"wp:featuredmedia":[{"embeddable":true,"href":"https:\/\/www.checchiemagli.com\/fr\/wp-json\/wp\/v2\/media\/3290"}],"wp:attachment":[{"href":"https:\/\/www.checchiemagli.com\/fr\/wp-json\/wp\/v2\/media?parent=6753"}],"wp:term":[{"taxonomy":"cosa-puoi-piantare","embeddable":true,"href":"https:\/\/www.checchiemagli.com\/fr\/wp-json\/wp\/v2\/cosa-puoi-piantare?post=6753"},{"taxonomy":"etichette","embeddable":true,"href":"https:\/\/www.checchiemagli.com\/fr\/wp-json\/wp\/v2\/etichette?post=6753"},{"taxonomy":"nr-file","embeddable":true,"href":"https:\/\/www.checchiemagli.com\/fr\/wp-json\/wp\/v2\/nr-file?post=6753"},{"taxonomy":"specifiche-tecniche","embeddable":true,"href":"https:\/\/www.checchiemagli.com\/fr\/wp-json\/wp\/v2\/specifiche-tecniche?post=6753"},{"taxonomy":"tipo-di-terreno","embeddable":true,"href":"https:\/\/www.checchiemagli.com\/fr\/wp-json\/wp\/v2\/tipo-di-terreno?post=6753"},{"taxonomy":"tipo-di-zolla","embeddable":true,"href":"https:\/\/www.checchiemagli.com\/fr\/wp-json\/wp\/v2\/tipo-di-zolla?post=6753"},{"taxonomy":"tipologie-macchine","embeddable":true,"href":"https:\/\/www.checchiemagli.com\/fr\/wp-json\/wp\/v2\/tipologie-macchine?post=6753"},{"taxonomy":"product_brand","embeddable":true,"href":"https:\/\/www.checchiemagli.com\/fr\/wp-json\/wp\/v2\/product_brand?post=6753"},{"taxonomy":"product_cat","embeddable":true,"href":"https:\/\/www.checchiemagli.com\/fr\/wp-json\/wp\/v2\/product_cat?post=6753"},{"taxonomy":"product_tag","embeddable":true,"href":"https:\/\/www.checchiemagli.com\/fr\/wp-json\/wp\/v2\/product_tag?post=6753"}],"curies":[{"name":"wp","href":"https:\/\/api.w.org\/{rel}","templated":true}]}}