{"id":6749,"date":"2025-03-04T12:36:44","date_gmt":"2025-03-04T11:36:44","guid":{"rendered":"https:\/\/www.checchiemagli.com\/prodotto\/al-s14-plus\/"},"modified":"2025-10-28T15:24:03","modified_gmt":"2025-10-28T14:24:03","slug":"al-s14-plus","status":"publish","type":"product","link":"https:\/\/www.checchiemagli.com\/fr\/butteuses-derouleuses\/al-s14-plus\/","title":{"rendered":"AL-S14 Plus"},"content":{"rendered":"<p><strong>Pour des fraises et plus encore!<\/strong> La machine forme une butte, pose le paillage et le tuyau pour l&#8217;irrigation goutte \u00e0 goutte, en \u00e9conomisant du temps et de la main-d&#8217;\u0153uvre. Vitesse de travail jusqu&#8217;\u00e0 4 km\/h (2,5 mph). Largeur de film jusqu&#8217;\u00e0 140 cm\/55&#8243;. Compatible avec les film biod\u00e9gradables. Une man\u0153uvre rapide de d\u00e9brayage permet d&#8217;utiliser la d\u00e9rouleuse et la butteuse s\u00e9par\u00e9ment.<\/p>\n","protected":false},"excerpt":{"rendered":"<p>Pour des fraises et plus encore! La machine forme une butte, pose le paillage et le tuyau pour l&#8217;irrigation goutte \u00e0 goutte, en \u00e9conomisant du temps et de la main-d&#8217;\u0153uvre. Vitesse de travail jusqu&#8217;\u00e0 4 km\/h (2,5 mph). Largeur de film jusqu&#8217;\u00e0 140 cm\/55&#8243;. Compatible avec les film biod\u00e9gradables. Une man\u0153uvre rapide de d\u00e9brayage permet&#8230;<\/p>\n","protected":false},"featured_media":5184,"template":"","meta":{"_acf_changed":false,"_gspb_post_css":"","_kad_post_transparent":"default","_kad_post_title":"","_kad_post_layout":"default","_kad_post_sidebar_id":"","_kad_post_content_style":"default","_kad_post_vertical_padding":"default","_kad_post_feature":"","_kad_post_feature_position":"","_kad_post_header":false,"_kad_post_footer":false,"_kad_post_classname":""},"cosa-puoi-piantare":[527],"etichette":[2425],"nr-file":[441],"specifiche-tecniche":[1856,1892,1845,1853,1854,1855],"tipo-di-terreno":[],"tipo-di-zolla":[],"tipologie-macchine":[1101],"product_brand":[],"product_cat":[1089],"product_tag":[],"class_list":{"0":"post-6749","1":"product","2":"type-product","3":"status-publish","4":"has-post-thumbnail","6":"cosa-puoi-piantare-fraises","7":"etichette-top-seller","8":"nr-file-1-fr","9":"specifiche-tecniche-socs-convoyeurs-rouleau-de-nivellement-en-inox-et-disques-de-buttage","10":"specifiche-tecniche-discs-de-buttage-arriere","11":"specifiche-tecniche-compatible-avec-films-biodegradables","12":"specifiche-tecniche-hauteur-plate-bande-min-10-cm-max-30-cm-4-12","13":"specifiche-tecniche-largeur-de-la-zone-haute-de-repiquage-min-45-cm-max-90-cm-18-35","14":"specifiche-tecniche-distance-entre-butte-min-30-cm-12","15":"tipologie-macchine-butteuses-derouleuses","16":"product_cat-derouleuses-et-butteuses","18":"first","19":"instock","20":"virtual","21":"product-type-simple","22":"entry","23":"content-bg","24":"loop-entry"},"acf":[],"yoast_head":"<!-- This site is optimized with the Yoast SEO plugin v27.2 - https:\/\/yoast.com\/product\/yoast-seo-wordpress\/ -->\n<title>Butteuses AL-S14 Plus - Checchi &amp; Magli<\/title>\n<meta name=\"description\" content=\"Butteuses AL-S14 PLUS : R\u00e9alise simultan\u00e9ment le buttage du sol et la pose du film de paillage, \u00e9galement biod\u00e9gradable. Id\u00e9ale pour la culture des fraises.\" \/>\n<meta name=\"robots\" content=\"index, follow, max-snippet:-1, max-image-preview:large, max-video-preview:-1\" \/>\n<link rel=\"canonical\" href=\"https:\/\/www.checchiemagli.com\/fr\/butteuses-derouleuses\/al-s14-plus\/\" \/>\n<meta property=\"og:locale\" content=\"fr_FR\" \/>\n<meta property=\"og:type\" content=\"article\" \/>\n<meta property=\"og:title\" content=\"Butteuses AL-S14 Plus - Checchi &amp; Magli\" \/>\n<meta property=\"og:description\" content=\"Butteuses AL-S14 PLUS : R\u00e9alise simultan\u00e9ment le buttage du sol et la pose du film de paillage, \u00e9galement biod\u00e9gradable. Id\u00e9ale pour la culture des fraises.\" \/>\n<meta property=\"og:url\" content=\"https:\/\/www.checchiemagli.com\/fr\/butteuses-derouleuses\/al-s14-plus\/\" \/>\n<meta property=\"og:site_name\" content=\"Checchi e Magli\" \/>\n<meta property=\"article:publisher\" content=\"https:\/\/www.facebook.com\/checchiemagli\/\" \/>\n<meta property=\"article:modified_time\" content=\"2025-10-28T14:24:03+00:00\" \/>\n<meta property=\"og:image\" content=\"https:\/\/www.checchiemagli.com\/wp-content\/uploads\/2025\/03\/AL-S14-PLUS.png\" \/>\n\t<meta property=\"og:image:width\" content=\"768\" \/>\n\t<meta property=\"og:image:height\" content=\"576\" \/>\n\t<meta property=\"og:image:type\" content=\"image\/png\" \/>\n<meta name=\"twitter:card\" content=\"summary_large_image\" \/>\n<meta name=\"twitter:site\" content=\"@checchiemagli\" \/>\n<meta name=\"twitter:label1\" content=\"Dur\u00e9e de lecture estim\u00e9e\" \/>\n\t<meta name=\"twitter:data1\" content=\"1 minute\" \/>\n<!-- \/ Yoast SEO plugin. -->","yoast_head_json":{"title":"Butteuses AL-S14 Plus - Checchi & Magli","description":"Butteuses AL-S14 PLUS : R\u00e9alise simultan\u00e9ment le buttage du sol et la pose du film de paillage, \u00e9galement biod\u00e9gradable. Id\u00e9ale pour la culture des fraises.","robots":{"index":"index","follow":"follow","max-snippet":"max-snippet:-1","max-image-preview":"max-image-preview:large","max-video-preview":"max-video-preview:-1"},"canonical":"https:\/\/www.checchiemagli.com\/fr\/butteuses-derouleuses\/al-s14-plus\/","og_locale":"fr_FR","og_type":"article","og_title":"Butteuses AL-S14 Plus - Checchi & Magli","og_description":"Butteuses AL-S14 PLUS : R\u00e9alise simultan\u00e9ment le buttage du sol et la pose du film de paillage, \u00e9galement biod\u00e9gradable. Id\u00e9ale pour la culture des fraises.","og_url":"https:\/\/www.checchiemagli.com\/fr\/butteuses-derouleuses\/al-s14-plus\/","og_site_name":"Checchi e Magli","article_publisher":"https:\/\/www.facebook.com\/checchiemagli\/","article_modified_time":"2025-10-28T14:24:03+00:00","og_image":[{"width":768,"height":576,"url":"https:\/\/www.checchiemagli.com\/wp-content\/uploads\/2025\/03\/AL-S14-PLUS.png","type":"image\/png"}],"twitter_card":"summary_large_image","twitter_site":"@checchiemagli","twitter_misc":{"Dur\u00e9e de lecture estim\u00e9e":"1 minute"},"schema":{"@context":"https:\/\/schema.org","@graph":[{"@type":"WebPage","@id":"https:\/\/www.checchiemagli.com\/fr\/butteuses-derouleuses\/al-s14-plus\/","url":"https:\/\/www.checchiemagli.com\/fr\/butteuses-derouleuses\/al-s14-plus\/","name":"Butteuses AL-S14 Plus - Checchi & Magli","isPartOf":{"@id":"https:\/\/www.checchiemagli.com\/fr\/#website"},"primaryImageOfPage":{"@id":"https:\/\/www.checchiemagli.com\/fr\/butteuses-derouleuses\/al-s14-plus\/#primaryimage"},"image":{"@id":"https:\/\/www.checchiemagli.com\/fr\/butteuses-derouleuses\/al-s14-plus\/#primaryimage"},"thumbnailUrl":"https:\/\/www.checchiemagli.com\/wp-content\/uploads\/2025\/03\/AL-S14-PLUS.png","datePublished":"2025-03-04T11:36:44+00:00","dateModified":"2025-10-28T14:24:03+00:00","description":"Butteuses AL-S14 PLUS : R\u00e9alise simultan\u00e9ment le buttage du sol et la pose du film de paillage, \u00e9galement biod\u00e9gradable. Id\u00e9ale pour la culture des fraises.","breadcrumb":{"@id":"https:\/\/www.checchiemagli.com\/fr\/butteuses-derouleuses\/al-s14-plus\/#breadcrumb"},"inLanguage":"fr-FR","potentialAction":[{"@type":"ReadAction","target":["https:\/\/www.checchiemagli.com\/fr\/butteuses-derouleuses\/al-s14-plus\/"]}]},{"@type":"ImageObject","inLanguage":"fr-FR","@id":"https:\/\/www.checchiemagli.com\/fr\/butteuses-derouleuses\/al-s14-plus\/#primaryimage","url":"https:\/\/www.checchiemagli.com\/wp-content\/uploads\/2025\/03\/AL-S14-PLUS.png","contentUrl":"https:\/\/www.checchiemagli.com\/wp-content\/uploads\/2025\/03\/AL-S14-PLUS.png","width":768,"height":576},{"@type":"BreadcrumbList","@id":"https:\/\/www.checchiemagli.com\/fr\/butteuses-derouleuses\/al-s14-plus\/#breadcrumb","itemListElement":[{"@type":"ListItem","position":1,"name":"Home","item":"https:\/\/www.checchiemagli.com\/fr\/"},{"@type":"ListItem","position":2,"name":"Machinerie","item":"https:\/\/www.checchiemagli.com\/fr\/machinerie\/"},{"@type":"ListItem","position":3,"name":"D\u00e9rouleuses et Butteuses","item":"https:\/\/www.checchiemagli.com\/fr\/machinerie\/derouleuses-et-butteuses\/"},{"@type":"ListItem","position":4,"name":"AL-S14 Plus"}]},{"@type":"WebSite","@id":"https:\/\/www.checchiemagli.com\/fr\/#website","url":"https:\/\/www.checchiemagli.com\/fr\/","name":"Checchi&Magli","description":"Produzione e Distribuzione di Macchine Agricole","publisher":{"@id":"https:\/\/www.checchiemagli.com\/fr\/#organization"},"potentialAction":[{"@type":"SearchAction","target":{"@type":"EntryPoint","urlTemplate":"https:\/\/www.checchiemagli.com\/fr\/?s={search_term_string}"},"query-input":{"@type":"PropertyValueSpecification","valueRequired":true,"valueName":"search_term_string"}}],"inLanguage":"fr-FR"},{"@type":"Organization","@id":"https:\/\/www.checchiemagli.com\/fr\/#organization","name":"Checchi&Magli","url":"https:\/\/www.checchiemagli.com\/fr\/","logo":{"@type":"ImageObject","inLanguage":"fr-FR","@id":"https:\/\/www.checchiemagli.com\/fr\/#\/schema\/logo\/image\/","url":"https:\/\/www.checchiemagli.com\/wp-content\/uploads\/2025\/03\/logo.png","contentUrl":"https:\/\/www.checchiemagli.com\/wp-content\/uploads\/2025\/03\/logo.png","width":633,"height":149,"caption":"Checchi&Magli"},"image":{"@id":"https:\/\/www.checchiemagli.com\/fr\/#\/schema\/logo\/image\/"},"sameAs":["https:\/\/www.facebook.com\/checchiemagli\/","https:\/\/x.com\/checchiemagli","https:\/\/www.youtube.com\/user\/checchiemagli","https:\/\/www.instagram.com\/checchiemagli\/","https:\/\/www.linkedin.com\/company\/checchiemagli\/"]}]}},"_links":{"self":[{"href":"https:\/\/www.checchiemagli.com\/fr\/wp-json\/wp\/v2\/product\/6749","targetHints":{"allow":["GET"]}}],"collection":[{"href":"https:\/\/www.checchiemagli.com\/fr\/wp-json\/wp\/v2\/product"}],"about":[{"href":"https:\/\/www.checchiemagli.com\/fr\/wp-json\/wp\/v2\/types\/product"}],"wp:featuredmedia":[{"embeddable":true,"href":"https:\/\/www.checchiemagli.com\/fr\/wp-json\/wp\/v2\/media\/5184"}],"wp:attachment":[{"href":"https:\/\/www.checchiemagli.com\/fr\/wp-json\/wp\/v2\/media?parent=6749"}],"wp:term":[{"taxonomy":"cosa-puoi-piantare","embeddable":true,"href":"https:\/\/www.checchiemagli.com\/fr\/wp-json\/wp\/v2\/cosa-puoi-piantare?post=6749"},{"taxonomy":"etichette","embeddable":true,"href":"https:\/\/www.checchiemagli.com\/fr\/wp-json\/wp\/v2\/etichette?post=6749"},{"taxonomy":"nr-file","embeddable":true,"href":"https:\/\/www.checchiemagli.com\/fr\/wp-json\/wp\/v2\/nr-file?post=6749"},{"taxonomy":"specifiche-tecniche","embeddable":true,"href":"https:\/\/www.checchiemagli.com\/fr\/wp-json\/wp\/v2\/specifiche-tecniche?post=6749"},{"taxonomy":"tipo-di-terreno","embeddable":true,"href":"https:\/\/www.checchiemagli.com\/fr\/wp-json\/wp\/v2\/tipo-di-terreno?post=6749"},{"taxonomy":"tipo-di-zolla","embeddable":true,"href":"https:\/\/www.checchiemagli.com\/fr\/wp-json\/wp\/v2\/tipo-di-zolla?post=6749"},{"taxonomy":"tipologie-macchine","embeddable":true,"href":"https:\/\/www.checchiemagli.com\/fr\/wp-json\/wp\/v2\/tipologie-macchine?post=6749"},{"taxonomy":"product_brand","embeddable":true,"href":"https:\/\/www.checchiemagli.com\/fr\/wp-json\/wp\/v2\/product_brand?post=6749"},{"taxonomy":"product_cat","embeddable":true,"href":"https:\/\/www.checchiemagli.com\/fr\/wp-json\/wp\/v2\/product_cat?post=6749"},{"taxonomy":"product_tag","embeddable":true,"href":"https:\/\/www.checchiemagli.com\/fr\/wp-json\/wp\/v2\/product_tag?post=6749"}],"curies":[{"name":"wp","href":"https:\/\/api.w.org\/{rel}","templated":true}]}}