{"id":6724,"date":"2025-03-04T12:36:44","date_gmt":"2025-03-04T11:36:44","guid":{"rendered":"https:\/\/www.checchiemagli.com\/prodotto\/sp-onion\/"},"modified":"2025-10-02T13:10:27","modified_gmt":"2025-10-02T11:10:27","slug":"sp-onion","status":"publish","type":"product","link":"https:\/\/www.checchiemagli.com\/fr\/machine-pour-les-oignons\/sp-onion\/","title":{"rendered":"SP onion"},"content":{"rendered":"<p><strong>Deux rangs en un seul passage!<\/strong> Arracheuse de oignons \u00e0 bande \u00e0 deux rang\u00e9es, largeur de la machine 160 cm\/63&#8243;.<br \/>\nDisques de coupe frontaux r\u00e9glables en hauteur par v\u00e9rins manuels, arbre de creusement double torsion vers le centre pour \u00e9radiquer \u00e0 la fois le produit et les mauvaises herbes,<br \/>\nRouleau flexible arri\u00e8re pleine largeur pour le compactage du sol.<br \/>\nProduction approximative jusqu&#8217;\u00e0 4 ha (10 ac)\/jour.<\/p>\n","protected":false},"excerpt":{"rendered":"<p>Deux rangs en un seul passage! Arracheuse de oignons \u00e0 bande \u00e0 deux rang\u00e9es, largeur de la machine 160 cm\/63&#8243;. Disques de coupe frontaux r\u00e9glables en hauteur par v\u00e9rins manuels, arbre de creusement double torsion vers le centre pour \u00e9radiquer \u00e0 la fois le produit et les mauvaises herbes, Rouleau flexible arri\u00e8re pleine largeur pour&#8230;<\/p>\n","protected":false},"featured_media":3270,"template":"","meta":{"_acf_changed":false,"_gspb_post_css":"","_kad_post_transparent":"default","_kad_post_title":"","_kad_post_layout":"default","_kad_post_sidebar_id":"","_kad_post_content_style":"default","_kad_post_vertical_padding":"default","_kad_post_feature":"","_kad_post_feature_position":"","_kad_post_header":false,"_kad_post_footer":false,"_kad_post_classname":""},"cosa-puoi-piantare":[499],"etichette":[],"nr-file":[442],"specifiche-tecniche":[1872,1875,1876,1877,1878],"tipo-di-terreno":[427],"tipo-di-zolla":[],"tipologie-macchine":[1135],"product_brand":[],"product_cat":[1094],"product_tag":[],"class_list":{"0":"post-6724","1":"product","2":"type-product","3":"status-publish","4":"has-post-thumbnail","6":"cosa-puoi-piantare-oignons","7":"nr-file-2-fr","8":"specifiche-tecniche-tamis-de-nettoyage-du-produit-avec-agitateur-a-intensite-reglable","9":"specifiche-tecniche-disques-de-coupe-avant-avec-anneaux-anti-affaissement","10":"specifiche-tecniche-arbre-dexcavation-en-double-torsion-vers-le-centre-pour-deraciner-cultures-et-adventices","11":"specifiche-tecniche-roues-dappui-arriere-avec-rouleau-flex-arriere-pour-compactage","12":"specifiche-tecniche-3-modes-de-fonctionnement-roues-rouleau-rouleau-uniquement-ou-roues-uniquement","13":"tipo-di-terreno-terre-nue","14":"tipologie-macchine-arracheuse-de-oignon","15":"product_cat-pommes-de-terre-et-oignons","17":"first","18":"instock","19":"virtual","20":"product-type-simple","21":"entry","22":"content-bg","23":"loop-entry"},"acf":[],"yoast_head":"<!-- This site is optimized with the Yoast SEO plugin v27.2 - https:\/\/yoast.com\/product\/yoast-seo-wordpress\/ -->\n<title>Arracheuse d&#039;Oignons SP onion - Checchi &amp; Magli<\/title>\n<meta name=\"description\" content=\"Machine pour oignons : La SP Onion est destin\u00e9e \u00e0 la r\u00e9colte de toutes vari\u00e9t\u00e9s d&#039;oignons et a \u00e9t\u00e9 con\u00e7ue pour un usage professionnel.\" \/>\n<meta name=\"robots\" content=\"index, follow, max-snippet:-1, max-image-preview:large, max-video-preview:-1\" \/>\n<link rel=\"canonical\" href=\"https:\/\/www.checchiemagli.com\/fr\/machine-pour-les-oignons\/sp-onion\/\" \/>\n<meta property=\"og:locale\" content=\"fr_FR\" \/>\n<meta property=\"og:type\" content=\"article\" \/>\n<meta property=\"og:title\" content=\"Arracheuse d&#039;Oignons SP onion - Checchi &amp; Magli\" \/>\n<meta property=\"og:description\" content=\"Machine pour oignons : La SP Onion est destin\u00e9e \u00e0 la r\u00e9colte de toutes vari\u00e9t\u00e9s d&#039;oignons et a \u00e9t\u00e9 con\u00e7ue pour un usage professionnel.\" \/>\n<meta property=\"og:url\" content=\"https:\/\/www.checchiemagli.com\/fr\/machine-pour-les-oignons\/sp-onion\/\" \/>\n<meta property=\"og:site_name\" content=\"Checchi e Magli\" \/>\n<meta property=\"article:publisher\" content=\"https:\/\/www.facebook.com\/checchiemagli\/\" \/>\n<meta property=\"article:modified_time\" content=\"2025-10-02T11:10:27+00:00\" \/>\n<meta property=\"og:image\" content=\"https:\/\/www.checchiemagli.com\/wp-content\/uploads\/2025\/03\/SP-ONION-GENERALE-2-1.png\" \/>\n\t<meta property=\"og:image:width\" content=\"800\" \/>\n\t<meta property=\"og:image:height\" content=\"543\" \/>\n\t<meta property=\"og:image:type\" content=\"image\/png\" \/>\n<meta name=\"twitter:card\" content=\"summary_large_image\" \/>\n<meta name=\"twitter:site\" content=\"@checchiemagli\" \/>\n<meta name=\"twitter:label1\" content=\"Dur\u00e9e de lecture estim\u00e9e\" \/>\n\t<meta name=\"twitter:data1\" content=\"1 minute\" \/>\n<!-- \/ Yoast SEO plugin. -->","yoast_head_json":{"title":"Arracheuse d'Oignons SP onion - Checchi & Magli","description":"Machine pour oignons : La SP Onion est destin\u00e9e \u00e0 la r\u00e9colte de toutes vari\u00e9t\u00e9s d'oignons et a \u00e9t\u00e9 con\u00e7ue pour un usage professionnel.","robots":{"index":"index","follow":"follow","max-snippet":"max-snippet:-1","max-image-preview":"max-image-preview:large","max-video-preview":"max-video-preview:-1"},"canonical":"https:\/\/www.checchiemagli.com\/fr\/machine-pour-les-oignons\/sp-onion\/","og_locale":"fr_FR","og_type":"article","og_title":"Arracheuse d'Oignons SP onion - Checchi & Magli","og_description":"Machine pour oignons : La SP Onion est destin\u00e9e \u00e0 la r\u00e9colte de toutes vari\u00e9t\u00e9s d'oignons et a \u00e9t\u00e9 con\u00e7ue pour un usage professionnel.","og_url":"https:\/\/www.checchiemagli.com\/fr\/machine-pour-les-oignons\/sp-onion\/","og_site_name":"Checchi e Magli","article_publisher":"https:\/\/www.facebook.com\/checchiemagli\/","article_modified_time":"2025-10-02T11:10:27+00:00","og_image":[{"width":800,"height":543,"url":"https:\/\/www.checchiemagli.com\/wp-content\/uploads\/2025\/03\/SP-ONION-GENERALE-2-1.png","type":"image\/png"}],"twitter_card":"summary_large_image","twitter_site":"@checchiemagli","twitter_misc":{"Dur\u00e9e de lecture estim\u00e9e":"1 minute"},"schema":{"@context":"https:\/\/schema.org","@graph":[{"@type":"WebPage","@id":"https:\/\/www.checchiemagli.com\/fr\/machine-pour-les-oignons\/sp-onion\/","url":"https:\/\/www.checchiemagli.com\/fr\/machine-pour-les-oignons\/sp-onion\/","name":"Arracheuse d'Oignons SP onion - Checchi & Magli","isPartOf":{"@id":"https:\/\/www.checchiemagli.com\/fr\/#website"},"primaryImageOfPage":{"@id":"https:\/\/www.checchiemagli.com\/fr\/machine-pour-les-oignons\/sp-onion\/#primaryimage"},"image":{"@id":"https:\/\/www.checchiemagli.com\/fr\/machine-pour-les-oignons\/sp-onion\/#primaryimage"},"thumbnailUrl":"https:\/\/www.checchiemagli.com\/wp-content\/uploads\/2025\/03\/SP-ONION-GENERALE-2-1.png","datePublished":"2025-03-04T11:36:44+00:00","dateModified":"2025-10-02T11:10:27+00:00","description":"Machine pour oignons : La SP Onion est destin\u00e9e \u00e0 la r\u00e9colte de toutes vari\u00e9t\u00e9s d'oignons et a \u00e9t\u00e9 con\u00e7ue pour un usage professionnel.","breadcrumb":{"@id":"https:\/\/www.checchiemagli.com\/fr\/machine-pour-les-oignons\/sp-onion\/#breadcrumb"},"inLanguage":"fr-FR","potentialAction":[{"@type":"ReadAction","target":["https:\/\/www.checchiemagli.com\/fr\/machine-pour-les-oignons\/sp-onion\/"]}]},{"@type":"ImageObject","inLanguage":"fr-FR","@id":"https:\/\/www.checchiemagli.com\/fr\/machine-pour-les-oignons\/sp-onion\/#primaryimage","url":"https:\/\/www.checchiemagli.com\/wp-content\/uploads\/2025\/03\/SP-ONION-GENERALE-2-1.png","contentUrl":"https:\/\/www.checchiemagli.com\/wp-content\/uploads\/2025\/03\/SP-ONION-GENERALE-2-1.png","width":800,"height":543},{"@type":"BreadcrumbList","@id":"https:\/\/www.checchiemagli.com\/fr\/machine-pour-les-oignons\/sp-onion\/#breadcrumb","itemListElement":[{"@type":"ListItem","position":1,"name":"Home","item":"https:\/\/www.checchiemagli.com\/fr\/"},{"@type":"ListItem","position":2,"name":"Machinerie","item":"https:\/\/www.checchiemagli.com\/fr\/machinerie\/"},{"@type":"ListItem","position":3,"name":"Pommes de terre et Oignons","item":"https:\/\/www.checchiemagli.com\/fr\/machinerie\/pommes-de-terre-et-oignons\/"},{"@type":"ListItem","position":4,"name":"SP onion"}]},{"@type":"WebSite","@id":"https:\/\/www.checchiemagli.com\/fr\/#website","url":"https:\/\/www.checchiemagli.com\/fr\/","name":"Checchi&Magli","description":"Produzione e Distribuzione di Macchine Agricole","publisher":{"@id":"https:\/\/www.checchiemagli.com\/fr\/#organization"},"potentialAction":[{"@type":"SearchAction","target":{"@type":"EntryPoint","urlTemplate":"https:\/\/www.checchiemagli.com\/fr\/?s={search_term_string}"},"query-input":{"@type":"PropertyValueSpecification","valueRequired":true,"valueName":"search_term_string"}}],"inLanguage":"fr-FR"},{"@type":"Organization","@id":"https:\/\/www.checchiemagli.com\/fr\/#organization","name":"Checchi&Magli","url":"https:\/\/www.checchiemagli.com\/fr\/","logo":{"@type":"ImageObject","inLanguage":"fr-FR","@id":"https:\/\/www.checchiemagli.com\/fr\/#\/schema\/logo\/image\/","url":"https:\/\/www.checchiemagli.com\/wp-content\/uploads\/2025\/03\/logo.png","contentUrl":"https:\/\/www.checchiemagli.com\/wp-content\/uploads\/2025\/03\/logo.png","width":633,"height":149,"caption":"Checchi&Magli"},"image":{"@id":"https:\/\/www.checchiemagli.com\/fr\/#\/schema\/logo\/image\/"},"sameAs":["https:\/\/www.facebook.com\/checchiemagli\/","https:\/\/x.com\/checchiemagli","https:\/\/www.youtube.com\/user\/checchiemagli","https:\/\/www.instagram.com\/checchiemagli\/","https:\/\/www.linkedin.com\/company\/checchiemagli\/"]}]}},"_links":{"self":[{"href":"https:\/\/www.checchiemagli.com\/fr\/wp-json\/wp\/v2\/product\/6724","targetHints":{"allow":["GET"]}}],"collection":[{"href":"https:\/\/www.checchiemagli.com\/fr\/wp-json\/wp\/v2\/product"}],"about":[{"href":"https:\/\/www.checchiemagli.com\/fr\/wp-json\/wp\/v2\/types\/product"}],"wp:featuredmedia":[{"embeddable":true,"href":"https:\/\/www.checchiemagli.com\/fr\/wp-json\/wp\/v2\/media\/3270"}],"wp:attachment":[{"href":"https:\/\/www.checchiemagli.com\/fr\/wp-json\/wp\/v2\/media?parent=6724"}],"wp:term":[{"taxonomy":"cosa-puoi-piantare","embeddable":true,"href":"https:\/\/www.checchiemagli.com\/fr\/wp-json\/wp\/v2\/cosa-puoi-piantare?post=6724"},{"taxonomy":"etichette","embeddable":true,"href":"https:\/\/www.checchiemagli.com\/fr\/wp-json\/wp\/v2\/etichette?post=6724"},{"taxonomy":"nr-file","embeddable":true,"href":"https:\/\/www.checchiemagli.com\/fr\/wp-json\/wp\/v2\/nr-file?post=6724"},{"taxonomy":"specifiche-tecniche","embeddable":true,"href":"https:\/\/www.checchiemagli.com\/fr\/wp-json\/wp\/v2\/specifiche-tecniche?post=6724"},{"taxonomy":"tipo-di-terreno","embeddable":true,"href":"https:\/\/www.checchiemagli.com\/fr\/wp-json\/wp\/v2\/tipo-di-terreno?post=6724"},{"taxonomy":"tipo-di-zolla","embeddable":true,"href":"https:\/\/www.checchiemagli.com\/fr\/wp-json\/wp\/v2\/tipo-di-zolla?post=6724"},{"taxonomy":"tipologie-macchine","embeddable":true,"href":"https:\/\/www.checchiemagli.com\/fr\/wp-json\/wp\/v2\/tipologie-macchine?post=6724"},{"taxonomy":"product_brand","embeddable":true,"href":"https:\/\/www.checchiemagli.com\/fr\/wp-json\/wp\/v2\/product_brand?post=6724"},{"taxonomy":"product_cat","embeddable":true,"href":"https:\/\/www.checchiemagli.com\/fr\/wp-json\/wp\/v2\/product_cat?post=6724"},{"taxonomy":"product_tag","embeddable":true,"href":"https:\/\/www.checchiemagli.com\/fr\/wp-json\/wp\/v2\/product_tag?post=6724"}],"curies":[{"name":"wp","href":"https:\/\/api.w.org\/{rel}","templated":true}]}}