{"id":6714,"date":"2025-03-04T12:36:39","date_gmt":"2025-03-04T11:36:39","guid":{"rendered":"https:\/\/www.checchiemagli.com\/prodotto\/seedpro-e\/"},"modified":"2025-10-28T10:33:33","modified_gmt":"2025-10-28T09:33:33","slug":"seedpro-e","status":"publish","type":"product","link":"https:\/\/www.checchiemagli.com\/fr\/semoir\/seedpro-e\/","title":{"rendered":"SEEDPRO<i>e<\/i>"},"content":{"rendered":"<p><strong>Le seul au monde qui plante et seme sur paillage!\u00a0<\/strong>Semoir compatible avec les planteuses WOLF PRO et SMARTWOLF.<br \/>\nAlimentation \u00e9lectrique, chargement automatique des graines et synchronisation \u00e9lectrique du semoir\/planteuse.<br \/>\nDistributeur pneumatique avec disque \u00e0 24 trous (de 2 \u00e0 6,5 mm), adapt\u00e9 \u00e0 une grande vari\u00e9t\u00e9 de graines, dont les potimarrons, le melon, la past\u00e8que, les citrouils, les courgettes et les tomates, confites ou non.<br \/>\nElle garantit une production de 10.000 graines\/heure avec un rendement de 90 % et permet une conversion semis\/plantation rapide et facile.<br \/>\nUtilisable \u00e9galement sur sol nu, elle est recommand\u00e9e aux agriculteurs qui alternent entre repiquage et semis selon la saison.<br \/>\nSur demande, arrosage \u00e9lectrique localis\u00e9 et synchronis\u00e9 pour chaque graine.<\/p>\n","protected":false},"excerpt":{"rendered":"<p>Le seul au monde qui plante et seme sur paillage!\u00a0Semoir compatible avec les planteuses WOLF PRO et SMARTWOLF. Alimentation \u00e9lectrique, chargement automatique des graines et synchronisation \u00e9lectrique du semoir\/planteuse. Distributeur pneumatique avec disque \u00e0 24 trous (de 2 \u00e0 6,5 mm), adapt\u00e9 \u00e0 une grande vari\u00e9t\u00e9 de graines, dont les potimarrons, le melon, la past\u00e8que,&#8230;<\/p>\n","protected":false},"featured_media":9773,"template":"","meta":{"_acf_changed":false,"_gspb_post_css":"","_kad_post_transparent":"default","_kad_post_title":"","_kad_post_layout":"default","_kad_post_sidebar_id":"","_kad_post_content_style":"default","_kad_post_vertical_padding":"default","_kad_post_feature":"","_kad_post_feature_position":"","_kad_post_header":false,"_kad_post_footer":false,"_kad_post_classname":""},"cosa-puoi-piantare":[547,571,587,591,531,523],"etichette":[],"nr-file":[442,443,444,445,446,447,441],"specifiche-tecniche":[1881,1801,1836,1837,1838,1839,1840,1841,1842,1845],"tipo-di-terreno":[427,432],"tipo-di-zolla":[407],"tipologie-macchine":[997],"product_brand":[],"product_cat":[395],"product_tag":[],"class_list":{"0":"post-6714","1":"product","2":"type-product","3":"status-publish","4":"has-post-thumbnail","6":"cosa-puoi-piantare-concombres","7":"cosa-puoi-piantare-tomates","8":"cosa-puoi-piantare-citrouille","9":"cosa-puoi-piantare-courgettes","10":"cosa-puoi-piantare-melon-fr","11":"cosa-puoi-piantare-pasteque","12":"nr-file-2-fr","13":"nr-file-3-fr","14":"nr-file-4-fr","15":"nr-file-5-fr","16":"nr-file-6-fr","17":"nr-file-6-rangs","18":"nr-file-1-fr","19":"specifiche-tecniche-compatible-avec-wolf-pro-et-smartwolf","20":"specifiche-tecniche-systeme-darrosage-electrique-localise-et-synchronise-unique-au-monde-en-option","21":"specifiche-tecniche-alimentation-electrique","22":"specifiche-tecniche-chargement-automatique-des-graines","23":"specifiche-tecniche-depressionneur-actionne-electriquement","24":"specifiche-tecniche-godets-a-ouverture-reglable","25":"specifiche-tecniche-10-000-graines-h","26":"specifiche-tecniche-conversion-semis-plantation-rapide-et-facile","27":"specifiche-tecniche-synchronisation-electrique-semoir-planteuse","28":"specifiche-tecniche-compatible-avec-films-biodegradables","29":"tipo-di-terreno-terre-nue","30":"tipo-di-terreno-terre-paillee","31":"tipo-di-zolla-graine","32":"tipologie-macchine-semoir","33":"product_cat-semoirs","35":"first","36":"instock","37":"virtual","38":"product-type-simple","39":"entry","40":"content-bg","41":"loop-entry"},"acf":[],"yoast_head":"<!-- This site is optimized with the Yoast SEO plugin v27.2 - https:\/\/yoast.com\/product\/yoast-seo-wordpress\/ -->\n<title>Semoirs SEEDPRO-e - Checchi &amp; Magli<\/title>\n<meta name=\"description\" content=\"Semoirs SEEDPROe : La seule au monde pour semis et repiquage sur paillage ! Adapt\u00e9e \u00e0 une large vari\u00e9t\u00e9 de semences : melon, past\u00e8que, courges, courgettes et tomates.\" \/>\n<meta name=\"robots\" content=\"index, follow, max-snippet:-1, max-image-preview:large, max-video-preview:-1\" \/>\n<link rel=\"canonical\" href=\"https:\/\/www.checchiemagli.com\/fr\/semoir\/seedpro-e\/\" \/>\n<meta property=\"og:locale\" content=\"fr_FR\" \/>\n<meta property=\"og:type\" content=\"article\" \/>\n<meta property=\"og:title\" content=\"Semoirs SEEDPRO-e - Checchi &amp; Magli\" \/>\n<meta property=\"og:description\" content=\"Semoirs SEEDPROe : La seule au monde pour semis et repiquage sur paillage ! Adapt\u00e9e \u00e0 une large vari\u00e9t\u00e9 de semences : melon, past\u00e8que, courges, courgettes et tomates.\" \/>\n<meta property=\"og:url\" content=\"https:\/\/www.checchiemagli.com\/fr\/semoir\/seedpro-e\/\" \/>\n<meta property=\"og:site_name\" content=\"Checchi e Magli\" \/>\n<meta property=\"article:publisher\" content=\"https:\/\/www.facebook.com\/checchiemagli\/\" \/>\n<meta property=\"article:modified_time\" content=\"2025-10-28T09:33:33+00:00\" \/>\n<meta property=\"og:image\" content=\"https:\/\/www.checchiemagli.com\/wp-content\/uploads\/2025\/03\/SEEDPROe-1000x1000-1.png\" \/>\n\t<meta property=\"og:image:width\" content=\"1000\" \/>\n\t<meta property=\"og:image:height\" content=\"1000\" \/>\n\t<meta property=\"og:image:type\" content=\"image\/png\" \/>\n<meta name=\"twitter:card\" content=\"summary_large_image\" \/>\n<meta name=\"twitter:site\" content=\"@checchiemagli\" \/>\n<meta name=\"twitter:label1\" content=\"Dur\u00e9e de lecture estim\u00e9e\" \/>\n\t<meta name=\"twitter:data1\" content=\"1 minute\" \/>\n<!-- \/ Yoast SEO plugin. -->","yoast_head_json":{"title":"Semoirs SEEDPRO-e - Checchi & Magli","description":"Semoirs SEEDPROe : La seule au monde pour semis et repiquage sur paillage ! Adapt\u00e9e \u00e0 une large vari\u00e9t\u00e9 de semences : melon, past\u00e8que, courges, courgettes et tomates.","robots":{"index":"index","follow":"follow","max-snippet":"max-snippet:-1","max-image-preview":"max-image-preview:large","max-video-preview":"max-video-preview:-1"},"canonical":"https:\/\/www.checchiemagli.com\/fr\/semoir\/seedpro-e\/","og_locale":"fr_FR","og_type":"article","og_title":"Semoirs SEEDPRO-e - Checchi & Magli","og_description":"Semoirs SEEDPROe : La seule au monde pour semis et repiquage sur paillage ! Adapt\u00e9e \u00e0 une large vari\u00e9t\u00e9 de semences : melon, past\u00e8que, courges, courgettes et tomates.","og_url":"https:\/\/www.checchiemagli.com\/fr\/semoir\/seedpro-e\/","og_site_name":"Checchi e Magli","article_publisher":"https:\/\/www.facebook.com\/checchiemagli\/","article_modified_time":"2025-10-28T09:33:33+00:00","og_image":[{"width":1000,"height":1000,"url":"https:\/\/www.checchiemagli.com\/wp-content\/uploads\/2025\/03\/SEEDPROe-1000x1000-1.png","type":"image\/png"}],"twitter_card":"summary_large_image","twitter_site":"@checchiemagli","twitter_misc":{"Dur\u00e9e de lecture estim\u00e9e":"1 minute"},"schema":{"@context":"https:\/\/schema.org","@graph":[{"@type":"WebPage","@id":"https:\/\/www.checchiemagli.com\/fr\/semoir\/seedpro-e\/","url":"https:\/\/www.checchiemagli.com\/fr\/semoir\/seedpro-e\/","name":"Semoirs SEEDPRO-e - Checchi & Magli","isPartOf":{"@id":"https:\/\/www.checchiemagli.com\/fr\/#website"},"primaryImageOfPage":{"@id":"https:\/\/www.checchiemagli.com\/fr\/semoir\/seedpro-e\/#primaryimage"},"image":{"@id":"https:\/\/www.checchiemagli.com\/fr\/semoir\/seedpro-e\/#primaryimage"},"thumbnailUrl":"https:\/\/www.checchiemagli.com\/wp-content\/uploads\/2025\/03\/SEEDPROe-1000x1000-1.png","datePublished":"2025-03-04T11:36:39+00:00","dateModified":"2025-10-28T09:33:33+00:00","description":"Semoirs SEEDPROe : La seule au monde pour semis et repiquage sur paillage ! Adapt\u00e9e \u00e0 une large vari\u00e9t\u00e9 de semences : melon, past\u00e8que, courges, courgettes et tomates.","breadcrumb":{"@id":"https:\/\/www.checchiemagli.com\/fr\/semoir\/seedpro-e\/#breadcrumb"},"inLanguage":"fr-FR","potentialAction":[{"@type":"ReadAction","target":["https:\/\/www.checchiemagli.com\/fr\/semoir\/seedpro-e\/"]}]},{"@type":"ImageObject","inLanguage":"fr-FR","@id":"https:\/\/www.checchiemagli.com\/fr\/semoir\/seedpro-e\/#primaryimage","url":"https:\/\/www.checchiemagli.com\/wp-content\/uploads\/2025\/03\/SEEDPROe-1000x1000-1.png","contentUrl":"https:\/\/www.checchiemagli.com\/wp-content\/uploads\/2025\/03\/SEEDPROe-1000x1000-1.png","width":1000,"height":1000},{"@type":"BreadcrumbList","@id":"https:\/\/www.checchiemagli.com\/fr\/semoir\/seedpro-e\/#breadcrumb","itemListElement":[{"@type":"ListItem","position":1,"name":"Home","item":"https:\/\/www.checchiemagli.com\/fr\/"},{"@type":"ListItem","position":2,"name":"Machinerie","item":"https:\/\/www.checchiemagli.com\/fr\/machinerie\/"},{"@type":"ListItem","position":3,"name":"Semoirs","item":"https:\/\/www.checchiemagli.com\/fr\/machinerie\/semoirs\/"},{"@type":"ListItem","position":4,"name":"SEEDPROe"}]},{"@type":"WebSite","@id":"https:\/\/www.checchiemagli.com\/fr\/#website","url":"https:\/\/www.checchiemagli.com\/fr\/","name":"Checchi&Magli","description":"Produzione e Distribuzione di Macchine Agricole","publisher":{"@id":"https:\/\/www.checchiemagli.com\/fr\/#organization"},"potentialAction":[{"@type":"SearchAction","target":{"@type":"EntryPoint","urlTemplate":"https:\/\/www.checchiemagli.com\/fr\/?s={search_term_string}"},"query-input":{"@type":"PropertyValueSpecification","valueRequired":true,"valueName":"search_term_string"}}],"inLanguage":"fr-FR"},{"@type":"Organization","@id":"https:\/\/www.checchiemagli.com\/fr\/#organization","name":"Checchi&Magli","url":"https:\/\/www.checchiemagli.com\/fr\/","logo":{"@type":"ImageObject","inLanguage":"fr-FR","@id":"https:\/\/www.checchiemagli.com\/fr\/#\/schema\/logo\/image\/","url":"https:\/\/www.checchiemagli.com\/wp-content\/uploads\/2025\/03\/logo.png","contentUrl":"https:\/\/www.checchiemagli.com\/wp-content\/uploads\/2025\/03\/logo.png","width":633,"height":149,"caption":"Checchi&Magli"},"image":{"@id":"https:\/\/www.checchiemagli.com\/fr\/#\/schema\/logo\/image\/"},"sameAs":["https:\/\/www.facebook.com\/checchiemagli\/","https:\/\/x.com\/checchiemagli","https:\/\/www.youtube.com\/user\/checchiemagli","https:\/\/www.instagram.com\/checchiemagli\/","https:\/\/www.linkedin.com\/company\/checchiemagli\/"]}]}},"_links":{"self":[{"href":"https:\/\/www.checchiemagli.com\/fr\/wp-json\/wp\/v2\/product\/6714","targetHints":{"allow":["GET"]}}],"collection":[{"href":"https:\/\/www.checchiemagli.com\/fr\/wp-json\/wp\/v2\/product"}],"about":[{"href":"https:\/\/www.checchiemagli.com\/fr\/wp-json\/wp\/v2\/types\/product"}],"wp:featuredmedia":[{"embeddable":true,"href":"https:\/\/www.checchiemagli.com\/fr\/wp-json\/wp\/v2\/media\/9773"}],"wp:attachment":[{"href":"https:\/\/www.checchiemagli.com\/fr\/wp-json\/wp\/v2\/media?parent=6714"}],"wp:term":[{"taxonomy":"cosa-puoi-piantare","embeddable":true,"href":"https:\/\/www.checchiemagli.com\/fr\/wp-json\/wp\/v2\/cosa-puoi-piantare?post=6714"},{"taxonomy":"etichette","embeddable":true,"href":"https:\/\/www.checchiemagli.com\/fr\/wp-json\/wp\/v2\/etichette?post=6714"},{"taxonomy":"nr-file","embeddable":true,"href":"https:\/\/www.checchiemagli.com\/fr\/wp-json\/wp\/v2\/nr-file?post=6714"},{"taxonomy":"specifiche-tecniche","embeddable":true,"href":"https:\/\/www.checchiemagli.com\/fr\/wp-json\/wp\/v2\/specifiche-tecniche?post=6714"},{"taxonomy":"tipo-di-terreno","embeddable":true,"href":"https:\/\/www.checchiemagli.com\/fr\/wp-json\/wp\/v2\/tipo-di-terreno?post=6714"},{"taxonomy":"tipo-di-zolla","embeddable":true,"href":"https:\/\/www.checchiemagli.com\/fr\/wp-json\/wp\/v2\/tipo-di-zolla?post=6714"},{"taxonomy":"tipologie-macchine","embeddable":true,"href":"https:\/\/www.checchiemagli.com\/fr\/wp-json\/wp\/v2\/tipologie-macchine?post=6714"},{"taxonomy":"product_brand","embeddable":true,"href":"https:\/\/www.checchiemagli.com\/fr\/wp-json\/wp\/v2\/product_brand?post=6714"},{"taxonomy":"product_cat","embeddable":true,"href":"https:\/\/www.checchiemagli.com\/fr\/wp-json\/wp\/v2\/product_cat?post=6714"},{"taxonomy":"product_tag","embeddable":true,"href":"https:\/\/www.checchiemagli.com\/fr\/wp-json\/wp\/v2\/product_tag?post=6714"}],"curies":[{"name":"wp","href":"https:\/\/api.w.org\/{rel}","templated":true}]}}