{"id":6418,"date":"2025-05-05T12:29:12","date_gmt":"2025-05-05T10:29:12","guid":{"rendered":"https:\/\/www.checchiemagli.com\/documentazione\/"},"modified":"2025-06-27T09:36:47","modified_gmt":"2025-06-27T07:36:47","slug":"documentation","status":"publish","type":"page","link":"https:\/\/www.checchiemagli.com\/fr\/documentation\/","title":{"rendered":"Documentation"},"content":{"rendered":"<style>.gspb_container-id-gsbp-65697c8{flex-direction:column;box-sizing:border-box;}#gspb_container-id-gsbp-65697c8.gspb_container > p:last-of-type{margin-bottom:0}#gspb_container-id-gsbp-65697c8.gspb_container{position:relative;}<\/style>\n<div class=\"wp-block-greenshift-blocks-container gspb_container gspb_container-gsbp-65697c8\" id=\"gspb_container-id-gsbp-65697c8\"><style>.gspb_container-id-gsbp-689cd0c,.gspb_container-id-gsbp-ae5a102{flex-direction:column;box-sizing:border-box}#gspb_container-id-gsbp-689cd0c.gspb_container>p:last-of-type,#gspb_container-id-gsbp-ae5a102.gspb_container>p:last-of-type{margin-bottom:0}#gspb_container-id-gsbp-689cd0c.gspb_container,#gspb_container-id-gsbp-ae5a102.gspb_container{position:relative}@media (max-width:575.98px){body.gspb-bodyfront #gspb_container-id-gsbp-ae5a102.gspb_container{display:none!important}}@media (min-width:768px) and (max-width:991.98px){body.gspb-bodyfront #gspb_container-id-gsbp-ae5a102.gspb_container{display:none!important}}@media (min-width:576px) and (max-width:767.98px){body.gspb-bodyfront #gspb_container-id-gsbp-ae5a102.gspb_container{display:none!important}}@media (min-width:992px){body.gspb-bodyfront #gspb_container-id-gsbp-689cd0c.gspb_container{display:none!important}}<\/style><style>.gspb_container-id-gsbp-689cd0c,.gspb_container-id-gsbp-ae5a102{flex-direction:column;box-sizing:border-box}#gspb_container-id-gsbp-689cd0c.gspb_container>p:last-of-type,#gspb_container-id-gsbp-ae5a102.gspb_container>p:last-of-type{margin-bottom:0}#gspb_container-id-gsbp-689cd0c.gspb_container,#gspb_container-id-gsbp-ae5a102.gspb_container{position:relative}@media (max-width:575.98px){body.gspb-bodyfront #gspb_container-id-gsbp-ae5a102.gspb_container{display:none!important}}@media (min-width:768px) and (max-width:991.98px){body.gspb-bodyfront #gspb_container-id-gsbp-ae5a102.gspb_container{display:none!important}}@media (min-width:576px) and (max-width:767.98px){body.gspb-bodyfront #gspb_container-id-gsbp-ae5a102.gspb_container{display:none!important}}@media (min-width:992px){body.gspb-bodyfront #gspb_container-id-gsbp-689cd0c.gspb_container{display:none!important}}<\/style>\n<div class=\"wp-block-greenshift-blocks-container gspb_container gspb_container-gsbp-ae5a102\" id=\"gspb_container-id-gsbp-ae5a102\">\n<div style=\"height:143px\" aria-hidden=\"true\" class=\"wp-block-spacer\"><\/div>\n<\/div>\n\n\n\n<div class=\"wp-block-greenshift-blocks-container gspb_container gspb_container-gsbp-689cd0c\" id=\"gspb_container-id-gsbp-689cd0c\">\n<div style=\"height:80px\" aria-hidden=\"true\" class=\"wp-block-spacer\"><\/div>\n<\/div>\n\n\n<style><\/style><style><\/style>\n<div style=\"height:5vw\" aria-hidden=\"true\" class=\"wp-block-spacer\"><\/div>\n\n\n<style>#gspb_row-id-gsbp-9933de7{justify-content:space-between;margin-top:0px;margin-bottom:0px;display:flex;flex-wrap:wrap;}#gspb_row-id-gsbp-9933de7 > .gspb_row__content{display:flex;justify-content:space-between;margin:0 auto;width:100%;flex-wrap:wrap;}.gspb_row{position:relative;}div[id^=gspb_col-id]{box-sizing:border-box;position:relative;}div[id^=gspb_col-id]{padding:var(--gs-row-column-padding,15px min(3vw,20px));}#gspb_row-id-gsbp-9933de7 > .gspb_row__content{align-items:center;justify-content:center;}body.gspb-bodyfront #gspb_row-id-gsbp-9933de7 > .gspb_row__content{max-width:var(--global-content-width,1200px);}#gspb_row-id-gsbp-9933de7{align-content:center;}<\/style>\n<div class=\"wp-block-greenshift-blocks-row alignfull gspb_row gspb_row-id-gsbp-9933de7 gspb_row--gutter-60\" id=\"gspb_row-id-gsbp-9933de7\"><div class=\"gspb_row__content\"> <style>#gspb_col-id-gsbp-3017a8c.gspb_row__col--6{width:calc(50% - 30px);}@media (max-width:991.98px){#gspb_col-id-gsbp-3017a8c.gspb_row__col--6{width:calc(50% - 30px);}}@media (max-width:767.98px){#gspb_col-id-gsbp-3017a8c.gspb_row__col--6{width:calc(50% - 30px);}}@media (max-width:575.98px){#gspb_col-id-gsbp-3017a8c.gspb_row__col--6{width:100%;}}@media (min-width:992px){body.gspb-bodyfront #gspb_col-id-gsbp-3017a8c.gspb_row__col--6{width:calc(60% - 30px - 0px)}}<\/style>\n<div class=\"wp-block-greenshift-blocks-row-column gspb_row__col--6 gspb_col-id-gsbp-3017a8c\" id=\"gspb_col-id-gsbp-3017a8c\"><style>#gspb_image-id-gsbp-0710ecd img{vertical-align:top;}#gspb_image-id-gsbp-0710ecd img{display:inline-block;box-sizing:border-box;max-width:100%;height:auto;}#gspb_image-id-gsbp-0710ecd img{border-top-left-radius:10px;border-top-right-radius:10px;border-bottom-right-radius:10px;border-bottom-left-radius:10px;}#gspb_image-id-gsbp-0710ecd img{transition-duration:0.8s;}#gspb_image-id-gsbp-0710ecd img{transition-timing-function:var(--gs-root-animation-easing,cubic-bezier(0.42,0,0.58,1));}#gspb_image-id-gsbp-0710ecd img{opacity:var(--gs-root-animation-opacity,0);transition-property:opacity,transform,filter;}#gspb_image-id-gsbp-0710ecd img.aos-animate,#gspb_image-id-gsbp-0710ecd img[data-gs-aos]{opacity:1;transform:translateZ(0);}#gspb_image-id-gsbp-0710ecd img{transform:var(--gs-root-animation-transform,translate3d(0,calc(max(50px,15%)),0));}<\/style>\n<div class=\"wp-block-greenshift-blocks-image gspb_image gspb_image-id-gsbp-0710ecd\" id=\"gspb_image-id-gsbp-0710ecd\"><img decoding=\"async\" src=\"https:\/\/www.checchiemagli.com\/wp-content\/uploads\/2025\/04\/optional_PORTAVASSOI-TRASVERSALI-2-RIPIANI.jpg\" data-src=\"\" alt=\"\" loading=\"lazy\" width=\"800\" height=\"600\" data-aos=\"fade-up\" data-aos-easing=\"ease\" data-aos-duration=\"800\" data-aos-once=\"true\"\/><\/div>\n<\/div>\n\n\n<style>#gspb_col-id-gsbp-cdcdf20.gspb_row__col--6{width:calc(50% - 30px);}@media (max-width:991.98px){#gspb_col-id-gsbp-cdcdf20.gspb_row__col--6{width:calc(50% - 30px);}}@media (max-width:767.98px){#gspb_col-id-gsbp-cdcdf20.gspb_row__col--6{width:calc(50% - 30px);}}@media (max-width:575.98px){#gspb_col-id-gsbp-cdcdf20.gspb_row__col--6{width:100%;}}@media (min-width:992px){body.gspb-bodyfront #gspb_col-id-gsbp-cdcdf20.gspb_row__col--6{width:calc(40% - 30px - 0px)}}<\/style>\n<div class=\"wp-block-greenshift-blocks-row-column gspb_row__col--6 gspb_col-id-gsbp-cdcdf20\" id=\"gspb_col-id-gsbp-cdcdf20\"><style>#gspb_heading-id-gsbp-eb3be5e{transition-duration:0.8s;}#gspb_heading-id-gsbp-eb3be5e{transition-timing-function:var(--gs-root-animation-easing,cubic-bezier(0.42,0,0.58,1));}#gspb_heading-id-gsbp-eb3be5e{opacity:var(--gs-root-animation-opacity,0);transition-property:opacity,transform,filter;}#gspb_heading-id-gsbp-eb3be5e.aos-animate,#gspb_heading-id-gsbp-eb3be5e[data-gs-aos]{opacity:1;transform:translateZ(0);}#gspb_heading-id-gsbp-eb3be5e{transform:var(--gs-root-animation-transform,translate3d(0,calc(max(50px,15%)),0));}#gspb_heading-id-gsbp-eb3be5e,#gspb_heading-id-gsbp-eb3be5e .gsap-g-line{text-align:left!important;}#gspb_heading-id-gsbp-eb3be5e{color:var(--wp--preset--color--theme-palette1,var(--global-palette1));}#gspb_heading-id-gsbp-eb3be5e{margin-top:0px;}<\/style>\n<h1 id=\"gspb_heading-id-gsbp-eb3be5e\" class=\"titoletto gspb_heading gspb_heading-id-gsbp-eb3be5e \" data-aos=\"fade-up\" data-aos-easing=\"ease\" data-aos-duration=\"800\" data-aos-once=\"true\">Zone restreinte<\/h1>\n\n\n<style>#gspb_heading-id-gsbp-76f8654{transition-duration:0.8s;}#gspb_heading-id-gsbp-76f8654{transition-timing-function:var(--gs-root-animation-easing,cubic-bezier(0.42,0,0.58,1));}#gspb_heading-id-gsbp-76f8654{transition-delay:0s;}#gspb_heading-id-gsbp-76f8654.aos-animate,#gspb_heading-id-gsbp-76f8654[data-gs-aos]{transition-delay:0.1s;--gs-root-animation-delay:0.1s;}#gspb_heading-id-gsbp-76f8654{opacity:var(--gs-root-animation-opacity,0);transition-property:opacity,transform,filter;}#gspb_heading-id-gsbp-76f8654.aos-animate,#gspb_heading-id-gsbp-76f8654[data-gs-aos]{opacity:1;transform:translateZ(0);}#gspb_heading-id-gsbp-76f8654{transform:var(--gs-root-animation-transform,translate3d(0,calc(max(50px,15%)),0));}#gspb_heading-id-gsbp-76f8654{text-transform:none;}#gspb_heading-id-gsbp-76f8654,#gspb_heading-id-gsbp-76f8654 .gsap-g-line{text-align:left!important;}#gspb_heading-id-gsbp-76f8654{margin-bottom:2rem;}<\/style>\n<h2 id=\"gspb_heading-id-gsbp-76f8654\" class=\"h3 gspb_heading gspb_heading-id-gsbp-76f8654 \" data-aos=\"fade-up\" data-aos-delay=\"100\" data-aos-easing=\"ease\" data-aos-duration=\"800\" data-aos-once=\"true\">Veuillez vous connecter pour acc\u00e9der \u00e0 la zone r\u00e9serv\u00e9e ou vous inscrire.<\/h2>\n\n\n<style>.gspb_container-id-gsbp-13b638f{flex-direction:column;box-sizing:border-box;}#gspb_container-id-gsbp-13b638f.gspb_container > p:last-of-type{margin-bottom:0}#gspb_container-id-gsbp-13b638f.gspb_container{position:relative;}#gspb_container-id-gsbp-13b638f.gspb_container{display:flex;flex-direction:row;flex-wrap:wrap;align-items:center;row-gap:1rem;column-gap:1rem;}<\/style>\n<div class=\"wp-block-greenshift-blocks-container gspb_container gspb_container-gsbp-13b638f\" id=\"gspb_container-id-gsbp-13b638f\"><style>#gspb_button-id-gsbp-b283b8a{display:flex;justify-content:flex-start;}#gspb_button-id-gsbp-b283b8a .gspb-buttonbox-text{display:flex;flex-direction:column;}#gspb_button-id-gsbp-b283b8a > .gspb-buttonbox{box-sizing:border-box}<\/style>\n<div class=\"gspb_button_wrapper gspb_button-id-gsbp-b283b8a\" id=\"gspb_button-id-gsbp-b283b8a\"><a class=\"wp-block-greenshift-blocks-buttonbox gspb-buttonbox wp-element-button  sw-open-login button-primario\" rel=\"noopener\"><span class=\"gspb-buttonbox-textwrap\"><span class=\"gspb-buttonbox-text\"><span class=\"gspb-buttonbox-title\">Se connecter<\/span><\/span><\/span><\/a><\/div>\n\n\n<style>#gspb_button-id-gsbp-0fe8dbb{display:flex;justify-content:flex-start;}#gspb_button-id-gsbp-0fe8dbb .gspb-buttonbox-text{display:flex;flex-direction:column;}#gspb_button-id-gsbp-0fe8dbb > .gspb-buttonbox{box-sizing:border-box}#gspb_button-id-gsbp-0fe8dbb > .gspb-buttonbox{background-color:var(--wp--preset--color--theme-palette8,var(--global-palette8));}#gspb_button-id-gsbp-0fe8dbb > .gspb-buttonbox:hover{background-color:var(--wp--preset--color--theme-palette2,var(--global-palette2)) !important;}<\/style>\n<div class=\"gspb_button_wrapper gspb_button-id-gsbp-0fe8dbb\" id=\"gspb_button-id-gsbp-0fe8dbb\"><a class=\"wp-block-greenshift-blocks-buttonbox gspb-buttonbox wp-element-button  button-primario sw-open-register\" rel=\"noopener\"><span class=\"gspb-buttonbox-textwrap\"><span class=\"gspb-buttonbox-text\"><span class=\"gspb-buttonbox-title\">S&#8217;inscrire<\/span><\/span><\/span><\/a><\/div>\n<\/div>\n<\/div>\n <\/div><\/div>\n\n\n<style><\/style><style><\/style>\n<div style=\"height:5vw\" aria-hidden=\"true\" class=\"wp-block-spacer\"><\/div>\n<\/div>\n\n\n","protected":false},"excerpt":{"rendered":"","protected":false},"author":1,"featured_media":0,"parent":0,"menu_order":0,"comment_status":"closed","ping_status":"closed","template":"","meta":{"_acf_changed":false,"_gspb_post_css":"","_kad_post_transparent":"","_kad_post_title":"","_kad_post_layout":"","_kad_post_sidebar_id":"","_kad_post_content_style":"","_kad_post_vertical_padding":"","_kad_post_feature":"","_kad_post_feature_position":"","_kad_post_header":false,"_kad_post_footer":false,"_kad_post_classname":"","footnotes":""},"class_list":["post-6418","page","type-page","status-publish","hentry"],"acf":[],"yoast_head":"<!-- This site is optimized with the Yoast SEO plugin v27.2 - https:\/\/yoast.com\/product\/yoast-seo-wordpress\/ -->\n<title>Documentation - Checchi e Magli<\/title>\n<meta name=\"robots\" content=\"index, follow, max-snippet:-1, max-image-preview:large, max-video-preview:-1\" \/>\n<link rel=\"canonical\" href=\"https:\/\/www.checchiemagli.com\/fr\/documentation\/\" \/>\n<meta property=\"og:locale\" content=\"fr_FR\" \/>\n<meta property=\"og:type\" content=\"article\" \/>\n<meta property=\"og:title\" content=\"Documentation - Checchi e Magli\" \/>\n<meta property=\"og:url\" content=\"https:\/\/www.checchiemagli.com\/fr\/documentation\/\" \/>\n<meta property=\"og:site_name\" content=\"Checchi e Magli\" \/>\n<meta property=\"article:publisher\" content=\"https:\/\/www.facebook.com\/checchiemagli\/\" \/>\n<meta property=\"article:modified_time\" content=\"2025-06-27T07:36:47+00:00\" \/>\n<meta property=\"og:image\" content=\"https:\/\/www.checchiemagli.com\/wp-content\/uploads\/2025\/04\/optional_PORTAVASSOI-TRASVERSALI-2-RIPIANI.jpg\" \/>\n<meta name=\"twitter:card\" content=\"summary_large_image\" \/>\n<meta name=\"twitter:site\" content=\"@checchiemagli\" \/>\n<meta name=\"twitter:label1\" content=\"Dur\u00e9e de lecture estim\u00e9e\" \/>\n\t<meta name=\"twitter:data1\" content=\"3 minutes\" \/>\n<!-- \/ Yoast SEO plugin. -->","yoast_head_json":{"title":"Documentation - Checchi e Magli","robots":{"index":"index","follow":"follow","max-snippet":"max-snippet:-1","max-image-preview":"max-image-preview:large","max-video-preview":"max-video-preview:-1"},"canonical":"https:\/\/www.checchiemagli.com\/fr\/documentation\/","og_locale":"fr_FR","og_type":"article","og_title":"Documentation - Checchi e Magli","og_url":"https:\/\/www.checchiemagli.com\/fr\/documentation\/","og_site_name":"Checchi e Magli","article_publisher":"https:\/\/www.facebook.com\/checchiemagli\/","article_modified_time":"2025-06-27T07:36:47+00:00","og_image":[{"url":"https:\/\/www.checchiemagli.com\/wp-content\/uploads\/2025\/04\/optional_PORTAVASSOI-TRASVERSALI-2-RIPIANI.jpg","type":"","width":"","height":""}],"twitter_card":"summary_large_image","twitter_site":"@checchiemagli","twitter_misc":{"Dur\u00e9e de lecture estim\u00e9e":"3 minutes"},"schema":{"@context":"https:\/\/schema.org","@graph":[{"@type":"WebPage","@id":"https:\/\/www.checchiemagli.com\/fr\/documentation\/","url":"https:\/\/www.checchiemagli.com\/fr\/documentation\/","name":"Documentation - Checchi e Magli","isPartOf":{"@id":"https:\/\/www.checchiemagli.com\/fr\/#website"},"primaryImageOfPage":{"@id":"https:\/\/www.checchiemagli.com\/fr\/documentation\/#primaryimage"},"image":{"@id":"https:\/\/www.checchiemagli.com\/fr\/documentation\/#primaryimage"},"thumbnailUrl":"https:\/\/www.checchiemagli.com\/wp-content\/uploads\/2025\/04\/optional_PORTAVASSOI-TRASVERSALI-2-RIPIANI.jpg","datePublished":"2025-05-05T10:29:12+00:00","dateModified":"2025-06-27T07:36:47+00:00","breadcrumb":{"@id":"https:\/\/www.checchiemagli.com\/fr\/documentation\/#breadcrumb"},"inLanguage":"fr-FR","potentialAction":[{"@type":"ReadAction","target":["https:\/\/www.checchiemagli.com\/fr\/documentation\/"]}]},{"@type":"ImageObject","inLanguage":"fr-FR","@id":"https:\/\/www.checchiemagli.com\/fr\/documentation\/#primaryimage","url":"https:\/\/www.checchiemagli.com\/wp-content\/uploads\/2025\/04\/optional_PORTAVASSOI-TRASVERSALI-2-RIPIANI.jpg","contentUrl":"https:\/\/www.checchiemagli.com\/wp-content\/uploads\/2025\/04\/optional_PORTAVASSOI-TRASVERSALI-2-RIPIANI.jpg"},{"@type":"BreadcrumbList","@id":"https:\/\/www.checchiemagli.com\/fr\/documentation\/#breadcrumb","itemListElement":[{"@type":"ListItem","position":1,"name":"Home","item":"https:\/\/www.checchiemagli.com\/fr\/"},{"@type":"ListItem","position":2,"name":"Documentation"}]},{"@type":"WebSite","@id":"https:\/\/www.checchiemagli.com\/fr\/#website","url":"https:\/\/www.checchiemagli.com\/fr\/","name":"Checchi&Magli","description":"Produzione e Distribuzione di Macchine Agricole","publisher":{"@id":"https:\/\/www.checchiemagli.com\/fr\/#organization"},"potentialAction":[{"@type":"SearchAction","target":{"@type":"EntryPoint","urlTemplate":"https:\/\/www.checchiemagli.com\/fr\/?s={search_term_string}"},"query-input":{"@type":"PropertyValueSpecification","valueRequired":true,"valueName":"search_term_string"}}],"inLanguage":"fr-FR"},{"@type":"Organization","@id":"https:\/\/www.checchiemagli.com\/fr\/#organization","name":"Checchi&Magli","url":"https:\/\/www.checchiemagli.com\/fr\/","logo":{"@type":"ImageObject","inLanguage":"fr-FR","@id":"https:\/\/www.checchiemagli.com\/fr\/#\/schema\/logo\/image\/","url":"https:\/\/www.checchiemagli.com\/wp-content\/uploads\/2025\/03\/logo.png","contentUrl":"https:\/\/www.checchiemagli.com\/wp-content\/uploads\/2025\/03\/logo.png","width":633,"height":149,"caption":"Checchi&Magli"},"image":{"@id":"https:\/\/www.checchiemagli.com\/fr\/#\/schema\/logo\/image\/"},"sameAs":["https:\/\/www.facebook.com\/checchiemagli\/","https:\/\/x.com\/checchiemagli","https:\/\/www.youtube.com\/user\/checchiemagli","https:\/\/www.instagram.com\/checchiemagli\/","https:\/\/www.linkedin.com\/company\/checchiemagli\/"]}]}},"_links":{"self":[{"href":"https:\/\/www.checchiemagli.com\/fr\/wp-json\/wp\/v2\/pages\/6418","targetHints":{"allow":["GET"]}}],"collection":[{"href":"https:\/\/www.checchiemagli.com\/fr\/wp-json\/wp\/v2\/pages"}],"about":[{"href":"https:\/\/www.checchiemagli.com\/fr\/wp-json\/wp\/v2\/types\/page"}],"author":[{"embeddable":true,"href":"https:\/\/www.checchiemagli.com\/fr\/wp-json\/wp\/v2\/users\/1"}],"replies":[{"embeddable":true,"href":"https:\/\/www.checchiemagli.com\/fr\/wp-json\/wp\/v2\/comments?post=6418"}],"version-history":[{"count":2,"href":"https:\/\/www.checchiemagli.com\/fr\/wp-json\/wp\/v2\/pages\/6418\/revisions"}],"predecessor-version":[{"id":9776,"href":"https:\/\/www.checchiemagli.com\/fr\/wp-json\/wp\/v2\/pages\/6418\/revisions\/9776"}],"wp:attachment":[{"href":"https:\/\/www.checchiemagli.com\/fr\/wp-json\/wp\/v2\/media?parent=6418"}],"curies":[{"name":"wp","href":"https:\/\/api.w.org\/{rel}","templated":true}]}}