{"id":6853,"date":"2025-03-04T12:36:39","date_gmt":"2025-03-04T11:36:39","guid":{"rendered":"https:\/\/www.checchiemagli.com\/prodotto\/unifox\/"},"modified":"2025-10-29T09:28:36","modified_gmt":"2025-10-29T08:28:36","slug":"unifox","status":"publish","type":"product","link":"https:\/\/www.checchiemagli.com\/es\/trasplantadora\/unifox\/","title":{"rendered":"Unifox"},"content":{"rendered":"<p><strong>\u00a1Sencillo y vers\u00e1til!<\/strong> Trasplantadora con distribuidor de 5, 10, 15 o 20 pinzas, distancia entre filas regulable desde un m\u00ednimo de 50 cm\/20&#8243;, rueda motriz cada cuerpo, producci\u00f3n aproximada de hasta 2.500 plantas\/hora cada operador. Ideal para boniato, fresas y lavanda.<\/p>\n","protected":false},"excerpt":{"rendered":"<p>\u00a1Sencillo y vers\u00e1til! Trasplantadora con distribuidor de 5, 10, 15 o 20 pinzas, distancia entre filas regulable desde un m\u00ednimo de 50 cm\/20&#8243;, rueda motriz cada cuerpo, producci\u00f3n aproximada de hasta 2.500 plantas\/hora cada operador. Ideal para boniato, fresas y lavanda.<\/p>\n","protected":false},"featured_media":2877,"template":"","meta":{"_acf_changed":false,"_gspb_post_css":"","_kad_post_transparent":"default","_kad_post_title":"","_kad_post_layout":"default","_kad_post_sidebar_id":"","_kad_post_content_style":"default","_kad_post_vertical_padding":"default","_kad_post_feature":"","_kad_post_feature_position":"","_kad_post_header":false,"_kad_post_footer":false,"_kad_post_classname":""},"cosa-puoi-piantare":[2413,565,541,557,573,545,529,485,489,477],"etichette":[2427],"nr-file":[455,456,457,458,459,460,461],"specifiche-tecniche":[2134,2141,2142,2113,2128],"tipo-di-terreno":[429],"tipo-di-zolla":[425,405,417,421],"tipologie-macchine":[998],"product_brand":[],"product_cat":[401],"product_tag":[],"class_list":{"0":"post-6853","1":"product","2":"type-product","3":"status-publish","4":"has-post-thumbnail","6":"cosa-puoi-piantare-rosas","7":"cosa-puoi-piantare-batatas","8":"cosa-puoi-piantare-brocoli","9":"cosa-puoi-piantare-ensaladas","10":"cosa-puoi-piantare-tomates-es","11":"cosa-puoi-piantare-coles","12":"cosa-puoi-piantare-fresas","13":"cosa-puoi-piantare-otras-hierbas","14":"cosa-puoi-piantare-lavanda-es","15":"cosa-puoi-piantare-cana-de-azucar","16":"etichette-best-value","17":"nr-file-1-es","18":"nr-file-2-es","19":"nr-file-3-es","20":"nr-file-4-es","21":"nr-file-5-es","22":"nr-file-6-es","23":"nr-file-6-filas","24":"specifiche-tecniche-rueda-motriz-cada-cuerpo-de-trasplante","25":"specifiche-tecniche-distribuidor-de-5-10-15-20-pinzas","26":"specifiche-tecniche-distancia-entre-plantas-min-13-cm-max-140-cm-5-55","27":"specifiche-tecniche-distancia-entre-filas-50-cm-20","28":"specifiche-tecniche-ruedas-compactadoras-en-hierro-o-56-cm-22","29":"tipo-di-terreno-campo-abierto","30":"tipo-di-zolla-piramidal","31":"tipo-di-zolla-raiz-desnuda","32":"tipo-di-zolla-conico","33":"tipo-di-zolla-cubico","34":"tipologie-macchine-trasplantadora","35":"product_cat-trasplantadoras","37":"first","38":"instock","39":"virtual","40":"product-type-simple","41":"entry","42":"content-bg","43":"loop-entry"},"acf":[],"yoast_head":"<!-- This site is optimized with the Yoast SEO plugin v27.2 - https:\/\/yoast.com\/product\/yoast-seo-wordpress\/ -->\n<title>Trasplantadoras Unifox - Checchi &amp; Magli<\/title>\n<meta name=\"description\" content=\"Si est\u00e1s plantando en una peque\u00f1a superficie, la trasplantadora con pinzas UNIFOX podr\u00eda ser el modelo adecuado para ti. Hasta 2.500 plantas\/hora por operador.\" \/>\n<meta name=\"robots\" content=\"index, follow, max-snippet:-1, max-image-preview:large, max-video-preview:-1\" \/>\n<link rel=\"canonical\" href=\"https:\/\/www.checchiemagli.com\/es\/trasplantadora\/unifox\/\" \/>\n<meta property=\"og:locale\" content=\"es_ES\" \/>\n<meta property=\"og:type\" content=\"article\" \/>\n<meta property=\"og:title\" content=\"Trasplantadoras Unifox - Checchi &amp; Magli\" \/>\n<meta property=\"og:description\" content=\"Si est\u00e1s plantando en una peque\u00f1a superficie, la trasplantadora con pinzas UNIFOX podr\u00eda ser el modelo adecuado para ti. Hasta 2.500 plantas\/hora por operador.\" \/>\n<meta property=\"og:url\" content=\"https:\/\/www.checchiemagli.com\/es\/trasplantadora\/unifox\/\" \/>\n<meta property=\"og:site_name\" content=\"Checchi e Magli\" \/>\n<meta property=\"article:publisher\" content=\"https:\/\/www.facebook.com\/checchiemagli\/\" \/>\n<meta property=\"article:modified_time\" content=\"2025-10-29T08:28:36+00:00\" \/>\n<meta property=\"og:image\" content=\"https:\/\/www.checchiemagli.com\/wp-content\/uploads\/2025\/03\/UNIFOX-FRONTE.png\" \/>\n\t<meta property=\"og:image:width\" content=\"800\" \/>\n\t<meta property=\"og:image:height\" content=\"600\" \/>\n\t<meta property=\"og:image:type\" content=\"image\/png\" \/>\n<meta name=\"twitter:card\" content=\"summary_large_image\" \/>\n<meta name=\"twitter:site\" content=\"@checchiemagli\" \/>\n<meta name=\"twitter:label1\" content=\"Tiempo de lectura\" \/>\n\t<meta name=\"twitter:data1\" content=\"1 minuto\" \/>\n<!-- \/ Yoast SEO plugin. -->","yoast_head_json":{"title":"Trasplantadoras Unifox - Checchi & Magli","description":"Si est\u00e1s plantando en una peque\u00f1a superficie, la trasplantadora con pinzas UNIFOX podr\u00eda ser el modelo adecuado para ti. Hasta 2.500 plantas\/hora por operador.","robots":{"index":"index","follow":"follow","max-snippet":"max-snippet:-1","max-image-preview":"max-image-preview:large","max-video-preview":"max-video-preview:-1"},"canonical":"https:\/\/www.checchiemagli.com\/es\/trasplantadora\/unifox\/","og_locale":"es_ES","og_type":"article","og_title":"Trasplantadoras Unifox - Checchi & Magli","og_description":"Si est\u00e1s plantando en una peque\u00f1a superficie, la trasplantadora con pinzas UNIFOX podr\u00eda ser el modelo adecuado para ti. Hasta 2.500 plantas\/hora por operador.","og_url":"https:\/\/www.checchiemagli.com\/es\/trasplantadora\/unifox\/","og_site_name":"Checchi e Magli","article_publisher":"https:\/\/www.facebook.com\/checchiemagli\/","article_modified_time":"2025-10-29T08:28:36+00:00","og_image":[{"width":800,"height":600,"url":"https:\/\/www.checchiemagli.com\/wp-content\/uploads\/2025\/03\/UNIFOX-FRONTE.png","type":"image\/png"}],"twitter_card":"summary_large_image","twitter_site":"@checchiemagli","twitter_misc":{"Tiempo de lectura":"1 minuto"},"schema":{"@context":"https:\/\/schema.org","@graph":[{"@type":"WebPage","@id":"https:\/\/www.checchiemagli.com\/es\/trasplantadora\/unifox\/","url":"https:\/\/www.checchiemagli.com\/es\/trasplantadora\/unifox\/","name":"Trasplantadoras Unifox - Checchi & Magli","isPartOf":{"@id":"https:\/\/www.checchiemagli.com\/es\/#website"},"primaryImageOfPage":{"@id":"https:\/\/www.checchiemagli.com\/es\/trasplantadora\/unifox\/#primaryimage"},"image":{"@id":"https:\/\/www.checchiemagli.com\/es\/trasplantadora\/unifox\/#primaryimage"},"thumbnailUrl":"https:\/\/www.checchiemagli.com\/wp-content\/uploads\/2025\/03\/UNIFOX-FRONTE.png","datePublished":"2025-03-04T11:36:39+00:00","dateModified":"2025-10-29T08:28:36+00:00","description":"Si est\u00e1s plantando en una peque\u00f1a superficie, la trasplantadora con pinzas UNIFOX podr\u00eda ser el modelo adecuado para ti. Hasta 2.500 plantas\/hora por operador.","breadcrumb":{"@id":"https:\/\/www.checchiemagli.com\/es\/trasplantadora\/unifox\/#breadcrumb"},"inLanguage":"es","potentialAction":[{"@type":"ReadAction","target":["https:\/\/www.checchiemagli.com\/es\/trasplantadora\/unifox\/"]}]},{"@type":"ImageObject","inLanguage":"es","@id":"https:\/\/www.checchiemagli.com\/es\/trasplantadora\/unifox\/#primaryimage","url":"https:\/\/www.checchiemagli.com\/wp-content\/uploads\/2025\/03\/UNIFOX-FRONTE.png","contentUrl":"https:\/\/www.checchiemagli.com\/wp-content\/uploads\/2025\/03\/UNIFOX-FRONTE.png","width":800,"height":600},{"@type":"BreadcrumbList","@id":"https:\/\/www.checchiemagli.com\/es\/trasplantadora\/unifox\/#breadcrumb","itemListElement":[{"@type":"ListItem","position":1,"name":"Home","item":"https:\/\/www.checchiemagli.com\/es\/"},{"@type":"ListItem","position":2,"name":"Maquinaria","item":"https:\/\/www.checchiemagli.com\/es\/maquinaria\/"},{"@type":"ListItem","position":3,"name":"Trasplantadoras","item":"https:\/\/www.checchiemagli.com\/es\/maquinaria\/trasplantadoras\/"},{"@type":"ListItem","position":4,"name":"Unifox"}]},{"@type":"WebSite","@id":"https:\/\/www.checchiemagli.com\/es\/#website","url":"https:\/\/www.checchiemagli.com\/es\/","name":"Checchi&Magli","description":"Produzione e Distribuzione di Macchine Agricole","publisher":{"@id":"https:\/\/www.checchiemagli.com\/es\/#organization"},"potentialAction":[{"@type":"SearchAction","target":{"@type":"EntryPoint","urlTemplate":"https:\/\/www.checchiemagli.com\/es\/?s={search_term_string}"},"query-input":{"@type":"PropertyValueSpecification","valueRequired":true,"valueName":"search_term_string"}}],"inLanguage":"es"},{"@type":"Organization","@id":"https:\/\/www.checchiemagli.com\/es\/#organization","name":"Checchi&Magli","url":"https:\/\/www.checchiemagli.com\/es\/","logo":{"@type":"ImageObject","inLanguage":"es","@id":"https:\/\/www.checchiemagli.com\/es\/#\/schema\/logo\/image\/","url":"https:\/\/www.checchiemagli.com\/wp-content\/uploads\/2025\/03\/logo.png","contentUrl":"https:\/\/www.checchiemagli.com\/wp-content\/uploads\/2025\/03\/logo.png","width":633,"height":149,"caption":"Checchi&Magli"},"image":{"@id":"https:\/\/www.checchiemagli.com\/es\/#\/schema\/logo\/image\/"},"sameAs":["https:\/\/www.facebook.com\/checchiemagli\/","https:\/\/x.com\/checchiemagli","https:\/\/www.youtube.com\/user\/checchiemagli","https:\/\/www.instagram.com\/checchiemagli\/","https:\/\/www.linkedin.com\/company\/checchiemagli\/"]}]}},"_links":{"self":[{"href":"https:\/\/www.checchiemagli.com\/es\/wp-json\/wp\/v2\/product\/6853","targetHints":{"allow":["GET"]}}],"collection":[{"href":"https:\/\/www.checchiemagli.com\/es\/wp-json\/wp\/v2\/product"}],"about":[{"href":"https:\/\/www.checchiemagli.com\/es\/wp-json\/wp\/v2\/types\/product"}],"wp:featuredmedia":[{"embeddable":true,"href":"https:\/\/www.checchiemagli.com\/es\/wp-json\/wp\/v2\/media\/2877"}],"wp:attachment":[{"href":"https:\/\/www.checchiemagli.com\/es\/wp-json\/wp\/v2\/media?parent=6853"}],"wp:term":[{"taxonomy":"cosa-puoi-piantare","embeddable":true,"href":"https:\/\/www.checchiemagli.com\/es\/wp-json\/wp\/v2\/cosa-puoi-piantare?post=6853"},{"taxonomy":"etichette","embeddable":true,"href":"https:\/\/www.checchiemagli.com\/es\/wp-json\/wp\/v2\/etichette?post=6853"},{"taxonomy":"nr-file","embeddable":true,"href":"https:\/\/www.checchiemagli.com\/es\/wp-json\/wp\/v2\/nr-file?post=6853"},{"taxonomy":"specifiche-tecniche","embeddable":true,"href":"https:\/\/www.checchiemagli.com\/es\/wp-json\/wp\/v2\/specifiche-tecniche?post=6853"},{"taxonomy":"tipo-di-terreno","embeddable":true,"href":"https:\/\/www.checchiemagli.com\/es\/wp-json\/wp\/v2\/tipo-di-terreno?post=6853"},{"taxonomy":"tipo-di-zolla","embeddable":true,"href":"https:\/\/www.checchiemagli.com\/es\/wp-json\/wp\/v2\/tipo-di-zolla?post=6853"},{"taxonomy":"tipologie-macchine","embeddable":true,"href":"https:\/\/www.checchiemagli.com\/es\/wp-json\/wp\/v2\/tipologie-macchine?post=6853"},{"taxonomy":"product_brand","embeddable":true,"href":"https:\/\/www.checchiemagli.com\/es\/wp-json\/wp\/v2\/product_brand?post=6853"},{"taxonomy":"product_cat","embeddable":true,"href":"https:\/\/www.checchiemagli.com\/es\/wp-json\/wp\/v2\/product_cat?post=6853"},{"taxonomy":"product_tag","embeddable":true,"href":"https:\/\/www.checchiemagli.com\/es\/wp-json\/wp\/v2\/product_tag?post=6853"}],"curies":[{"name":"wp","href":"https:\/\/api.w.org\/{rel}","templated":true}]}}