{"id":6849,"date":"2025-03-04T12:36:39","date_gmt":"2025-03-04T11:36:39","guid":{"rendered":"https:\/\/www.checchiemagli.com\/prodotto\/qubik\/"},"modified":"2025-10-29T09:57:07","modified_gmt":"2025-10-29T08:57:07","slug":"qubik","status":"publish","type":"product","link":"https:\/\/www.checchiemagli.com\/es\/trasplantadora\/qubik\/","title":{"rendered":"Qubik"},"content":{"rendered":"<p><strong>\u00a1Tecnolog\u00eda e innovaci\u00f3n!<\/strong> Dise\u00f1ada espec\u00edficamente para trasplantar cubos prensados \u200b\u200bde medidas entre 3,2<br \/>\ncm y 5 cm (1-1\/3\u201d-2\u201d). Distribuidor con cinta de cubos regulable, distancia entre filas ajustable desde un m\u00ednimo de 23 cm\/9&#8243;,<br \/>\nRendimiento apr\u00f3ximado hasta 7.200 plantas\/hora\/hilera. Ideal para lechugas y cebolla.<\/p>\n","protected":false},"excerpt":{"rendered":"<p>\u00a1Tecnolog\u00eda e innovaci\u00f3n! Dise\u00f1ado espec\u00edficamente para trasplantar cubos prensados \u200b\u200bque miden entre 3,2 cm y 5 cm (1-1\/3\u201d-2\u201d). Dispensador de cintur\u00f3n con gu\u00eda de cubos ajustable, distancia entre filas ajustable desde un m\u00ednimo de 23 cm\/9&#8243;.<br \/>\nProducci\u00f3n aproximada hasta 7.200 plantas\/hora\/hilera. Ideal para ensaladas y cebolla.<\/p>\n","protected":false},"featured_media":9847,"template":"","meta":{"_acf_changed":false,"_gspb_post_css":"","_kad_post_transparent":"default","_kad_post_title":"","_kad_post_layout":"default","_kad_post_sidebar_id":"","_kad_post_content_style":"default","_kad_post_vertical_padding":"default","_kad_post_feature":"","_kad_post_feature_position":"","_kad_post_header":false,"_kad_post_footer":false,"_kad_post_classname":""},"cosa-puoi-piantare":[581,541,557,545,501],"etichette":[2431],"nr-file":[461,455,456,457,458,459,460],"specifiche-tecniche":[2105,2106,2107,2108,2109,2190,2191,2102,2103,2104],"tipo-di-terreno":[429],"tipo-di-zolla":[421],"tipologie-macchine":[998],"product_brand":[],"product_cat":[401],"product_tag":[],"class_list":{"0":"post-6849","1":"product","2":"type-product","3":"status-publish","4":"has-post-thumbnail","6":"cosa-puoi-piantare-apio","7":"cosa-puoi-piantare-brocoli","8":"cosa-puoi-piantare-ensaladas","9":"cosa-puoi-piantare-coles","10":"cosa-puoi-piantare-cebollas","11":"etichette-smart-tech","12":"nr-file-6-filas","13":"nr-file-1-es","14":"nr-file-2-es","15":"nr-file-3-es","16":"nr-file-4-es","17":"nr-file-5-es","18":"nr-file-6-es","19":"specifiche-tecniche-actuadores-lineales-para-profundidad-de-plantacion-constante","20":"specifiche-tecniche-rueda-de-nivelacion","21":"specifiche-tecniche-rejas-aporcadores-traseras","22":"specifiche-tecniche-separacion-electoneumatica-de-los-cubos-prensados","23":"specifiche-tecniche-ruedas-compactadoras-en-goma-flex-o-33-cm-13","24":"specifiche-tecniche-rodillo-frontal-farmflex","25":"specifiche-tecniche-guia-del-cubo-regulable-de-32-cm-a-5-cm-1-1-3-2","26":"specifiche-tecniche-distancia-entre-filas-min-23-cm-9","27":"specifiche-tecniche-distancia-entre-plantas-min-5-cm-2","28":"specifiche-tecniche-panel-de-control-digital-multifuncion","29":"tipo-di-terreno-campo-abierto","30":"tipo-di-zolla-cubico","31":"tipologie-macchine-trasplantadora","32":"product_cat-trasplantadoras","34":"first","35":"instock","36":"virtual","37":"product-type-simple","38":"entry","39":"content-bg","40":"loop-entry"},"acf":[],"yoast_head":"<!-- This site is optimized with the Yoast SEO plugin v27.2 - https:\/\/yoast.com\/product\/yoast-seo-wordpress\/ -->\n<title>Trasplantadoras Qubik - Checchi &amp; Magli<\/title>\n<meta name=\"description\" content=\"Trasplantadora QUBIK para cepell\u00f3n prensado. Producci\u00f3n indicativa hasta 7.200 plantas\/hora\/fila. Ideal para lechugas y cebolla. Solicita una demostraci\u00f3n.\" \/>\n<meta name=\"robots\" content=\"index, follow, max-snippet:-1, max-image-preview:large, max-video-preview:-1\" \/>\n<link rel=\"canonical\" href=\"https:\/\/www.checchiemagli.com\/es\/trasplantadora\/qubik\/\" \/>\n<meta property=\"og:locale\" content=\"es_ES\" \/>\n<meta property=\"og:type\" content=\"article\" \/>\n<meta property=\"og:title\" content=\"Trasplantadoras Qubik - Checchi &amp; Magli\" \/>\n<meta property=\"og:description\" content=\"Trasplantadora QUBIK para cepell\u00f3n prensado. Producci\u00f3n indicativa hasta 7.200 plantas\/hora\/fila. Ideal para lechugas y cebolla. Solicita una demostraci\u00f3n.\" \/>\n<meta property=\"og:url\" content=\"https:\/\/www.checchiemagli.com\/es\/trasplantadora\/qubik\/\" \/>\n<meta property=\"og:site_name\" content=\"Checchi e Magli\" \/>\n<meta property=\"article:publisher\" content=\"https:\/\/www.facebook.com\/checchiemagli\/\" \/>\n<meta property=\"article:modified_time\" content=\"2025-10-29T08:57:07+00:00\" \/>\n<meta property=\"og:image\" content=\"https:\/\/www.checchiemagli.com\/wp-content\/uploads\/2025\/03\/QUBIK.png\" \/>\n\t<meta property=\"og:image:width\" content=\"1000\" \/>\n\t<meta property=\"og:image:height\" content=\"1000\" \/>\n\t<meta property=\"og:image:type\" content=\"image\/png\" \/>\n<meta name=\"twitter:card\" content=\"summary_large_image\" \/>\n<meta name=\"twitter:site\" content=\"@checchiemagli\" \/>\n<meta name=\"twitter:label1\" content=\"Tiempo de lectura\" \/>\n\t<meta name=\"twitter:data1\" content=\"1 minuto\" \/>\n<!-- \/ Yoast SEO plugin. -->","yoast_head_json":{"title":"Trasplantadoras Qubik - Checchi & Magli","description":"Trasplantadora QUBIK para cepell\u00f3n prensado. Producci\u00f3n indicativa hasta 7.200 plantas\/hora\/fila. Ideal para lechugas y cebolla. Solicita una demostraci\u00f3n.","robots":{"index":"index","follow":"follow","max-snippet":"max-snippet:-1","max-image-preview":"max-image-preview:large","max-video-preview":"max-video-preview:-1"},"canonical":"https:\/\/www.checchiemagli.com\/es\/trasplantadora\/qubik\/","og_locale":"es_ES","og_type":"article","og_title":"Trasplantadoras Qubik - Checchi & Magli","og_description":"Trasplantadora QUBIK para cepell\u00f3n prensado. Producci\u00f3n indicativa hasta 7.200 plantas\/hora\/fila. Ideal para lechugas y cebolla. Solicita una demostraci\u00f3n.","og_url":"https:\/\/www.checchiemagli.com\/es\/trasplantadora\/qubik\/","og_site_name":"Checchi e Magli","article_publisher":"https:\/\/www.facebook.com\/checchiemagli\/","article_modified_time":"2025-10-29T08:57:07+00:00","og_image":[{"width":1000,"height":1000,"url":"https:\/\/www.checchiemagli.com\/wp-content\/uploads\/2025\/03\/QUBIK.png","type":"image\/png"}],"twitter_card":"summary_large_image","twitter_site":"@checchiemagli","twitter_misc":{"Tiempo de lectura":"1 minuto"},"schema":{"@context":"https:\/\/schema.org","@graph":[{"@type":"WebPage","@id":"https:\/\/www.checchiemagli.com\/es\/trasplantadora\/qubik\/","url":"https:\/\/www.checchiemagli.com\/es\/trasplantadora\/qubik\/","name":"Trasplantadoras Qubik - Checchi & Magli","isPartOf":{"@id":"https:\/\/www.checchiemagli.com\/es\/#website"},"primaryImageOfPage":{"@id":"https:\/\/www.checchiemagli.com\/es\/trasplantadora\/qubik\/#primaryimage"},"image":{"@id":"https:\/\/www.checchiemagli.com\/es\/trasplantadora\/qubik\/#primaryimage"},"thumbnailUrl":"https:\/\/www.checchiemagli.com\/wp-content\/uploads\/2025\/03\/QUBIK.png","datePublished":"2025-03-04T11:36:39+00:00","dateModified":"2025-10-29T08:57:07+00:00","description":"Trasplantadora QUBIK para cepell\u00f3n prensado. Producci\u00f3n indicativa hasta 7.200 plantas\/hora\/fila. Ideal para lechugas y cebolla. Solicita una demostraci\u00f3n.","breadcrumb":{"@id":"https:\/\/www.checchiemagli.com\/es\/trasplantadora\/qubik\/#breadcrumb"},"inLanguage":"es","potentialAction":[{"@type":"ReadAction","target":["https:\/\/www.checchiemagli.com\/es\/trasplantadora\/qubik\/"]}]},{"@type":"ImageObject","inLanguage":"es","@id":"https:\/\/www.checchiemagli.com\/es\/trasplantadora\/qubik\/#primaryimage","url":"https:\/\/www.checchiemagli.com\/wp-content\/uploads\/2025\/03\/QUBIK.png","contentUrl":"https:\/\/www.checchiemagli.com\/wp-content\/uploads\/2025\/03\/QUBIK.png","width":1000,"height":1000},{"@type":"BreadcrumbList","@id":"https:\/\/www.checchiemagli.com\/es\/trasplantadora\/qubik\/#breadcrumb","itemListElement":[{"@type":"ListItem","position":1,"name":"Home","item":"https:\/\/www.checchiemagli.com\/es\/"},{"@type":"ListItem","position":2,"name":"Maquinaria","item":"https:\/\/www.checchiemagli.com\/es\/maquinaria\/"},{"@type":"ListItem","position":3,"name":"Trasplantadoras","item":"https:\/\/www.checchiemagli.com\/es\/maquinaria\/trasplantadoras\/"},{"@type":"ListItem","position":4,"name":"Qubik"}]},{"@type":"WebSite","@id":"https:\/\/www.checchiemagli.com\/es\/#website","url":"https:\/\/www.checchiemagli.com\/es\/","name":"Checchi&Magli","description":"Produzione e Distribuzione di Macchine Agricole","publisher":{"@id":"https:\/\/www.checchiemagli.com\/es\/#organization"},"potentialAction":[{"@type":"SearchAction","target":{"@type":"EntryPoint","urlTemplate":"https:\/\/www.checchiemagli.com\/es\/?s={search_term_string}"},"query-input":{"@type":"PropertyValueSpecification","valueRequired":true,"valueName":"search_term_string"}}],"inLanguage":"es"},{"@type":"Organization","@id":"https:\/\/www.checchiemagli.com\/es\/#organization","name":"Checchi&Magli","url":"https:\/\/www.checchiemagli.com\/es\/","logo":{"@type":"ImageObject","inLanguage":"es","@id":"https:\/\/www.checchiemagli.com\/es\/#\/schema\/logo\/image\/","url":"https:\/\/www.checchiemagli.com\/wp-content\/uploads\/2025\/03\/logo.png","contentUrl":"https:\/\/www.checchiemagli.com\/wp-content\/uploads\/2025\/03\/logo.png","width":633,"height":149,"caption":"Checchi&Magli"},"image":{"@id":"https:\/\/www.checchiemagli.com\/es\/#\/schema\/logo\/image\/"},"sameAs":["https:\/\/www.facebook.com\/checchiemagli\/","https:\/\/x.com\/checchiemagli","https:\/\/www.youtube.com\/user\/checchiemagli","https:\/\/www.instagram.com\/checchiemagli\/","https:\/\/www.linkedin.com\/company\/checchiemagli\/"]}]}},"_links":{"self":[{"href":"https:\/\/www.checchiemagli.com\/es\/wp-json\/wp\/v2\/product\/6849","targetHints":{"allow":["GET"]}}],"collection":[{"href":"https:\/\/www.checchiemagli.com\/es\/wp-json\/wp\/v2\/product"}],"about":[{"href":"https:\/\/www.checchiemagli.com\/es\/wp-json\/wp\/v2\/types\/product"}],"wp:featuredmedia":[{"embeddable":true,"href":"https:\/\/www.checchiemagli.com\/es\/wp-json\/wp\/v2\/media\/9847"}],"wp:attachment":[{"href":"https:\/\/www.checchiemagli.com\/es\/wp-json\/wp\/v2\/media?parent=6849"}],"wp:term":[{"taxonomy":"cosa-puoi-piantare","embeddable":true,"href":"https:\/\/www.checchiemagli.com\/es\/wp-json\/wp\/v2\/cosa-puoi-piantare?post=6849"},{"taxonomy":"etichette","embeddable":true,"href":"https:\/\/www.checchiemagli.com\/es\/wp-json\/wp\/v2\/etichette?post=6849"},{"taxonomy":"nr-file","embeddable":true,"href":"https:\/\/www.checchiemagli.com\/es\/wp-json\/wp\/v2\/nr-file?post=6849"},{"taxonomy":"specifiche-tecniche","embeddable":true,"href":"https:\/\/www.checchiemagli.com\/es\/wp-json\/wp\/v2\/specifiche-tecniche?post=6849"},{"taxonomy":"tipo-di-terreno","embeddable":true,"href":"https:\/\/www.checchiemagli.com\/es\/wp-json\/wp\/v2\/tipo-di-terreno?post=6849"},{"taxonomy":"tipo-di-zolla","embeddable":true,"href":"https:\/\/www.checchiemagli.com\/es\/wp-json\/wp\/v2\/tipo-di-zolla?post=6849"},{"taxonomy":"tipologie-macchine","embeddable":true,"href":"https:\/\/www.checchiemagli.com\/es\/wp-json\/wp\/v2\/tipologie-macchine?post=6849"},{"taxonomy":"product_brand","embeddable":true,"href":"https:\/\/www.checchiemagli.com\/es\/wp-json\/wp\/v2\/product_brand?post=6849"},{"taxonomy":"product_cat","embeddable":true,"href":"https:\/\/www.checchiemagli.com\/es\/wp-json\/wp\/v2\/product_cat?post=6849"},{"taxonomy":"product_tag","embeddable":true,"href":"https:\/\/www.checchiemagli.com\/es\/wp-json\/wp\/v2\/product_tag?post=6849"}],"curies":[{"name":"wp","href":"https:\/\/api.w.org\/{rel}","templated":true}]}}