{"id":6845,"date":"2025-03-04T12:36:39","date_gmt":"2025-03-04T11:36:39","guid":{"rendered":"https:\/\/www.checchiemagli.com\/prodotto\/baby-compact\/"},"modified":"2025-11-28T14:02:33","modified_gmt":"2025-11-28T13:02:33","slug":"baby-compact","status":"publish","type":"product","link":"https:\/\/www.checchiemagli.com\/es\/trasplantadora\/baby-compact\/","title":{"rendered":"Baby Compact"},"content":{"rendered":"<p><strong>\u00a1Dise\u00f1o compacto y alto rendimiento!<\/strong> Trasplantadora con distribuidor de 6 vasos con fondo abrible con rotaci\u00f3n continua y ajuste de fase, distancia entre filas regulable desde m\u00ednimo 28 cm\/11, paralelogramo cada cuerpo; producci\u00f3n aproximada hasta 4.000 plantas\/hora cada operador. Ideal para ensaladas, apio, cebolla, puerro y pimiento. Opci\u00f3nes <strong>rodillo frontal FARMFLEX<\/strong><\/p>\n","protected":false},"excerpt":{"rendered":"<p>\u00a1Dise\u00f1o compacto y alto rendimiento! Trasplantadora con distribuidor de 6 vasos con fondo abrible con rotaci\u00f3n continua y ajuste de fase, distancia entre filas regulable desde m\u00ednimo 28 cm\/11, paralelogramo cada cuerpo; producci\u00f3n aproximada hasta 4.000 plantas\/hora cada operador. Ideal para ensaladas, apio, cebolla, puerro y pimiento. Opci\u00f3nes rodillo frontal FARMFLEX<\/p>\n","protected":false},"featured_media":3152,"template":"","meta":{"_acf_changed":false,"_gspb_post_css":"","_kad_post_transparent":"default","_kad_post_title":"","_kad_post_layout":"default","_kad_post_sidebar_id":"","_kad_post_content_style":"default","_kad_post_vertical_padding":"default","_kad_post_feature":"","_kad_post_feature_position":"","_kad_post_header":false,"_kad_post_footer":false,"_kad_post_classname":""},"cosa-puoi-piantare":[581,553,541,557,573,545,593,529,501,485,489],"etichette":[],"nr-file":[455,456,457,458,459,460,461],"specifiche-tecniche":[2115,2137,2138,2140,2190,2204],"tipo-di-terreno":[429],"tipo-di-zolla":[417,425],"tipologie-macchine":[998],"product_brand":[],"product_cat":[401],"product_tag":[],"class_list":{"0":"post-6845","1":"product","2":"type-product","3":"status-publish","4":"has-post-thumbnail","6":"cosa-puoi-piantare-apio","7":"cosa-puoi-piantare-hinojos","8":"cosa-puoi-piantare-brocoli","9":"cosa-puoi-piantare-ensaladas","10":"cosa-puoi-piantare-tomates-es","11":"cosa-puoi-piantare-coles","12":"cosa-puoi-piantare-calabacines","13":"cosa-puoi-piantare-fresas","14":"cosa-puoi-piantare-cebollas","15":"cosa-puoi-piantare-otras-hierbas","16":"cosa-puoi-piantare-lavanda-es","17":"nr-file-1-es","18":"nr-file-2-es","19":"nr-file-3-es","20":"nr-file-4-es","21":"nr-file-5-es","22":"nr-file-6-es","23":"nr-file-6-filas","24":"specifiche-tecniche-ruedas-compactadoras-en-goma-flex-o-41-cm-16","25":"specifiche-tecniche-distancia-entre-plantas-min-10-cm-max-82-cm-4-32","26":"specifiche-tecniche-distribuidor-de-6-vasos-de-fondo-abatible","27":"specifiche-tecniche-distancia-entre-filas-min-28-cm-11","28":"specifiche-tecniche-rodillo-frontal-farmflex","29":"specifiche-tecniche-paralelogramo-para-profundidad-de-plantacion-constante","30":"tipo-di-terreno-campo-abierto","31":"tipo-di-zolla-conico","32":"tipo-di-zolla-piramidal","33":"tipologie-macchine-trasplantadora","34":"product_cat-trasplantadoras","36":"first","37":"instock","38":"virtual","39":"product-type-simple","40":"entry","41":"content-bg","42":"loop-entry"},"acf":[],"yoast_head":"<!-- This site is optimized with the Yoast SEO plugin v27.2 - https:\/\/yoast.com\/product\/yoast-seo-wordpress\/ -->\n<title>Trasplantadoras Baby Compact - Checchi &amp; Magli<\/title>\n<meta name=\"description\" content=\"Trasplantadora Baby Compact: Indicada para pl\u00e1ntulas con cepell\u00f3n c\u00f3nico o piramidal, incluso de peque\u00f1o tama\u00f1o (por ejemplo, achicoria, lechuga...).\" \/>\n<meta name=\"robots\" content=\"index, follow, max-snippet:-1, max-image-preview:large, max-video-preview:-1\" \/>\n<link rel=\"canonical\" href=\"https:\/\/www.checchiemagli.com\/es\/trasplantadora\/baby-compact\/\" \/>\n<meta property=\"og:locale\" content=\"es_ES\" \/>\n<meta property=\"og:type\" content=\"article\" \/>\n<meta property=\"og:title\" content=\"Trasplantadoras Baby Compact - Checchi &amp; Magli\" \/>\n<meta property=\"og:description\" content=\"Trasplantadora Baby Compact: Indicada para pl\u00e1ntulas con cepell\u00f3n c\u00f3nico o piramidal, incluso de peque\u00f1o tama\u00f1o (por ejemplo, achicoria, lechuga...).\" \/>\n<meta property=\"og:url\" content=\"https:\/\/www.checchiemagli.com\/es\/trasplantadora\/baby-compact\/\" \/>\n<meta property=\"og:site_name\" content=\"Checchi e Magli\" \/>\n<meta property=\"article:publisher\" content=\"https:\/\/www.facebook.com\/checchiemagli\/\" \/>\n<meta property=\"article:modified_time\" content=\"2025-11-28T13:02:33+00:00\" \/>\n<meta property=\"og:image\" content=\"https:\/\/www.checchiemagli.com\/wp-content\/uploads\/2025\/03\/BABY-COMPACT-4.png\" \/>\n\t<meta property=\"og:image:width\" content=\"800\" \/>\n\t<meta property=\"og:image:height\" content=\"600\" \/>\n\t<meta property=\"og:image:type\" content=\"image\/png\" \/>\n<meta name=\"twitter:card\" content=\"summary_large_image\" \/>\n<meta name=\"twitter:site\" content=\"@checchiemagli\" \/>\n<meta name=\"twitter:label1\" content=\"Tiempo de lectura\" \/>\n\t<meta name=\"twitter:data1\" content=\"1 minuto\" \/>\n<!-- \/ Yoast SEO plugin. -->","yoast_head_json":{"title":"Trasplantadoras Baby Compact - Checchi & Magli","description":"Trasplantadora Baby Compact: Indicada para pl\u00e1ntulas con cepell\u00f3n c\u00f3nico o piramidal, incluso de peque\u00f1o tama\u00f1o (por ejemplo, achicoria, lechuga...).","robots":{"index":"index","follow":"follow","max-snippet":"max-snippet:-1","max-image-preview":"max-image-preview:large","max-video-preview":"max-video-preview:-1"},"canonical":"https:\/\/www.checchiemagli.com\/es\/trasplantadora\/baby-compact\/","og_locale":"es_ES","og_type":"article","og_title":"Trasplantadoras Baby Compact - Checchi & Magli","og_description":"Trasplantadora Baby Compact: Indicada para pl\u00e1ntulas con cepell\u00f3n c\u00f3nico o piramidal, incluso de peque\u00f1o tama\u00f1o (por ejemplo, achicoria, lechuga...).","og_url":"https:\/\/www.checchiemagli.com\/es\/trasplantadora\/baby-compact\/","og_site_name":"Checchi e Magli","article_publisher":"https:\/\/www.facebook.com\/checchiemagli\/","article_modified_time":"2025-11-28T13:02:33+00:00","og_image":[{"width":800,"height":600,"url":"https:\/\/www.checchiemagli.com\/wp-content\/uploads\/2025\/03\/BABY-COMPACT-4.png","type":"image\/png"}],"twitter_card":"summary_large_image","twitter_site":"@checchiemagli","twitter_misc":{"Tiempo de lectura":"1 minuto"},"schema":{"@context":"https:\/\/schema.org","@graph":[{"@type":"WebPage","@id":"https:\/\/www.checchiemagli.com\/es\/trasplantadora\/baby-compact\/","url":"https:\/\/www.checchiemagli.com\/es\/trasplantadora\/baby-compact\/","name":"Trasplantadoras Baby Compact - Checchi & Magli","isPartOf":{"@id":"https:\/\/www.checchiemagli.com\/es\/#website"},"primaryImageOfPage":{"@id":"https:\/\/www.checchiemagli.com\/es\/trasplantadora\/baby-compact\/#primaryimage"},"image":{"@id":"https:\/\/www.checchiemagli.com\/es\/trasplantadora\/baby-compact\/#primaryimage"},"thumbnailUrl":"https:\/\/www.checchiemagli.com\/wp-content\/uploads\/2025\/03\/BABY-COMPACT-4.png","datePublished":"2025-03-04T11:36:39+00:00","dateModified":"2025-11-28T13:02:33+00:00","description":"Trasplantadora Baby Compact: Indicada para pl\u00e1ntulas con cepell\u00f3n c\u00f3nico o piramidal, incluso de peque\u00f1o tama\u00f1o (por ejemplo, achicoria, lechuga...).","breadcrumb":{"@id":"https:\/\/www.checchiemagli.com\/es\/trasplantadora\/baby-compact\/#breadcrumb"},"inLanguage":"es","potentialAction":[{"@type":"ReadAction","target":["https:\/\/www.checchiemagli.com\/es\/trasplantadora\/baby-compact\/"]}]},{"@type":"ImageObject","inLanguage":"es","@id":"https:\/\/www.checchiemagli.com\/es\/trasplantadora\/baby-compact\/#primaryimage","url":"https:\/\/www.checchiemagli.com\/wp-content\/uploads\/2025\/03\/BABY-COMPACT-4.png","contentUrl":"https:\/\/www.checchiemagli.com\/wp-content\/uploads\/2025\/03\/BABY-COMPACT-4.png","width":800,"height":600},{"@type":"BreadcrumbList","@id":"https:\/\/www.checchiemagli.com\/es\/trasplantadora\/baby-compact\/#breadcrumb","itemListElement":[{"@type":"ListItem","position":1,"name":"Home","item":"https:\/\/www.checchiemagli.com\/es\/"},{"@type":"ListItem","position":2,"name":"Maquinaria","item":"https:\/\/www.checchiemagli.com\/es\/maquinaria\/"},{"@type":"ListItem","position":3,"name":"Trasplantadoras","item":"https:\/\/www.checchiemagli.com\/es\/maquinaria\/trasplantadoras\/"},{"@type":"ListItem","position":4,"name":"Baby Compact"}]},{"@type":"WebSite","@id":"https:\/\/www.checchiemagli.com\/es\/#website","url":"https:\/\/www.checchiemagli.com\/es\/","name":"Checchi&Magli","description":"Produzione e Distribuzione di Macchine Agricole","publisher":{"@id":"https:\/\/www.checchiemagli.com\/es\/#organization"},"potentialAction":[{"@type":"SearchAction","target":{"@type":"EntryPoint","urlTemplate":"https:\/\/www.checchiemagli.com\/es\/?s={search_term_string}"},"query-input":{"@type":"PropertyValueSpecification","valueRequired":true,"valueName":"search_term_string"}}],"inLanguage":"es"},{"@type":"Organization","@id":"https:\/\/www.checchiemagli.com\/es\/#organization","name":"Checchi&Magli","url":"https:\/\/www.checchiemagli.com\/es\/","logo":{"@type":"ImageObject","inLanguage":"es","@id":"https:\/\/www.checchiemagli.com\/es\/#\/schema\/logo\/image\/","url":"https:\/\/www.checchiemagli.com\/wp-content\/uploads\/2025\/03\/logo.png","contentUrl":"https:\/\/www.checchiemagli.com\/wp-content\/uploads\/2025\/03\/logo.png","width":633,"height":149,"caption":"Checchi&Magli"},"image":{"@id":"https:\/\/www.checchiemagli.com\/es\/#\/schema\/logo\/image\/"},"sameAs":["https:\/\/www.facebook.com\/checchiemagli\/","https:\/\/x.com\/checchiemagli","https:\/\/www.youtube.com\/user\/checchiemagli","https:\/\/www.instagram.com\/checchiemagli\/","https:\/\/www.linkedin.com\/company\/checchiemagli\/"]}]}},"_links":{"self":[{"href":"https:\/\/www.checchiemagli.com\/es\/wp-json\/wp\/v2\/product\/6845","targetHints":{"allow":["GET"]}}],"collection":[{"href":"https:\/\/www.checchiemagli.com\/es\/wp-json\/wp\/v2\/product"}],"about":[{"href":"https:\/\/www.checchiemagli.com\/es\/wp-json\/wp\/v2\/types\/product"}],"wp:featuredmedia":[{"embeddable":true,"href":"https:\/\/www.checchiemagli.com\/es\/wp-json\/wp\/v2\/media\/3152"}],"wp:attachment":[{"href":"https:\/\/www.checchiemagli.com\/es\/wp-json\/wp\/v2\/media?parent=6845"}],"wp:term":[{"taxonomy":"cosa-puoi-piantare","embeddable":true,"href":"https:\/\/www.checchiemagli.com\/es\/wp-json\/wp\/v2\/cosa-puoi-piantare?post=6845"},{"taxonomy":"etichette","embeddable":true,"href":"https:\/\/www.checchiemagli.com\/es\/wp-json\/wp\/v2\/etichette?post=6845"},{"taxonomy":"nr-file","embeddable":true,"href":"https:\/\/www.checchiemagli.com\/es\/wp-json\/wp\/v2\/nr-file?post=6845"},{"taxonomy":"specifiche-tecniche","embeddable":true,"href":"https:\/\/www.checchiemagli.com\/es\/wp-json\/wp\/v2\/specifiche-tecniche?post=6845"},{"taxonomy":"tipo-di-terreno","embeddable":true,"href":"https:\/\/www.checchiemagli.com\/es\/wp-json\/wp\/v2\/tipo-di-terreno?post=6845"},{"taxonomy":"tipo-di-zolla","embeddable":true,"href":"https:\/\/www.checchiemagli.com\/es\/wp-json\/wp\/v2\/tipo-di-zolla?post=6845"},{"taxonomy":"tipologie-macchine","embeddable":true,"href":"https:\/\/www.checchiemagli.com\/es\/wp-json\/wp\/v2\/tipologie-macchine?post=6845"},{"taxonomy":"product_brand","embeddable":true,"href":"https:\/\/www.checchiemagli.com\/es\/wp-json\/wp\/v2\/product_brand?post=6845"},{"taxonomy":"product_cat","embeddable":true,"href":"https:\/\/www.checchiemagli.com\/es\/wp-json\/wp\/v2\/product_cat?post=6845"},{"taxonomy":"product_tag","embeddable":true,"href":"https:\/\/www.checchiemagli.com\/es\/wp-json\/wp\/v2\/product_tag?post=6845"}],"curies":[{"name":"wp","href":"https:\/\/api.w.org\/{rel}","templated":true}]}}