{"id":6820,"date":"2025-03-04T12:36:39","date_gmt":"2025-03-04T11:36:39","guid":{"rendered":"https:\/\/www.checchiemagli.com\/prodotto\/top-24\/"},"modified":"2025-10-29T09:54:17","modified_gmt":"2025-10-29T08:54:17","slug":"top-24","status":"publish","type":"product","link":"https:\/\/www.checchiemagli.com\/es\/trasplantadora\/top-24\/","title":{"rendered":"Top 24"},"content":{"rendered":"<p><strong>\u00a1Solo 1 operador para 2 filas de trasplante, el m\u00e1s vendido para brasic\u00e1ceas y tabaco!<\/strong> Trasplantadora con distribuidor patentado de 24 vasos, con fondo abrible, rotaci\u00f3n continua y ajuste de fase, copas dispuestas en una sola circunferencia para facilitar el trabajo del operador, distancia entre filas regulable de 60 a 120 cm (24&#8243;-47&#8243;), paralelogramo cada cuerpo; producci\u00f3n aproximada hasta 8.000 plantas\/hora cada operador. Ideal para tabaco, repollo, coliflor y br\u00f3coli.<\/p>\n","protected":false},"excerpt":{"rendered":"<p>\u00a1Solo 1 operador para 2 filas de trasplante, el m\u00e1s vendido para brasic\u00e1ceas y tabaco! Trasplantadora con distribuidor patentado de 24 vasos, con fondo abrible, rotaci\u00f3n continua y ajuste de fase, copas dispuestas en una sola circunferencia para facilitar el trabajo del operador, distancia entre filas regulable de 60 a 120 cm (24&#8243;-47&#8243;), paralelogramo cada&#8230;<\/p>\n","protected":false},"featured_media":9841,"template":"","meta":{"_acf_changed":false,"_gspb_post_css":"","_kad_post_transparent":"default","_kad_post_title":"","_kad_post_layout":"default","_kad_post_sidebar_id":"","_kad_post_content_style":"default","_kad_post_vertical_padding":"default","_kad_post_feature":"","_kad_post_feature_position":"","_kad_post_header":false,"_kad_post_footer":false,"_kad_post_classname":""},"cosa-puoi-piantare":[581,569,585,541,545,561,593,529,485,489,473],"etichette":[2430],"nr-file":[456,458,460,461],"specifiche-tecniche":[2127,2128,2204,2124,2125,2126],"tipo-di-terreno":[429],"tipo-di-zolla":[425,417],"tipologie-macchine":[998],"product_brand":[],"product_cat":[401],"product_tag":[],"class_list":{"0":"post-6820","1":"product","2":"type-product","3":"status-publish","4":"has-post-thumbnail","6":"cosa-puoi-piantare-apio","7":"cosa-puoi-piantare-pimientos","8":"cosa-puoi-piantare-tabaco","9":"cosa-puoi-piantare-brocoli","10":"cosa-puoi-piantare-coles","11":"cosa-puoi-piantare-berenjenas","12":"cosa-puoi-piantare-calabacines","13":"cosa-puoi-piantare-fresas","14":"cosa-puoi-piantare-otras-hierbas","15":"cosa-puoi-piantare-lavanda-es","16":"cosa-puoi-piantare-canamo","17":"etichette-labor-saver","18":"nr-file-2-es","19":"nr-file-4-es","20":"nr-file-6-es","21":"nr-file-6-filas","22":"specifiche-tecniche-rapid-shift-de-serie-2","23":"specifiche-tecniche-ruedas-compactadoras-en-hierro-o-56-cm-22","24":"specifiche-tecniche-paralelogramo-para-profundidad-de-plantacion-constante","25":"specifiche-tecniche-distribuidor-de-24-vasos-de-fondo-abatible","26":"specifiche-tecniche-distancia-entre-filas-min-60-cm-max-120-cm-24-47","27":"specifiche-tecniche-distancia-entre-plantas-min-14-cm-max-101-cm-6-40","28":"tipo-di-terreno-campo-abierto","29":"tipo-di-zolla-piramidal","30":"tipo-di-zolla-conico","31":"tipologie-macchine-trasplantadora","32":"product_cat-trasplantadoras","34":"first","35":"instock","36":"virtual","37":"product-type-simple","38":"entry","39":"content-bg","40":"loop-entry"},"acf":[],"yoast_head":"<!-- This site is optimized with the Yoast SEO plugin v27.2 - https:\/\/yoast.com\/product\/yoast-seo-wordpress\/ -->\n<title>Trasplantadoras Top 24 - Checchi &amp; Magli<\/title>\n<meta name=\"description\" content=\"Trasplantadora TOP 24: Un solo operador cada dos hileras. Producci\u00f3n indicativa: hasta 8.000 plantas\/hora por operador. Solicita una demostraci\u00f3n de la m\u00e1quina.\" \/>\n<meta name=\"robots\" content=\"index, follow, max-snippet:-1, max-image-preview:large, max-video-preview:-1\" \/>\n<link rel=\"canonical\" href=\"https:\/\/www.checchiemagli.com\/es\/trasplantadora\/top-24\/\" \/>\n<meta property=\"og:locale\" content=\"es_ES\" \/>\n<meta property=\"og:type\" content=\"article\" \/>\n<meta property=\"og:title\" content=\"Trasplantadoras Top 24 - Checchi &amp; Magli\" \/>\n<meta property=\"og:description\" content=\"Trasplantadora TOP 24: Un solo operador cada dos hileras. Producci\u00f3n indicativa: hasta 8.000 plantas\/hora por operador. Solicita una demostraci\u00f3n de la m\u00e1quina.\" \/>\n<meta property=\"og:url\" content=\"https:\/\/www.checchiemagli.com\/es\/trasplantadora\/top-24\/\" \/>\n<meta property=\"og:site_name\" content=\"Checchi e Magli\" \/>\n<meta property=\"article:publisher\" content=\"https:\/\/www.facebook.com\/checchiemagli\/\" \/>\n<meta property=\"article:modified_time\" content=\"2025-10-29T08:54:17+00:00\" \/>\n<meta property=\"og:image\" content=\"https:\/\/www.checchiemagli.com\/wp-content\/uploads\/2025\/03\/TOP-24.png\" \/>\n\t<meta property=\"og:image:width\" content=\"1000\" \/>\n\t<meta property=\"og:image:height\" content=\"1000\" \/>\n\t<meta property=\"og:image:type\" content=\"image\/png\" \/>\n<meta name=\"twitter:card\" content=\"summary_large_image\" \/>\n<meta name=\"twitter:site\" content=\"@checchiemagli\" \/>\n<meta name=\"twitter:label1\" content=\"Tiempo de lectura\" \/>\n\t<meta name=\"twitter:data1\" content=\"1 minuto\" \/>\n<!-- \/ Yoast SEO plugin. -->","yoast_head_json":{"title":"Trasplantadoras Top 24 - Checchi & Magli","description":"Trasplantadora TOP 24: Un solo operador cada dos hileras. Producci\u00f3n indicativa: hasta 8.000 plantas\/hora por operador. Solicita una demostraci\u00f3n de la m\u00e1quina.","robots":{"index":"index","follow":"follow","max-snippet":"max-snippet:-1","max-image-preview":"max-image-preview:large","max-video-preview":"max-video-preview:-1"},"canonical":"https:\/\/www.checchiemagli.com\/es\/trasplantadora\/top-24\/","og_locale":"es_ES","og_type":"article","og_title":"Trasplantadoras Top 24 - Checchi & Magli","og_description":"Trasplantadora TOP 24: Un solo operador cada dos hileras. Producci\u00f3n indicativa: hasta 8.000 plantas\/hora por operador. Solicita una demostraci\u00f3n de la m\u00e1quina.","og_url":"https:\/\/www.checchiemagli.com\/es\/trasplantadora\/top-24\/","og_site_name":"Checchi e Magli","article_publisher":"https:\/\/www.facebook.com\/checchiemagli\/","article_modified_time":"2025-10-29T08:54:17+00:00","og_image":[{"width":1000,"height":1000,"url":"https:\/\/www.checchiemagli.com\/wp-content\/uploads\/2025\/03\/TOP-24.png","type":"image\/png"}],"twitter_card":"summary_large_image","twitter_site":"@checchiemagli","twitter_misc":{"Tiempo de lectura":"1 minuto"},"schema":{"@context":"https:\/\/schema.org","@graph":[{"@type":"WebPage","@id":"https:\/\/www.checchiemagli.com\/es\/trasplantadora\/top-24\/","url":"https:\/\/www.checchiemagli.com\/es\/trasplantadora\/top-24\/","name":"Trasplantadoras Top 24 - Checchi & Magli","isPartOf":{"@id":"https:\/\/www.checchiemagli.com\/es\/#website"},"primaryImageOfPage":{"@id":"https:\/\/www.checchiemagli.com\/es\/trasplantadora\/top-24\/#primaryimage"},"image":{"@id":"https:\/\/www.checchiemagli.com\/es\/trasplantadora\/top-24\/#primaryimage"},"thumbnailUrl":"https:\/\/www.checchiemagli.com\/wp-content\/uploads\/2025\/03\/TOP-24.png","datePublished":"2025-03-04T11:36:39+00:00","dateModified":"2025-10-29T08:54:17+00:00","description":"Trasplantadora TOP 24: Un solo operador cada dos hileras. Producci\u00f3n indicativa: hasta 8.000 plantas\/hora por operador. Solicita una demostraci\u00f3n de la m\u00e1quina.","breadcrumb":{"@id":"https:\/\/www.checchiemagli.com\/es\/trasplantadora\/top-24\/#breadcrumb"},"inLanguage":"es","potentialAction":[{"@type":"ReadAction","target":["https:\/\/www.checchiemagli.com\/es\/trasplantadora\/top-24\/"]}]},{"@type":"ImageObject","inLanguage":"es","@id":"https:\/\/www.checchiemagli.com\/es\/trasplantadora\/top-24\/#primaryimage","url":"https:\/\/www.checchiemagli.com\/wp-content\/uploads\/2025\/03\/TOP-24.png","contentUrl":"https:\/\/www.checchiemagli.com\/wp-content\/uploads\/2025\/03\/TOP-24.png","width":1000,"height":1000},{"@type":"BreadcrumbList","@id":"https:\/\/www.checchiemagli.com\/es\/trasplantadora\/top-24\/#breadcrumb","itemListElement":[{"@type":"ListItem","position":1,"name":"Home","item":"https:\/\/www.checchiemagli.com\/es\/"},{"@type":"ListItem","position":2,"name":"Maquinaria","item":"https:\/\/www.checchiemagli.com\/es\/maquinaria\/"},{"@type":"ListItem","position":3,"name":"Trasplantadoras","item":"https:\/\/www.checchiemagli.com\/es\/maquinaria\/trasplantadoras\/"},{"@type":"ListItem","position":4,"name":"Top 24"}]},{"@type":"WebSite","@id":"https:\/\/www.checchiemagli.com\/es\/#website","url":"https:\/\/www.checchiemagli.com\/es\/","name":"Checchi&Magli","description":"Produzione e Distribuzione di Macchine Agricole","publisher":{"@id":"https:\/\/www.checchiemagli.com\/es\/#organization"},"potentialAction":[{"@type":"SearchAction","target":{"@type":"EntryPoint","urlTemplate":"https:\/\/www.checchiemagli.com\/es\/?s={search_term_string}"},"query-input":{"@type":"PropertyValueSpecification","valueRequired":true,"valueName":"search_term_string"}}],"inLanguage":"es"},{"@type":"Organization","@id":"https:\/\/www.checchiemagli.com\/es\/#organization","name":"Checchi&Magli","url":"https:\/\/www.checchiemagli.com\/es\/","logo":{"@type":"ImageObject","inLanguage":"es","@id":"https:\/\/www.checchiemagli.com\/es\/#\/schema\/logo\/image\/","url":"https:\/\/www.checchiemagli.com\/wp-content\/uploads\/2025\/03\/logo.png","contentUrl":"https:\/\/www.checchiemagli.com\/wp-content\/uploads\/2025\/03\/logo.png","width":633,"height":149,"caption":"Checchi&Magli"},"image":{"@id":"https:\/\/www.checchiemagli.com\/es\/#\/schema\/logo\/image\/"},"sameAs":["https:\/\/www.facebook.com\/checchiemagli\/","https:\/\/x.com\/checchiemagli","https:\/\/www.youtube.com\/user\/checchiemagli","https:\/\/www.instagram.com\/checchiemagli\/","https:\/\/www.linkedin.com\/company\/checchiemagli\/"]}]}},"_links":{"self":[{"href":"https:\/\/www.checchiemagli.com\/es\/wp-json\/wp\/v2\/product\/6820","targetHints":{"allow":["GET"]}}],"collection":[{"href":"https:\/\/www.checchiemagli.com\/es\/wp-json\/wp\/v2\/product"}],"about":[{"href":"https:\/\/www.checchiemagli.com\/es\/wp-json\/wp\/v2\/types\/product"}],"wp:featuredmedia":[{"embeddable":true,"href":"https:\/\/www.checchiemagli.com\/es\/wp-json\/wp\/v2\/media\/9841"}],"wp:attachment":[{"href":"https:\/\/www.checchiemagli.com\/es\/wp-json\/wp\/v2\/media?parent=6820"}],"wp:term":[{"taxonomy":"cosa-puoi-piantare","embeddable":true,"href":"https:\/\/www.checchiemagli.com\/es\/wp-json\/wp\/v2\/cosa-puoi-piantare?post=6820"},{"taxonomy":"etichette","embeddable":true,"href":"https:\/\/www.checchiemagli.com\/es\/wp-json\/wp\/v2\/etichette?post=6820"},{"taxonomy":"nr-file","embeddable":true,"href":"https:\/\/www.checchiemagli.com\/es\/wp-json\/wp\/v2\/nr-file?post=6820"},{"taxonomy":"specifiche-tecniche","embeddable":true,"href":"https:\/\/www.checchiemagli.com\/es\/wp-json\/wp\/v2\/specifiche-tecniche?post=6820"},{"taxonomy":"tipo-di-terreno","embeddable":true,"href":"https:\/\/www.checchiemagli.com\/es\/wp-json\/wp\/v2\/tipo-di-terreno?post=6820"},{"taxonomy":"tipo-di-zolla","embeddable":true,"href":"https:\/\/www.checchiemagli.com\/es\/wp-json\/wp\/v2\/tipo-di-zolla?post=6820"},{"taxonomy":"tipologie-macchine","embeddable":true,"href":"https:\/\/www.checchiemagli.com\/es\/wp-json\/wp\/v2\/tipologie-macchine?post=6820"},{"taxonomy":"product_brand","embeddable":true,"href":"https:\/\/www.checchiemagli.com\/es\/wp-json\/wp\/v2\/product_brand?post=6820"},{"taxonomy":"product_cat","embeddable":true,"href":"https:\/\/www.checchiemagli.com\/es\/wp-json\/wp\/v2\/product_cat?post=6820"},{"taxonomy":"product_tag","embeddable":true,"href":"https:\/\/www.checchiemagli.com\/es\/wp-json\/wp\/v2\/product_tag?post=6820"}],"curies":[{"name":"wp","href":"https:\/\/api.w.org\/{rel}","templated":true}]}}