{"id":6808,"date":"2025-03-04T12:36:39","date_gmt":"2025-03-04T11:36:39","guid":{"rendered":"https:\/\/www.checchiemagli.com\/prodotto\/smartwolf-compact\/"},"modified":"2025-06-27T12:49:30","modified_gmt":"2025-06-27T10:49:30","slug":"smartwolf-compact","status":"publish","type":"product","link":"https:\/\/www.checchiemagli.com\/es\/trasplantadora\/smartwolf-compact\/","title":{"rendered":"Smartwolf Compact"},"content":{"rendered":"<p><strong>\u00a0\u00a1Eficiencia SMART al alcance de la mano &#8211; Distancia entre filas estrecha!<\/strong> Trasplantadora con distribuidor de 1 a 6 vasos perforadores. Doble uso con y sin acolchado, tambi\u00e9n biodegradable, distancia entre filas regulable de m\u00ednimo 30 cm\/12&#8243;; rendimiento apr\u00f3ximado hasta 3.000 plantas\/hora por operador. Ideal para lechuga, apio, fresas y pi\u00f1a.<br \/>\nOpci\u00f3nes: dispositivo de riego el\u00e9ctrico sincronizado por cada planta y grupo de siembra SEEDPROe.<\/p>\n","protected":false},"excerpt":{"rendered":"<p>\u00a0\u00a1Eficiencia SMART al alcance de la mano &#8211; Distancia entre filas estrecha! Trasplantadora con distribuidor de 1 a 6 vasos perforadores. Doble uso con y sin acolchado, tambi\u00e9n biodegradable, distancia entre filas regulable de m\u00ednimo 30 cm\/12&#8243;; rendimiento apr\u00f3ximado hasta 3.000 plantas\/hora por operador. Ideal para lechuga, apio, fresas y pi\u00f1a. Opci\u00f3nes: dispositivo de riego&#8230;<\/p>\n","protected":false},"featured_media":9852,"template":"","meta":{"_acf_changed":false,"_gspb_post_css":"","_kad_post_transparent":"default","_kad_post_title":"","_kad_post_layout":"default","_kad_post_sidebar_id":"","_kad_post_content_style":"default","_kad_post_vertical_padding":"default","_kad_post_feature":"","_kad_post_feature_position":"","_kad_post_header":false,"_kad_post_footer":false,"_kad_post_classname":""},"cosa-puoi-piantare":[549,565,581,553,569,541,557,573,589,545,561,593,533,521,525,529,501,505,497,485,489,473],"etichette":[],"nr-file":[461,455,456,457,458,459,460],"specifiche-tecniche":[2109,2110,2111,2112,2116,2118,2155,2204],"tipo-di-terreno":[429,430],"tipo-di-zolla":[421,425,409,413,417],"tipologie-macchine":[998],"product_brand":[],"product_cat":[401],"product_tag":[],"class_list":{"0":"post-6808","1":"product","2":"type-product","3":"status-publish","4":"has-post-thumbnail","6":"cosa-puoi-piantare-pepinos","7":"cosa-puoi-piantare-batatas","8":"cosa-puoi-piantare-apio","9":"cosa-puoi-piantare-hinojos","10":"cosa-puoi-piantare-pimientos","11":"cosa-puoi-piantare-brocoli","12":"cosa-puoi-piantare-ensaladas","13":"cosa-puoi-piantare-tomates-es","14":"cosa-puoi-piantare-calabaza","15":"cosa-puoi-piantare-coles","16":"cosa-puoi-piantare-berenjenas","17":"cosa-puoi-piantare-calabacines","18":"cosa-puoi-piantare-melon-es","19":"cosa-puoi-piantare-pina","20":"cosa-puoi-piantare-sandia","21":"cosa-puoi-piantare-fresas","22":"cosa-puoi-piantare-cebollas","23":"cosa-puoi-piantare-patatas","24":"cosa-puoi-piantare-ajo","25":"cosa-puoi-piantare-otras-hierbas","26":"cosa-puoi-piantare-lavanda-es","27":"cosa-puoi-piantare-canamo","28":"nr-file-6-filas","29":"nr-file-1-es","30":"nr-file-2-es","31":"nr-file-3-es","32":"nr-file-4-es","33":"nr-file-5-es","34":"nr-file-6-es","35":"specifiche-tecniche-ruedas-compactadoras-en-goma-flex-o-33-cm-13","36":"specifiche-tecniche-compatible-con-seedproe","37":"specifiche-tecniche-sistema-de-riego-electrico-localizado-y-sincronizado-unico-en-el-mundo-opcional","38":"specifiche-tecniche-distribuidor-de-1-a-8-vasos-perforador","39":"specifiche-tecniche-distancia-entre-filas-min-30-cm-12","40":"specifiche-tecniche-distancia-entre-plantas-min-25-max-150-cm-10-59","41":"specifiche-tecniche-compatible-con-pelicula-biodegradables","42":"specifiche-tecniche-paralelogramo-para-profundidad-de-plantacion-constante","43":"tipo-di-terreno-campo-abierto","44":"tipo-di-terreno-acolchado","45":"tipo-di-zolla-cubico","46":"tipo-di-zolla-piramidal","47":"tipo-di-zolla-semilla","48":"tipo-di-zolla-cilindrico","49":"tipo-di-zolla-conico","50":"tipologie-macchine-trasplantadora","51":"product_cat-trasplantadoras","53":"first","54":"instock","55":"virtual","56":"product-type-simple","57":"entry","58":"content-bg","59":"loop-entry"},"acf":[],"yoast_head":"<!-- This site is optimized with the Yoast SEO plugin v27.2 - https:\/\/yoast.com\/product\/yoast-seo-wordpress\/ -->\n<title>Trasplantadoras Smartwolf Compact - Checchi &amp; Magli<\/title>\n<meta name=\"description\" content=\"Trasplantadora SMARTWOLF COMPACT: Doble uso con y sin pel\u00edcula de acolchado, tambi\u00e9n biodegradable. Ideal para lechugas, apio, fresas y pi\u00f1a. Checchi&amp;Magli.\" \/>\n<meta name=\"robots\" content=\"index, follow, max-snippet:-1, max-image-preview:large, max-video-preview:-1\" \/>\n<link rel=\"canonical\" href=\"https:\/\/www.checchiemagli.com\/es\/trasplantadora\/smartwolf-compact\/\" \/>\n<meta property=\"og:locale\" content=\"es_ES\" \/>\n<meta property=\"og:type\" content=\"article\" \/>\n<meta property=\"og:title\" content=\"Trasplantadoras Smartwolf Compact - Checchi &amp; Magli\" \/>\n<meta property=\"og:description\" content=\"Trasplantadora SMARTWOLF COMPACT: Doble uso con y sin pel\u00edcula de acolchado, tambi\u00e9n biodegradable. Ideal para lechugas, apio, fresas y pi\u00f1a. Checchi&amp;Magli.\" \/>\n<meta property=\"og:url\" content=\"https:\/\/www.checchiemagli.com\/es\/trasplantadora\/smartwolf-compact\/\" \/>\n<meta property=\"og:site_name\" content=\"Checchi e Magli\" \/>\n<meta property=\"article:publisher\" content=\"https:\/\/www.facebook.com\/checchiemagli\/\" \/>\n<meta property=\"article:modified_time\" content=\"2025-06-27T10:49:30+00:00\" \/>\n<meta property=\"og:image\" content=\"https:\/\/www.checchiemagli.com\/wp-content\/uploads\/2025\/03\/SMARTWOLF-COMPACT.png\" \/>\n\t<meta property=\"og:image:width\" content=\"1000\" \/>\n\t<meta property=\"og:image:height\" content=\"1000\" \/>\n\t<meta property=\"og:image:type\" content=\"image\/png\" \/>\n<meta name=\"twitter:card\" content=\"summary_large_image\" \/>\n<meta name=\"twitter:site\" content=\"@checchiemagli\" \/>\n<meta name=\"twitter:label1\" content=\"Tiempo de lectura\" \/>\n\t<meta name=\"twitter:data1\" content=\"1 minuto\" \/>\n<!-- \/ Yoast SEO plugin. -->","yoast_head_json":{"title":"Trasplantadoras Smartwolf Compact - Checchi & Magli","description":"Trasplantadora SMARTWOLF COMPACT: Doble uso con y sin pel\u00edcula de acolchado, tambi\u00e9n biodegradable. Ideal para lechugas, apio, fresas y pi\u00f1a. Checchi&Magli.","robots":{"index":"index","follow":"follow","max-snippet":"max-snippet:-1","max-image-preview":"max-image-preview:large","max-video-preview":"max-video-preview:-1"},"canonical":"https:\/\/www.checchiemagli.com\/es\/trasplantadora\/smartwolf-compact\/","og_locale":"es_ES","og_type":"article","og_title":"Trasplantadoras Smartwolf Compact - Checchi & Magli","og_description":"Trasplantadora SMARTWOLF COMPACT: Doble uso con y sin pel\u00edcula de acolchado, tambi\u00e9n biodegradable. Ideal para lechugas, apio, fresas y pi\u00f1a. Checchi&Magli.","og_url":"https:\/\/www.checchiemagli.com\/es\/trasplantadora\/smartwolf-compact\/","og_site_name":"Checchi e Magli","article_publisher":"https:\/\/www.facebook.com\/checchiemagli\/","article_modified_time":"2025-06-27T10:49:30+00:00","og_image":[{"width":1000,"height":1000,"url":"https:\/\/www.checchiemagli.com\/wp-content\/uploads\/2025\/03\/SMARTWOLF-COMPACT.png","type":"image\/png"}],"twitter_card":"summary_large_image","twitter_site":"@checchiemagli","twitter_misc":{"Tiempo de lectura":"1 minuto"},"schema":{"@context":"https:\/\/schema.org","@graph":[{"@type":"WebPage","@id":"https:\/\/www.checchiemagli.com\/es\/trasplantadora\/smartwolf-compact\/","url":"https:\/\/www.checchiemagli.com\/es\/trasplantadora\/smartwolf-compact\/","name":"Trasplantadoras Smartwolf Compact - Checchi & Magli","isPartOf":{"@id":"https:\/\/www.checchiemagli.com\/es\/#website"},"primaryImageOfPage":{"@id":"https:\/\/www.checchiemagli.com\/es\/trasplantadora\/smartwolf-compact\/#primaryimage"},"image":{"@id":"https:\/\/www.checchiemagli.com\/es\/trasplantadora\/smartwolf-compact\/#primaryimage"},"thumbnailUrl":"https:\/\/www.checchiemagli.com\/wp-content\/uploads\/2025\/03\/SMARTWOLF-COMPACT.png","datePublished":"2025-03-04T11:36:39+00:00","dateModified":"2025-06-27T10:49:30+00:00","description":"Trasplantadora SMARTWOLF COMPACT: Doble uso con y sin pel\u00edcula de acolchado, tambi\u00e9n biodegradable. Ideal para lechugas, apio, fresas y pi\u00f1a. Checchi&Magli.","breadcrumb":{"@id":"https:\/\/www.checchiemagli.com\/es\/trasplantadora\/smartwolf-compact\/#breadcrumb"},"inLanguage":"es","potentialAction":[{"@type":"ReadAction","target":["https:\/\/www.checchiemagli.com\/es\/trasplantadora\/smartwolf-compact\/"]}]},{"@type":"ImageObject","inLanguage":"es","@id":"https:\/\/www.checchiemagli.com\/es\/trasplantadora\/smartwolf-compact\/#primaryimage","url":"https:\/\/www.checchiemagli.com\/wp-content\/uploads\/2025\/03\/SMARTWOLF-COMPACT.png","contentUrl":"https:\/\/www.checchiemagli.com\/wp-content\/uploads\/2025\/03\/SMARTWOLF-COMPACT.png","width":1000,"height":1000},{"@type":"BreadcrumbList","@id":"https:\/\/www.checchiemagli.com\/es\/trasplantadora\/smartwolf-compact\/#breadcrumb","itemListElement":[{"@type":"ListItem","position":1,"name":"Home","item":"https:\/\/www.checchiemagli.com\/es\/"},{"@type":"ListItem","position":2,"name":"Maquinaria","item":"https:\/\/www.checchiemagli.com\/es\/maquinaria\/"},{"@type":"ListItem","position":3,"name":"Trasplantadoras","item":"https:\/\/www.checchiemagli.com\/es\/maquinaria\/trasplantadoras\/"},{"@type":"ListItem","position":4,"name":"Smartwolf Compact"}]},{"@type":"WebSite","@id":"https:\/\/www.checchiemagli.com\/es\/#website","url":"https:\/\/www.checchiemagli.com\/es\/","name":"Checchi&Magli","description":"Produzione e Distribuzione di Macchine Agricole","publisher":{"@id":"https:\/\/www.checchiemagli.com\/es\/#organization"},"potentialAction":[{"@type":"SearchAction","target":{"@type":"EntryPoint","urlTemplate":"https:\/\/www.checchiemagli.com\/es\/?s={search_term_string}"},"query-input":{"@type":"PropertyValueSpecification","valueRequired":true,"valueName":"search_term_string"}}],"inLanguage":"es"},{"@type":"Organization","@id":"https:\/\/www.checchiemagli.com\/es\/#organization","name":"Checchi&Magli","url":"https:\/\/www.checchiemagli.com\/es\/","logo":{"@type":"ImageObject","inLanguage":"es","@id":"https:\/\/www.checchiemagli.com\/es\/#\/schema\/logo\/image\/","url":"https:\/\/www.checchiemagli.com\/wp-content\/uploads\/2025\/03\/logo.png","contentUrl":"https:\/\/www.checchiemagli.com\/wp-content\/uploads\/2025\/03\/logo.png","width":633,"height":149,"caption":"Checchi&Magli"},"image":{"@id":"https:\/\/www.checchiemagli.com\/es\/#\/schema\/logo\/image\/"},"sameAs":["https:\/\/www.facebook.com\/checchiemagli\/","https:\/\/x.com\/checchiemagli","https:\/\/www.youtube.com\/user\/checchiemagli","https:\/\/www.instagram.com\/checchiemagli\/","https:\/\/www.linkedin.com\/company\/checchiemagli\/"]}]}},"_links":{"self":[{"href":"https:\/\/www.checchiemagli.com\/es\/wp-json\/wp\/v2\/product\/6808","targetHints":{"allow":["GET"]}}],"collection":[{"href":"https:\/\/www.checchiemagli.com\/es\/wp-json\/wp\/v2\/product"}],"about":[{"href":"https:\/\/www.checchiemagli.com\/es\/wp-json\/wp\/v2\/types\/product"}],"wp:featuredmedia":[{"embeddable":true,"href":"https:\/\/www.checchiemagli.com\/es\/wp-json\/wp\/v2\/media\/9852"}],"wp:attachment":[{"href":"https:\/\/www.checchiemagli.com\/es\/wp-json\/wp\/v2\/media?parent=6808"}],"wp:term":[{"taxonomy":"cosa-puoi-piantare","embeddable":true,"href":"https:\/\/www.checchiemagli.com\/es\/wp-json\/wp\/v2\/cosa-puoi-piantare?post=6808"},{"taxonomy":"etichette","embeddable":true,"href":"https:\/\/www.checchiemagli.com\/es\/wp-json\/wp\/v2\/etichette?post=6808"},{"taxonomy":"nr-file","embeddable":true,"href":"https:\/\/www.checchiemagli.com\/es\/wp-json\/wp\/v2\/nr-file?post=6808"},{"taxonomy":"specifiche-tecniche","embeddable":true,"href":"https:\/\/www.checchiemagli.com\/es\/wp-json\/wp\/v2\/specifiche-tecniche?post=6808"},{"taxonomy":"tipo-di-terreno","embeddable":true,"href":"https:\/\/www.checchiemagli.com\/es\/wp-json\/wp\/v2\/tipo-di-terreno?post=6808"},{"taxonomy":"tipo-di-zolla","embeddable":true,"href":"https:\/\/www.checchiemagli.com\/es\/wp-json\/wp\/v2\/tipo-di-zolla?post=6808"},{"taxonomy":"tipologie-macchine","embeddable":true,"href":"https:\/\/www.checchiemagli.com\/es\/wp-json\/wp\/v2\/tipologie-macchine?post=6808"},{"taxonomy":"product_brand","embeddable":true,"href":"https:\/\/www.checchiemagli.com\/es\/wp-json\/wp\/v2\/product_brand?post=6808"},{"taxonomy":"product_cat","embeddable":true,"href":"https:\/\/www.checchiemagli.com\/es\/wp-json\/wp\/v2\/product_cat?post=6808"},{"taxonomy":"product_tag","embeddable":true,"href":"https:\/\/www.checchiemagli.com\/es\/wp-json\/wp\/v2\/product_tag?post=6808"}],"curies":[{"name":"wp","href":"https:\/\/api.w.org\/{rel}","templated":true}]}}