{"id":6796,"date":"2025-03-04T12:36:39","date_gmt":"2025-03-04T11:36:39","guid":{"rendered":"https:\/\/www.checchiemagli.com\/prodotto\/wolf-pro\/"},"modified":"2025-10-29T11:13:32","modified_gmt":"2025-10-29T10:13:32","slug":"wolf-pro","status":"publish","type":"product","link":"https:\/\/www.checchiemagli.com\/es\/trasplantadora\/wolf-pro\/","title":{"rendered":"Wolf Pro"},"content":{"rendered":"<p><strong>\u00a1Multiusos y PROprofesional!<\/strong> Trasplantadora con distribuidor de 1 a 8 vasos perforadores. Doble uso con y sin acolchado, tambi\u00e9n biodegradable, distancia entre filas regulable de m\u00ednimo 50 cm\/20&#8243;; rendimiento apr\u00f3ximado hasta 3.000 plantas\/hora cada operador. Ideal para tomate, mel\u00f3n, sand\u00eda, lechuga, calabaza y calabacines.<br \/>\nOpci\u00f3nes: dispositivo de riego el\u00e9ctrico sincronizado por cada planta y grupo de siembra SEEDPROe.<\/p>\n","protected":false},"excerpt":{"rendered":"<p>\u00a1Multiusos y PROprofesional! Trasplantadora con distribuidor de 1 a 8 vasos perforadores. Doble uso con y sin acolchado, tambi\u00e9n biodegradable, distancia entre filas regulable de m\u00ednimo 50 cm\/20&#8243;; rendimiento apr\u00f3ximado hasta 3.000 plantas\/hora cada operador. Ideal para tomate, mel\u00f3n, sand\u00eda, lechuga, calabaza y calabacines. Opci\u00f3nes: dispositivo de riego el\u00e9ctrico sincronizado por cada planta y grupo&#8230;<\/p>\n","protected":false},"featured_media":9809,"template":"","meta":{"_acf_changed":false,"_gspb_post_css":"","_kad_post_transparent":"default","_kad_post_title":"","_kad_post_layout":"default","_kad_post_sidebar_id":"","_kad_post_content_style":"default","_kad_post_vertical_padding":"default","_kad_post_feature":"","_kad_post_feature_position":"","_kad_post_header":false,"_kad_post_footer":false,"_kad_post_classname":""},"cosa-puoi-piantare":[2424,2418,2408,549,565,581,553,569,541,557,573,589,545,561,577,593,533,521,525,529,501,505,497,485,489,473],"etichette":[2426,2428],"nr-file":[457,458,459,460,461,455,456],"specifiche-tecniche":[2113,2114,2115,2155,2204,2110,2111,2112],"tipo-di-terreno":[429,430],"tipo-di-zolla":[409,413,417,421,425],"tipologie-macchine":[998],"product_brand":[],"product_cat":[401],"product_tag":[],"class_list":{"0":"post-6796","1":"product","2":"type-product","3":"status-publish","4":"has-post-thumbnail","6":"cosa-puoi-piantare-chile","7":"cosa-puoi-piantare-portainjertos","8":"cosa-puoi-piantare-cebollas-es","9":"cosa-puoi-piantare-pepinos","10":"cosa-puoi-piantare-batatas","11":"cosa-puoi-piantare-apio","12":"cosa-puoi-piantare-hinojos","13":"cosa-puoi-piantare-pimientos","14":"cosa-puoi-piantare-brocoli","15":"cosa-puoi-piantare-ensaladas","16":"cosa-puoi-piantare-tomates-es","17":"cosa-puoi-piantare-calabaza","18":"cosa-puoi-piantare-coles","19":"cosa-puoi-piantare-berenjenas","20":"cosa-puoi-piantare-puerros","21":"cosa-puoi-piantare-calabacines","22":"cosa-puoi-piantare-melon-es","23":"cosa-puoi-piantare-pina","24":"cosa-puoi-piantare-sandia","25":"cosa-puoi-piantare-fresas","26":"cosa-puoi-piantare-cebollas","27":"cosa-puoi-piantare-patatas","28":"cosa-puoi-piantare-ajo","29":"cosa-puoi-piantare-otras-hierbas","30":"cosa-puoi-piantare-lavanda-es","31":"cosa-puoi-piantare-canamo","32":"etichette-on-fire","33":"etichette-must-have","34":"nr-file-3-es","35":"nr-file-4-es","36":"nr-file-5-es","37":"nr-file-6-es","38":"nr-file-6-filas","39":"nr-file-1-es","40":"nr-file-2-es","41":"specifiche-tecniche-distancia-entre-filas-50-cm-20","42":"specifiche-tecniche-distancia-entre-plantas-min-25-cm-max-200-cm-10-79","43":"specifiche-tecniche-ruedas-compactadoras-en-goma-flex-o-41-cm-16","44":"specifiche-tecniche-compatible-con-pelicula-biodegradables","45":"specifiche-tecniche-paralelogramo-para-profundidad-de-plantacion-constante","46":"specifiche-tecniche-compatible-con-seedproe","47":"specifiche-tecniche-sistema-de-riego-electrico-localizado-y-sincronizado-unico-en-el-mundo-opcional","48":"specifiche-tecniche-distribuidor-de-1-a-8-vasos-perforador","49":"tipo-di-terreno-campo-abierto","50":"tipo-di-terreno-acolchado","51":"tipo-di-zolla-semilla","52":"tipo-di-zolla-cilindrico","53":"tipo-di-zolla-conico","54":"tipo-di-zolla-cubico","55":"tipo-di-zolla-piramidal","56":"tipologie-macchine-trasplantadora","57":"product_cat-trasplantadoras","59":"first","60":"instock","61":"virtual","62":"product-type-simple","63":"entry","64":"content-bg","65":"loop-entry"},"acf":[],"yoast_head":"<!-- This site is optimized with the Yoast SEO plugin v27.2 - https:\/\/yoast.com\/product\/yoast-seo-wordpress\/ -->\n<title>Trasplantadoras Wolf Pro - Checchi &amp; Magli<\/title>\n<meta name=\"description\" content=\"Trasplantadora Wolf Pro: Para el trasplante sobre pel\u00edcula pl\u00e1stica y biodegradable. Ideal para tomate y diversas hortalizas, pero tambi\u00e9n sand\u00edas y pimientos.\" \/>\n<meta name=\"robots\" content=\"index, follow, max-snippet:-1, max-image-preview:large, max-video-preview:-1\" \/>\n<link rel=\"canonical\" href=\"https:\/\/www.checchiemagli.com\/es\/trasplantadora\/wolf-pro\/\" \/>\n<meta property=\"og:locale\" content=\"es_ES\" \/>\n<meta property=\"og:type\" content=\"article\" \/>\n<meta property=\"og:title\" content=\"Trasplantadoras Wolf Pro - Checchi &amp; Magli\" \/>\n<meta property=\"og:description\" content=\"Trasplantadora Wolf Pro: Para el trasplante sobre pel\u00edcula pl\u00e1stica y biodegradable. Ideal para tomate y diversas hortalizas, pero tambi\u00e9n sand\u00edas y pimientos.\" \/>\n<meta property=\"og:url\" content=\"https:\/\/www.checchiemagli.com\/es\/trasplantadora\/wolf-pro\/\" \/>\n<meta property=\"og:site_name\" content=\"Checchi e Magli\" \/>\n<meta property=\"article:publisher\" content=\"https:\/\/www.facebook.com\/checchiemagli\/\" \/>\n<meta property=\"article:modified_time\" content=\"2025-10-29T10:13:32+00:00\" \/>\n<meta property=\"og:image\" content=\"https:\/\/www.checchiemagli.com\/wp-content\/uploads\/2025\/03\/WOLF-PRO-1000x1000-1.png\" \/>\n\t<meta property=\"og:image:width\" content=\"1000\" \/>\n\t<meta property=\"og:image:height\" content=\"1000\" \/>\n\t<meta property=\"og:image:type\" content=\"image\/png\" \/>\n<meta name=\"twitter:card\" content=\"summary_large_image\" \/>\n<meta name=\"twitter:site\" content=\"@checchiemagli\" \/>\n<meta name=\"twitter:label1\" content=\"Tiempo de lectura\" \/>\n\t<meta name=\"twitter:data1\" content=\"1 minuto\" \/>\n<!-- \/ Yoast SEO plugin. -->","yoast_head_json":{"title":"Trasplantadoras Wolf Pro - Checchi & Magli","description":"Trasplantadora Wolf Pro: Para el trasplante sobre pel\u00edcula pl\u00e1stica y biodegradable. Ideal para tomate y diversas hortalizas, pero tambi\u00e9n sand\u00edas y pimientos.","robots":{"index":"index","follow":"follow","max-snippet":"max-snippet:-1","max-image-preview":"max-image-preview:large","max-video-preview":"max-video-preview:-1"},"canonical":"https:\/\/www.checchiemagli.com\/es\/trasplantadora\/wolf-pro\/","og_locale":"es_ES","og_type":"article","og_title":"Trasplantadoras Wolf Pro - Checchi & Magli","og_description":"Trasplantadora Wolf Pro: Para el trasplante sobre pel\u00edcula pl\u00e1stica y biodegradable. Ideal para tomate y diversas hortalizas, pero tambi\u00e9n sand\u00edas y pimientos.","og_url":"https:\/\/www.checchiemagli.com\/es\/trasplantadora\/wolf-pro\/","og_site_name":"Checchi e Magli","article_publisher":"https:\/\/www.facebook.com\/checchiemagli\/","article_modified_time":"2025-10-29T10:13:32+00:00","og_image":[{"width":1000,"height":1000,"url":"https:\/\/www.checchiemagli.com\/wp-content\/uploads\/2025\/03\/WOLF-PRO-1000x1000-1.png","type":"image\/png"}],"twitter_card":"summary_large_image","twitter_site":"@checchiemagli","twitter_misc":{"Tiempo de lectura":"1 minuto"},"schema":{"@context":"https:\/\/schema.org","@graph":[{"@type":"WebPage","@id":"https:\/\/www.checchiemagli.com\/es\/trasplantadora\/wolf-pro\/","url":"https:\/\/www.checchiemagli.com\/es\/trasplantadora\/wolf-pro\/","name":"Trasplantadoras Wolf Pro - Checchi & Magli","isPartOf":{"@id":"https:\/\/www.checchiemagli.com\/es\/#website"},"primaryImageOfPage":{"@id":"https:\/\/www.checchiemagli.com\/es\/trasplantadora\/wolf-pro\/#primaryimage"},"image":{"@id":"https:\/\/www.checchiemagli.com\/es\/trasplantadora\/wolf-pro\/#primaryimage"},"thumbnailUrl":"https:\/\/www.checchiemagli.com\/wp-content\/uploads\/2025\/03\/WOLF-PRO-1000x1000-1.png","datePublished":"2025-03-04T11:36:39+00:00","dateModified":"2025-10-29T10:13:32+00:00","description":"Trasplantadora Wolf Pro: Para el trasplante sobre pel\u00edcula pl\u00e1stica y biodegradable. Ideal para tomate y diversas hortalizas, pero tambi\u00e9n sand\u00edas y pimientos.","breadcrumb":{"@id":"https:\/\/www.checchiemagli.com\/es\/trasplantadora\/wolf-pro\/#breadcrumb"},"inLanguage":"es","potentialAction":[{"@type":"ReadAction","target":["https:\/\/www.checchiemagli.com\/es\/trasplantadora\/wolf-pro\/"]}]},{"@type":"ImageObject","inLanguage":"es","@id":"https:\/\/www.checchiemagli.com\/es\/trasplantadora\/wolf-pro\/#primaryimage","url":"https:\/\/www.checchiemagli.com\/wp-content\/uploads\/2025\/03\/WOLF-PRO-1000x1000-1.png","contentUrl":"https:\/\/www.checchiemagli.com\/wp-content\/uploads\/2025\/03\/WOLF-PRO-1000x1000-1.png","width":1000,"height":1000},{"@type":"BreadcrumbList","@id":"https:\/\/www.checchiemagli.com\/es\/trasplantadora\/wolf-pro\/#breadcrumb","itemListElement":[{"@type":"ListItem","position":1,"name":"Home","item":"https:\/\/www.checchiemagli.com\/es\/"},{"@type":"ListItem","position":2,"name":"Maquinaria","item":"https:\/\/www.checchiemagli.com\/es\/maquinaria\/"},{"@type":"ListItem","position":3,"name":"Trasplantadoras","item":"https:\/\/www.checchiemagli.com\/es\/maquinaria\/trasplantadoras\/"},{"@type":"ListItem","position":4,"name":"Wolf Pro"}]},{"@type":"WebSite","@id":"https:\/\/www.checchiemagli.com\/es\/#website","url":"https:\/\/www.checchiemagli.com\/es\/","name":"Checchi&Magli","description":"Produzione e Distribuzione di Macchine Agricole","publisher":{"@id":"https:\/\/www.checchiemagli.com\/es\/#organization"},"potentialAction":[{"@type":"SearchAction","target":{"@type":"EntryPoint","urlTemplate":"https:\/\/www.checchiemagli.com\/es\/?s={search_term_string}"},"query-input":{"@type":"PropertyValueSpecification","valueRequired":true,"valueName":"search_term_string"}}],"inLanguage":"es"},{"@type":"Organization","@id":"https:\/\/www.checchiemagli.com\/es\/#organization","name":"Checchi&Magli","url":"https:\/\/www.checchiemagli.com\/es\/","logo":{"@type":"ImageObject","inLanguage":"es","@id":"https:\/\/www.checchiemagli.com\/es\/#\/schema\/logo\/image\/","url":"https:\/\/www.checchiemagli.com\/wp-content\/uploads\/2025\/03\/logo.png","contentUrl":"https:\/\/www.checchiemagli.com\/wp-content\/uploads\/2025\/03\/logo.png","width":633,"height":149,"caption":"Checchi&Magli"},"image":{"@id":"https:\/\/www.checchiemagli.com\/es\/#\/schema\/logo\/image\/"},"sameAs":["https:\/\/www.facebook.com\/checchiemagli\/","https:\/\/x.com\/checchiemagli","https:\/\/www.youtube.com\/user\/checchiemagli","https:\/\/www.instagram.com\/checchiemagli\/","https:\/\/www.linkedin.com\/company\/checchiemagli\/"]}]}},"_links":{"self":[{"href":"https:\/\/www.checchiemagli.com\/es\/wp-json\/wp\/v2\/product\/6796","targetHints":{"allow":["GET"]}}],"collection":[{"href":"https:\/\/www.checchiemagli.com\/es\/wp-json\/wp\/v2\/product"}],"about":[{"href":"https:\/\/www.checchiemagli.com\/es\/wp-json\/wp\/v2\/types\/product"}],"wp:featuredmedia":[{"embeddable":true,"href":"https:\/\/www.checchiemagli.com\/es\/wp-json\/wp\/v2\/media\/9809"}],"wp:attachment":[{"href":"https:\/\/www.checchiemagli.com\/es\/wp-json\/wp\/v2\/media?parent=6796"}],"wp:term":[{"taxonomy":"cosa-puoi-piantare","embeddable":true,"href":"https:\/\/www.checchiemagli.com\/es\/wp-json\/wp\/v2\/cosa-puoi-piantare?post=6796"},{"taxonomy":"etichette","embeddable":true,"href":"https:\/\/www.checchiemagli.com\/es\/wp-json\/wp\/v2\/etichette?post=6796"},{"taxonomy":"nr-file","embeddable":true,"href":"https:\/\/www.checchiemagli.com\/es\/wp-json\/wp\/v2\/nr-file?post=6796"},{"taxonomy":"specifiche-tecniche","embeddable":true,"href":"https:\/\/www.checchiemagli.com\/es\/wp-json\/wp\/v2\/specifiche-tecniche?post=6796"},{"taxonomy":"tipo-di-terreno","embeddable":true,"href":"https:\/\/www.checchiemagli.com\/es\/wp-json\/wp\/v2\/tipo-di-terreno?post=6796"},{"taxonomy":"tipo-di-zolla","embeddable":true,"href":"https:\/\/www.checchiemagli.com\/es\/wp-json\/wp\/v2\/tipo-di-zolla?post=6796"},{"taxonomy":"tipologie-macchine","embeddable":true,"href":"https:\/\/www.checchiemagli.com\/es\/wp-json\/wp\/v2\/tipologie-macchine?post=6796"},{"taxonomy":"product_brand","embeddable":true,"href":"https:\/\/www.checchiemagli.com\/es\/wp-json\/wp\/v2\/product_brand?post=6796"},{"taxonomy":"product_cat","embeddable":true,"href":"https:\/\/www.checchiemagli.com\/es\/wp-json\/wp\/v2\/product_cat?post=6796"},{"taxonomy":"product_tag","embeddable":true,"href":"https:\/\/www.checchiemagli.com\/es\/wp-json\/wp\/v2\/product_tag?post=6796"}],"curies":[{"name":"wp","href":"https:\/\/api.w.org\/{rel}","templated":true}]}}