{"id":6792,"date":"2025-04-11T09:31:58","date_gmt":"2025-04-11T07:31:58","guid":{"rendered":"https:\/\/www.checchiemagli.com\/prodotto\/s14-plus\/"},"modified":"2025-07-02T14:54:08","modified_gmt":"2025-07-02T12:54:08","slug":"s14-plus","status":"publish","type":"product","link":"https:\/\/www.checchiemagli.com\/es\/acolchadora-para-camas-ya-realizadas\/s14-plus\/","title":{"rendered":"S14 Plus"},"content":{"rendered":"<p><strong>\u00a1Para camas ya formadas!<\/strong> Efectua la colocaci\u00f3n de la pelicula de acolchado (materiales plasticos, de papel, celulosa,biodegradables, etc.) de ancho hasta 140 cm\/55&#8243; y simultaneamente efect\u00faa el aporcado lateral de la misma mediante rejas laterales. Modelo con ruedas en goma anteriores, sin rodillo anterior en acero inox de allanamento.<\/p>\n<p>Combinable con la encamadora AL.<\/p>\n","protected":false},"excerpt":{"rendered":"<p>\u00a1Para camas ya formadas! Efectua la colocaci\u00f3n de la pelicula de acolchado (materiales plasticos, de papel, celulosa,biodegradables, etc.) de ancho hasta 140 cm\/55&#8243; y simultaneamente efect\u00faa el aporcado lateral de la misma mediante rejas laterales. Modelo con ruedas en goma anteriores, sin rodillo anterior en acero inox de allanamento. Combinable con la encamadora AL.<\/p>\n","protected":false},"featured_media":5204,"template":"","meta":{"_acf_changed":false,"_gspb_post_css":"","_kad_post_transparent":"default","_kad_post_title":"","_kad_post_layout":"default","_kad_post_sidebar_id":"","_kad_post_content_style":"default","_kad_post_vertical_padding":"default","_kad_post_feature":"","_kad_post_feature_position":"","_kad_post_header":false,"_kad_post_footer":false,"_kad_post_classname":""},"cosa-puoi-piantare":[],"etichette":[],"nr-file":[],"specifiche-tecniche":[2155,2201,2202,2203],"tipo-di-terreno":[],"tipo-di-zolla":[],"tipologie-macchine":[1107],"product_brand":[],"product_cat":[1091],"product_tag":[],"class_list":{"0":"post-6792","1":"product","2":"type-product","3":"status-publish","4":"has-post-thumbnail","6":"specifiche-tecniche-compatible-con-pelicula-biodegradables","7":"specifiche-tecniche-combinable-con-antablonadora-al","8":"specifiche-tecniche-para-films-de-hasta-140-cm-55","9":"specifiche-tecniche-discos-aporcadores-traseras","10":"tipologie-macchine-acolchadora-para-camas-ya-realizadas","11":"product_cat-acolchadoras-y-entablonadoras","13":"first","14":"instock","15":"virtual","16":"product-type-simple","17":"entry","18":"content-bg","19":"loop-entry"},"acf":[],"yoast_head":"<!-- This site is optimized with the Yoast SEO plugin v27.2 - https:\/\/yoast.com\/product\/yoast-seo-wordpress\/ -->\n<title>Acolchadora S14 Plus - Checchi &amp; Magli<\/title>\n<meta name=\"description\" content=\"Acolchadora PS Plus S14 Plus: Realiza simult\u00e1neamente la formaci\u00f3n de caballones, la colocaci\u00f3n de la pel\u00edcula de acolchado y de la cinta de riego por goteo.\" \/>\n<meta name=\"robots\" content=\"index, follow, max-snippet:-1, max-image-preview:large, max-video-preview:-1\" \/>\n<link rel=\"canonical\" href=\"https:\/\/www.checchiemagli.com\/es\/acolchadora-para-camas-ya-realizadas\/s14-plus\/\" \/>\n<meta property=\"og:locale\" content=\"es_ES\" \/>\n<meta property=\"og:type\" content=\"article\" \/>\n<meta property=\"og:title\" content=\"Acolchadora S14 Plus - Checchi &amp; Magli\" \/>\n<meta property=\"og:description\" content=\"Acolchadora PS Plus S14 Plus: Realiza simult\u00e1neamente la formaci\u00f3n de caballones, la colocaci\u00f3n de la pel\u00edcula de acolchado y de la cinta de riego por goteo.\" \/>\n<meta property=\"og:url\" content=\"https:\/\/www.checchiemagli.com\/es\/acolchadora-para-camas-ya-realizadas\/s14-plus\/\" \/>\n<meta property=\"og:site_name\" content=\"Checchi e Magli\" \/>\n<meta property=\"article:publisher\" content=\"https:\/\/www.facebook.com\/checchiemagli\/\" \/>\n<meta property=\"article:modified_time\" content=\"2025-07-02T12:54:08+00:00\" \/>\n<meta property=\"og:image\" content=\"https:\/\/www.checchiemagli.com\/wp-content\/uploads\/2025\/04\/S14-PLUS_ok.png\" \/>\n\t<meta property=\"og:image:width\" content=\"768\" \/>\n\t<meta property=\"og:image:height\" content=\"576\" \/>\n\t<meta property=\"og:image:type\" content=\"image\/png\" \/>\n<meta name=\"twitter:card\" content=\"summary_large_image\" \/>\n<meta name=\"twitter:site\" content=\"@checchiemagli\" \/>\n<meta name=\"twitter:label1\" content=\"Tiempo de lectura\" \/>\n\t<meta name=\"twitter:data1\" content=\"1 minuto\" \/>\n<!-- \/ Yoast SEO plugin. -->","yoast_head_json":{"title":"Acolchadora S14 Plus - Checchi & Magli","description":"Acolchadora PS Plus S14 Plus: Realiza simult\u00e1neamente la formaci\u00f3n de caballones, la colocaci\u00f3n de la pel\u00edcula de acolchado y de la cinta de riego por goteo.","robots":{"index":"index","follow":"follow","max-snippet":"max-snippet:-1","max-image-preview":"max-image-preview:large","max-video-preview":"max-video-preview:-1"},"canonical":"https:\/\/www.checchiemagli.com\/es\/acolchadora-para-camas-ya-realizadas\/s14-plus\/","og_locale":"es_ES","og_type":"article","og_title":"Acolchadora S14 Plus - Checchi & Magli","og_description":"Acolchadora PS Plus S14 Plus: Realiza simult\u00e1neamente la formaci\u00f3n de caballones, la colocaci\u00f3n de la pel\u00edcula de acolchado y de la cinta de riego por goteo.","og_url":"https:\/\/www.checchiemagli.com\/es\/acolchadora-para-camas-ya-realizadas\/s14-plus\/","og_site_name":"Checchi e Magli","article_publisher":"https:\/\/www.facebook.com\/checchiemagli\/","article_modified_time":"2025-07-02T12:54:08+00:00","og_image":[{"width":768,"height":576,"url":"https:\/\/www.checchiemagli.com\/wp-content\/uploads\/2025\/04\/S14-PLUS_ok.png","type":"image\/png"}],"twitter_card":"summary_large_image","twitter_site":"@checchiemagli","twitter_misc":{"Tiempo de lectura":"1 minuto"},"schema":{"@context":"https:\/\/schema.org","@graph":[{"@type":"WebPage","@id":"https:\/\/www.checchiemagli.com\/es\/acolchadora-para-camas-ya-realizadas\/s14-plus\/","url":"https:\/\/www.checchiemagli.com\/es\/acolchadora-para-camas-ya-realizadas\/s14-plus\/","name":"Acolchadora S14 Plus - Checchi & Magli","isPartOf":{"@id":"https:\/\/www.checchiemagli.com\/es\/#website"},"primaryImageOfPage":{"@id":"https:\/\/www.checchiemagli.com\/es\/acolchadora-para-camas-ya-realizadas\/s14-plus\/#primaryimage"},"image":{"@id":"https:\/\/www.checchiemagli.com\/es\/acolchadora-para-camas-ya-realizadas\/s14-plus\/#primaryimage"},"thumbnailUrl":"https:\/\/www.checchiemagli.com\/wp-content\/uploads\/2025\/04\/S14-PLUS_ok.png","datePublished":"2025-04-11T07:31:58+00:00","dateModified":"2025-07-02T12:54:08+00:00","description":"Acolchadora PS Plus S14 Plus: Realiza simult\u00e1neamente la formaci\u00f3n de caballones, la colocaci\u00f3n de la pel\u00edcula de acolchado y de la cinta de riego por goteo.","breadcrumb":{"@id":"https:\/\/www.checchiemagli.com\/es\/acolchadora-para-camas-ya-realizadas\/s14-plus\/#breadcrumb"},"inLanguage":"es","potentialAction":[{"@type":"ReadAction","target":["https:\/\/www.checchiemagli.com\/es\/acolchadora-para-camas-ya-realizadas\/s14-plus\/"]}]},{"@type":"ImageObject","inLanguage":"es","@id":"https:\/\/www.checchiemagli.com\/es\/acolchadora-para-camas-ya-realizadas\/s14-plus\/#primaryimage","url":"https:\/\/www.checchiemagli.com\/wp-content\/uploads\/2025\/04\/S14-PLUS_ok.png","contentUrl":"https:\/\/www.checchiemagli.com\/wp-content\/uploads\/2025\/04\/S14-PLUS_ok.png","width":768,"height":576},{"@type":"BreadcrumbList","@id":"https:\/\/www.checchiemagli.com\/es\/acolchadora-para-camas-ya-realizadas\/s14-plus\/#breadcrumb","itemListElement":[{"@type":"ListItem","position":1,"name":"Home","item":"https:\/\/www.checchiemagli.com\/es\/"},{"@type":"ListItem","position":2,"name":"Maquinaria","item":"https:\/\/www.checchiemagli.com\/es\/maquinaria\/"},{"@type":"ListItem","position":3,"name":"Acolchadoras y Entablonadoras","item":"https:\/\/www.checchiemagli.com\/es\/maquinaria\/acolchadoras-y-entablonadoras\/"},{"@type":"ListItem","position":4,"name":"S14 Plus"}]},{"@type":"WebSite","@id":"https:\/\/www.checchiemagli.com\/es\/#website","url":"https:\/\/www.checchiemagli.com\/es\/","name":"Checchi&Magli","description":"Produzione e Distribuzione di Macchine Agricole","publisher":{"@id":"https:\/\/www.checchiemagli.com\/es\/#organization"},"potentialAction":[{"@type":"SearchAction","target":{"@type":"EntryPoint","urlTemplate":"https:\/\/www.checchiemagli.com\/es\/?s={search_term_string}"},"query-input":{"@type":"PropertyValueSpecification","valueRequired":true,"valueName":"search_term_string"}}],"inLanguage":"es"},{"@type":"Organization","@id":"https:\/\/www.checchiemagli.com\/es\/#organization","name":"Checchi&Magli","url":"https:\/\/www.checchiemagli.com\/es\/","logo":{"@type":"ImageObject","inLanguage":"es","@id":"https:\/\/www.checchiemagli.com\/es\/#\/schema\/logo\/image\/","url":"https:\/\/www.checchiemagli.com\/wp-content\/uploads\/2025\/03\/logo.png","contentUrl":"https:\/\/www.checchiemagli.com\/wp-content\/uploads\/2025\/03\/logo.png","width":633,"height":149,"caption":"Checchi&Magli"},"image":{"@id":"https:\/\/www.checchiemagli.com\/es\/#\/schema\/logo\/image\/"},"sameAs":["https:\/\/www.facebook.com\/checchiemagli\/","https:\/\/x.com\/checchiemagli","https:\/\/www.youtube.com\/user\/checchiemagli","https:\/\/www.instagram.com\/checchiemagli\/","https:\/\/www.linkedin.com\/company\/checchiemagli\/"]}]}},"_links":{"self":[{"href":"https:\/\/www.checchiemagli.com\/es\/wp-json\/wp\/v2\/product\/6792","targetHints":{"allow":["GET"]}}],"collection":[{"href":"https:\/\/www.checchiemagli.com\/es\/wp-json\/wp\/v2\/product"}],"about":[{"href":"https:\/\/www.checchiemagli.com\/es\/wp-json\/wp\/v2\/types\/product"}],"wp:featuredmedia":[{"embeddable":true,"href":"https:\/\/www.checchiemagli.com\/es\/wp-json\/wp\/v2\/media\/5204"}],"wp:attachment":[{"href":"https:\/\/www.checchiemagli.com\/es\/wp-json\/wp\/v2\/media?parent=6792"}],"wp:term":[{"taxonomy":"cosa-puoi-piantare","embeddable":true,"href":"https:\/\/www.checchiemagli.com\/es\/wp-json\/wp\/v2\/cosa-puoi-piantare?post=6792"},{"taxonomy":"etichette","embeddable":true,"href":"https:\/\/www.checchiemagli.com\/es\/wp-json\/wp\/v2\/etichette?post=6792"},{"taxonomy":"nr-file","embeddable":true,"href":"https:\/\/www.checchiemagli.com\/es\/wp-json\/wp\/v2\/nr-file?post=6792"},{"taxonomy":"specifiche-tecniche","embeddable":true,"href":"https:\/\/www.checchiemagli.com\/es\/wp-json\/wp\/v2\/specifiche-tecniche?post=6792"},{"taxonomy":"tipo-di-terreno","embeddable":true,"href":"https:\/\/www.checchiemagli.com\/es\/wp-json\/wp\/v2\/tipo-di-terreno?post=6792"},{"taxonomy":"tipo-di-zolla","embeddable":true,"href":"https:\/\/www.checchiemagli.com\/es\/wp-json\/wp\/v2\/tipo-di-zolla?post=6792"},{"taxonomy":"tipologie-macchine","embeddable":true,"href":"https:\/\/www.checchiemagli.com\/es\/wp-json\/wp\/v2\/tipologie-macchine?post=6792"},{"taxonomy":"product_brand","embeddable":true,"href":"https:\/\/www.checchiemagli.com\/es\/wp-json\/wp\/v2\/product_brand?post=6792"},{"taxonomy":"product_cat","embeddable":true,"href":"https:\/\/www.checchiemagli.com\/es\/wp-json\/wp\/v2\/product_cat?post=6792"},{"taxonomy":"product_tag","embeddable":true,"href":"https:\/\/www.checchiemagli.com\/es\/wp-json\/wp\/v2\/product_tag?post=6792"}],"curies":[{"name":"wp","href":"https:\/\/api.w.org\/{rel}","templated":true}]}}