{"id":6780,"date":"2025-04-10T17:10:42","date_gmt":"2025-04-10T15:10:42","guid":{"rendered":"https:\/\/www.checchiemagli.com\/prodotto\/ps-front-plus\/"},"modified":"2025-11-28T14:04:41","modified_gmt":"2025-11-28T13:04:41","slug":"ps-front-plus","status":"publish","type":"product","link":"https:\/\/www.checchiemagli.com\/es\/acolchadora\/ps-front-plus\/","title":{"rendered":"PS Front Plus"},"content":{"rendered":"<p><strong>\u00a1La combinaci\u00f3n perfecta!<\/strong> Acolchadora frontal \u00fanica en su categor\u00eda, recomendada para extender pel\u00edculas convencionales o biodegradable, la cinta de riego y para trasplantar o sembrar en una sola pasada. Adecuada para tractores de baja potencia equipados con elevador frontal, est\u00e1 pensada para quienes desean reducir la compactaci\u00f3n del suelo y equilibrar mejor el peso de ambas m\u00e1quinas. La PS FRONT ofrece mayor maniobrabilidad y visibilidad, garantizando una experiencia de trabajo m\u00e1s eficiente.<br \/>\nCompatible con las trasplantadoras WOLF PRO, SMARTWOLF y la sembradora SEEDPROe.<\/p>\n","protected":false},"excerpt":{"rendered":"<p>\u00a1La combinaci\u00f3n perfecta! Acolchadora frontal \u00fanica en su categor\u00eda, recomendada para extender pel\u00edculas convencionales o biodegradable, la cinta de riego y para trasplantar o sembrar en una sola pasada. Adecuada para tractores de baja potencia equipados con elevador frontal, est\u00e1 pensada para quienes desean reducir la compactaci\u00f3n del suelo y equilibrar mejor el peso de&#8230;<\/p>\n","protected":false},"featured_media":9800,"template":"","meta":{"_acf_changed":false,"_gspb_post_css":"","_kad_post_transparent":"default","_kad_post_title":"","_kad_post_layout":"default","_kad_post_sidebar_id":"","_kad_post_content_style":"default","_kad_post_vertical_padding":"default","_kad_post_feature":"","_kad_post_feature_position":"","_kad_post_header":false,"_kad_post_footer":false,"_kad_post_classname":""},"cosa-puoi-piantare":[],"etichette":[],"nr-file":[],"specifiche-tecniche":[2155,2195],"tipo-di-terreno":[],"tipo-di-zolla":[],"tipologie-macchine":[993],"product_brand":[],"product_cat":[1091],"product_tag":[],"class_list":{"0":"post-6780","1":"product","2":"type-product","3":"status-publish","4":"has-post-thumbnail","6":"specifiche-tecniche-compatible-con-pelicula-biodegradables","7":"specifiche-tecniche-rodillo-frontal-inox","8":"tipologie-macchine-acolchadora","9":"product_cat-acolchadoras-y-entablonadoras","11":"first","12":"instock","13":"virtual","14":"product-type-simple","15":"entry","16":"content-bg","17":"loop-entry"},"acf":[],"yoast_head":"<!-- This site is optimized with the Yoast SEO plugin v27.2 - https:\/\/yoast.com\/product\/yoast-seo-wordpress\/ -->\n<title>Acolchadora PS Front Plus - Checchi &amp; Magli<\/title>\n<meta name=\"description\" content=\"Acolchadora PS Front Plus: Acolchadora con rodillo delantero. Ideal para compactar el suelo, colocar la cinta de riego y la pel\u00edcula de acolchado en una sola pasada.\" \/>\n<meta name=\"robots\" content=\"index, follow, max-snippet:-1, max-image-preview:large, max-video-preview:-1\" \/>\n<link rel=\"canonical\" href=\"https:\/\/www.checchiemagli.com\/es\/acolchadora\/ps-front-plus\/\" \/>\n<meta property=\"og:locale\" content=\"es_ES\" \/>\n<meta property=\"og:type\" content=\"article\" \/>\n<meta property=\"og:title\" content=\"Acolchadora PS Front Plus - Checchi &amp; Magli\" \/>\n<meta property=\"og:description\" content=\"Acolchadora PS Front Plus: Acolchadora con rodillo delantero. Ideal para compactar el suelo, colocar la cinta de riego y la pel\u00edcula de acolchado en una sola pasada.\" \/>\n<meta property=\"og:url\" content=\"https:\/\/www.checchiemagli.com\/es\/acolchadora\/ps-front-plus\/\" \/>\n<meta property=\"og:site_name\" content=\"Checchi e Magli\" \/>\n<meta property=\"article:publisher\" content=\"https:\/\/www.facebook.com\/checchiemagli\/\" \/>\n<meta property=\"article:modified_time\" content=\"2025-11-28T13:04:41+00:00\" \/>\n<meta property=\"og:image\" content=\"https:\/\/www.checchiemagli.com\/wp-content\/uploads\/2025\/04\/PS-FRONT-PLUS-1000x1000-1.png\" \/>\n\t<meta property=\"og:image:width\" content=\"1000\" \/>\n\t<meta property=\"og:image:height\" content=\"1000\" \/>\n\t<meta property=\"og:image:type\" content=\"image\/png\" \/>\n<meta name=\"twitter:card\" content=\"summary_large_image\" \/>\n<meta name=\"twitter:site\" content=\"@checchiemagli\" \/>\n<meta name=\"twitter:label1\" content=\"Tiempo de lectura\" \/>\n\t<meta name=\"twitter:data1\" content=\"1 minuto\" \/>\n<!-- \/ Yoast SEO plugin. -->","yoast_head_json":{"title":"Acolchadora PS Front Plus - Checchi & Magli","description":"Acolchadora PS Front Plus: Acolchadora con rodillo delantero. Ideal para compactar el suelo, colocar la cinta de riego y la pel\u00edcula de acolchado en una sola pasada.","robots":{"index":"index","follow":"follow","max-snippet":"max-snippet:-1","max-image-preview":"max-image-preview:large","max-video-preview":"max-video-preview:-1"},"canonical":"https:\/\/www.checchiemagli.com\/es\/acolchadora\/ps-front-plus\/","og_locale":"es_ES","og_type":"article","og_title":"Acolchadora PS Front Plus - Checchi & Magli","og_description":"Acolchadora PS Front Plus: Acolchadora con rodillo delantero. Ideal para compactar el suelo, colocar la cinta de riego y la pel\u00edcula de acolchado en una sola pasada.","og_url":"https:\/\/www.checchiemagli.com\/es\/acolchadora\/ps-front-plus\/","og_site_name":"Checchi e Magli","article_publisher":"https:\/\/www.facebook.com\/checchiemagli\/","article_modified_time":"2025-11-28T13:04:41+00:00","og_image":[{"width":1000,"height":1000,"url":"https:\/\/www.checchiemagli.com\/wp-content\/uploads\/2025\/04\/PS-FRONT-PLUS-1000x1000-1.png","type":"image\/png"}],"twitter_card":"summary_large_image","twitter_site":"@checchiemagli","twitter_misc":{"Tiempo de lectura":"1 minuto"},"schema":{"@context":"https:\/\/schema.org","@graph":[{"@type":"WebPage","@id":"https:\/\/www.checchiemagli.com\/es\/acolchadora\/ps-front-plus\/","url":"https:\/\/www.checchiemagli.com\/es\/acolchadora\/ps-front-plus\/","name":"Acolchadora PS Front Plus - Checchi & Magli","isPartOf":{"@id":"https:\/\/www.checchiemagli.com\/es\/#website"},"primaryImageOfPage":{"@id":"https:\/\/www.checchiemagli.com\/es\/acolchadora\/ps-front-plus\/#primaryimage"},"image":{"@id":"https:\/\/www.checchiemagli.com\/es\/acolchadora\/ps-front-plus\/#primaryimage"},"thumbnailUrl":"https:\/\/www.checchiemagli.com\/wp-content\/uploads\/2025\/04\/PS-FRONT-PLUS-1000x1000-1.png","datePublished":"2025-04-10T15:10:42+00:00","dateModified":"2025-11-28T13:04:41+00:00","description":"Acolchadora PS Front Plus: Acolchadora con rodillo delantero. Ideal para compactar el suelo, colocar la cinta de riego y la pel\u00edcula de acolchado en una sola pasada.","breadcrumb":{"@id":"https:\/\/www.checchiemagli.com\/es\/acolchadora\/ps-front-plus\/#breadcrumb"},"inLanguage":"es","potentialAction":[{"@type":"ReadAction","target":["https:\/\/www.checchiemagli.com\/es\/acolchadora\/ps-front-plus\/"]}]},{"@type":"ImageObject","inLanguage":"es","@id":"https:\/\/www.checchiemagli.com\/es\/acolchadora\/ps-front-plus\/#primaryimage","url":"https:\/\/www.checchiemagli.com\/wp-content\/uploads\/2025\/04\/PS-FRONT-PLUS-1000x1000-1.png","contentUrl":"https:\/\/www.checchiemagli.com\/wp-content\/uploads\/2025\/04\/PS-FRONT-PLUS-1000x1000-1.png","width":1000,"height":1000},{"@type":"BreadcrumbList","@id":"https:\/\/www.checchiemagli.com\/es\/acolchadora\/ps-front-plus\/#breadcrumb","itemListElement":[{"@type":"ListItem","position":1,"name":"Home","item":"https:\/\/www.checchiemagli.com\/es\/"},{"@type":"ListItem","position":2,"name":"Maquinaria","item":"https:\/\/www.checchiemagli.com\/es\/maquinaria\/"},{"@type":"ListItem","position":3,"name":"Acolchadoras y Entablonadoras","item":"https:\/\/www.checchiemagli.com\/es\/maquinaria\/acolchadoras-y-entablonadoras\/"},{"@type":"ListItem","position":4,"name":"PS Front Plus"}]},{"@type":"WebSite","@id":"https:\/\/www.checchiemagli.com\/es\/#website","url":"https:\/\/www.checchiemagli.com\/es\/","name":"Checchi&Magli","description":"Produzione e Distribuzione di Macchine Agricole","publisher":{"@id":"https:\/\/www.checchiemagli.com\/es\/#organization"},"potentialAction":[{"@type":"SearchAction","target":{"@type":"EntryPoint","urlTemplate":"https:\/\/www.checchiemagli.com\/es\/?s={search_term_string}"},"query-input":{"@type":"PropertyValueSpecification","valueRequired":true,"valueName":"search_term_string"}}],"inLanguage":"es"},{"@type":"Organization","@id":"https:\/\/www.checchiemagli.com\/es\/#organization","name":"Checchi&Magli","url":"https:\/\/www.checchiemagli.com\/es\/","logo":{"@type":"ImageObject","inLanguage":"es","@id":"https:\/\/www.checchiemagli.com\/es\/#\/schema\/logo\/image\/","url":"https:\/\/www.checchiemagli.com\/wp-content\/uploads\/2025\/03\/logo.png","contentUrl":"https:\/\/www.checchiemagli.com\/wp-content\/uploads\/2025\/03\/logo.png","width":633,"height":149,"caption":"Checchi&Magli"},"image":{"@id":"https:\/\/www.checchiemagli.com\/es\/#\/schema\/logo\/image\/"},"sameAs":["https:\/\/www.facebook.com\/checchiemagli\/","https:\/\/x.com\/checchiemagli","https:\/\/www.youtube.com\/user\/checchiemagli","https:\/\/www.instagram.com\/checchiemagli\/","https:\/\/www.linkedin.com\/company\/checchiemagli\/"]}]}},"_links":{"self":[{"href":"https:\/\/www.checchiemagli.com\/es\/wp-json\/wp\/v2\/product\/6780","targetHints":{"allow":["GET"]}}],"collection":[{"href":"https:\/\/www.checchiemagli.com\/es\/wp-json\/wp\/v2\/product"}],"about":[{"href":"https:\/\/www.checchiemagli.com\/es\/wp-json\/wp\/v2\/types\/product"}],"wp:featuredmedia":[{"embeddable":true,"href":"https:\/\/www.checchiemagli.com\/es\/wp-json\/wp\/v2\/media\/9800"}],"wp:attachment":[{"href":"https:\/\/www.checchiemagli.com\/es\/wp-json\/wp\/v2\/media?parent=6780"}],"wp:term":[{"taxonomy":"cosa-puoi-piantare","embeddable":true,"href":"https:\/\/www.checchiemagli.com\/es\/wp-json\/wp\/v2\/cosa-puoi-piantare?post=6780"},{"taxonomy":"etichette","embeddable":true,"href":"https:\/\/www.checchiemagli.com\/es\/wp-json\/wp\/v2\/etichette?post=6780"},{"taxonomy":"nr-file","embeddable":true,"href":"https:\/\/www.checchiemagli.com\/es\/wp-json\/wp\/v2\/nr-file?post=6780"},{"taxonomy":"specifiche-tecniche","embeddable":true,"href":"https:\/\/www.checchiemagli.com\/es\/wp-json\/wp\/v2\/specifiche-tecniche?post=6780"},{"taxonomy":"tipo-di-terreno","embeddable":true,"href":"https:\/\/www.checchiemagli.com\/es\/wp-json\/wp\/v2\/tipo-di-terreno?post=6780"},{"taxonomy":"tipo-di-zolla","embeddable":true,"href":"https:\/\/www.checchiemagli.com\/es\/wp-json\/wp\/v2\/tipo-di-zolla?post=6780"},{"taxonomy":"tipologie-macchine","embeddable":true,"href":"https:\/\/www.checchiemagli.com\/es\/wp-json\/wp\/v2\/tipologie-macchine?post=6780"},{"taxonomy":"product_brand","embeddable":true,"href":"https:\/\/www.checchiemagli.com\/es\/wp-json\/wp\/v2\/product_brand?post=6780"},{"taxonomy":"product_cat","embeddable":true,"href":"https:\/\/www.checchiemagli.com\/es\/wp-json\/wp\/v2\/product_cat?post=6780"},{"taxonomy":"product_tag","embeddable":true,"href":"https:\/\/www.checchiemagli.com\/es\/wp-json\/wp\/v2\/product_tag?post=6780"}],"curies":[{"name":"wp","href":"https:\/\/api.w.org\/{rel}","templated":true}]}}