{"id":6759,"date":"2025-03-04T12:36:44","date_gmt":"2025-03-04T11:36:44","guid":{"rendered":"https:\/\/www.checchiemagli.com\/prodotto\/vr76\/"},"modified":"2025-06-06T16:28:24","modified_gmt":"2025-06-06T14:28:24","slug":"vr76","status":"publish","type":"product","link":"https:\/\/www.checchiemagli.com\/es\/maquina-para-la-patata\/vr76\/","title":{"rendered":"VR76"},"content":{"rendered":"<p><strong>\u00a1Despu\u00e9s de la siembra y antes de la cosecha!<\/strong> Aporcador de discos ideal para patatas, velocidad de trabajo de hasta 10 km\/h (6mph).Tambi\u00e9n se puede utilizar para desmalezar cultivos en filas (puerro, ma\u00edz, tabaco, apio, remolacha).y algod\u00f3n). Versi\u00f3n con rejas de arado para suelos arenosos y formador de bancada trasera disponible bajo pedido.<\/p>\n","protected":false},"excerpt":{"rendered":"<p>\u00a1Despu\u00e9s de la siembra y antes de la cosecha! Aporcador de discos ideal para patatas, velocidad de trabajo de hasta 10 km\/h (6mph).Tambi\u00e9n se puede utilizar para desmalezar cultivos en filas (puerro, ma\u00edz, tabaco, apio, remolacha).y algod\u00f3n). Versi\u00f3n con rejas de arado para suelos arenosos y formador de bancada trasera disponible bajo pedido.<\/p>\n","protected":false},"featured_media":3337,"template":"","meta":{"_acf_changed":false,"_gspb_post_css":"","_kad_post_transparent":"default","_kad_post_title":"","_kad_post_layout":"default","_kad_post_sidebar_id":"","_kad_post_content_style":"default","_kad_post_vertical_padding":"default","_kad_post_feature":"","_kad_post_feature_position":"","_kad_post_header":false,"_kad_post_footer":false,"_kad_post_classname":""},"cosa-puoi-piantare":[581,585,577,501,505,497,2390,2403,2398],"etichette":[],"nr-file":[455,456,457,458,459],"specifiche-tecniche":[2171,2172,2173,2174],"tipo-di-terreno":[429],"tipo-di-zolla":[],"tipologie-macchine":[1129],"product_brand":[],"product_cat":[1096],"product_tag":[],"class_list":{"0":"post-6759","1":"product","2":"type-product","3":"status-publish","4":"has-post-thumbnail","6":"cosa-puoi-piantare-apio","7":"cosa-puoi-piantare-tabaco","8":"cosa-puoi-piantare-puerros","9":"cosa-puoi-piantare-cebollas","10":"cosa-puoi-piantare-patatas","11":"cosa-puoi-piantare-ajo","12":"cosa-puoi-piantare-maiz","13":"cosa-puoi-piantare-remolachas","14":"cosa-puoi-piantare-algodon","15":"nr-file-1-es","16":"nr-file-2-es","17":"nr-file-3-es","18":"nr-file-4-es","19":"nr-file-5-es","20":"specifiche-tecniche-distancia-entre-filas-version-discos-min-60-cm-max-90-cm-24-35","21":"specifiche-tecniche-distancia-entre-filas-version-rejas-min-45-cm-max-90-cm-18-35","22":"specifiche-tecniche-3-resortes-vibrantes-por-unidad","23":"specifiche-tecniche-paralelogramo-con-rueda-de-control-de-profundidad","24":"tipo-di-terreno-campo-abierto","25":"tipologie-macchine-vibroaporcador","26":"product_cat-patatas-y-cebollas","28":"first","29":"instock","30":"virtual","31":"product-type-simple","32":"entry","33":"content-bg","34":"loop-entry"},"acf":[],"yoast_head":"<!-- This site is optimized with the Yoast SEO plugin v27.2 - https:\/\/yoast.com\/product\/yoast-seo-wordpress\/ -->\n<title>Vibroaporcador VR76 - Checchi &amp; Magli<\/title>\n<meta name=\"description\" content=\"Vibroaporcador VR76: La fase de aporcado de las patatas se realiza temporalmente despu\u00e9s de la siembra y antes de la recolecci\u00f3n.\" \/>\n<meta name=\"robots\" content=\"index, follow, max-snippet:-1, max-image-preview:large, max-video-preview:-1\" \/>\n<link rel=\"canonical\" href=\"https:\/\/www.checchiemagli.com\/es\/maquina-para-la-patata\/vr76\/\" \/>\n<meta property=\"og:locale\" content=\"es_ES\" \/>\n<meta property=\"og:type\" content=\"article\" \/>\n<meta property=\"og:title\" content=\"Vibroaporcador VR76 - Checchi &amp; Magli\" \/>\n<meta property=\"og:description\" content=\"Vibroaporcador VR76: La fase de aporcado de las patatas se realiza temporalmente despu\u00e9s de la siembra y antes de la recolecci\u00f3n.\" \/>\n<meta property=\"og:url\" content=\"https:\/\/www.checchiemagli.com\/es\/maquina-para-la-patata\/vr76\/\" \/>\n<meta property=\"og:site_name\" content=\"Checchi e Magli\" \/>\n<meta property=\"article:publisher\" content=\"https:\/\/www.facebook.com\/checchiemagli\/\" \/>\n<meta property=\"article:modified_time\" content=\"2025-06-06T14:28:24+00:00\" \/>\n<meta property=\"og:image\" content=\"https:\/\/www.checchiemagli.com\/wp-content\/uploads\/2025\/03\/VR76.png\" \/>\n\t<meta property=\"og:image:width\" content=\"800\" \/>\n\t<meta property=\"og:image:height\" content=\"600\" \/>\n\t<meta property=\"og:image:type\" content=\"image\/png\" \/>\n<meta name=\"twitter:card\" content=\"summary_large_image\" \/>\n<meta name=\"twitter:site\" content=\"@checchiemagli\" \/>\n<meta name=\"twitter:label1\" content=\"Tiempo de lectura\" \/>\n\t<meta name=\"twitter:data1\" content=\"1 minuto\" \/>\n<!-- \/ Yoast SEO plugin. -->","yoast_head_json":{"title":"Vibroaporcador VR76 - Checchi & Magli","description":"Vibroaporcador VR76: La fase de aporcado de las patatas se realiza temporalmente despu\u00e9s de la siembra y antes de la recolecci\u00f3n.","robots":{"index":"index","follow":"follow","max-snippet":"max-snippet:-1","max-image-preview":"max-image-preview:large","max-video-preview":"max-video-preview:-1"},"canonical":"https:\/\/www.checchiemagli.com\/es\/maquina-para-la-patata\/vr76\/","og_locale":"es_ES","og_type":"article","og_title":"Vibroaporcador VR76 - Checchi & Magli","og_description":"Vibroaporcador VR76: La fase de aporcado de las patatas se realiza temporalmente despu\u00e9s de la siembra y antes de la recolecci\u00f3n.","og_url":"https:\/\/www.checchiemagli.com\/es\/maquina-para-la-patata\/vr76\/","og_site_name":"Checchi e Magli","article_publisher":"https:\/\/www.facebook.com\/checchiemagli\/","article_modified_time":"2025-06-06T14:28:24+00:00","og_image":[{"width":800,"height":600,"url":"https:\/\/www.checchiemagli.com\/wp-content\/uploads\/2025\/03\/VR76.png","type":"image\/png"}],"twitter_card":"summary_large_image","twitter_site":"@checchiemagli","twitter_misc":{"Tiempo de lectura":"1 minuto"},"schema":{"@context":"https:\/\/schema.org","@graph":[{"@type":"WebPage","@id":"https:\/\/www.checchiemagli.com\/es\/maquina-para-la-patata\/vr76\/","url":"https:\/\/www.checchiemagli.com\/es\/maquina-para-la-patata\/vr76\/","name":"Vibroaporcador VR76 - Checchi & Magli","isPartOf":{"@id":"https:\/\/www.checchiemagli.com\/es\/#website"},"primaryImageOfPage":{"@id":"https:\/\/www.checchiemagli.com\/es\/maquina-para-la-patata\/vr76\/#primaryimage"},"image":{"@id":"https:\/\/www.checchiemagli.com\/es\/maquina-para-la-patata\/vr76\/#primaryimage"},"thumbnailUrl":"https:\/\/www.checchiemagli.com\/wp-content\/uploads\/2025\/03\/VR76.png","datePublished":"2025-03-04T11:36:44+00:00","dateModified":"2025-06-06T14:28:24+00:00","description":"Vibroaporcador VR76: La fase de aporcado de las patatas se realiza temporalmente despu\u00e9s de la siembra y antes de la recolecci\u00f3n.","breadcrumb":{"@id":"https:\/\/www.checchiemagli.com\/es\/maquina-para-la-patata\/vr76\/#breadcrumb"},"inLanguage":"es","potentialAction":[{"@type":"ReadAction","target":["https:\/\/www.checchiemagli.com\/es\/maquina-para-la-patata\/vr76\/"]}]},{"@type":"ImageObject","inLanguage":"es","@id":"https:\/\/www.checchiemagli.com\/es\/maquina-para-la-patata\/vr76\/#primaryimage","url":"https:\/\/www.checchiemagli.com\/wp-content\/uploads\/2025\/03\/VR76.png","contentUrl":"https:\/\/www.checchiemagli.com\/wp-content\/uploads\/2025\/03\/VR76.png","width":800,"height":600},{"@type":"BreadcrumbList","@id":"https:\/\/www.checchiemagli.com\/es\/maquina-para-la-patata\/vr76\/#breadcrumb","itemListElement":[{"@type":"ListItem","position":1,"name":"Home","item":"https:\/\/www.checchiemagli.com\/es\/"},{"@type":"ListItem","position":2,"name":"Maquinaria","item":"https:\/\/www.checchiemagli.com\/es\/maquinaria\/"},{"@type":"ListItem","position":3,"name":"Patatas y Cebollas","item":"https:\/\/www.checchiemagli.com\/es\/maquinaria\/patatas-y-cebollas\/"},{"@type":"ListItem","position":4,"name":"VR76"}]},{"@type":"WebSite","@id":"https:\/\/www.checchiemagli.com\/es\/#website","url":"https:\/\/www.checchiemagli.com\/es\/","name":"Checchi&Magli","description":"Produzione e Distribuzione di Macchine Agricole","publisher":{"@id":"https:\/\/www.checchiemagli.com\/es\/#organization"},"potentialAction":[{"@type":"SearchAction","target":{"@type":"EntryPoint","urlTemplate":"https:\/\/www.checchiemagli.com\/es\/?s={search_term_string}"},"query-input":{"@type":"PropertyValueSpecification","valueRequired":true,"valueName":"search_term_string"}}],"inLanguage":"es"},{"@type":"Organization","@id":"https:\/\/www.checchiemagli.com\/es\/#organization","name":"Checchi&Magli","url":"https:\/\/www.checchiemagli.com\/es\/","logo":{"@type":"ImageObject","inLanguage":"es","@id":"https:\/\/www.checchiemagli.com\/es\/#\/schema\/logo\/image\/","url":"https:\/\/www.checchiemagli.com\/wp-content\/uploads\/2025\/03\/logo.png","contentUrl":"https:\/\/www.checchiemagli.com\/wp-content\/uploads\/2025\/03\/logo.png","width":633,"height":149,"caption":"Checchi&Magli"},"image":{"@id":"https:\/\/www.checchiemagli.com\/es\/#\/schema\/logo\/image\/"},"sameAs":["https:\/\/www.facebook.com\/checchiemagli\/","https:\/\/x.com\/checchiemagli","https:\/\/www.youtube.com\/user\/checchiemagli","https:\/\/www.instagram.com\/checchiemagli\/","https:\/\/www.linkedin.com\/company\/checchiemagli\/"]}]}},"_links":{"self":[{"href":"https:\/\/www.checchiemagli.com\/es\/wp-json\/wp\/v2\/product\/6759","targetHints":{"allow":["GET"]}}],"collection":[{"href":"https:\/\/www.checchiemagli.com\/es\/wp-json\/wp\/v2\/product"}],"about":[{"href":"https:\/\/www.checchiemagli.com\/es\/wp-json\/wp\/v2\/types\/product"}],"wp:featuredmedia":[{"embeddable":true,"href":"https:\/\/www.checchiemagli.com\/es\/wp-json\/wp\/v2\/media\/3337"}],"wp:attachment":[{"href":"https:\/\/www.checchiemagli.com\/es\/wp-json\/wp\/v2\/media?parent=6759"}],"wp:term":[{"taxonomy":"cosa-puoi-piantare","embeddable":true,"href":"https:\/\/www.checchiemagli.com\/es\/wp-json\/wp\/v2\/cosa-puoi-piantare?post=6759"},{"taxonomy":"etichette","embeddable":true,"href":"https:\/\/www.checchiemagli.com\/es\/wp-json\/wp\/v2\/etichette?post=6759"},{"taxonomy":"nr-file","embeddable":true,"href":"https:\/\/www.checchiemagli.com\/es\/wp-json\/wp\/v2\/nr-file?post=6759"},{"taxonomy":"specifiche-tecniche","embeddable":true,"href":"https:\/\/www.checchiemagli.com\/es\/wp-json\/wp\/v2\/specifiche-tecniche?post=6759"},{"taxonomy":"tipo-di-terreno","embeddable":true,"href":"https:\/\/www.checchiemagli.com\/es\/wp-json\/wp\/v2\/tipo-di-terreno?post=6759"},{"taxonomy":"tipo-di-zolla","embeddable":true,"href":"https:\/\/www.checchiemagli.com\/es\/wp-json\/wp\/v2\/tipo-di-zolla?post=6759"},{"taxonomy":"tipologie-macchine","embeddable":true,"href":"https:\/\/www.checchiemagli.com\/es\/wp-json\/wp\/v2\/tipologie-macchine?post=6759"},{"taxonomy":"product_brand","embeddable":true,"href":"https:\/\/www.checchiemagli.com\/es\/wp-json\/wp\/v2\/product_brand?post=6759"},{"taxonomy":"product_cat","embeddable":true,"href":"https:\/\/www.checchiemagli.com\/es\/wp-json\/wp\/v2\/product_cat?post=6759"},{"taxonomy":"product_tag","embeddable":true,"href":"https:\/\/www.checchiemagli.com\/es\/wp-json\/wp\/v2\/product_tag?post=6759"}],"curies":[{"name":"wp","href":"https:\/\/api.w.org\/{rel}","templated":true}]}}