{"id":6735,"date":"2025-03-04T12:36:39","date_gmt":"2025-03-04T11:36:39","guid":{"rendered":"https:\/\/www.checchiemagli.com\/prodotto\/ps-plus-vomeri\/"},"modified":"2025-06-17T10:15:42","modified_gmt":"2025-06-17T08:15:42","slug":"ps-plus-vomeri","status":"publish","type":"product","link":"https:\/\/www.checchiemagli.com\/es\/acolchadora\/ps-plus-rejas\/","title":{"rendered":"PS Plus &#8211; Rejas"},"content":{"rendered":"<p><strong>Imprescindible con profesionalidad!<\/strong> Extendedora de pel\u00edcula con ruedas de apoyo y sin rodillo frontal. Ideal para la compactaci\u00f3n del suelo antes de colocar la pel\u00edcula de acolchado. Configurable con discos socavadoras y aporcadores. Compatible con peliculas biodegradables.<\/p>\n","protected":false},"excerpt":{"rendered":"<p>Imprescindible con profesionalidad! Extendedora de pel\u00edcula con ruedas de apoyo y sin rodillo frontal. Ideal para la compactaci\u00f3n del suelo antes de colocar la pel\u00edcula de acolchado. Configurable con discos socavadoras y aporcadores. Compatible con peliculas biodegradables.<\/p>\n","protected":false},"featured_media":5150,"template":"","meta":{"_acf_changed":false,"_gspb_post_css":"","_kad_post_transparent":"default","_kad_post_title":"","_kad_post_layout":"default","_kad_post_sidebar_id":"","_kad_post_content_style":"default","_kad_post_vertical_padding":"default","_kad_post_feature":"","_kad_post_feature_position":"","_kad_post_header":false,"_kad_post_footer":false,"_kad_post_classname":""},"cosa-puoi-piantare":[549,565,581,553,569,585,541,557,573,589,545,561,577,593,533,521,525,501,485,489,473],"etichette":[],"nr-file":[455,456,457],"specifiche-tecniche":[2153,2154,2155,2197],"tipo-di-terreno":[],"tipo-di-zolla":[],"tipologie-macchine":[993],"product_brand":[],"product_cat":[1091],"product_tag":[],"class_list":{"0":"post-6735","1":"product","2":"type-product","3":"status-publish","4":"has-post-thumbnail","6":"cosa-puoi-piantare-pepinos","7":"cosa-puoi-piantare-batatas","8":"cosa-puoi-piantare-apio","9":"cosa-puoi-piantare-hinojos","10":"cosa-puoi-piantare-pimientos","11":"cosa-puoi-piantare-tabaco","12":"cosa-puoi-piantare-brocoli","13":"cosa-puoi-piantare-ensaladas","14":"cosa-puoi-piantare-tomates-es","15":"cosa-puoi-piantare-calabaza","16":"cosa-puoi-piantare-coles","17":"cosa-puoi-piantare-berenjenas","18":"cosa-puoi-piantare-puerros","19":"cosa-puoi-piantare-calabacines","20":"cosa-puoi-piantare-melon-es","21":"cosa-puoi-piantare-pina","22":"cosa-puoi-piantare-sandia","23":"cosa-puoi-piantare-cebollas","24":"cosa-puoi-piantare-otras-hierbas","25":"cosa-puoi-piantare-lavanda-es","26":"cosa-puoi-piantare-canamo","27":"nr-file-1-es","28":"nr-file-2-es","29":"nr-file-3-es","30":"specifiche-tecniche-ps14-plus-para-pelicula-de-hasta-140-cm-55","31":"specifiche-tecniche-ps19-plus-para-pelicula-de-hasta-190-cm-75","32":"specifiche-tecniche-compatible-con-pelicula-biodegradables","33":"specifiche-tecniche-disponible-en-version-con-discos-socavador-y-aporcadores","34":"tipologie-macchine-acolchadora","35":"product_cat-acolchadoras-y-entablonadoras","37":"first","38":"instock","39":"virtual","40":"product-type-simple","41":"entry","42":"content-bg","43":"loop-entry"},"acf":[],"yoast_head":"<!-- This site is optimized with the Yoast SEO plugin v27.2 - https:\/\/yoast.com\/product\/yoast-seo-wordpress\/ -->\n<title>Acolchadora PS Plus - Vomeri - Checchi &amp; Magli<\/title>\n<meta name=\"description\" content=\"Acolchadora PS Plus Rejas: Ideal para quienes realizan la operaci\u00f3n de compactaci\u00f3n antes de colocar la pel\u00edcula de acolchado. Compatible con pel\u00edculas biodegradables.\" \/>\n<meta name=\"robots\" content=\"index, follow, max-snippet:-1, max-image-preview:large, max-video-preview:-1\" \/>\n<link rel=\"canonical\" href=\"https:\/\/www.checchiemagli.com\/es\/acolchadora\/ps-plus-rejas\/\" \/>\n<meta property=\"og:locale\" content=\"es_ES\" \/>\n<meta property=\"og:type\" content=\"article\" \/>\n<meta property=\"og:title\" content=\"Acolchadora PS Plus - Vomeri - Checchi &amp; Magli\" \/>\n<meta property=\"og:description\" content=\"Acolchadora PS Plus Rejas: Ideal para quienes realizan la operaci\u00f3n de compactaci\u00f3n antes de colocar la pel\u00edcula de acolchado. Compatible con pel\u00edculas biodegradables.\" \/>\n<meta property=\"og:url\" content=\"https:\/\/www.checchiemagli.com\/es\/acolchadora\/ps-plus-rejas\/\" \/>\n<meta property=\"og:site_name\" content=\"Checchi e Magli\" \/>\n<meta property=\"article:publisher\" content=\"https:\/\/www.facebook.com\/checchiemagli\/\" \/>\n<meta property=\"article:modified_time\" content=\"2025-06-17T08:15:42+00:00\" \/>\n<meta property=\"og:image\" content=\"https:\/\/www.checchiemagli.com\/wp-content\/uploads\/2025\/04\/PLASTIC-STOP-W-PLUS-VOMERI.png\" \/>\n\t<meta property=\"og:image:width\" content=\"768\" \/>\n\t<meta property=\"og:image:height\" content=\"576\" \/>\n\t<meta property=\"og:image:type\" content=\"image\/png\" \/>\n<meta name=\"twitter:card\" content=\"summary_large_image\" \/>\n<meta name=\"twitter:site\" content=\"@checchiemagli\" \/>\n<meta name=\"twitter:label1\" content=\"Tiempo de lectura\" \/>\n\t<meta name=\"twitter:data1\" content=\"1 minuto\" \/>\n<!-- \/ Yoast SEO plugin. -->","yoast_head_json":{"title":"Acolchadora PS Plus - Vomeri - Checchi & Magli","description":"Acolchadora PS Plus Rejas: Ideal para quienes realizan la operaci\u00f3n de compactaci\u00f3n antes de colocar la pel\u00edcula de acolchado. Compatible con pel\u00edculas biodegradables.","robots":{"index":"index","follow":"follow","max-snippet":"max-snippet:-1","max-image-preview":"max-image-preview:large","max-video-preview":"max-video-preview:-1"},"canonical":"https:\/\/www.checchiemagli.com\/es\/acolchadora\/ps-plus-rejas\/","og_locale":"es_ES","og_type":"article","og_title":"Acolchadora PS Plus - Vomeri - Checchi & Magli","og_description":"Acolchadora PS Plus Rejas: Ideal para quienes realizan la operaci\u00f3n de compactaci\u00f3n antes de colocar la pel\u00edcula de acolchado. Compatible con pel\u00edculas biodegradables.","og_url":"https:\/\/www.checchiemagli.com\/es\/acolchadora\/ps-plus-rejas\/","og_site_name":"Checchi e Magli","article_publisher":"https:\/\/www.facebook.com\/checchiemagli\/","article_modified_time":"2025-06-17T08:15:42+00:00","og_image":[{"width":768,"height":576,"url":"https:\/\/www.checchiemagli.com\/wp-content\/uploads\/2025\/04\/PLASTIC-STOP-W-PLUS-VOMERI.png","type":"image\/png"}],"twitter_card":"summary_large_image","twitter_site":"@checchiemagli","twitter_misc":{"Tiempo de lectura":"1 minuto"},"schema":{"@context":"https:\/\/schema.org","@graph":[{"@type":"WebPage","@id":"https:\/\/www.checchiemagli.com\/es\/acolchadora\/ps-plus-rejas\/","url":"https:\/\/www.checchiemagli.com\/es\/acolchadora\/ps-plus-rejas\/","name":"Acolchadora PS Plus - Vomeri - Checchi & Magli","isPartOf":{"@id":"https:\/\/www.checchiemagli.com\/es\/#website"},"primaryImageOfPage":{"@id":"https:\/\/www.checchiemagli.com\/es\/acolchadora\/ps-plus-rejas\/#primaryimage"},"image":{"@id":"https:\/\/www.checchiemagli.com\/es\/acolchadora\/ps-plus-rejas\/#primaryimage"},"thumbnailUrl":"https:\/\/www.checchiemagli.com\/wp-content\/uploads\/2025\/04\/PLASTIC-STOP-W-PLUS-VOMERI.png","datePublished":"2025-03-04T11:36:39+00:00","dateModified":"2025-06-17T08:15:42+00:00","description":"Acolchadora PS Plus Rejas: Ideal para quienes realizan la operaci\u00f3n de compactaci\u00f3n antes de colocar la pel\u00edcula de acolchado. Compatible con pel\u00edculas biodegradables.","breadcrumb":{"@id":"https:\/\/www.checchiemagli.com\/es\/acolchadora\/ps-plus-rejas\/#breadcrumb"},"inLanguage":"es","potentialAction":[{"@type":"ReadAction","target":["https:\/\/www.checchiemagli.com\/es\/acolchadora\/ps-plus-rejas\/"]}]},{"@type":"ImageObject","inLanguage":"es","@id":"https:\/\/www.checchiemagli.com\/es\/acolchadora\/ps-plus-rejas\/#primaryimage","url":"https:\/\/www.checchiemagli.com\/wp-content\/uploads\/2025\/04\/PLASTIC-STOP-W-PLUS-VOMERI.png","contentUrl":"https:\/\/www.checchiemagli.com\/wp-content\/uploads\/2025\/04\/PLASTIC-STOP-W-PLUS-VOMERI.png","width":768,"height":576},{"@type":"BreadcrumbList","@id":"https:\/\/www.checchiemagli.com\/es\/acolchadora\/ps-plus-rejas\/#breadcrumb","itemListElement":[{"@type":"ListItem","position":1,"name":"Home","item":"https:\/\/www.checchiemagli.com\/es\/"},{"@type":"ListItem","position":2,"name":"Maquinaria","item":"https:\/\/www.checchiemagli.com\/es\/maquinaria\/"},{"@type":"ListItem","position":3,"name":"Acolchadoras y Entablonadoras","item":"https:\/\/www.checchiemagli.com\/es\/maquinaria\/acolchadoras-y-entablonadoras\/"},{"@type":"ListItem","position":4,"name":"PS Plus &#8211; Rejas"}]},{"@type":"WebSite","@id":"https:\/\/www.checchiemagli.com\/es\/#website","url":"https:\/\/www.checchiemagli.com\/es\/","name":"Checchi&Magli","description":"Produzione e Distribuzione di Macchine Agricole","publisher":{"@id":"https:\/\/www.checchiemagli.com\/es\/#organization"},"potentialAction":[{"@type":"SearchAction","target":{"@type":"EntryPoint","urlTemplate":"https:\/\/www.checchiemagli.com\/es\/?s={search_term_string}"},"query-input":{"@type":"PropertyValueSpecification","valueRequired":true,"valueName":"search_term_string"}}],"inLanguage":"es"},{"@type":"Organization","@id":"https:\/\/www.checchiemagli.com\/es\/#organization","name":"Checchi&Magli","url":"https:\/\/www.checchiemagli.com\/es\/","logo":{"@type":"ImageObject","inLanguage":"es","@id":"https:\/\/www.checchiemagli.com\/es\/#\/schema\/logo\/image\/","url":"https:\/\/www.checchiemagli.com\/wp-content\/uploads\/2025\/03\/logo.png","contentUrl":"https:\/\/www.checchiemagli.com\/wp-content\/uploads\/2025\/03\/logo.png","width":633,"height":149,"caption":"Checchi&Magli"},"image":{"@id":"https:\/\/www.checchiemagli.com\/es\/#\/schema\/logo\/image\/"},"sameAs":["https:\/\/www.facebook.com\/checchiemagli\/","https:\/\/x.com\/checchiemagli","https:\/\/www.youtube.com\/user\/checchiemagli","https:\/\/www.instagram.com\/checchiemagli\/","https:\/\/www.linkedin.com\/company\/checchiemagli\/"]}]}},"_links":{"self":[{"href":"https:\/\/www.checchiemagli.com\/es\/wp-json\/wp\/v2\/product\/6735","targetHints":{"allow":["GET"]}}],"collection":[{"href":"https:\/\/www.checchiemagli.com\/es\/wp-json\/wp\/v2\/product"}],"about":[{"href":"https:\/\/www.checchiemagli.com\/es\/wp-json\/wp\/v2\/types\/product"}],"wp:featuredmedia":[{"embeddable":true,"href":"https:\/\/www.checchiemagli.com\/es\/wp-json\/wp\/v2\/media\/5150"}],"wp:attachment":[{"href":"https:\/\/www.checchiemagli.com\/es\/wp-json\/wp\/v2\/media?parent=6735"}],"wp:term":[{"taxonomy":"cosa-puoi-piantare","embeddable":true,"href":"https:\/\/www.checchiemagli.com\/es\/wp-json\/wp\/v2\/cosa-puoi-piantare?post=6735"},{"taxonomy":"etichette","embeddable":true,"href":"https:\/\/www.checchiemagli.com\/es\/wp-json\/wp\/v2\/etichette?post=6735"},{"taxonomy":"nr-file","embeddable":true,"href":"https:\/\/www.checchiemagli.com\/es\/wp-json\/wp\/v2\/nr-file?post=6735"},{"taxonomy":"specifiche-tecniche","embeddable":true,"href":"https:\/\/www.checchiemagli.com\/es\/wp-json\/wp\/v2\/specifiche-tecniche?post=6735"},{"taxonomy":"tipo-di-terreno","embeddable":true,"href":"https:\/\/www.checchiemagli.com\/es\/wp-json\/wp\/v2\/tipo-di-terreno?post=6735"},{"taxonomy":"tipo-di-zolla","embeddable":true,"href":"https:\/\/www.checchiemagli.com\/es\/wp-json\/wp\/v2\/tipo-di-zolla?post=6735"},{"taxonomy":"tipologie-macchine","embeddable":true,"href":"https:\/\/www.checchiemagli.com\/es\/wp-json\/wp\/v2\/tipologie-macchine?post=6735"},{"taxonomy":"product_brand","embeddable":true,"href":"https:\/\/www.checchiemagli.com\/es\/wp-json\/wp\/v2\/product_brand?post=6735"},{"taxonomy":"product_cat","embeddable":true,"href":"https:\/\/www.checchiemagli.com\/es\/wp-json\/wp\/v2\/product_cat?post=6735"},{"taxonomy":"product_tag","embeddable":true,"href":"https:\/\/www.checchiemagli.com\/es\/wp-json\/wp\/v2\/product_tag?post=6735"}],"curies":[{"name":"wp","href":"https:\/\/api.w.org\/{rel}","templated":true}]}}