{"id":6726,"date":"2025-03-04T12:36:44","date_gmt":"2025-03-04T11:36:44","guid":{"rendered":"https:\/\/www.checchiemagli.com\/prodotto\/sp-onion\/"},"modified":"2025-10-02T13:13:54","modified_gmt":"2025-10-02T11:13:54","slug":"sp-onion","status":"publish","type":"product","link":"https:\/\/www.checchiemagli.com\/es\/maquina-para-cebollas\/sp-onion\/","title":{"rendered":"SP onion"},"content":{"rendered":"<p><strong>\u00a1Dos filas en una sola pasada!<\/strong> Excavadora de cebollas con cinta de dos filas, ancho de m\u00e1quina 160 cm\/63&#8243;.<br \/>\nDiscos de corte frontales regulables en altura mediante gatos manuales, eje excavador de doble torsi\u00f3n hacia el centro para erradicar tanto el producto como las malas hierbas,<br \/>\nRodillo flexible trasero de ancho completo para compactaci\u00f3n del suelo.<br \/>\nProducci\u00f3n aproximada hasta 4 ha (10 ac)\/d\u00eda.<\/p>\n","protected":false},"excerpt":{"rendered":"<p>\u00a1Dos filas en una sola pasada! Excavadora de cebollas con cinta de dos filas, ancho de m\u00e1quina 160 cm\/63&#8243;. Discos de corte frontales regulables en altura mediante gatos manuales, eje excavador de doble torsi\u00f3n hacia el centro para erradicar tanto el producto como las malas hierbas, Rodillo flexible trasero de ancho completo para compactaci\u00f3n del&#8230;<\/p>\n","protected":false},"featured_media":3272,"template":"","meta":{"_acf_changed":false,"_gspb_post_css":"","_kad_post_transparent":"default","_kad_post_title":"","_kad_post_layout":"default","_kad_post_sidebar_id":"","_kad_post_content_style":"default","_kad_post_vertical_padding":"default","_kad_post_feature":"","_kad_post_feature_position":"","_kad_post_header":false,"_kad_post_footer":false,"_kad_post_classname":""},"cosa-puoi-piantare":[501],"etichette":[],"nr-file":[456],"specifiche-tecniche":[2183,2186,2187,2188,2189],"tipo-di-terreno":[429],"tipo-di-zolla":[],"tipologie-macchine":[1137],"product_brand":[],"product_cat":[1096],"product_tag":[],"class_list":{"0":"post-6726","1":"product","2":"type-product","3":"status-publish","4":"has-post-thumbnail","6":"cosa-puoi-piantare-cebollas","7":"nr-file-2-es","8":"specifiche-tecniche-tamiz-de-limpieza-del-producto-con-agitador-de-velocidad-regulable","9":"specifiche-tecniche-discos-delanteros-desbrozadores-con-anillos-antienterramiento","10":"specifiche-tecniche-eje-de-excavacion-doblemente-girado-hacia-el-centro-para-arrancar-cultivos-y-malas-hierbas","11":"specifiche-tecniche-ruedas-de-apoyo-traseras-con-rodillo-flex-posterior-para-compactar","12":"specifiche-tecniche-3-modos-de-trabajo-ruedas-rodillo-solo-rodillo-o-solo-ruedas","13":"tipo-di-terreno-campo-abierto","14":"tipologie-macchine-arrancadora-de-cebollas","15":"product_cat-patatas-y-cebollas","17":"first","18":"instock","19":"virtual","20":"product-type-simple","21":"entry","22":"content-bg","23":"loop-entry"},"acf":[],"yoast_head":"<!-- This site is optimized with the Yoast SEO plugin v27.2 - https:\/\/yoast.com\/product\/yoast-seo-wordpress\/ -->\n<title>Arrancadora de Cebollas SP onion - Checchi &amp; Magli<\/title>\n<meta name=\"description\" content=\"Arrancadora de cebollas: La SP Onion est\u00e1 destinada a la recolecci\u00f3n de todas las variedades de cebolla y ha sido dise\u00f1ada para un uso altamente profesional.\" \/>\n<meta name=\"robots\" content=\"index, follow, max-snippet:-1, max-image-preview:large, max-video-preview:-1\" \/>\n<link rel=\"canonical\" href=\"https:\/\/www.checchiemagli.com\/es\/maquina-para-cebollas\/sp-onion\/\" \/>\n<meta property=\"og:locale\" content=\"es_ES\" \/>\n<meta property=\"og:type\" content=\"article\" \/>\n<meta property=\"og:title\" content=\"Arrancadora de Cebollas SP onion - Checchi &amp; Magli\" \/>\n<meta property=\"og:description\" content=\"Arrancadora de cebollas: La SP Onion est\u00e1 destinada a la recolecci\u00f3n de todas las variedades de cebolla y ha sido dise\u00f1ada para un uso altamente profesional.\" \/>\n<meta property=\"og:url\" content=\"https:\/\/www.checchiemagli.com\/es\/maquina-para-cebollas\/sp-onion\/\" \/>\n<meta property=\"og:site_name\" content=\"Checchi e Magli\" \/>\n<meta property=\"article:publisher\" content=\"https:\/\/www.facebook.com\/checchiemagli\/\" \/>\n<meta property=\"article:modified_time\" content=\"2025-10-02T11:13:54+00:00\" \/>\n<meta property=\"og:image\" content=\"https:\/\/www.checchiemagli.com\/wp-content\/uploads\/2025\/03\/SP-ONION-GENERALE-2-1.png\" \/>\n\t<meta property=\"og:image:width\" content=\"800\" \/>\n\t<meta property=\"og:image:height\" content=\"543\" \/>\n\t<meta property=\"og:image:type\" content=\"image\/png\" \/>\n<meta name=\"twitter:card\" content=\"summary_large_image\" \/>\n<meta name=\"twitter:site\" content=\"@checchiemagli\" \/>\n<meta name=\"twitter:label1\" content=\"Tiempo de lectura\" \/>\n\t<meta name=\"twitter:data1\" content=\"1 minuto\" \/>\n<!-- \/ Yoast SEO plugin. -->","yoast_head_json":{"title":"Arrancadora de Cebollas SP onion - Checchi & Magli","description":"Arrancadora de cebollas: La SP Onion est\u00e1 destinada a la recolecci\u00f3n de todas las variedades de cebolla y ha sido dise\u00f1ada para un uso altamente profesional.","robots":{"index":"index","follow":"follow","max-snippet":"max-snippet:-1","max-image-preview":"max-image-preview:large","max-video-preview":"max-video-preview:-1"},"canonical":"https:\/\/www.checchiemagli.com\/es\/maquina-para-cebollas\/sp-onion\/","og_locale":"es_ES","og_type":"article","og_title":"Arrancadora de Cebollas SP onion - Checchi & Magli","og_description":"Arrancadora de cebollas: La SP Onion est\u00e1 destinada a la recolecci\u00f3n de todas las variedades de cebolla y ha sido dise\u00f1ada para un uso altamente profesional.","og_url":"https:\/\/www.checchiemagli.com\/es\/maquina-para-cebollas\/sp-onion\/","og_site_name":"Checchi e Magli","article_publisher":"https:\/\/www.facebook.com\/checchiemagli\/","article_modified_time":"2025-10-02T11:13:54+00:00","og_image":[{"width":800,"height":543,"url":"https:\/\/www.checchiemagli.com\/wp-content\/uploads\/2025\/03\/SP-ONION-GENERALE-2-1.png","type":"image\/png"}],"twitter_card":"summary_large_image","twitter_site":"@checchiemagli","twitter_misc":{"Tiempo de lectura":"1 minuto"},"schema":{"@context":"https:\/\/schema.org","@graph":[{"@type":"WebPage","@id":"https:\/\/www.checchiemagli.com\/es\/maquina-para-cebollas\/sp-onion\/","url":"https:\/\/www.checchiemagli.com\/es\/maquina-para-cebollas\/sp-onion\/","name":"Arrancadora de Cebollas SP onion - Checchi & Magli","isPartOf":{"@id":"https:\/\/www.checchiemagli.com\/es\/#website"},"primaryImageOfPage":{"@id":"https:\/\/www.checchiemagli.com\/es\/maquina-para-cebollas\/sp-onion\/#primaryimage"},"image":{"@id":"https:\/\/www.checchiemagli.com\/es\/maquina-para-cebollas\/sp-onion\/#primaryimage"},"thumbnailUrl":"https:\/\/www.checchiemagli.com\/wp-content\/uploads\/2025\/03\/SP-ONION-GENERALE-2-1.png","datePublished":"2025-03-04T11:36:44+00:00","dateModified":"2025-10-02T11:13:54+00:00","description":"Arrancadora de cebollas: La SP Onion est\u00e1 destinada a la recolecci\u00f3n de todas las variedades de cebolla y ha sido dise\u00f1ada para un uso altamente profesional.","breadcrumb":{"@id":"https:\/\/www.checchiemagli.com\/es\/maquina-para-cebollas\/sp-onion\/#breadcrumb"},"inLanguage":"es","potentialAction":[{"@type":"ReadAction","target":["https:\/\/www.checchiemagli.com\/es\/maquina-para-cebollas\/sp-onion\/"]}]},{"@type":"ImageObject","inLanguage":"es","@id":"https:\/\/www.checchiemagli.com\/es\/maquina-para-cebollas\/sp-onion\/#primaryimage","url":"https:\/\/www.checchiemagli.com\/wp-content\/uploads\/2025\/03\/SP-ONION-GENERALE-2-1.png","contentUrl":"https:\/\/www.checchiemagli.com\/wp-content\/uploads\/2025\/03\/SP-ONION-GENERALE-2-1.png","width":800,"height":543},{"@type":"BreadcrumbList","@id":"https:\/\/www.checchiemagli.com\/es\/maquina-para-cebollas\/sp-onion\/#breadcrumb","itemListElement":[{"@type":"ListItem","position":1,"name":"Home","item":"https:\/\/www.checchiemagli.com\/es\/"},{"@type":"ListItem","position":2,"name":"Maquinaria","item":"https:\/\/www.checchiemagli.com\/es\/maquinaria\/"},{"@type":"ListItem","position":3,"name":"Patatas y Cebollas","item":"https:\/\/www.checchiemagli.com\/es\/maquinaria\/patatas-y-cebollas\/"},{"@type":"ListItem","position":4,"name":"SP onion"}]},{"@type":"WebSite","@id":"https:\/\/www.checchiemagli.com\/es\/#website","url":"https:\/\/www.checchiemagli.com\/es\/","name":"Checchi&Magli","description":"Produzione e Distribuzione di Macchine Agricole","publisher":{"@id":"https:\/\/www.checchiemagli.com\/es\/#organization"},"potentialAction":[{"@type":"SearchAction","target":{"@type":"EntryPoint","urlTemplate":"https:\/\/www.checchiemagli.com\/es\/?s={search_term_string}"},"query-input":{"@type":"PropertyValueSpecification","valueRequired":true,"valueName":"search_term_string"}}],"inLanguage":"es"},{"@type":"Organization","@id":"https:\/\/www.checchiemagli.com\/es\/#organization","name":"Checchi&Magli","url":"https:\/\/www.checchiemagli.com\/es\/","logo":{"@type":"ImageObject","inLanguage":"es","@id":"https:\/\/www.checchiemagli.com\/es\/#\/schema\/logo\/image\/","url":"https:\/\/www.checchiemagli.com\/wp-content\/uploads\/2025\/03\/logo.png","contentUrl":"https:\/\/www.checchiemagli.com\/wp-content\/uploads\/2025\/03\/logo.png","width":633,"height":149,"caption":"Checchi&Magli"},"image":{"@id":"https:\/\/www.checchiemagli.com\/es\/#\/schema\/logo\/image\/"},"sameAs":["https:\/\/www.facebook.com\/checchiemagli\/","https:\/\/x.com\/checchiemagli","https:\/\/www.youtube.com\/user\/checchiemagli","https:\/\/www.instagram.com\/checchiemagli\/","https:\/\/www.linkedin.com\/company\/checchiemagli\/"]}]}},"_links":{"self":[{"href":"https:\/\/www.checchiemagli.com\/es\/wp-json\/wp\/v2\/product\/6726","targetHints":{"allow":["GET"]}}],"collection":[{"href":"https:\/\/www.checchiemagli.com\/es\/wp-json\/wp\/v2\/product"}],"about":[{"href":"https:\/\/www.checchiemagli.com\/es\/wp-json\/wp\/v2\/types\/product"}],"wp:featuredmedia":[{"embeddable":true,"href":"https:\/\/www.checchiemagli.com\/es\/wp-json\/wp\/v2\/media\/3272"}],"wp:attachment":[{"href":"https:\/\/www.checchiemagli.com\/es\/wp-json\/wp\/v2\/media?parent=6726"}],"wp:term":[{"taxonomy":"cosa-puoi-piantare","embeddable":true,"href":"https:\/\/www.checchiemagli.com\/es\/wp-json\/wp\/v2\/cosa-puoi-piantare?post=6726"},{"taxonomy":"etichette","embeddable":true,"href":"https:\/\/www.checchiemagli.com\/es\/wp-json\/wp\/v2\/etichette?post=6726"},{"taxonomy":"nr-file","embeddable":true,"href":"https:\/\/www.checchiemagli.com\/es\/wp-json\/wp\/v2\/nr-file?post=6726"},{"taxonomy":"specifiche-tecniche","embeddable":true,"href":"https:\/\/www.checchiemagli.com\/es\/wp-json\/wp\/v2\/specifiche-tecniche?post=6726"},{"taxonomy":"tipo-di-terreno","embeddable":true,"href":"https:\/\/www.checchiemagli.com\/es\/wp-json\/wp\/v2\/tipo-di-terreno?post=6726"},{"taxonomy":"tipo-di-zolla","embeddable":true,"href":"https:\/\/www.checchiemagli.com\/es\/wp-json\/wp\/v2\/tipo-di-zolla?post=6726"},{"taxonomy":"tipologie-macchine","embeddable":true,"href":"https:\/\/www.checchiemagli.com\/es\/wp-json\/wp\/v2\/tipologie-macchine?post=6726"},{"taxonomy":"product_brand","embeddable":true,"href":"https:\/\/www.checchiemagli.com\/es\/wp-json\/wp\/v2\/product_brand?post=6726"},{"taxonomy":"product_cat","embeddable":true,"href":"https:\/\/www.checchiemagli.com\/es\/wp-json\/wp\/v2\/product_cat?post=6726"},{"taxonomy":"product_tag","embeddable":true,"href":"https:\/\/www.checchiemagli.com\/es\/wp-json\/wp\/v2\/product_tag?post=6726"}],"curies":[{"name":"wp","href":"https:\/\/api.w.org\/{rel}","templated":true}]}}