{"id":6852,"date":"2025-03-04T12:36:39","date_gmt":"2025-03-04T11:36:39","guid":{"rendered":"https:\/\/www.checchiemagli.com\/prodotto\/unifox\/"},"modified":"2025-10-29T09:28:21","modified_gmt":"2025-10-29T08:28:21","slug":"unifox","status":"publish","type":"product","link":"https:\/\/www.checchiemagli.com\/de\/pflanzmaschinen\/unifox\/","title":{"rendered":"Unifox"},"content":{"rendered":"<p><span data-sheets-root=\"1\"><strong>Einfach und vielseitig!<\/strong> Pflanzmaschine mit Verteiler 5, 10, 15 oder 20 Greifer, Reihenabstand einstellbar ab mindestens 50 cm\/20&#8243;, Antriebsrad f\u00fcr jede Pflanzeinheit, Ungef\u00fchre produktion bis 2.500 Pflanzen\/Stunde pro Bediener. Ideal f\u00fcr S\u00fc\u00dfkartoffeln, Erdbeeren und Lavendel.<\/span><\/p>\n","protected":false},"excerpt":{"rendered":"<p>Einfach und vielseitig! Pflanzmaschine mit Verteiler 5, 10, 15 oder 20 Greifer, Reihenabstand einstellbar ab mindestens 50 cm\/20&#8243;, Antriebsrad f\u00fcr jede Pflanzeinheit, Ungef\u00fchre produktion bis 2.500 Pflanzen\/Stunde pro Bediener. Ideal f\u00fcr S\u00fc\u00dfkartoffeln, Erdbeeren und Lavendel.<\/p>\n","protected":false},"featured_media":2876,"template":"","meta":{"_acf_changed":false,"_gspb_post_css":"","_kad_post_transparent":"default","_kad_post_title":"","_kad_post_layout":"default","_kad_post_sidebar_id":"","_kad_post_content_style":"default","_kad_post_vertical_padding":"default","_kad_post_feature":"","_kad_post_feature_position":"","_kad_post_header":false,"_kad_post_footer":false,"_kad_post_classname":""},"cosa-puoi-piantare":[2412,564,540,556,572,544,528,484,488,476],"etichette":[2427],"nr-file":[449,450,451,452,453,454,448],"specifiche-tecniche":[1906,1921,1927,1934,1935],"tipo-di-terreno":[428],"tipo-di-zolla":[404,416,420,424],"tipologie-macchine":[1001],"product_brand":[],"product_cat":[400],"product_tag":[],"class_list":{"0":"post-6852","1":"product","2":"type-product","3":"status-publish","4":"has-post-thumbnail","6":"cosa-puoi-piantare-rosen","7":"cosa-puoi-piantare-suesskartoffeln","8":"cosa-puoi-piantare-brokkoli","9":"cosa-puoi-piantare-salate","10":"cosa-puoi-piantare-tomaten","11":"cosa-puoi-piantare-kohl","12":"cosa-puoi-piantare-erdbeeren","13":"cosa-puoi-piantare-andere-kraeuter","14":"cosa-puoi-piantare-lavendel","15":"cosa-puoi-piantare-zuckerrohr","16":"etichette-best-value","17":"nr-file-2-de","18":"nr-file-3-de","19":"nr-file-4-de","20":"nr-file-5-de","21":"nr-file-6-de","22":"nr-file-6-reihen","23":"nr-file-1-de","24":"specifiche-tecniche-reihenabstand-50-cm-20","25":"specifiche-tecniche-eisen-stampfraeder-o-56-cm-22","26":"specifiche-tecniche-antriebsrad-jeden-pflanzelement","27":"specifiche-tecniche-verteiler-mit-5-10-15-20-greifer","28":"specifiche-tecniche-pflanzenbstand-min-13-cm-max-140-cm-5-55","29":"tipo-di-terreno-nackter-boden","30":"tipo-di-zolla-nackte-wurzel","31":"tipo-di-zolla-konische","32":"tipo-di-zolla-wurfelformige","33":"tipo-di-zolla-pyramidentorfwurfel","34":"tipologie-macchine-pflanzmaschine","35":"product_cat-pflanzmaschinen","37":"first","38":"instock","39":"virtual","40":"product-type-simple","41":"entry","42":"content-bg","43":"loop-entry"},"acf":[],"yoast_head":"<!-- This site is optimized with the Yoast SEO plugin v27.2 - https:\/\/yoast.com\/product\/yoast-seo-wordpress\/ -->\n<title>Pflanzensetzmaschinen Unifox - Checchi &amp; Magli<\/title>\n<meta name=\"description\" content=\"Wenn Sie auf einer kleinen Fl\u00e4che pflanzen, k\u00f6nnte die UNIFOX-Greiferpflanzmaschine das richtige Modell f\u00fcr Sie sein. Bis zu 2.500 Pflanzen\/Stunde pro Bediener.\" \/>\n<meta name=\"robots\" content=\"index, follow, max-snippet:-1, max-image-preview:large, max-video-preview:-1\" \/>\n<link rel=\"canonical\" href=\"https:\/\/www.checchiemagli.com\/de\/pflanzmaschinen\/unifox\/\" \/>\n<meta property=\"og:locale\" content=\"de_DE\" \/>\n<meta property=\"og:type\" content=\"article\" \/>\n<meta property=\"og:title\" content=\"Pflanzensetzmaschinen Unifox - Checchi &amp; Magli\" \/>\n<meta property=\"og:description\" content=\"Wenn Sie auf einer kleinen Fl\u00e4che pflanzen, k\u00f6nnte die UNIFOX-Greiferpflanzmaschine das richtige Modell f\u00fcr Sie sein. Bis zu 2.500 Pflanzen\/Stunde pro Bediener.\" \/>\n<meta property=\"og:url\" content=\"https:\/\/www.checchiemagli.com\/de\/pflanzmaschinen\/unifox\/\" \/>\n<meta property=\"og:site_name\" content=\"Checchi e Magli\" \/>\n<meta property=\"article:publisher\" content=\"https:\/\/www.facebook.com\/checchiemagli\/\" \/>\n<meta property=\"article:modified_time\" content=\"2025-10-29T08:28:21+00:00\" \/>\n<meta property=\"og:image\" content=\"https:\/\/www.checchiemagli.com\/wp-content\/uploads\/2025\/03\/UNIFOX-FRONTE.png\" \/>\n\t<meta property=\"og:image:width\" content=\"800\" \/>\n\t<meta property=\"og:image:height\" content=\"600\" \/>\n\t<meta property=\"og:image:type\" content=\"image\/png\" \/>\n<meta name=\"twitter:card\" content=\"summary_large_image\" \/>\n<meta name=\"twitter:site\" content=\"@checchiemagli\" \/>\n<meta name=\"twitter:label1\" content=\"Gesch\u00e4tzte Lesezeit\" \/>\n\t<meta name=\"twitter:data1\" content=\"1\u00a0Minute\" \/>\n<!-- \/ Yoast SEO plugin. -->","yoast_head_json":{"title":"Pflanzensetzmaschinen Unifox - Checchi & Magli","description":"Wenn Sie auf einer kleinen Fl\u00e4che pflanzen, k\u00f6nnte die UNIFOX-Greiferpflanzmaschine das richtige Modell f\u00fcr Sie sein. Bis zu 2.500 Pflanzen\/Stunde pro Bediener.","robots":{"index":"index","follow":"follow","max-snippet":"max-snippet:-1","max-image-preview":"max-image-preview:large","max-video-preview":"max-video-preview:-1"},"canonical":"https:\/\/www.checchiemagli.com\/de\/pflanzmaschinen\/unifox\/","og_locale":"de_DE","og_type":"article","og_title":"Pflanzensetzmaschinen Unifox - Checchi & Magli","og_description":"Wenn Sie auf einer kleinen Fl\u00e4che pflanzen, k\u00f6nnte die UNIFOX-Greiferpflanzmaschine das richtige Modell f\u00fcr Sie sein. Bis zu 2.500 Pflanzen\/Stunde pro Bediener.","og_url":"https:\/\/www.checchiemagli.com\/de\/pflanzmaschinen\/unifox\/","og_site_name":"Checchi e Magli","article_publisher":"https:\/\/www.facebook.com\/checchiemagli\/","article_modified_time":"2025-10-29T08:28:21+00:00","og_image":[{"width":800,"height":600,"url":"https:\/\/www.checchiemagli.com\/wp-content\/uploads\/2025\/03\/UNIFOX-FRONTE.png","type":"image\/png"}],"twitter_card":"summary_large_image","twitter_site":"@checchiemagli","twitter_misc":{"Gesch\u00e4tzte Lesezeit":"1\u00a0Minute"},"schema":{"@context":"https:\/\/schema.org","@graph":[{"@type":"WebPage","@id":"https:\/\/www.checchiemagli.com\/de\/pflanzmaschinen\/unifox\/","url":"https:\/\/www.checchiemagli.com\/de\/pflanzmaschinen\/unifox\/","name":"Pflanzensetzmaschinen Unifox - Checchi & Magli","isPartOf":{"@id":"https:\/\/www.checchiemagli.com\/de\/#website"},"primaryImageOfPage":{"@id":"https:\/\/www.checchiemagli.com\/de\/pflanzmaschinen\/unifox\/#primaryimage"},"image":{"@id":"https:\/\/www.checchiemagli.com\/de\/pflanzmaschinen\/unifox\/#primaryimage"},"thumbnailUrl":"https:\/\/www.checchiemagli.com\/wp-content\/uploads\/2025\/03\/UNIFOX-FRONTE.png","datePublished":"2025-03-04T11:36:39+00:00","dateModified":"2025-10-29T08:28:21+00:00","description":"Wenn Sie auf einer kleinen Fl\u00e4che pflanzen, k\u00f6nnte die UNIFOX-Greiferpflanzmaschine das richtige Modell f\u00fcr Sie sein. Bis zu 2.500 Pflanzen\/Stunde pro Bediener.","breadcrumb":{"@id":"https:\/\/www.checchiemagli.com\/de\/pflanzmaschinen\/unifox\/#breadcrumb"},"inLanguage":"de","potentialAction":[{"@type":"ReadAction","target":["https:\/\/www.checchiemagli.com\/de\/pflanzmaschinen\/unifox\/"]}]},{"@type":"ImageObject","inLanguage":"de","@id":"https:\/\/www.checchiemagli.com\/de\/pflanzmaschinen\/unifox\/#primaryimage","url":"https:\/\/www.checchiemagli.com\/wp-content\/uploads\/2025\/03\/UNIFOX-FRONTE.png","contentUrl":"https:\/\/www.checchiemagli.com\/wp-content\/uploads\/2025\/03\/UNIFOX-FRONTE.png","width":800,"height":600},{"@type":"BreadcrumbList","@id":"https:\/\/www.checchiemagli.com\/de\/pflanzmaschinen\/unifox\/#breadcrumb","itemListElement":[{"@type":"ListItem","position":1,"name":"Home","item":"https:\/\/www.checchiemagli.com\/de\/"},{"@type":"ListItem","position":2,"name":"Maschinen","item":"https:\/\/www.checchiemagli.com\/de\/maschinen\/"},{"@type":"ListItem","position":3,"name":"Pflanzmaschinen","item":"https:\/\/www.checchiemagli.com\/de\/maschinen\/pflanzmaschinen\/"},{"@type":"ListItem","position":4,"name":"Unifox"}]},{"@type":"WebSite","@id":"https:\/\/www.checchiemagli.com\/de\/#website","url":"https:\/\/www.checchiemagli.com\/de\/","name":"Checchi&Magli","description":"Produzione e Distribuzione di Macchine Agricole","publisher":{"@id":"https:\/\/www.checchiemagli.com\/de\/#organization"},"potentialAction":[{"@type":"SearchAction","target":{"@type":"EntryPoint","urlTemplate":"https:\/\/www.checchiemagli.com\/de\/?s={search_term_string}"},"query-input":{"@type":"PropertyValueSpecification","valueRequired":true,"valueName":"search_term_string"}}],"inLanguage":"de"},{"@type":"Organization","@id":"https:\/\/www.checchiemagli.com\/de\/#organization","name":"Checchi&Magli","url":"https:\/\/www.checchiemagli.com\/de\/","logo":{"@type":"ImageObject","inLanguage":"de","@id":"https:\/\/www.checchiemagli.com\/de\/#\/schema\/logo\/image\/","url":"https:\/\/www.checchiemagli.com\/wp-content\/uploads\/2025\/03\/logo.png","contentUrl":"https:\/\/www.checchiemagli.com\/wp-content\/uploads\/2025\/03\/logo.png","width":633,"height":149,"caption":"Checchi&Magli"},"image":{"@id":"https:\/\/www.checchiemagli.com\/de\/#\/schema\/logo\/image\/"},"sameAs":["https:\/\/www.facebook.com\/checchiemagli\/","https:\/\/x.com\/checchiemagli","https:\/\/www.youtube.com\/user\/checchiemagli","https:\/\/www.instagram.com\/checchiemagli\/","https:\/\/www.linkedin.com\/company\/checchiemagli\/"]}]}},"_links":{"self":[{"href":"https:\/\/www.checchiemagli.com\/de\/wp-json\/wp\/v2\/product\/6852","targetHints":{"allow":["GET"]}}],"collection":[{"href":"https:\/\/www.checchiemagli.com\/de\/wp-json\/wp\/v2\/product"}],"about":[{"href":"https:\/\/www.checchiemagli.com\/de\/wp-json\/wp\/v2\/types\/product"}],"wp:featuredmedia":[{"embeddable":true,"href":"https:\/\/www.checchiemagli.com\/de\/wp-json\/wp\/v2\/media\/2876"}],"wp:attachment":[{"href":"https:\/\/www.checchiemagli.com\/de\/wp-json\/wp\/v2\/media?parent=6852"}],"wp:term":[{"taxonomy":"cosa-puoi-piantare","embeddable":true,"href":"https:\/\/www.checchiemagli.com\/de\/wp-json\/wp\/v2\/cosa-puoi-piantare?post=6852"},{"taxonomy":"etichette","embeddable":true,"href":"https:\/\/www.checchiemagli.com\/de\/wp-json\/wp\/v2\/etichette?post=6852"},{"taxonomy":"nr-file","embeddable":true,"href":"https:\/\/www.checchiemagli.com\/de\/wp-json\/wp\/v2\/nr-file?post=6852"},{"taxonomy":"specifiche-tecniche","embeddable":true,"href":"https:\/\/www.checchiemagli.com\/de\/wp-json\/wp\/v2\/specifiche-tecniche?post=6852"},{"taxonomy":"tipo-di-terreno","embeddable":true,"href":"https:\/\/www.checchiemagli.com\/de\/wp-json\/wp\/v2\/tipo-di-terreno?post=6852"},{"taxonomy":"tipo-di-zolla","embeddable":true,"href":"https:\/\/www.checchiemagli.com\/de\/wp-json\/wp\/v2\/tipo-di-zolla?post=6852"},{"taxonomy":"tipologie-macchine","embeddable":true,"href":"https:\/\/www.checchiemagli.com\/de\/wp-json\/wp\/v2\/tipologie-macchine?post=6852"},{"taxonomy":"product_brand","embeddable":true,"href":"https:\/\/www.checchiemagli.com\/de\/wp-json\/wp\/v2\/product_brand?post=6852"},{"taxonomy":"product_cat","embeddable":true,"href":"https:\/\/www.checchiemagli.com\/de\/wp-json\/wp\/v2\/product_cat?post=6852"},{"taxonomy":"product_tag","embeddable":true,"href":"https:\/\/www.checchiemagli.com\/de\/wp-json\/wp\/v2\/product_tag?post=6852"}],"curies":[{"name":"wp","href":"https:\/\/api.w.org\/{rel}","templated":true}]}}