{"id":6848,"date":"2025-03-04T12:36:39","date_gmt":"2025-03-04T11:36:39","guid":{"rendered":"https:\/\/www.checchiemagli.com\/prodotto\/qubik\/"},"modified":"2025-10-29T09:56:47","modified_gmt":"2025-10-29T08:56:47","slug":"qubik","status":"publish","type":"product","link":"https:\/\/www.checchiemagli.com\/de\/pflanzmaschinen\/qubik\/","title":{"rendered":"Qubik"},"content":{"rendered":"<p><span data-sheets-root=\"1\"><strong>Technologie und Innovation!<\/strong> Speziell f\u00fcr die Pflanzung von gepressten W\u00fcrfeln mit einer Gr\u00f6\u00dfe zwischen 3,2 und 3,2 mm<br \/>\ncm und 5 cm (1-1\/3&#8243;-2&#8243;). Bandspender mit einstellbarer W\u00fcrfelf\u00fchrung, einstellbarer Reihenabstand von mindestens 23 cm\/9&#8243;, Ungef\u00e4hre Produktion bis zu 7.200 Pflanzen\/Stunde\/Reihe. Ideal f\u00fcr Salate und Zwiebeln.<\/span><\/p>\n","protected":false},"excerpt":{"rendered":"<p><strong>Technologie und Innovation!<\/strong> Speziell f\u00fcr das Umpflanzen von gepressten W\u00fcrfeln mit einer Gr\u00f6\u00dfe zwischen 3,2 und 3,2 mm entwickelt cm und 5 cm (1-1\/3&#8243;-2&#8243;). Bandspender mit verstellbarer W\u00fcrfelf\u00fchrung, einstellbarer Reihenabstand von mindestens 23 cm\/9&#8243;.<br \/>\nUngef\u00e4hre Produktion bis zu 7.200 Pflanzen\/Stunde\/Reihe. Ideal f\u00fcr Salate und Zwiebeln.<\/p>\n","protected":false},"featured_media":9846,"template":"","meta":{"_acf_changed":false,"_gspb_post_css":"","_kad_post_transparent":"default","_kad_post_title":"","_kad_post_layout":"default","_kad_post_sidebar_id":"","_kad_post_content_style":"default","_kad_post_vertical_padding":"default","_kad_post_feature":"","_kad_post_feature_position":"","_kad_post_header":false,"_kad_post_footer":false,"_kad_post_classname":""},"cosa-puoi-piantare":[580,540,556,544,500],"etichette":[2431],"nr-file":[452,453,454,448,449,450,451],"specifiche-tecniche":[1897,1898,1899,1900,1901,1902,1982,1983,1895,1896],"tipo-di-terreno":[428],"tipo-di-zolla":[420],"tipologie-macchine":[1001],"product_brand":[],"product_cat":[400],"product_tag":[],"class_list":{"0":"post-6848","1":"product","2":"type-product","3":"status-publish","4":"has-post-thumbnail","6":"cosa-puoi-piantare-sellerie","7":"cosa-puoi-piantare-brokkoli","8":"cosa-puoi-piantare-salate","9":"cosa-puoi-piantare-kohl","10":"cosa-puoi-piantare-zwiebeln-de","11":"etichette-smart-tech","12":"nr-file-5-de","13":"nr-file-6-de","14":"nr-file-6-reihen","15":"nr-file-1-de","16":"nr-file-2-de","17":"nr-file-3-de","18":"nr-file-4-de","19":"specifiche-tecniche-multifunktionales-digitales-bedienfeld","20":"specifiche-tecniche-linearantriebe-fuer-konstanten-pflanztiefe","21":"specifiche-tecniche-einebnungsrad","22":"specifiche-tecniche-hintere-haeufelschare","23":"specifiche-tecniche-elektropneumatische-wuerfeltrennung-fuer-erdpresstoepfe","24":"specifiche-tecniche-gummi-flex-stampfraeder-o-33-cm-13","25":"specifiche-tecniche-frontwalze-farmflex","26":"specifiche-tecniche-einstellbare-wuerfelfuehrung-von-32-cm-bis-5-cm-1-1-3-2","27":"specifiche-tecniche-reihenabstand-min-23-cm-9","28":"specifiche-tecniche-pflanzenbstand-min-5-cm-2","29":"tipo-di-terreno-nackter-boden","30":"tipo-di-zolla-wurfelformige","31":"tipologie-macchine-pflanzmaschine","32":"product_cat-pflanzmaschinen","34":"first","35":"instock","36":"virtual","37":"product-type-simple","38":"entry","39":"content-bg","40":"loop-entry"},"acf":[],"yoast_head":"<!-- This site is optimized with the Yoast SEO plugin v27.2 - https:\/\/yoast.com\/product\/yoast-seo-wordpress\/ -->\n<title>Pflanzensetzmaschinen Qubik - Checchi &amp; Magli<\/title>\n<meta name=\"description\" content=\"QUBIK Pflanzensetzmaschine f\u00fcr gepresste W\u00fcrfel. Richtige Produktion bis zu 7.200 Pflanzen\/Stunde\/Reihe. Ideal f\u00fcr Salate und Zwiebeln. Checchi&amp;Magli.\" \/>\n<meta name=\"robots\" content=\"index, follow, max-snippet:-1, max-image-preview:large, max-video-preview:-1\" \/>\n<link rel=\"canonical\" href=\"https:\/\/www.checchiemagli.com\/de\/pflanzmaschinen\/qubik\/\" \/>\n<meta property=\"og:locale\" content=\"de_DE\" \/>\n<meta property=\"og:type\" content=\"article\" \/>\n<meta property=\"og:title\" content=\"Pflanzensetzmaschinen Qubik - Checchi &amp; Magli\" \/>\n<meta property=\"og:description\" content=\"QUBIK Pflanzensetzmaschine f\u00fcr gepresste W\u00fcrfel. Richtige Produktion bis zu 7.200 Pflanzen\/Stunde\/Reihe. Ideal f\u00fcr Salate und Zwiebeln. Checchi&amp;Magli.\" \/>\n<meta property=\"og:url\" content=\"https:\/\/www.checchiemagli.com\/de\/pflanzmaschinen\/qubik\/\" \/>\n<meta property=\"og:site_name\" content=\"Checchi e Magli\" \/>\n<meta property=\"article:publisher\" content=\"https:\/\/www.facebook.com\/checchiemagli\/\" \/>\n<meta property=\"article:modified_time\" content=\"2025-10-29T08:56:47+00:00\" \/>\n<meta property=\"og:image\" content=\"https:\/\/www.checchiemagli.com\/wp-content\/uploads\/2025\/03\/QUBIK.png\" \/>\n\t<meta property=\"og:image:width\" content=\"1000\" \/>\n\t<meta property=\"og:image:height\" content=\"1000\" \/>\n\t<meta property=\"og:image:type\" content=\"image\/png\" \/>\n<meta name=\"twitter:card\" content=\"summary_large_image\" \/>\n<meta name=\"twitter:site\" content=\"@checchiemagli\" \/>\n<meta name=\"twitter:label1\" content=\"Gesch\u00e4tzte Lesezeit\" \/>\n\t<meta name=\"twitter:data1\" content=\"1\u00a0Minute\" \/>\n<!-- \/ Yoast SEO plugin. -->","yoast_head_json":{"title":"Pflanzensetzmaschinen Qubik - Checchi & Magli","description":"QUBIK Pflanzensetzmaschine f\u00fcr gepresste W\u00fcrfel. Richtige Produktion bis zu 7.200 Pflanzen\/Stunde\/Reihe. Ideal f\u00fcr Salate und Zwiebeln. Checchi&Magli.","robots":{"index":"index","follow":"follow","max-snippet":"max-snippet:-1","max-image-preview":"max-image-preview:large","max-video-preview":"max-video-preview:-1"},"canonical":"https:\/\/www.checchiemagli.com\/de\/pflanzmaschinen\/qubik\/","og_locale":"de_DE","og_type":"article","og_title":"Pflanzensetzmaschinen Qubik - Checchi & Magli","og_description":"QUBIK Pflanzensetzmaschine f\u00fcr gepresste W\u00fcrfel. Richtige Produktion bis zu 7.200 Pflanzen\/Stunde\/Reihe. Ideal f\u00fcr Salate und Zwiebeln. Checchi&Magli.","og_url":"https:\/\/www.checchiemagli.com\/de\/pflanzmaschinen\/qubik\/","og_site_name":"Checchi e Magli","article_publisher":"https:\/\/www.facebook.com\/checchiemagli\/","article_modified_time":"2025-10-29T08:56:47+00:00","og_image":[{"width":1000,"height":1000,"url":"https:\/\/www.checchiemagli.com\/wp-content\/uploads\/2025\/03\/QUBIK.png","type":"image\/png"}],"twitter_card":"summary_large_image","twitter_site":"@checchiemagli","twitter_misc":{"Gesch\u00e4tzte Lesezeit":"1\u00a0Minute"},"schema":{"@context":"https:\/\/schema.org","@graph":[{"@type":"WebPage","@id":"https:\/\/www.checchiemagli.com\/de\/pflanzmaschinen\/qubik\/","url":"https:\/\/www.checchiemagli.com\/de\/pflanzmaschinen\/qubik\/","name":"Pflanzensetzmaschinen Qubik - Checchi & Magli","isPartOf":{"@id":"https:\/\/www.checchiemagli.com\/de\/#website"},"primaryImageOfPage":{"@id":"https:\/\/www.checchiemagli.com\/de\/pflanzmaschinen\/qubik\/#primaryimage"},"image":{"@id":"https:\/\/www.checchiemagli.com\/de\/pflanzmaschinen\/qubik\/#primaryimage"},"thumbnailUrl":"https:\/\/www.checchiemagli.com\/wp-content\/uploads\/2025\/03\/QUBIK.png","datePublished":"2025-03-04T11:36:39+00:00","dateModified":"2025-10-29T08:56:47+00:00","description":"QUBIK Pflanzensetzmaschine f\u00fcr gepresste W\u00fcrfel. Richtige Produktion bis zu 7.200 Pflanzen\/Stunde\/Reihe. Ideal f\u00fcr Salate und Zwiebeln. Checchi&Magli.","breadcrumb":{"@id":"https:\/\/www.checchiemagli.com\/de\/pflanzmaschinen\/qubik\/#breadcrumb"},"inLanguage":"de","potentialAction":[{"@type":"ReadAction","target":["https:\/\/www.checchiemagli.com\/de\/pflanzmaschinen\/qubik\/"]}]},{"@type":"ImageObject","inLanguage":"de","@id":"https:\/\/www.checchiemagli.com\/de\/pflanzmaschinen\/qubik\/#primaryimage","url":"https:\/\/www.checchiemagli.com\/wp-content\/uploads\/2025\/03\/QUBIK.png","contentUrl":"https:\/\/www.checchiemagli.com\/wp-content\/uploads\/2025\/03\/QUBIK.png","width":1000,"height":1000},{"@type":"BreadcrumbList","@id":"https:\/\/www.checchiemagli.com\/de\/pflanzmaschinen\/qubik\/#breadcrumb","itemListElement":[{"@type":"ListItem","position":1,"name":"Home","item":"https:\/\/www.checchiemagli.com\/de\/"},{"@type":"ListItem","position":2,"name":"Maschinen","item":"https:\/\/www.checchiemagli.com\/de\/maschinen\/"},{"@type":"ListItem","position":3,"name":"Pflanzmaschinen","item":"https:\/\/www.checchiemagli.com\/de\/maschinen\/pflanzmaschinen\/"},{"@type":"ListItem","position":4,"name":"Qubik"}]},{"@type":"WebSite","@id":"https:\/\/www.checchiemagli.com\/de\/#website","url":"https:\/\/www.checchiemagli.com\/de\/","name":"Checchi&Magli","description":"Produzione e Distribuzione di Macchine Agricole","publisher":{"@id":"https:\/\/www.checchiemagli.com\/de\/#organization"},"potentialAction":[{"@type":"SearchAction","target":{"@type":"EntryPoint","urlTemplate":"https:\/\/www.checchiemagli.com\/de\/?s={search_term_string}"},"query-input":{"@type":"PropertyValueSpecification","valueRequired":true,"valueName":"search_term_string"}}],"inLanguage":"de"},{"@type":"Organization","@id":"https:\/\/www.checchiemagli.com\/de\/#organization","name":"Checchi&Magli","url":"https:\/\/www.checchiemagli.com\/de\/","logo":{"@type":"ImageObject","inLanguage":"de","@id":"https:\/\/www.checchiemagli.com\/de\/#\/schema\/logo\/image\/","url":"https:\/\/www.checchiemagli.com\/wp-content\/uploads\/2025\/03\/logo.png","contentUrl":"https:\/\/www.checchiemagli.com\/wp-content\/uploads\/2025\/03\/logo.png","width":633,"height":149,"caption":"Checchi&Magli"},"image":{"@id":"https:\/\/www.checchiemagli.com\/de\/#\/schema\/logo\/image\/"},"sameAs":["https:\/\/www.facebook.com\/checchiemagli\/","https:\/\/x.com\/checchiemagli","https:\/\/www.youtube.com\/user\/checchiemagli","https:\/\/www.instagram.com\/checchiemagli\/","https:\/\/www.linkedin.com\/company\/checchiemagli\/"]}]}},"_links":{"self":[{"href":"https:\/\/www.checchiemagli.com\/de\/wp-json\/wp\/v2\/product\/6848","targetHints":{"allow":["GET"]}}],"collection":[{"href":"https:\/\/www.checchiemagli.com\/de\/wp-json\/wp\/v2\/product"}],"about":[{"href":"https:\/\/www.checchiemagli.com\/de\/wp-json\/wp\/v2\/types\/product"}],"wp:featuredmedia":[{"embeddable":true,"href":"https:\/\/www.checchiemagli.com\/de\/wp-json\/wp\/v2\/media\/9846"}],"wp:attachment":[{"href":"https:\/\/www.checchiemagli.com\/de\/wp-json\/wp\/v2\/media?parent=6848"}],"wp:term":[{"taxonomy":"cosa-puoi-piantare","embeddable":true,"href":"https:\/\/www.checchiemagli.com\/de\/wp-json\/wp\/v2\/cosa-puoi-piantare?post=6848"},{"taxonomy":"etichette","embeddable":true,"href":"https:\/\/www.checchiemagli.com\/de\/wp-json\/wp\/v2\/etichette?post=6848"},{"taxonomy":"nr-file","embeddable":true,"href":"https:\/\/www.checchiemagli.com\/de\/wp-json\/wp\/v2\/nr-file?post=6848"},{"taxonomy":"specifiche-tecniche","embeddable":true,"href":"https:\/\/www.checchiemagli.com\/de\/wp-json\/wp\/v2\/specifiche-tecniche?post=6848"},{"taxonomy":"tipo-di-terreno","embeddable":true,"href":"https:\/\/www.checchiemagli.com\/de\/wp-json\/wp\/v2\/tipo-di-terreno?post=6848"},{"taxonomy":"tipo-di-zolla","embeddable":true,"href":"https:\/\/www.checchiemagli.com\/de\/wp-json\/wp\/v2\/tipo-di-zolla?post=6848"},{"taxonomy":"tipologie-macchine","embeddable":true,"href":"https:\/\/www.checchiemagli.com\/de\/wp-json\/wp\/v2\/tipologie-macchine?post=6848"},{"taxonomy":"product_brand","embeddable":true,"href":"https:\/\/www.checchiemagli.com\/de\/wp-json\/wp\/v2\/product_brand?post=6848"},{"taxonomy":"product_cat","embeddable":true,"href":"https:\/\/www.checchiemagli.com\/de\/wp-json\/wp\/v2\/product_cat?post=6848"},{"taxonomy":"product_tag","embeddable":true,"href":"https:\/\/www.checchiemagli.com\/de\/wp-json\/wp\/v2\/product_tag?post=6848"}],"curies":[{"name":"wp","href":"https:\/\/api.w.org\/{rel}","templated":true}]}}