{"id":6836,"date":"2025-03-04T12:36:39","date_gmt":"2025-03-04T11:36:39","guid":{"rendered":"https:\/\/www.checchiemagli.com\/prodotto\/texdrive-best\/"},"modified":"2025-10-29T10:00:50","modified_gmt":"2025-10-29T09:00:50","slug":"texdrive-best","status":"publish","type":"product","link":"https:\/\/www.checchiemagli.com\/de\/pflanzmaschinen\/texdrive-best\/","title":{"rendered":"Texdrive Best"},"content":{"rendered":"<p><span data-sheets-root=\"1\"><strong>Tradition und Zuverl\u00e4ssigkeit!<\/strong> Als Weiterentwicklung der historischen TEX-Pflanzmaschine, heute k\u00f6nnen Sie zwischen drei Verteilern w\u00e4hlen: 6, 10 oder 12 Becher mit \u00d6ffnungsboden mit fortlaufend Rotation und Phaseneinstellung. Reihenabstand verstellbar Minimum von 40 cm\/16 f\u00fcr die 6-Becher-Version, 50 cm\/20&#8243; f\u00fcr 10 Becher, 60 cm\/24&#8243; f\u00fcr 12 Becher, Parallelogramm jeder Pflanzeinheit; ungef\u00e4hre Produktion bis 4.000 Pflanzen\/Stunde pro Bediener (6.000 f\u00fcr die 10 Tassen, 7.000 f\u00fcr die 12 Becher).<br \/>\nIdeal f\u00fcr Tomaten, Sellerie, Kohl, Blumenkohl, Brokkoli und Salate.<\/span><\/p>\n","protected":false},"excerpt":{"rendered":"<p>Tradition und Zuverl\u00e4ssigkeit! Als Weiterentwicklung der historischen TEX-Pflanzmaschine, heute k\u00f6nnen Sie zwischen drei Verteilern w\u00e4hlen: 6, 10 oder 12 Becher mit \u00d6ffnungsboden mit fortlaufend Rotation und Phaseneinstellung. Reihenabstand verstellbar Minimum von 40 cm\/16 f\u00fcr die 6-Becher-Version, 50 cm\/20&#8243; f\u00fcr 10 Becher, 60 cm\/24&#8243; f\u00fcr 12 Becher, Parallelogramm jeder Pflanzeinheit; ungef\u00e4hre Produktion bis 4.000 Pflanzen\/Stunde pro&#8230;<\/p>\n","protected":false},"featured_media":3085,"template":"","meta":{"_acf_changed":false,"_gspb_post_css":"","_kad_post_transparent":"default","_kad_post_title":"","_kad_post_layout":"default","_kad_post_sidebar_id":"","_kad_post_content_style":"default","_kad_post_vertical_padding":"default","_kad_post_feature":"","_kad_post_feature_position":"","_kad_post_header":false,"_kad_post_footer":false,"_kad_post_classname":""},"cosa-puoi-piantare":[580,552,584,540,556,572,544,592,528,500,484,488,476],"etichette":[2432],"nr-file":[451,452,453,454,448,449,450],"specifiche-tecniche":[1930,1996,1921,1928,1929],"tipo-di-terreno":[428],"tipo-di-zolla":[416,424],"tipologie-macchine":[1001],"product_brand":[],"product_cat":[400],"product_tag":[],"class_list":{"0":"post-6836","1":"product","2":"type-product","3":"status-publish","4":"has-post-thumbnail","6":"cosa-puoi-piantare-sellerie","7":"cosa-puoi-piantare-fenchel","8":"cosa-puoi-piantare-tabak","9":"cosa-puoi-piantare-brokkoli","10":"cosa-puoi-piantare-salate","11":"cosa-puoi-piantare-tomaten","12":"cosa-puoi-piantare-kohl","13":"cosa-puoi-piantare-zucchini-de","14":"cosa-puoi-piantare-erdbeeren","15":"cosa-puoi-piantare-zwiebeln-de","16":"cosa-puoi-piantare-andere-kraeuter","17":"cosa-puoi-piantare-lavendel","18":"cosa-puoi-piantare-zuckerrohr","19":"etichette-problem-solver","20":"nr-file-4-de","21":"nr-file-5-de","22":"nr-file-6-de","23":"nr-file-6-reihen","24":"nr-file-1-de","25":"nr-file-2-de","26":"nr-file-3-de","27":"specifiche-tecniche-pflanzenbstand-min-10-cm-max-82-cm-4-32","28":"specifiche-tecniche-parallelogramm-fuer-konstanten-pflanztiefe","29":"specifiche-tecniche-eisen-stampfraeder-o-56-cm-22","30":"specifiche-tecniche-verteiler-mit-6-10-12-bechern-mit-aufklappbarem-boden","31":"specifiche-tecniche-reihenabstand-min-40-cm-16-50-cm-20-mit-10-bechern-60-cm-24-mit-12-bechern","32":"tipo-di-terreno-nackter-boden","33":"tipo-di-zolla-konische","34":"tipo-di-zolla-pyramidentorfwurfel","35":"tipologie-macchine-pflanzmaschine","36":"product_cat-pflanzmaschinen","38":"first","39":"instock","40":"virtual","41":"product-type-simple","42":"entry","43":"content-bg","44":"loop-entry"},"acf":[],"yoast_head":"<!-- This site is optimized with the Yoast SEO plugin v27.2 - https:\/\/yoast.com\/product\/yoast-seo-wordpress\/ -->\n<title>Pflanzensetzmaschinen Texdrive Best - Checchi &amp; Magli<\/title>\n<meta name=\"description\" content=\"TEXDRIVE BEST Pflanzensetzmaschine: f\u00fcr das Umpflanzen von Setzlingen f\u00fcr Gartenbau, Blumenzucht, Baumschulen und Tabak. Demo der Maschine anfordern. Checchi&amp;Magli.\" \/>\n<meta name=\"robots\" content=\"index, follow, max-snippet:-1, max-image-preview:large, max-video-preview:-1\" \/>\n<link rel=\"canonical\" href=\"https:\/\/www.checchiemagli.com\/de\/pflanzmaschinen\/texdrive-best\/\" \/>\n<meta property=\"og:locale\" content=\"de_DE\" \/>\n<meta property=\"og:type\" content=\"article\" \/>\n<meta property=\"og:title\" content=\"Pflanzensetzmaschinen Texdrive Best - Checchi &amp; Magli\" \/>\n<meta property=\"og:description\" content=\"TEXDRIVE BEST Pflanzensetzmaschine: f\u00fcr das Umpflanzen von Setzlingen f\u00fcr Gartenbau, Blumenzucht, Baumschulen und Tabak. Demo der Maschine anfordern. Checchi&amp;Magli.\" \/>\n<meta property=\"og:url\" content=\"https:\/\/www.checchiemagli.com\/de\/pflanzmaschinen\/texdrive-best\/\" \/>\n<meta property=\"og:site_name\" content=\"Checchi e Magli\" \/>\n<meta property=\"article:publisher\" content=\"https:\/\/www.facebook.com\/checchiemagli\/\" \/>\n<meta property=\"article:modified_time\" content=\"2025-10-29T09:00:50+00:00\" \/>\n<meta property=\"og:image\" content=\"https:\/\/www.checchiemagli.com\/wp-content\/uploads\/2025\/03\/TEXDRIVE-BEST-2.png\" \/>\n\t<meta property=\"og:image:width\" content=\"800\" \/>\n\t<meta property=\"og:image:height\" content=\"600\" \/>\n\t<meta property=\"og:image:type\" content=\"image\/png\" \/>\n<meta name=\"twitter:card\" content=\"summary_large_image\" \/>\n<meta name=\"twitter:site\" content=\"@checchiemagli\" \/>\n<meta name=\"twitter:label1\" content=\"Gesch\u00e4tzte Lesezeit\" \/>\n\t<meta name=\"twitter:data1\" content=\"1\u00a0Minute\" \/>\n<!-- \/ Yoast SEO plugin. -->","yoast_head_json":{"title":"Pflanzensetzmaschinen Texdrive Best - Checchi & Magli","description":"TEXDRIVE BEST Pflanzensetzmaschine: f\u00fcr das Umpflanzen von Setzlingen f\u00fcr Gartenbau, Blumenzucht, Baumschulen und Tabak. Demo der Maschine anfordern. Checchi&Magli.","robots":{"index":"index","follow":"follow","max-snippet":"max-snippet:-1","max-image-preview":"max-image-preview:large","max-video-preview":"max-video-preview:-1"},"canonical":"https:\/\/www.checchiemagli.com\/de\/pflanzmaschinen\/texdrive-best\/","og_locale":"de_DE","og_type":"article","og_title":"Pflanzensetzmaschinen Texdrive Best - Checchi & Magli","og_description":"TEXDRIVE BEST Pflanzensetzmaschine: f\u00fcr das Umpflanzen von Setzlingen f\u00fcr Gartenbau, Blumenzucht, Baumschulen und Tabak. Demo der Maschine anfordern. Checchi&Magli.","og_url":"https:\/\/www.checchiemagli.com\/de\/pflanzmaschinen\/texdrive-best\/","og_site_name":"Checchi e Magli","article_publisher":"https:\/\/www.facebook.com\/checchiemagli\/","article_modified_time":"2025-10-29T09:00:50+00:00","og_image":[{"width":800,"height":600,"url":"https:\/\/www.checchiemagli.com\/wp-content\/uploads\/2025\/03\/TEXDRIVE-BEST-2.png","type":"image\/png"}],"twitter_card":"summary_large_image","twitter_site":"@checchiemagli","twitter_misc":{"Gesch\u00e4tzte Lesezeit":"1\u00a0Minute"},"schema":{"@context":"https:\/\/schema.org","@graph":[{"@type":"WebPage","@id":"https:\/\/www.checchiemagli.com\/de\/pflanzmaschinen\/texdrive-best\/","url":"https:\/\/www.checchiemagli.com\/de\/pflanzmaschinen\/texdrive-best\/","name":"Pflanzensetzmaschinen Texdrive Best - Checchi & Magli","isPartOf":{"@id":"https:\/\/www.checchiemagli.com\/de\/#website"},"primaryImageOfPage":{"@id":"https:\/\/www.checchiemagli.com\/de\/pflanzmaschinen\/texdrive-best\/#primaryimage"},"image":{"@id":"https:\/\/www.checchiemagli.com\/de\/pflanzmaschinen\/texdrive-best\/#primaryimage"},"thumbnailUrl":"https:\/\/www.checchiemagli.com\/wp-content\/uploads\/2025\/03\/TEXDRIVE-BEST-2.png","datePublished":"2025-03-04T11:36:39+00:00","dateModified":"2025-10-29T09:00:50+00:00","description":"TEXDRIVE BEST Pflanzensetzmaschine: f\u00fcr das Umpflanzen von Setzlingen f\u00fcr Gartenbau, Blumenzucht, Baumschulen und Tabak. Demo der Maschine anfordern. Checchi&Magli.","breadcrumb":{"@id":"https:\/\/www.checchiemagli.com\/de\/pflanzmaschinen\/texdrive-best\/#breadcrumb"},"inLanguage":"de","potentialAction":[{"@type":"ReadAction","target":["https:\/\/www.checchiemagli.com\/de\/pflanzmaschinen\/texdrive-best\/"]}]},{"@type":"ImageObject","inLanguage":"de","@id":"https:\/\/www.checchiemagli.com\/de\/pflanzmaschinen\/texdrive-best\/#primaryimage","url":"https:\/\/www.checchiemagli.com\/wp-content\/uploads\/2025\/03\/TEXDRIVE-BEST-2.png","contentUrl":"https:\/\/www.checchiemagli.com\/wp-content\/uploads\/2025\/03\/TEXDRIVE-BEST-2.png","width":800,"height":600},{"@type":"BreadcrumbList","@id":"https:\/\/www.checchiemagli.com\/de\/pflanzmaschinen\/texdrive-best\/#breadcrumb","itemListElement":[{"@type":"ListItem","position":1,"name":"Home","item":"https:\/\/www.checchiemagli.com\/de\/"},{"@type":"ListItem","position":2,"name":"Maschinen","item":"https:\/\/www.checchiemagli.com\/de\/maschinen\/"},{"@type":"ListItem","position":3,"name":"Pflanzmaschinen","item":"https:\/\/www.checchiemagli.com\/de\/maschinen\/pflanzmaschinen\/"},{"@type":"ListItem","position":4,"name":"Texdrive Best"}]},{"@type":"WebSite","@id":"https:\/\/www.checchiemagli.com\/de\/#website","url":"https:\/\/www.checchiemagli.com\/de\/","name":"Checchi&Magli","description":"Produzione e Distribuzione di Macchine Agricole","publisher":{"@id":"https:\/\/www.checchiemagli.com\/de\/#organization"},"potentialAction":[{"@type":"SearchAction","target":{"@type":"EntryPoint","urlTemplate":"https:\/\/www.checchiemagli.com\/de\/?s={search_term_string}"},"query-input":{"@type":"PropertyValueSpecification","valueRequired":true,"valueName":"search_term_string"}}],"inLanguage":"de"},{"@type":"Organization","@id":"https:\/\/www.checchiemagli.com\/de\/#organization","name":"Checchi&Magli","url":"https:\/\/www.checchiemagli.com\/de\/","logo":{"@type":"ImageObject","inLanguage":"de","@id":"https:\/\/www.checchiemagli.com\/de\/#\/schema\/logo\/image\/","url":"https:\/\/www.checchiemagli.com\/wp-content\/uploads\/2025\/03\/logo.png","contentUrl":"https:\/\/www.checchiemagli.com\/wp-content\/uploads\/2025\/03\/logo.png","width":633,"height":149,"caption":"Checchi&Magli"},"image":{"@id":"https:\/\/www.checchiemagli.com\/de\/#\/schema\/logo\/image\/"},"sameAs":["https:\/\/www.facebook.com\/checchiemagli\/","https:\/\/x.com\/checchiemagli","https:\/\/www.youtube.com\/user\/checchiemagli","https:\/\/www.instagram.com\/checchiemagli\/","https:\/\/www.linkedin.com\/company\/checchiemagli\/"]}]}},"_links":{"self":[{"href":"https:\/\/www.checchiemagli.com\/de\/wp-json\/wp\/v2\/product\/6836","targetHints":{"allow":["GET"]}}],"collection":[{"href":"https:\/\/www.checchiemagli.com\/de\/wp-json\/wp\/v2\/product"}],"about":[{"href":"https:\/\/www.checchiemagli.com\/de\/wp-json\/wp\/v2\/types\/product"}],"wp:featuredmedia":[{"embeddable":true,"href":"https:\/\/www.checchiemagli.com\/de\/wp-json\/wp\/v2\/media\/3085"}],"wp:attachment":[{"href":"https:\/\/www.checchiemagli.com\/de\/wp-json\/wp\/v2\/media?parent=6836"}],"wp:term":[{"taxonomy":"cosa-puoi-piantare","embeddable":true,"href":"https:\/\/www.checchiemagli.com\/de\/wp-json\/wp\/v2\/cosa-puoi-piantare?post=6836"},{"taxonomy":"etichette","embeddable":true,"href":"https:\/\/www.checchiemagli.com\/de\/wp-json\/wp\/v2\/etichette?post=6836"},{"taxonomy":"nr-file","embeddable":true,"href":"https:\/\/www.checchiemagli.com\/de\/wp-json\/wp\/v2\/nr-file?post=6836"},{"taxonomy":"specifiche-tecniche","embeddable":true,"href":"https:\/\/www.checchiemagli.com\/de\/wp-json\/wp\/v2\/specifiche-tecniche?post=6836"},{"taxonomy":"tipo-di-terreno","embeddable":true,"href":"https:\/\/www.checchiemagli.com\/de\/wp-json\/wp\/v2\/tipo-di-terreno?post=6836"},{"taxonomy":"tipo-di-zolla","embeddable":true,"href":"https:\/\/www.checchiemagli.com\/de\/wp-json\/wp\/v2\/tipo-di-zolla?post=6836"},{"taxonomy":"tipologie-macchine","embeddable":true,"href":"https:\/\/www.checchiemagli.com\/de\/wp-json\/wp\/v2\/tipologie-macchine?post=6836"},{"taxonomy":"product_brand","embeddable":true,"href":"https:\/\/www.checchiemagli.com\/de\/wp-json\/wp\/v2\/product_brand?post=6836"},{"taxonomy":"product_cat","embeddable":true,"href":"https:\/\/www.checchiemagli.com\/de\/wp-json\/wp\/v2\/product_cat?post=6836"},{"taxonomy":"product_tag","embeddable":true,"href":"https:\/\/www.checchiemagli.com\/de\/wp-json\/wp\/v2\/product_tag?post=6836"}],"curies":[{"name":"wp","href":"https:\/\/api.w.org\/{rel}","templated":true}]}}