{"id":6811,"date":"2025-03-04T12:36:39","date_gmt":"2025-03-04T11:36:39","guid":{"rendered":"https:\/\/www.checchiemagli.com\/prodotto\/dual-12-gold\/"},"modified":"2025-10-29T09:54:49","modified_gmt":"2025-10-29T08:54:49","slug":"dual-12-gold","status":"publish","type":"product","link":"https:\/\/www.checchiemagli.com\/de\/pflanzmaschinen\/dual-12-gold\/","title":{"rendered":"Dual 12 Gold"},"content":{"rendered":"<p><span data-sheets-root=\"1\"><strong>Nur 1 Bediener f\u00fcr 2 Pflanzreihen, Bestseller f\u00fcr Industrietomaten und mehr!<\/strong> Pflanzmaschine mit patentiertem 12-Becher-Verteiler, mit \u00d6ffnungsboden, fortlaufend Rotation und Phaseneinstellung, einstellbar Reihenabstand von 30 cm bis 50 cm (12&#8243;-20&#8243;), Parallelogramm jeder Pflanzeinheit; Produktion bis zu 6.000 Pflanzen\/Stunde pro Bediener. Ideal f\u00fcr Tomaten, Salate, Brokkoli, Fenchel, Zwiebeln.<\/span><\/p>\n","protected":false},"excerpt":{"rendered":"<p>Nur 1 Bediener f\u00fcr 2 Pflanzreihen, Bestseller f\u00fcr Industrietomaten und mehr! Pflanzmaschine mit patentiertem 12-Becher-Verteiler, mit \u00d6ffnungsboden, fortlaufend Rotation und Phaseneinstellung, einstellbar Reihenabstand von 30 cm bis 50 cm (12&#8243;-20&#8243;), Parallelogramm jeder Pflanzeinheit; Produktion bis zu 6.000 Pflanzen\/Stunde pro Bediener. Ideal f\u00fcr Tomaten, Salate, Brokkoli, Fenchel, Zwiebeln.<\/p>\n","protected":false},"featured_media":5213,"template":"","meta":{"_acf_changed":false,"_gspb_post_css":"","_kad_post_transparent":"default","_kad_post_title":"","_kad_post_layout":"default","_kad_post_sidebar_id":"","_kad_post_content_style":"default","_kad_post_vertical_padding":"default","_kad_post_feature":"","_kad_post_feature_position":"","_kad_post_header":false,"_kad_post_footer":false,"_kad_post_classname":""},"cosa-puoi-piantare":[580,552,540,556,572,544,500],"etichette":[2430,2425],"nr-file":[449,451,453,454],"specifiche-tecniche":[1908,1912,1913,1914,1996],"tipo-di-terreno":[428],"tipo-di-zolla":[416,424],"tipologie-macchine":[1001],"product_brand":[],"product_cat":[400],"product_tag":[],"class_list":{"0":"post-6811","1":"product","2":"type-product","3":"status-publish","4":"has-post-thumbnail","6":"cosa-puoi-piantare-sellerie","7":"cosa-puoi-piantare-fenchel","8":"cosa-puoi-piantare-brokkoli","9":"cosa-puoi-piantare-salate","10":"cosa-puoi-piantare-tomaten","11":"cosa-puoi-piantare-kohl","12":"cosa-puoi-piantare-zwiebeln-de","13":"etichette-labor-saver","14":"etichette-top-seller","15":"nr-file-2-de","16":"nr-file-4-de","17":"nr-file-6-de","18":"nr-file-6-reihen","19":"specifiche-tecniche-gummi-flex-stampfraeder-o-41-cm-16","20":"specifiche-tecniche-verteiler-mit-12-bechern-und-aufklappbarem-boden","21":"specifiche-tecniche-reihenabstand-min-30-cm-max-50-cm-10-12","22":"specifiche-tecniche-pflanzenbstand-min-14-cm-max-82-cm-6-32","23":"specifiche-tecniche-parallelogramm-fuer-konstanten-pflanztiefe","24":"tipo-di-terreno-nackter-boden","25":"tipo-di-zolla-konische","26":"tipo-di-zolla-pyramidentorfwurfel","27":"tipologie-macchine-pflanzmaschine","28":"product_cat-pflanzmaschinen","30":"first","31":"instock","32":"virtual","33":"product-type-simple","34":"entry","35":"content-bg","36":"loop-entry"},"acf":[],"yoast_head":"<!-- This site is optimized with the Yoast SEO plugin v27.2 - https:\/\/yoast.com\/product\/yoast-seo-wordpress\/ -->\n<title>Pflanzensetzmaschinen Dual 12 Gold - Checchi &amp; Magli<\/title>\n<meta name=\"description\" content=\"DUAL 12 GOLD ein Bediener f\u00fcr 2 Pflanzreihen; ideal f\u00fcr Tomaten, Salate, Zwiebeln, Brokkoli und Fenchel mit konischem oder pyramidenf\u00f6rmigem Wurzelballen.\" \/>\n<meta name=\"robots\" content=\"index, follow, max-snippet:-1, max-image-preview:large, max-video-preview:-1\" \/>\n<link rel=\"canonical\" href=\"https:\/\/www.checchiemagli.com\/de\/pflanzmaschinen\/dual-12-gold\/\" \/>\n<meta property=\"og:locale\" content=\"de_DE\" \/>\n<meta property=\"og:type\" content=\"article\" \/>\n<meta property=\"og:title\" content=\"Pflanzensetzmaschinen Dual 12 Gold - Checchi &amp; Magli\" \/>\n<meta property=\"og:description\" content=\"DUAL 12 GOLD ein Bediener f\u00fcr 2 Pflanzreihen; ideal f\u00fcr Tomaten, Salate, Zwiebeln, Brokkoli und Fenchel mit konischem oder pyramidenf\u00f6rmigem Wurzelballen.\" \/>\n<meta property=\"og:url\" content=\"https:\/\/www.checchiemagli.com\/de\/pflanzmaschinen\/dual-12-gold\/\" \/>\n<meta property=\"og:site_name\" content=\"Checchi e Magli\" \/>\n<meta property=\"article:publisher\" content=\"https:\/\/www.facebook.com\/checchiemagli\/\" \/>\n<meta property=\"article:modified_time\" content=\"2025-10-29T08:54:49+00:00\" \/>\n<meta property=\"og:image\" content=\"https:\/\/www.checchiemagli.com\/wp-content\/uploads\/2025\/03\/DUAL-12-GOLD-4.png\" \/>\n\t<meta property=\"og:image:width\" content=\"768\" \/>\n\t<meta property=\"og:image:height\" content=\"576\" \/>\n\t<meta property=\"og:image:type\" content=\"image\/png\" \/>\n<meta name=\"twitter:card\" content=\"summary_large_image\" \/>\n<meta name=\"twitter:site\" content=\"@checchiemagli\" \/>\n<meta name=\"twitter:label1\" content=\"Gesch\u00e4tzte Lesezeit\" \/>\n\t<meta name=\"twitter:data1\" content=\"1\u00a0Minute\" \/>\n<!-- \/ Yoast SEO plugin. -->","yoast_head_json":{"title":"Pflanzensetzmaschinen Dual 12 Gold - Checchi & Magli","description":"DUAL 12 GOLD ein Bediener f\u00fcr 2 Pflanzreihen; ideal f\u00fcr Tomaten, Salate, Zwiebeln, Brokkoli und Fenchel mit konischem oder pyramidenf\u00f6rmigem Wurzelballen.","robots":{"index":"index","follow":"follow","max-snippet":"max-snippet:-1","max-image-preview":"max-image-preview:large","max-video-preview":"max-video-preview:-1"},"canonical":"https:\/\/www.checchiemagli.com\/de\/pflanzmaschinen\/dual-12-gold\/","og_locale":"de_DE","og_type":"article","og_title":"Pflanzensetzmaschinen Dual 12 Gold - Checchi & Magli","og_description":"DUAL 12 GOLD ein Bediener f\u00fcr 2 Pflanzreihen; ideal f\u00fcr Tomaten, Salate, Zwiebeln, Brokkoli und Fenchel mit konischem oder pyramidenf\u00f6rmigem Wurzelballen.","og_url":"https:\/\/www.checchiemagli.com\/de\/pflanzmaschinen\/dual-12-gold\/","og_site_name":"Checchi e Magli","article_publisher":"https:\/\/www.facebook.com\/checchiemagli\/","article_modified_time":"2025-10-29T08:54:49+00:00","og_image":[{"width":768,"height":576,"url":"https:\/\/www.checchiemagli.com\/wp-content\/uploads\/2025\/03\/DUAL-12-GOLD-4.png","type":"image\/png"}],"twitter_card":"summary_large_image","twitter_site":"@checchiemagli","twitter_misc":{"Gesch\u00e4tzte Lesezeit":"1\u00a0Minute"},"schema":{"@context":"https:\/\/schema.org","@graph":[{"@type":"WebPage","@id":"https:\/\/www.checchiemagli.com\/de\/pflanzmaschinen\/dual-12-gold\/","url":"https:\/\/www.checchiemagli.com\/de\/pflanzmaschinen\/dual-12-gold\/","name":"Pflanzensetzmaschinen Dual 12 Gold - Checchi & Magli","isPartOf":{"@id":"https:\/\/www.checchiemagli.com\/de\/#website"},"primaryImageOfPage":{"@id":"https:\/\/www.checchiemagli.com\/de\/pflanzmaschinen\/dual-12-gold\/#primaryimage"},"image":{"@id":"https:\/\/www.checchiemagli.com\/de\/pflanzmaschinen\/dual-12-gold\/#primaryimage"},"thumbnailUrl":"https:\/\/www.checchiemagli.com\/wp-content\/uploads\/2025\/03\/DUAL-12-GOLD-4.png","datePublished":"2025-03-04T11:36:39+00:00","dateModified":"2025-10-29T08:54:49+00:00","description":"DUAL 12 GOLD ein Bediener f\u00fcr 2 Pflanzreihen; ideal f\u00fcr Tomaten, Salate, Zwiebeln, Brokkoli und Fenchel mit konischem oder pyramidenf\u00f6rmigem Wurzelballen.","breadcrumb":{"@id":"https:\/\/www.checchiemagli.com\/de\/pflanzmaschinen\/dual-12-gold\/#breadcrumb"},"inLanguage":"de","potentialAction":[{"@type":"ReadAction","target":["https:\/\/www.checchiemagli.com\/de\/pflanzmaschinen\/dual-12-gold\/"]}]},{"@type":"ImageObject","inLanguage":"de","@id":"https:\/\/www.checchiemagli.com\/de\/pflanzmaschinen\/dual-12-gold\/#primaryimage","url":"https:\/\/www.checchiemagli.com\/wp-content\/uploads\/2025\/03\/DUAL-12-GOLD-4.png","contentUrl":"https:\/\/www.checchiemagli.com\/wp-content\/uploads\/2025\/03\/DUAL-12-GOLD-4.png","width":768,"height":576},{"@type":"BreadcrumbList","@id":"https:\/\/www.checchiemagli.com\/de\/pflanzmaschinen\/dual-12-gold\/#breadcrumb","itemListElement":[{"@type":"ListItem","position":1,"name":"Home","item":"https:\/\/www.checchiemagli.com\/de\/"},{"@type":"ListItem","position":2,"name":"Maschinen","item":"https:\/\/www.checchiemagli.com\/de\/maschinen\/"},{"@type":"ListItem","position":3,"name":"Pflanzmaschinen","item":"https:\/\/www.checchiemagli.com\/de\/maschinen\/pflanzmaschinen\/"},{"@type":"ListItem","position":4,"name":"Dual 12 Gold"}]},{"@type":"WebSite","@id":"https:\/\/www.checchiemagli.com\/de\/#website","url":"https:\/\/www.checchiemagli.com\/de\/","name":"Checchi&Magli","description":"Produzione e Distribuzione di Macchine Agricole","publisher":{"@id":"https:\/\/www.checchiemagli.com\/de\/#organization"},"potentialAction":[{"@type":"SearchAction","target":{"@type":"EntryPoint","urlTemplate":"https:\/\/www.checchiemagli.com\/de\/?s={search_term_string}"},"query-input":{"@type":"PropertyValueSpecification","valueRequired":true,"valueName":"search_term_string"}}],"inLanguage":"de"},{"@type":"Organization","@id":"https:\/\/www.checchiemagli.com\/de\/#organization","name":"Checchi&Magli","url":"https:\/\/www.checchiemagli.com\/de\/","logo":{"@type":"ImageObject","inLanguage":"de","@id":"https:\/\/www.checchiemagli.com\/de\/#\/schema\/logo\/image\/","url":"https:\/\/www.checchiemagli.com\/wp-content\/uploads\/2025\/03\/logo.png","contentUrl":"https:\/\/www.checchiemagli.com\/wp-content\/uploads\/2025\/03\/logo.png","width":633,"height":149,"caption":"Checchi&Magli"},"image":{"@id":"https:\/\/www.checchiemagli.com\/de\/#\/schema\/logo\/image\/"},"sameAs":["https:\/\/www.facebook.com\/checchiemagli\/","https:\/\/x.com\/checchiemagli","https:\/\/www.youtube.com\/user\/checchiemagli","https:\/\/www.instagram.com\/checchiemagli\/","https:\/\/www.linkedin.com\/company\/checchiemagli\/"]}]}},"_links":{"self":[{"href":"https:\/\/www.checchiemagli.com\/de\/wp-json\/wp\/v2\/product\/6811","targetHints":{"allow":["GET"]}}],"collection":[{"href":"https:\/\/www.checchiemagli.com\/de\/wp-json\/wp\/v2\/product"}],"about":[{"href":"https:\/\/www.checchiemagli.com\/de\/wp-json\/wp\/v2\/types\/product"}],"wp:featuredmedia":[{"embeddable":true,"href":"https:\/\/www.checchiemagli.com\/de\/wp-json\/wp\/v2\/media\/5213"}],"wp:attachment":[{"href":"https:\/\/www.checchiemagli.com\/de\/wp-json\/wp\/v2\/media?parent=6811"}],"wp:term":[{"taxonomy":"cosa-puoi-piantare","embeddable":true,"href":"https:\/\/www.checchiemagli.com\/de\/wp-json\/wp\/v2\/cosa-puoi-piantare?post=6811"},{"taxonomy":"etichette","embeddable":true,"href":"https:\/\/www.checchiemagli.com\/de\/wp-json\/wp\/v2\/etichette?post=6811"},{"taxonomy":"nr-file","embeddable":true,"href":"https:\/\/www.checchiemagli.com\/de\/wp-json\/wp\/v2\/nr-file?post=6811"},{"taxonomy":"specifiche-tecniche","embeddable":true,"href":"https:\/\/www.checchiemagli.com\/de\/wp-json\/wp\/v2\/specifiche-tecniche?post=6811"},{"taxonomy":"tipo-di-terreno","embeddable":true,"href":"https:\/\/www.checchiemagli.com\/de\/wp-json\/wp\/v2\/tipo-di-terreno?post=6811"},{"taxonomy":"tipo-di-zolla","embeddable":true,"href":"https:\/\/www.checchiemagli.com\/de\/wp-json\/wp\/v2\/tipo-di-zolla?post=6811"},{"taxonomy":"tipologie-macchine","embeddable":true,"href":"https:\/\/www.checchiemagli.com\/de\/wp-json\/wp\/v2\/tipologie-macchine?post=6811"},{"taxonomy":"product_brand","embeddable":true,"href":"https:\/\/www.checchiemagli.com\/de\/wp-json\/wp\/v2\/product_brand?post=6811"},{"taxonomy":"product_cat","embeddable":true,"href":"https:\/\/www.checchiemagli.com\/de\/wp-json\/wp\/v2\/product_cat?post=6811"},{"taxonomy":"product_tag","embeddable":true,"href":"https:\/\/www.checchiemagli.com\/de\/wp-json\/wp\/v2\/product_tag?post=6811"}],"curies":[{"name":"wp","href":"https:\/\/api.w.org\/{rel}","templated":true}]}}