{"id":6803,"date":"2025-03-04T12:36:39","date_gmt":"2025-03-04T11:36:39","guid":{"rendered":"https:\/\/www.checchiemagli.com\/prodotto\/smartwolf\/"},"modified":"2025-12-12T13:12:46","modified_gmt":"2025-12-12T12:12:46","slug":"smartwolf","status":"publish","type":"product","link":"https:\/\/www.checchiemagli.com\/de\/pflanzmaschinen\/smartwolf\/","title":{"rendered":"Smartwolf"},"content":{"rendered":"<p><span data-sheets-root=\"1\"><strong>SMART Effizienz auf der Hand!<\/strong> Pflanzensetzmaschine mit Verteiler von 1 bis 6 Perforationsbechern. Doppelt verwendbar mit und ohne Mulchfolie, auch biologisch abbaubar, Abstand<br \/>\nReihenabstand einstellbar ab einem Minimum von 50 cm\/20 Zoll; ungef\u00e4hre Produktion von bis zu 3.000 Pflanzen\/Stunde pro Bediener. Ideal f\u00fcr Tomaten, Melonen, Wassermelonen, Salate, K\u00fcrbisse und Zucchini.<br \/>\nAuf Wunsch synchronisierte elektrische Bew\u00e4sserungseinrichtung jede Pflanze und SEEDPROe-S\u00e4einheit.<\/span><\/p>\n","protected":false},"excerpt":{"rendered":"<p>SMART Effizienz auf der Hand! Pflanzensetzmaschine mit Verteiler von 1 bis 6 Perforationsbechern. Doppelt verwendbar mit und ohne Mulchfolie, auch biologisch abbaubar, Abstand Reihenabstand einstellbar ab einem Minimum von 50 cm\/20 Zoll; ungef\u00e4hre Produktion von bis zu 3.000 Pflanzen\/Stunde pro Bediener. Ideal f\u00fcr Tomaten, Melonen, Wassermelonen, Salate, K\u00fcrbisse und Zucchini. Auf Wunsch synchronisierte elektrische Bew\u00e4sserungseinrichtung&#8230;<\/p>\n","protected":false},"featured_media":9835,"template":"","meta":{"_acf_changed":false,"_gspb_post_css":"","_kad_post_transparent":"default","_kad_post_title":"","_kad_post_layout":"default","_kad_post_sidebar_id":"","_kad_post_content_style":"default","_kad_post_vertical_padding":"default","_kad_post_feature":"","_kad_post_feature_position":"","_kad_post_header":false,"_kad_post_footer":false,"_kad_post_classname":""},"cosa-puoi-piantare":[2423,2407,548,564,580,552,568,540,556,572,588,544,560,576,592,532,520,524,528,500,504,496,484,488,472],"etichette":[],"nr-file":[448,449,450,451,452,453,454],"specifiche-tecniche":[1903,1904,1906,1910,1911,1948,1996,1902],"tipo-di-terreno":[428,433],"tipo-di-zolla":[408,412,416,420,424],"tipologie-macchine":[1001],"product_brand":[],"product_cat":[400],"product_tag":[],"class_list":{"0":"post-6803","1":"product","2":"type-product","3":"status-publish","4":"has-post-thumbnail","6":"cosa-puoi-piantare-chilischote","7":"cosa-puoi-piantare-zwiebeln-de-2","8":"cosa-puoi-piantare-gurken","9":"cosa-puoi-piantare-suesskartoffeln","10":"cosa-puoi-piantare-sellerie","11":"cosa-puoi-piantare-fenchel","12":"cosa-puoi-piantare-paprika-peperoni","13":"cosa-puoi-piantare-brokkoli","14":"cosa-puoi-piantare-salate","15":"cosa-puoi-piantare-tomaten","16":"cosa-puoi-piantare-kuerbis","17":"cosa-puoi-piantare-kohl","18":"cosa-puoi-piantare-auberginen","19":"cosa-puoi-piantare-lauch","20":"cosa-puoi-piantare-zucchini-de","21":"cosa-puoi-piantare-melone-de","22":"cosa-puoi-piantare-ananas-de","23":"cosa-puoi-piantare-wassermelone","24":"cosa-puoi-piantare-erdbeeren","25":"cosa-puoi-piantare-zwiebeln-de","26":"cosa-puoi-piantare-kartoffeln","27":"cosa-puoi-piantare-knoblauch","28":"cosa-puoi-piantare-andere-kraeuter","29":"cosa-puoi-piantare-lavendel","30":"cosa-puoi-piantare-hanf","31":"nr-file-1-de","32":"nr-file-2-de","33":"nr-file-3-de","34":"nr-file-4-de","35":"nr-file-5-de","36":"nr-file-6-de","37":"nr-file-6-reihen","38":"specifiche-tecniche-kompatibel-mit-seedproe","39":"specifiche-tecniche-gezielte-und-synchronisierte-elektrische-bewaesserungsvorrichtung-weltweit-einzigartig-optional","40":"specifiche-tecniche-reihenabstand-50-cm-20","41":"specifiche-tecniche-verteiler-mit-1-bis-6-stechbechern","42":"specifiche-tecniche-pflanzenbstand-min-25-cm-max-150-cm-10-59","43":"specifiche-tecniche-kompatibel-mit-biologisch-abbaubaren-folien","44":"specifiche-tecniche-parallelogramm-fuer-konstanten-pflanztiefe","45":"specifiche-tecniche-gummi-flex-stampfraeder-o-33-cm-13","46":"tipo-di-terreno-nackter-boden","47":"tipo-di-terreno-gemulchter-boden","48":"tipo-di-zolla-samen","49":"tipo-di-zolla-zylindrische","50":"tipo-di-zolla-konische","51":"tipo-di-zolla-wurfelformige","52":"tipo-di-zolla-pyramidentorfwurfel","53":"tipologie-macchine-pflanzmaschine","54":"product_cat-pflanzmaschinen","56":"first","57":"instock","58":"virtual","59":"product-type-simple","60":"entry","61":"content-bg","62":"loop-entry"},"acf":[],"yoast_head":"<!-- This site is optimized with the Yoast SEO plugin v27.2 - https:\/\/yoast.com\/product\/yoast-seo-wordpress\/ -->\n<title>Pflanzensetzmaschinen Smartwolf - Checchi &amp; Magli<\/title>\n<meta name=\"description\" content=\"SmartWolf Pflanzensetzmaschine: f\u00fcr den professionellen Einsatz, mit und ohne Mulchfolie. Ideal f\u00fcr Tomaten, Melonen, Wassermelonen, Salate, K\u00fcrbisse und Zucchini.\" \/>\n<meta name=\"robots\" content=\"index, follow, max-snippet:-1, max-image-preview:large, max-video-preview:-1\" \/>\n<link rel=\"canonical\" href=\"https:\/\/www.checchiemagli.com\/de\/pflanzmaschinen\/smartwolf\/\" \/>\n<meta property=\"og:locale\" content=\"de_DE\" \/>\n<meta property=\"og:type\" content=\"article\" \/>\n<meta property=\"og:title\" content=\"Pflanzensetzmaschinen Smartwolf - Checchi &amp; Magli\" \/>\n<meta property=\"og:description\" content=\"SmartWolf Pflanzensetzmaschine: f\u00fcr den professionellen Einsatz, mit und ohne Mulchfolie. Ideal f\u00fcr Tomaten, Melonen, Wassermelonen, Salate, K\u00fcrbisse und Zucchini.\" \/>\n<meta property=\"og:url\" content=\"https:\/\/www.checchiemagli.com\/de\/pflanzmaschinen\/smartwolf\/\" \/>\n<meta property=\"og:site_name\" content=\"Checchi e Magli\" \/>\n<meta property=\"article:publisher\" content=\"https:\/\/www.facebook.com\/checchiemagli\/\" \/>\n<meta property=\"article:modified_time\" content=\"2025-12-12T12:12:46+00:00\" \/>\n<meta property=\"og:image\" content=\"https:\/\/www.checchiemagli.com\/wp-content\/uploads\/2025\/03\/SMARTWOLF-1000x1000-1.png\" \/>\n\t<meta property=\"og:image:width\" content=\"1000\" \/>\n\t<meta property=\"og:image:height\" content=\"1000\" \/>\n\t<meta property=\"og:image:type\" content=\"image\/png\" \/>\n<meta name=\"twitter:card\" content=\"summary_large_image\" \/>\n<meta name=\"twitter:site\" content=\"@checchiemagli\" \/>\n<meta name=\"twitter:label1\" content=\"Gesch\u00e4tzte Lesezeit\" \/>\n\t<meta name=\"twitter:data1\" content=\"1\u00a0Minute\" \/>\n<!-- \/ Yoast SEO plugin. -->","yoast_head_json":{"title":"Pflanzensetzmaschinen Smartwolf - Checchi & Magli","description":"SmartWolf Pflanzensetzmaschine: f\u00fcr den professionellen Einsatz, mit und ohne Mulchfolie. Ideal f\u00fcr Tomaten, Melonen, Wassermelonen, Salate, K\u00fcrbisse und Zucchini.","robots":{"index":"index","follow":"follow","max-snippet":"max-snippet:-1","max-image-preview":"max-image-preview:large","max-video-preview":"max-video-preview:-1"},"canonical":"https:\/\/www.checchiemagli.com\/de\/pflanzmaschinen\/smartwolf\/","og_locale":"de_DE","og_type":"article","og_title":"Pflanzensetzmaschinen Smartwolf - Checchi & Magli","og_description":"SmartWolf Pflanzensetzmaschine: f\u00fcr den professionellen Einsatz, mit und ohne Mulchfolie. Ideal f\u00fcr Tomaten, Melonen, Wassermelonen, Salate, K\u00fcrbisse und Zucchini.","og_url":"https:\/\/www.checchiemagli.com\/de\/pflanzmaschinen\/smartwolf\/","og_site_name":"Checchi e Magli","article_publisher":"https:\/\/www.facebook.com\/checchiemagli\/","article_modified_time":"2025-12-12T12:12:46+00:00","og_image":[{"width":1000,"height":1000,"url":"https:\/\/www.checchiemagli.com\/wp-content\/uploads\/2025\/03\/SMARTWOLF-1000x1000-1.png","type":"image\/png"}],"twitter_card":"summary_large_image","twitter_site":"@checchiemagli","twitter_misc":{"Gesch\u00e4tzte Lesezeit":"1\u00a0Minute"},"schema":{"@context":"https:\/\/schema.org","@graph":[{"@type":"WebPage","@id":"https:\/\/www.checchiemagli.com\/de\/pflanzmaschinen\/smartwolf\/","url":"https:\/\/www.checchiemagli.com\/de\/pflanzmaschinen\/smartwolf\/","name":"Pflanzensetzmaschinen Smartwolf - Checchi & Magli","isPartOf":{"@id":"https:\/\/www.checchiemagli.com\/de\/#website"},"primaryImageOfPage":{"@id":"https:\/\/www.checchiemagli.com\/de\/pflanzmaschinen\/smartwolf\/#primaryimage"},"image":{"@id":"https:\/\/www.checchiemagli.com\/de\/pflanzmaschinen\/smartwolf\/#primaryimage"},"thumbnailUrl":"https:\/\/www.checchiemagli.com\/wp-content\/uploads\/2025\/03\/SMARTWOLF-1000x1000-1.png","datePublished":"2025-03-04T11:36:39+00:00","dateModified":"2025-12-12T12:12:46+00:00","description":"SmartWolf Pflanzensetzmaschine: f\u00fcr den professionellen Einsatz, mit und ohne Mulchfolie. Ideal f\u00fcr Tomaten, Melonen, Wassermelonen, Salate, K\u00fcrbisse und Zucchini.","breadcrumb":{"@id":"https:\/\/www.checchiemagli.com\/de\/pflanzmaschinen\/smartwolf\/#breadcrumb"},"inLanguage":"de","potentialAction":[{"@type":"ReadAction","target":["https:\/\/www.checchiemagli.com\/de\/pflanzmaschinen\/smartwolf\/"]}]},{"@type":"ImageObject","inLanguage":"de","@id":"https:\/\/www.checchiemagli.com\/de\/pflanzmaschinen\/smartwolf\/#primaryimage","url":"https:\/\/www.checchiemagli.com\/wp-content\/uploads\/2025\/03\/SMARTWOLF-1000x1000-1.png","contentUrl":"https:\/\/www.checchiemagli.com\/wp-content\/uploads\/2025\/03\/SMARTWOLF-1000x1000-1.png","width":1000,"height":1000},{"@type":"BreadcrumbList","@id":"https:\/\/www.checchiemagli.com\/de\/pflanzmaschinen\/smartwolf\/#breadcrumb","itemListElement":[{"@type":"ListItem","position":1,"name":"Home","item":"https:\/\/www.checchiemagli.com\/de\/"},{"@type":"ListItem","position":2,"name":"Maschinen","item":"https:\/\/www.checchiemagli.com\/de\/maschinen\/"},{"@type":"ListItem","position":3,"name":"Pflanzmaschinen","item":"https:\/\/www.checchiemagli.com\/de\/maschinen\/pflanzmaschinen\/"},{"@type":"ListItem","position":4,"name":"Smartwolf"}]},{"@type":"WebSite","@id":"https:\/\/www.checchiemagli.com\/de\/#website","url":"https:\/\/www.checchiemagli.com\/de\/","name":"Checchi&Magli","description":"Produzione e Distribuzione di Macchine Agricole","publisher":{"@id":"https:\/\/www.checchiemagli.com\/de\/#organization"},"potentialAction":[{"@type":"SearchAction","target":{"@type":"EntryPoint","urlTemplate":"https:\/\/www.checchiemagli.com\/de\/?s={search_term_string}"},"query-input":{"@type":"PropertyValueSpecification","valueRequired":true,"valueName":"search_term_string"}}],"inLanguage":"de"},{"@type":"Organization","@id":"https:\/\/www.checchiemagli.com\/de\/#organization","name":"Checchi&Magli","url":"https:\/\/www.checchiemagli.com\/de\/","logo":{"@type":"ImageObject","inLanguage":"de","@id":"https:\/\/www.checchiemagli.com\/de\/#\/schema\/logo\/image\/","url":"https:\/\/www.checchiemagli.com\/wp-content\/uploads\/2025\/03\/logo.png","contentUrl":"https:\/\/www.checchiemagli.com\/wp-content\/uploads\/2025\/03\/logo.png","width":633,"height":149,"caption":"Checchi&Magli"},"image":{"@id":"https:\/\/www.checchiemagli.com\/de\/#\/schema\/logo\/image\/"},"sameAs":["https:\/\/www.facebook.com\/checchiemagli\/","https:\/\/x.com\/checchiemagli","https:\/\/www.youtube.com\/user\/checchiemagli","https:\/\/www.instagram.com\/checchiemagli\/","https:\/\/www.linkedin.com\/company\/checchiemagli\/"]}]}},"_links":{"self":[{"href":"https:\/\/www.checchiemagli.com\/de\/wp-json\/wp\/v2\/product\/6803","targetHints":{"allow":["GET"]}}],"collection":[{"href":"https:\/\/www.checchiemagli.com\/de\/wp-json\/wp\/v2\/product"}],"about":[{"href":"https:\/\/www.checchiemagli.com\/de\/wp-json\/wp\/v2\/types\/product"}],"wp:featuredmedia":[{"embeddable":true,"href":"https:\/\/www.checchiemagli.com\/de\/wp-json\/wp\/v2\/media\/9835"}],"wp:attachment":[{"href":"https:\/\/www.checchiemagli.com\/de\/wp-json\/wp\/v2\/media?parent=6803"}],"wp:term":[{"taxonomy":"cosa-puoi-piantare","embeddable":true,"href":"https:\/\/www.checchiemagli.com\/de\/wp-json\/wp\/v2\/cosa-puoi-piantare?post=6803"},{"taxonomy":"etichette","embeddable":true,"href":"https:\/\/www.checchiemagli.com\/de\/wp-json\/wp\/v2\/etichette?post=6803"},{"taxonomy":"nr-file","embeddable":true,"href":"https:\/\/www.checchiemagli.com\/de\/wp-json\/wp\/v2\/nr-file?post=6803"},{"taxonomy":"specifiche-tecniche","embeddable":true,"href":"https:\/\/www.checchiemagli.com\/de\/wp-json\/wp\/v2\/specifiche-tecniche?post=6803"},{"taxonomy":"tipo-di-terreno","embeddable":true,"href":"https:\/\/www.checchiemagli.com\/de\/wp-json\/wp\/v2\/tipo-di-terreno?post=6803"},{"taxonomy":"tipo-di-zolla","embeddable":true,"href":"https:\/\/www.checchiemagli.com\/de\/wp-json\/wp\/v2\/tipo-di-zolla?post=6803"},{"taxonomy":"tipologie-macchine","embeddable":true,"href":"https:\/\/www.checchiemagli.com\/de\/wp-json\/wp\/v2\/tipologie-macchine?post=6803"},{"taxonomy":"product_brand","embeddable":true,"href":"https:\/\/www.checchiemagli.com\/de\/wp-json\/wp\/v2\/product_brand?post=6803"},{"taxonomy":"product_cat","embeddable":true,"href":"https:\/\/www.checchiemagli.com\/de\/wp-json\/wp\/v2\/product_cat?post=6803"},{"taxonomy":"product_tag","embeddable":true,"href":"https:\/\/www.checchiemagli.com\/de\/wp-json\/wp\/v2\/product_tag?post=6803"}],"curies":[{"name":"wp","href":"https:\/\/api.w.org\/{rel}","templated":true}]}}