{"id":6791,"date":"2025-04-11T09:31:58","date_gmt":"2025-04-11T07:31:58","guid":{"rendered":"https:\/\/www.checchiemagli.com\/prodotto\/s14-plus\/"},"modified":"2025-07-02T14:53:45","modified_gmt":"2025-07-02T12:53:45","slug":"s14-plus","status":"publish","type":"product","link":"https:\/\/www.checchiemagli.com\/de\/folienlegemaschine-fuer-schon-beetangelegte-boeden\/s14-plus\/","title":{"rendered":"S14 Plus"},"content":{"rendered":"<p><span data-sheets-root=\"1\"><strong>Zum Mulchen bereits angelegter Beete!<\/strong> Besonders geeignet f\u00fcr die Folienlegung von schon beetangelegte B\u00f6den. F\u00fchrt die Verlegung der Mulchenfolie (Kunststoff, Papier, Cellulose oder biologisch abbaubaren Materialen) breiten bis 140 cm\/55&#8243; aus, und mittels seitlicher Scharen auch das Anh\u00e4ufeln der Folie. Model mit Gummivorderr\u00e4dern, ohne vorder Nivellierwalze aus Edelstahl. <\/span><\/p>\n<p><span data-sheets-root=\"1\">Kombinierbar mit dem Dammh\u00e4ufler AL.<\/span><\/p>\n","protected":false},"excerpt":{"rendered":"<p>Zum Mulchen bereits angelegter Beete! Besonders geeignet f\u00fcr die Folienlegung von schon beetangelegte B\u00f6den. F\u00fchrt die Verlegung der Mulchenfolie (Kunststoff, Papier, Cellulose oder biologisch abbaubaren Materialen) breiten bis 140 cm\/55&#8243; aus, und mittels seitlicher Scharen auch das Anh\u00e4ufeln der Folie. Model mit Gummivorderr\u00e4dern, ohne vorder Nivellierwalze aus Edelstahl. Kombinierbar mit dem Dammh\u00e4ufler AL.<\/p>\n","protected":false},"featured_media":5203,"template":"","meta":{"_acf_changed":false,"_gspb_post_css":"","_kad_post_transparent":"default","_kad_post_title":"","_kad_post_layout":"default","_kad_post_sidebar_id":"","_kad_post_content_style":"default","_kad_post_vertical_padding":"default","_kad_post_feature":"","_kad_post_feature_position":"","_kad_post_header":false,"_kad_post_footer":false,"_kad_post_classname":""},"cosa-puoi-piantare":[],"etichette":[],"nr-file":[],"specifiche-tecniche":[1948,1993,1994,1995],"tipo-di-terreno":[],"tipo-di-zolla":[],"tipologie-macchine":[1106],"product_brand":[],"product_cat":[1090],"product_tag":[],"class_list":{"0":"post-6791","1":"product","2":"type-product","3":"status-publish","4":"has-post-thumbnail","6":"specifiche-tecniche-kompatibel-mit-biologisch-abbaubaren-folien","7":"specifiche-tecniche-kombinierbar-mit-dammformer-al","8":"specifiche-tecniche-fuer-folien-bis-zu-140-cm-55-geeignet","9":"specifiche-tecniche-hintere-haeufelscheiben","10":"tipologie-macchine-folienlegemaschine-fuer-schon-beetangelegte-boeden","11":"product_cat-folienleger-und-beetformer","13":"first","14":"instock","15":"virtual","16":"product-type-simple","17":"entry","18":"content-bg","19":"loop-entry"},"acf":[],"yoast_head":"<!-- This site is optimized with the Yoast SEO plugin v27.2 - https:\/\/yoast.com\/product\/yoast-seo-wordpress\/ -->\n<title>Folienleger S14 Plus - Checchi &amp; Magli<\/title>\n<meta name=\"description\" content=\"Folienleger PS Plus S14 Plus - F\u00fchrt gleichzeitig die Dammformung, das Verlegen der Mulchfolie und des Tropfschlauchs zur Tr\u00f6pfchenbew\u00e4sserung durch. Checchi&amp;Magli\" \/>\n<meta name=\"robots\" content=\"index, follow, max-snippet:-1, max-image-preview:large, max-video-preview:-1\" \/>\n<link rel=\"canonical\" href=\"https:\/\/www.checchiemagli.com\/de\/folienlegemaschine-fuer-schon-beetangelegte-boeden\/s14-plus\/\" \/>\n<meta property=\"og:locale\" content=\"de_DE\" \/>\n<meta property=\"og:type\" content=\"article\" \/>\n<meta property=\"og:title\" content=\"Folienleger S14 Plus - Checchi &amp; Magli\" \/>\n<meta property=\"og:description\" content=\"Folienleger PS Plus S14 Plus - F\u00fchrt gleichzeitig die Dammformung, das Verlegen der Mulchfolie und des Tropfschlauchs zur Tr\u00f6pfchenbew\u00e4sserung durch. Checchi&amp;Magli\" \/>\n<meta property=\"og:url\" content=\"https:\/\/www.checchiemagli.com\/de\/folienlegemaschine-fuer-schon-beetangelegte-boeden\/s14-plus\/\" \/>\n<meta property=\"og:site_name\" content=\"Checchi e Magli\" \/>\n<meta property=\"article:publisher\" content=\"https:\/\/www.facebook.com\/checchiemagli\/\" \/>\n<meta property=\"article:modified_time\" content=\"2025-07-02T12:53:45+00:00\" \/>\n<meta property=\"og:image\" content=\"https:\/\/www.checchiemagli.com\/wp-content\/uploads\/2025\/04\/S14-PLUS_ok.png\" \/>\n\t<meta property=\"og:image:width\" content=\"768\" \/>\n\t<meta property=\"og:image:height\" content=\"576\" \/>\n\t<meta property=\"og:image:type\" content=\"image\/png\" \/>\n<meta name=\"twitter:card\" content=\"summary_large_image\" \/>\n<meta name=\"twitter:site\" content=\"@checchiemagli\" \/>\n<meta name=\"twitter:label1\" content=\"Gesch\u00e4tzte Lesezeit\" \/>\n\t<meta name=\"twitter:data1\" content=\"1\u00a0Minute\" \/>\n<!-- \/ Yoast SEO plugin. -->","yoast_head_json":{"title":"Folienleger S14 Plus - Checchi & Magli","description":"Folienleger PS Plus S14 Plus - F\u00fchrt gleichzeitig die Dammformung, das Verlegen der Mulchfolie und des Tropfschlauchs zur Tr\u00f6pfchenbew\u00e4sserung durch. Checchi&Magli","robots":{"index":"index","follow":"follow","max-snippet":"max-snippet:-1","max-image-preview":"max-image-preview:large","max-video-preview":"max-video-preview:-1"},"canonical":"https:\/\/www.checchiemagli.com\/de\/folienlegemaschine-fuer-schon-beetangelegte-boeden\/s14-plus\/","og_locale":"de_DE","og_type":"article","og_title":"Folienleger S14 Plus - Checchi & Magli","og_description":"Folienleger PS Plus S14 Plus - F\u00fchrt gleichzeitig die Dammformung, das Verlegen der Mulchfolie und des Tropfschlauchs zur Tr\u00f6pfchenbew\u00e4sserung durch. Checchi&Magli","og_url":"https:\/\/www.checchiemagli.com\/de\/folienlegemaschine-fuer-schon-beetangelegte-boeden\/s14-plus\/","og_site_name":"Checchi e Magli","article_publisher":"https:\/\/www.facebook.com\/checchiemagli\/","article_modified_time":"2025-07-02T12:53:45+00:00","og_image":[{"width":768,"height":576,"url":"https:\/\/www.checchiemagli.com\/wp-content\/uploads\/2025\/04\/S14-PLUS_ok.png","type":"image\/png"}],"twitter_card":"summary_large_image","twitter_site":"@checchiemagli","twitter_misc":{"Gesch\u00e4tzte Lesezeit":"1\u00a0Minute"},"schema":{"@context":"https:\/\/schema.org","@graph":[{"@type":"WebPage","@id":"https:\/\/www.checchiemagli.com\/de\/folienlegemaschine-fuer-schon-beetangelegte-boeden\/s14-plus\/","url":"https:\/\/www.checchiemagli.com\/de\/folienlegemaschine-fuer-schon-beetangelegte-boeden\/s14-plus\/","name":"Folienleger S14 Plus - Checchi & Magli","isPartOf":{"@id":"https:\/\/www.checchiemagli.com\/de\/#website"},"primaryImageOfPage":{"@id":"https:\/\/www.checchiemagli.com\/de\/folienlegemaschine-fuer-schon-beetangelegte-boeden\/s14-plus\/#primaryimage"},"image":{"@id":"https:\/\/www.checchiemagli.com\/de\/folienlegemaschine-fuer-schon-beetangelegte-boeden\/s14-plus\/#primaryimage"},"thumbnailUrl":"https:\/\/www.checchiemagli.com\/wp-content\/uploads\/2025\/04\/S14-PLUS_ok.png","datePublished":"2025-04-11T07:31:58+00:00","dateModified":"2025-07-02T12:53:45+00:00","description":"Folienleger PS Plus S14 Plus - F\u00fchrt gleichzeitig die Dammformung, das Verlegen der Mulchfolie und des Tropfschlauchs zur Tr\u00f6pfchenbew\u00e4sserung durch. Checchi&Magli","breadcrumb":{"@id":"https:\/\/www.checchiemagli.com\/de\/folienlegemaschine-fuer-schon-beetangelegte-boeden\/s14-plus\/#breadcrumb"},"inLanguage":"de","potentialAction":[{"@type":"ReadAction","target":["https:\/\/www.checchiemagli.com\/de\/folienlegemaschine-fuer-schon-beetangelegte-boeden\/s14-plus\/"]}]},{"@type":"ImageObject","inLanguage":"de","@id":"https:\/\/www.checchiemagli.com\/de\/folienlegemaschine-fuer-schon-beetangelegte-boeden\/s14-plus\/#primaryimage","url":"https:\/\/www.checchiemagli.com\/wp-content\/uploads\/2025\/04\/S14-PLUS_ok.png","contentUrl":"https:\/\/www.checchiemagli.com\/wp-content\/uploads\/2025\/04\/S14-PLUS_ok.png","width":768,"height":576},{"@type":"BreadcrumbList","@id":"https:\/\/www.checchiemagli.com\/de\/folienlegemaschine-fuer-schon-beetangelegte-boeden\/s14-plus\/#breadcrumb","itemListElement":[{"@type":"ListItem","position":1,"name":"Home","item":"https:\/\/www.checchiemagli.com\/de\/"},{"@type":"ListItem","position":2,"name":"Maschinen","item":"https:\/\/www.checchiemagli.com\/de\/maschinen\/"},{"@type":"ListItem","position":3,"name":"Folienleger und Beetformer","item":"https:\/\/www.checchiemagli.com\/de\/maschinen\/folienleger-und-beetformer\/"},{"@type":"ListItem","position":4,"name":"S14 Plus"}]},{"@type":"WebSite","@id":"https:\/\/www.checchiemagli.com\/de\/#website","url":"https:\/\/www.checchiemagli.com\/de\/","name":"Checchi&Magli","description":"Produzione e Distribuzione di Macchine Agricole","publisher":{"@id":"https:\/\/www.checchiemagli.com\/de\/#organization"},"potentialAction":[{"@type":"SearchAction","target":{"@type":"EntryPoint","urlTemplate":"https:\/\/www.checchiemagli.com\/de\/?s={search_term_string}"},"query-input":{"@type":"PropertyValueSpecification","valueRequired":true,"valueName":"search_term_string"}}],"inLanguage":"de"},{"@type":"Organization","@id":"https:\/\/www.checchiemagli.com\/de\/#organization","name":"Checchi&Magli","url":"https:\/\/www.checchiemagli.com\/de\/","logo":{"@type":"ImageObject","inLanguage":"de","@id":"https:\/\/www.checchiemagli.com\/de\/#\/schema\/logo\/image\/","url":"https:\/\/www.checchiemagli.com\/wp-content\/uploads\/2025\/03\/logo.png","contentUrl":"https:\/\/www.checchiemagli.com\/wp-content\/uploads\/2025\/03\/logo.png","width":633,"height":149,"caption":"Checchi&Magli"},"image":{"@id":"https:\/\/www.checchiemagli.com\/de\/#\/schema\/logo\/image\/"},"sameAs":["https:\/\/www.facebook.com\/checchiemagli\/","https:\/\/x.com\/checchiemagli","https:\/\/www.youtube.com\/user\/checchiemagli","https:\/\/www.instagram.com\/checchiemagli\/","https:\/\/www.linkedin.com\/company\/checchiemagli\/"]}]}},"_links":{"self":[{"href":"https:\/\/www.checchiemagli.com\/de\/wp-json\/wp\/v2\/product\/6791","targetHints":{"allow":["GET"]}}],"collection":[{"href":"https:\/\/www.checchiemagli.com\/de\/wp-json\/wp\/v2\/product"}],"about":[{"href":"https:\/\/www.checchiemagli.com\/de\/wp-json\/wp\/v2\/types\/product"}],"wp:featuredmedia":[{"embeddable":true,"href":"https:\/\/www.checchiemagli.com\/de\/wp-json\/wp\/v2\/media\/5203"}],"wp:attachment":[{"href":"https:\/\/www.checchiemagli.com\/de\/wp-json\/wp\/v2\/media?parent=6791"}],"wp:term":[{"taxonomy":"cosa-puoi-piantare","embeddable":true,"href":"https:\/\/www.checchiemagli.com\/de\/wp-json\/wp\/v2\/cosa-puoi-piantare?post=6791"},{"taxonomy":"etichette","embeddable":true,"href":"https:\/\/www.checchiemagli.com\/de\/wp-json\/wp\/v2\/etichette?post=6791"},{"taxonomy":"nr-file","embeddable":true,"href":"https:\/\/www.checchiemagli.com\/de\/wp-json\/wp\/v2\/nr-file?post=6791"},{"taxonomy":"specifiche-tecniche","embeddable":true,"href":"https:\/\/www.checchiemagli.com\/de\/wp-json\/wp\/v2\/specifiche-tecniche?post=6791"},{"taxonomy":"tipo-di-terreno","embeddable":true,"href":"https:\/\/www.checchiemagli.com\/de\/wp-json\/wp\/v2\/tipo-di-terreno?post=6791"},{"taxonomy":"tipo-di-zolla","embeddable":true,"href":"https:\/\/www.checchiemagli.com\/de\/wp-json\/wp\/v2\/tipo-di-zolla?post=6791"},{"taxonomy":"tipologie-macchine","embeddable":true,"href":"https:\/\/www.checchiemagli.com\/de\/wp-json\/wp\/v2\/tipologie-macchine?post=6791"},{"taxonomy":"product_brand","embeddable":true,"href":"https:\/\/www.checchiemagli.com\/de\/wp-json\/wp\/v2\/product_brand?post=6791"},{"taxonomy":"product_cat","embeddable":true,"href":"https:\/\/www.checchiemagli.com\/de\/wp-json\/wp\/v2\/product_cat?post=6791"},{"taxonomy":"product_tag","embeddable":true,"href":"https:\/\/www.checchiemagli.com\/de\/wp-json\/wp\/v2\/product_tag?post=6791"}],"curies":[{"name":"wp","href":"https:\/\/api.w.org\/{rel}","templated":true}]}}