{"id":6779,"date":"2025-04-10T17:10:42","date_gmt":"2025-04-10T15:10:42","guid":{"rendered":"https:\/\/www.checchiemagli.com\/prodotto\/ps-front-plus\/"},"modified":"2025-11-28T14:04:54","modified_gmt":"2025-11-28T13:04:54","slug":"ps-front-plus","status":"publish","type":"product","link":"https:\/\/www.checchiemagli.com\/de\/folienlegemaschine\/ps-front-plus\/","title":{"rendered":"PS Front Plus"},"content":{"rendered":"<p><span data-sheets-root=\"1\"><strong>F\u00fcr die perfekte Kombination! <\/strong>Einzigartige Front-Folienleger, empfohlen f\u00fcr das Ausbringen von Mulchfolie, auch biologisch abbaubar, das Schlauch sowie zum Pflanzen oder S\u00e4en in einem einzigen Arbeitsgang. Geeignet f\u00fcr Traktoren mit geringer Leistung, die mit einem Fronthubwerk ausgestattet sind. Es wurde entwickelt, um die Bodenverdichtung zu reduzieren und das Gewicht der beiden Maschinen besser auszugleichen. Die PS FRONT bietet eine h\u00f6here Wendigkeit und bessere Sicht, was ein effizienteres Arbeiten erm\u00f6glicht.<br \/>\nKompatibel mit den Pflanzmaschinen WOLF PRO,SMARTWOLF und der S\u00e4maschine SEEDPROe.<br \/>\n<\/span><\/p>\n","protected":false},"excerpt":{"rendered":"<p>F\u00fcr die perfekte Kombination! Einzigartige Front-Folienleger, empfohlen f\u00fcr das Ausbringen von Mulchfolie, auch biologisch abbaubar, das Schlauch sowie zum Pflanzen oder S\u00e4en in einem einzigen Arbeitsgang. Geeignet f\u00fcr Traktoren mit geringer Leistung, die mit einem Fronthubwerk ausgestattet sind. Es wurde entwickelt, um die Bodenverdichtung zu reduzieren und das Gewicht der beiden Maschinen besser auszugleichen. Die&#8230;<\/p>\n","protected":false},"featured_media":9799,"template":"","meta":{"_acf_changed":false,"_gspb_post_css":"","_kad_post_transparent":"default","_kad_post_title":"","_kad_post_layout":"default","_kad_post_sidebar_id":"","_kad_post_content_style":"default","_kad_post_vertical_padding":"default","_kad_post_feature":"","_kad_post_feature_position":"","_kad_post_header":false,"_kad_post_footer":false,"_kad_post_classname":""},"cosa-puoi-piantare":[],"etichette":[],"nr-file":[],"specifiche-tecniche":[1948,1987],"tipo-di-terreno":[],"tipo-di-zolla":[],"tipologie-macchine":[990],"product_brand":[],"product_cat":[1090],"product_tag":[],"class_list":{"0":"post-6779","1":"product","2":"type-product","3":"status-publish","4":"has-post-thumbnail","6":"specifiche-tecniche-kompatibel-mit-biologisch-abbaubaren-folien","7":"specifiche-tecniche-frontwalze-inox","8":"tipologie-macchine-folienlegemaschine","9":"product_cat-folienleger-und-beetformer","11":"first","12":"instock","13":"virtual","14":"product-type-simple","15":"entry","16":"content-bg","17":"loop-entry"},"acf":[],"yoast_head":"<!-- This site is optimized with the Yoast SEO plugin v27.2 - https:\/\/yoast.com\/product\/yoast-seo-wordpress\/ -->\n<title>Folienleger PS Front Plus - Checchi &amp; Magli<\/title>\n<meta name=\"description\" content=\"Folienleger PS Front Plus: Mulcher mit Frontwalze. Ideal zum Verdichten des Bodens, Verteilen des Schlauchs und des Mulchmaterials in einem Arbeitsgang.\" \/>\n<meta name=\"robots\" content=\"index, follow, max-snippet:-1, max-image-preview:large, max-video-preview:-1\" \/>\n<link rel=\"canonical\" href=\"https:\/\/www.checchiemagli.com\/de\/folienlegemaschine\/ps-front-plus\/\" \/>\n<meta property=\"og:locale\" content=\"de_DE\" \/>\n<meta property=\"og:type\" content=\"article\" \/>\n<meta property=\"og:title\" content=\"Folienleger PS Front Plus - Checchi &amp; Magli\" \/>\n<meta property=\"og:description\" content=\"Folienleger PS Front Plus: Mulcher mit Frontwalze. Ideal zum Verdichten des Bodens, Verteilen des Schlauchs und des Mulchmaterials in einem Arbeitsgang.\" \/>\n<meta property=\"og:url\" content=\"https:\/\/www.checchiemagli.com\/de\/folienlegemaschine\/ps-front-plus\/\" \/>\n<meta property=\"og:site_name\" content=\"Checchi e Magli\" \/>\n<meta property=\"article:publisher\" content=\"https:\/\/www.facebook.com\/checchiemagli\/\" \/>\n<meta property=\"article:modified_time\" content=\"2025-11-28T13:04:54+00:00\" \/>\n<meta property=\"og:image\" content=\"https:\/\/www.checchiemagli.com\/wp-content\/uploads\/2025\/04\/PS-FRONT-PLUS-1000x1000-1.png\" \/>\n\t<meta property=\"og:image:width\" content=\"1000\" \/>\n\t<meta property=\"og:image:height\" content=\"1000\" \/>\n\t<meta property=\"og:image:type\" content=\"image\/png\" \/>\n<meta name=\"twitter:card\" content=\"summary_large_image\" \/>\n<meta name=\"twitter:site\" content=\"@checchiemagli\" \/>\n<meta name=\"twitter:label1\" content=\"Gesch\u00e4tzte Lesezeit\" \/>\n\t<meta name=\"twitter:data1\" content=\"1\u00a0Minute\" \/>\n<!-- \/ Yoast SEO plugin. -->","yoast_head_json":{"title":"Folienleger PS Front Plus - Checchi & Magli","description":"Folienleger PS Front Plus: Mulcher mit Frontwalze. Ideal zum Verdichten des Bodens, Verteilen des Schlauchs und des Mulchmaterials in einem Arbeitsgang.","robots":{"index":"index","follow":"follow","max-snippet":"max-snippet:-1","max-image-preview":"max-image-preview:large","max-video-preview":"max-video-preview:-1"},"canonical":"https:\/\/www.checchiemagli.com\/de\/folienlegemaschine\/ps-front-plus\/","og_locale":"de_DE","og_type":"article","og_title":"Folienleger PS Front Plus - Checchi & Magli","og_description":"Folienleger PS Front Plus: Mulcher mit Frontwalze. Ideal zum Verdichten des Bodens, Verteilen des Schlauchs und des Mulchmaterials in einem Arbeitsgang.","og_url":"https:\/\/www.checchiemagli.com\/de\/folienlegemaschine\/ps-front-plus\/","og_site_name":"Checchi e Magli","article_publisher":"https:\/\/www.facebook.com\/checchiemagli\/","article_modified_time":"2025-11-28T13:04:54+00:00","og_image":[{"width":1000,"height":1000,"url":"https:\/\/www.checchiemagli.com\/wp-content\/uploads\/2025\/04\/PS-FRONT-PLUS-1000x1000-1.png","type":"image\/png"}],"twitter_card":"summary_large_image","twitter_site":"@checchiemagli","twitter_misc":{"Gesch\u00e4tzte Lesezeit":"1\u00a0Minute"},"schema":{"@context":"https:\/\/schema.org","@graph":[{"@type":"WebPage","@id":"https:\/\/www.checchiemagli.com\/de\/folienlegemaschine\/ps-front-plus\/","url":"https:\/\/www.checchiemagli.com\/de\/folienlegemaschine\/ps-front-plus\/","name":"Folienleger PS Front Plus - Checchi & Magli","isPartOf":{"@id":"https:\/\/www.checchiemagli.com\/de\/#website"},"primaryImageOfPage":{"@id":"https:\/\/www.checchiemagli.com\/de\/folienlegemaschine\/ps-front-plus\/#primaryimage"},"image":{"@id":"https:\/\/www.checchiemagli.com\/de\/folienlegemaschine\/ps-front-plus\/#primaryimage"},"thumbnailUrl":"https:\/\/www.checchiemagli.com\/wp-content\/uploads\/2025\/04\/PS-FRONT-PLUS-1000x1000-1.png","datePublished":"2025-04-10T15:10:42+00:00","dateModified":"2025-11-28T13:04:54+00:00","description":"Folienleger PS Front Plus: Mulcher mit Frontwalze. Ideal zum Verdichten des Bodens, Verteilen des Schlauchs und des Mulchmaterials in einem Arbeitsgang.","breadcrumb":{"@id":"https:\/\/www.checchiemagli.com\/de\/folienlegemaschine\/ps-front-plus\/#breadcrumb"},"inLanguage":"de","potentialAction":[{"@type":"ReadAction","target":["https:\/\/www.checchiemagli.com\/de\/folienlegemaschine\/ps-front-plus\/"]}]},{"@type":"ImageObject","inLanguage":"de","@id":"https:\/\/www.checchiemagli.com\/de\/folienlegemaschine\/ps-front-plus\/#primaryimage","url":"https:\/\/www.checchiemagli.com\/wp-content\/uploads\/2025\/04\/PS-FRONT-PLUS-1000x1000-1.png","contentUrl":"https:\/\/www.checchiemagli.com\/wp-content\/uploads\/2025\/04\/PS-FRONT-PLUS-1000x1000-1.png","width":1000,"height":1000},{"@type":"BreadcrumbList","@id":"https:\/\/www.checchiemagli.com\/de\/folienlegemaschine\/ps-front-plus\/#breadcrumb","itemListElement":[{"@type":"ListItem","position":1,"name":"Home","item":"https:\/\/www.checchiemagli.com\/de\/"},{"@type":"ListItem","position":2,"name":"Maschinen","item":"https:\/\/www.checchiemagli.com\/de\/maschinen\/"},{"@type":"ListItem","position":3,"name":"Folienleger und Beetformer","item":"https:\/\/www.checchiemagli.com\/de\/maschinen\/folienleger-und-beetformer\/"},{"@type":"ListItem","position":4,"name":"PS Front Plus"}]},{"@type":"WebSite","@id":"https:\/\/www.checchiemagli.com\/de\/#website","url":"https:\/\/www.checchiemagli.com\/de\/","name":"Checchi&Magli","description":"Produzione e Distribuzione di Macchine Agricole","publisher":{"@id":"https:\/\/www.checchiemagli.com\/de\/#organization"},"potentialAction":[{"@type":"SearchAction","target":{"@type":"EntryPoint","urlTemplate":"https:\/\/www.checchiemagli.com\/de\/?s={search_term_string}"},"query-input":{"@type":"PropertyValueSpecification","valueRequired":true,"valueName":"search_term_string"}}],"inLanguage":"de"},{"@type":"Organization","@id":"https:\/\/www.checchiemagli.com\/de\/#organization","name":"Checchi&Magli","url":"https:\/\/www.checchiemagli.com\/de\/","logo":{"@type":"ImageObject","inLanguage":"de","@id":"https:\/\/www.checchiemagli.com\/de\/#\/schema\/logo\/image\/","url":"https:\/\/www.checchiemagli.com\/wp-content\/uploads\/2025\/03\/logo.png","contentUrl":"https:\/\/www.checchiemagli.com\/wp-content\/uploads\/2025\/03\/logo.png","width":633,"height":149,"caption":"Checchi&Magli"},"image":{"@id":"https:\/\/www.checchiemagli.com\/de\/#\/schema\/logo\/image\/"},"sameAs":["https:\/\/www.facebook.com\/checchiemagli\/","https:\/\/x.com\/checchiemagli","https:\/\/www.youtube.com\/user\/checchiemagli","https:\/\/www.instagram.com\/checchiemagli\/","https:\/\/www.linkedin.com\/company\/checchiemagli\/"]}]}},"_links":{"self":[{"href":"https:\/\/www.checchiemagli.com\/de\/wp-json\/wp\/v2\/product\/6779","targetHints":{"allow":["GET"]}}],"collection":[{"href":"https:\/\/www.checchiemagli.com\/de\/wp-json\/wp\/v2\/product"}],"about":[{"href":"https:\/\/www.checchiemagli.com\/de\/wp-json\/wp\/v2\/types\/product"}],"wp:featuredmedia":[{"embeddable":true,"href":"https:\/\/www.checchiemagli.com\/de\/wp-json\/wp\/v2\/media\/9799"}],"wp:attachment":[{"href":"https:\/\/www.checchiemagli.com\/de\/wp-json\/wp\/v2\/media?parent=6779"}],"wp:term":[{"taxonomy":"cosa-puoi-piantare","embeddable":true,"href":"https:\/\/www.checchiemagli.com\/de\/wp-json\/wp\/v2\/cosa-puoi-piantare?post=6779"},{"taxonomy":"etichette","embeddable":true,"href":"https:\/\/www.checchiemagli.com\/de\/wp-json\/wp\/v2\/etichette?post=6779"},{"taxonomy":"nr-file","embeddable":true,"href":"https:\/\/www.checchiemagli.com\/de\/wp-json\/wp\/v2\/nr-file?post=6779"},{"taxonomy":"specifiche-tecniche","embeddable":true,"href":"https:\/\/www.checchiemagli.com\/de\/wp-json\/wp\/v2\/specifiche-tecniche?post=6779"},{"taxonomy":"tipo-di-terreno","embeddable":true,"href":"https:\/\/www.checchiemagli.com\/de\/wp-json\/wp\/v2\/tipo-di-terreno?post=6779"},{"taxonomy":"tipo-di-zolla","embeddable":true,"href":"https:\/\/www.checchiemagli.com\/de\/wp-json\/wp\/v2\/tipo-di-zolla?post=6779"},{"taxonomy":"tipologie-macchine","embeddable":true,"href":"https:\/\/www.checchiemagli.com\/de\/wp-json\/wp\/v2\/tipologie-macchine?post=6779"},{"taxonomy":"product_brand","embeddable":true,"href":"https:\/\/www.checchiemagli.com\/de\/wp-json\/wp\/v2\/product_brand?post=6779"},{"taxonomy":"product_cat","embeddable":true,"href":"https:\/\/www.checchiemagli.com\/de\/wp-json\/wp\/v2\/product_cat?post=6779"},{"taxonomy":"product_tag","embeddable":true,"href":"https:\/\/www.checchiemagli.com\/de\/wp-json\/wp\/v2\/product_tag?post=6779"}],"curies":[{"name":"wp","href":"https:\/\/api.w.org\/{rel}","templated":true}]}}