{"id":6775,"date":"2025-03-04T12:36:44","date_gmt":"2025-03-04T11:36:44","guid":{"rendered":"https:\/\/www.checchiemagli.com\/prodotto\/ps-star-plus\/"},"modified":"2026-04-08T11:58:38","modified_gmt":"2026-04-08T09:58:38","slug":"ps-star-plus","status":"publish","type":"product","link":"https:\/\/www.checchiemagli.com\/de\/folienlegemaschine-mit-haufelverformung\/ps-star-plus\/","title":{"rendered":"PS Star Plus"},"content":{"rendered":"<p><span data-sheets-root=\"1\"><strong>Dreifachfunktion in einem einzigen Arbeitsgang! <\/strong>Folienleger mit Dammformer, das in einem Schritt das Saatbett formt, das Schlauch auslegt und die Mulchfolie aufbringt, spart Zeit und Arbeitskraft. Ideal f\u00fcr einreihige Verpflanzungen wie K\u00fcrbis, Zucchetti, Melone, Wassermelone. Ausgestattet mit Freilegungscheiben und H\u00e4ufelscheiben. Kompatibel mit biologisch abbaubaren Folien<\/span><\/p>\n","protected":false},"excerpt":{"rendered":"<p>Dreifachfunktion in einem einzigen Arbeitsgang! Folienleger mit Dammformer, das in einem Schritt das Saatbett formt, das Schlauch auslegt und die Mulchfolie aufbringt, spart Zeit und Arbeitskraft. Ideal f\u00fcr einreihige Verpflanzungen wie K\u00fcrbis, Zucchetti, Melone, Wassermelone. Ausgestattet mit Freilegungscheiben und H\u00e4ufelscheiben. Kompatibel mit biologisch abbaubaren Folien<\/p>\n","protected":false},"featured_media":5154,"template":"","meta":{"_acf_changed":false,"_gspb_post_css":"","_kad_post_transparent":"default","_kad_post_title":"","_kad_post_layout":"default","_kad_post_sidebar_id":"","_kad_post_content_style":"default","_kad_post_vertical_padding":"default","_kad_post_feature":"","_kad_post_feature_position":"","_kad_post_header":false,"_kad_post_footer":false,"_kad_post_classname":""},"cosa-puoi-piantare":[548,564,580,552,568,584,540,556,572,588,544,560,576,592,532,520,524,500,484,488,472],"etichette":[],"nr-file":[448,449,450],"specifiche-tecniche":[1995,1948,1951,1952,1953,1954,1990],"tipo-di-terreno":[],"tipo-di-zolla":[],"tipologie-macchine":[1110],"product_brand":[],"product_cat":[1090],"product_tag":[],"class_list":{"0":"post-6775","1":"product","2":"type-product","3":"status-publish","4":"has-post-thumbnail","6":"cosa-puoi-piantare-gurken","7":"cosa-puoi-piantare-suesskartoffeln","8":"cosa-puoi-piantare-sellerie","9":"cosa-puoi-piantare-fenchel","10":"cosa-puoi-piantare-paprika-peperoni","11":"cosa-puoi-piantare-tabak","12":"cosa-puoi-piantare-brokkoli","13":"cosa-puoi-piantare-salate","14":"cosa-puoi-piantare-tomaten","15":"cosa-puoi-piantare-kuerbis","16":"cosa-puoi-piantare-kohl","17":"cosa-puoi-piantare-auberginen","18":"cosa-puoi-piantare-lauch","19":"cosa-puoi-piantare-zucchini-de","20":"cosa-puoi-piantare-melone-de","21":"cosa-puoi-piantare-ananas-de","22":"cosa-puoi-piantare-wassermelone","23":"cosa-puoi-piantare-zwiebeln-de","24":"cosa-puoi-piantare-andere-kraeuter","25":"cosa-puoi-piantare-lavendel","26":"cosa-puoi-piantare-hanf","27":"nr-file-1-de","28":"nr-file-2-de","29":"nr-file-3-de","30":"specifiche-tecniche-hintere-haeufelscheiben","31":"specifiche-tecniche-kompatibel-mit-biologisch-abbaubaren-folien","32":"specifiche-tecniche-beetehoehe-min-10-cm-max-15-cm-4-6","33":"specifiche-tecniche-ps14-star-plus-fuer-folien-bis-zu-140-cm-55","34":"specifiche-tecniche-ps19-star-plus-fuer-folien-bis-zu-190-cm-75","35":"specifiche-tecniche-freilegungsscheiben-und-haeufelscheiben","36":"specifiche-tecniche-geformte-edelstahlwalze-fuer-abgerundete-beete","37":"tipologie-macchine-folienlegemaschine-mit-haufelverformung","38":"product_cat-folienleger-und-beetformer","40":"first","41":"instock","42":"virtual","43":"product-type-simple","44":"entry","45":"content-bg","46":"loop-entry"},"acf":[],"yoast_head":"<!-- This site is optimized with the Yoast SEO plugin v27.2 - https:\/\/yoast.com\/product\/yoast-seo-wordpress\/ -->\n<title>Folienleger PS Star Plus - Checchi &amp; Magli<\/title>\n<meta name=\"description\" content=\"Folienleger PS Star Plus - Mulchger\u00e4t mit Dammformer, legt Tropfschlauch und Mulchfolie aus, auch biologisch abbaubar. Checchi&amp;Magli\" \/>\n<meta name=\"robots\" content=\"index, follow, max-snippet:-1, max-image-preview:large, max-video-preview:-1\" \/>\n<link rel=\"canonical\" href=\"https:\/\/www.checchiemagli.com\/de\/folienlegemaschine-mit-haufelverformung\/ps-star-plus\/\" \/>\n<meta property=\"og:locale\" content=\"de_DE\" \/>\n<meta property=\"og:type\" content=\"article\" \/>\n<meta property=\"og:title\" content=\"Folienleger PS Star Plus - Checchi &amp; Magli\" \/>\n<meta property=\"og:description\" content=\"Folienleger PS Star Plus - Mulchger\u00e4t mit Dammformer, legt Tropfschlauch und Mulchfolie aus, auch biologisch abbaubar. Checchi&amp;Magli\" \/>\n<meta property=\"og:url\" content=\"https:\/\/www.checchiemagli.com\/de\/folienlegemaschine-mit-haufelverformung\/ps-star-plus\/\" \/>\n<meta property=\"og:site_name\" content=\"Checchi e Magli\" \/>\n<meta property=\"article:publisher\" content=\"https:\/\/www.facebook.com\/checchiemagli\/\" \/>\n<meta property=\"article:modified_time\" content=\"2026-04-08T09:58:38+00:00\" \/>\n<meta property=\"og:image\" content=\"https:\/\/www.checchiemagli.com\/wp-content\/uploads\/2025\/04\/PLASTIC-STOP-STAR-PLUS.png\" \/>\n\t<meta property=\"og:image:width\" content=\"768\" \/>\n\t<meta property=\"og:image:height\" content=\"576\" \/>\n\t<meta property=\"og:image:type\" content=\"image\/png\" \/>\n<meta name=\"twitter:card\" content=\"summary_large_image\" \/>\n<meta name=\"twitter:site\" content=\"@checchiemagli\" \/>\n<meta name=\"twitter:label1\" content=\"Gesch\u00e4tzte Lesezeit\" \/>\n\t<meta name=\"twitter:data1\" content=\"1\u00a0Minute\" \/>\n<!-- \/ Yoast SEO plugin. -->","yoast_head_json":{"title":"Folienleger PS Star Plus - Checchi & Magli","description":"Folienleger PS Star Plus - Mulchger\u00e4t mit Dammformer, legt Tropfschlauch und Mulchfolie aus, auch biologisch abbaubar. Checchi&Magli","robots":{"index":"index","follow":"follow","max-snippet":"max-snippet:-1","max-image-preview":"max-image-preview:large","max-video-preview":"max-video-preview:-1"},"canonical":"https:\/\/www.checchiemagli.com\/de\/folienlegemaschine-mit-haufelverformung\/ps-star-plus\/","og_locale":"de_DE","og_type":"article","og_title":"Folienleger PS Star Plus - Checchi & Magli","og_description":"Folienleger PS Star Plus - Mulchger\u00e4t mit Dammformer, legt Tropfschlauch und Mulchfolie aus, auch biologisch abbaubar. Checchi&Magli","og_url":"https:\/\/www.checchiemagli.com\/de\/folienlegemaschine-mit-haufelverformung\/ps-star-plus\/","og_site_name":"Checchi e Magli","article_publisher":"https:\/\/www.facebook.com\/checchiemagli\/","article_modified_time":"2026-04-08T09:58:38+00:00","og_image":[{"width":768,"height":576,"url":"https:\/\/www.checchiemagli.com\/wp-content\/uploads\/2025\/04\/PLASTIC-STOP-STAR-PLUS.png","type":"image\/png"}],"twitter_card":"summary_large_image","twitter_site":"@checchiemagli","twitter_misc":{"Gesch\u00e4tzte Lesezeit":"1\u00a0Minute"},"schema":{"@context":"https:\/\/schema.org","@graph":[{"@type":"WebPage","@id":"https:\/\/www.checchiemagli.com\/de\/folienlegemaschine-mit-haufelverformung\/ps-star-plus\/","url":"https:\/\/www.checchiemagli.com\/de\/folienlegemaschine-mit-haufelverformung\/ps-star-plus\/","name":"Folienleger PS Star Plus - Checchi & Magli","isPartOf":{"@id":"https:\/\/www.checchiemagli.com\/de\/#website"},"primaryImageOfPage":{"@id":"https:\/\/www.checchiemagli.com\/de\/folienlegemaschine-mit-haufelverformung\/ps-star-plus\/#primaryimage"},"image":{"@id":"https:\/\/www.checchiemagli.com\/de\/folienlegemaschine-mit-haufelverformung\/ps-star-plus\/#primaryimage"},"thumbnailUrl":"https:\/\/www.checchiemagli.com\/wp-content\/uploads\/2025\/04\/PLASTIC-STOP-STAR-PLUS.png","datePublished":"2025-03-04T11:36:44+00:00","dateModified":"2026-04-08T09:58:38+00:00","description":"Folienleger PS Star Plus - Mulchger\u00e4t mit Dammformer, legt Tropfschlauch und Mulchfolie aus, auch biologisch abbaubar. Checchi&Magli","breadcrumb":{"@id":"https:\/\/www.checchiemagli.com\/de\/folienlegemaschine-mit-haufelverformung\/ps-star-plus\/#breadcrumb"},"inLanguage":"de","potentialAction":[{"@type":"ReadAction","target":["https:\/\/www.checchiemagli.com\/de\/folienlegemaschine-mit-haufelverformung\/ps-star-plus\/"]}]},{"@type":"ImageObject","inLanguage":"de","@id":"https:\/\/www.checchiemagli.com\/de\/folienlegemaschine-mit-haufelverformung\/ps-star-plus\/#primaryimage","url":"https:\/\/www.checchiemagli.com\/wp-content\/uploads\/2025\/04\/PLASTIC-STOP-STAR-PLUS.png","contentUrl":"https:\/\/www.checchiemagli.com\/wp-content\/uploads\/2025\/04\/PLASTIC-STOP-STAR-PLUS.png","width":768,"height":576},{"@type":"BreadcrumbList","@id":"https:\/\/www.checchiemagli.com\/de\/folienlegemaschine-mit-haufelverformung\/ps-star-plus\/#breadcrumb","itemListElement":[{"@type":"ListItem","position":1,"name":"Home","item":"https:\/\/www.checchiemagli.com\/de\/"},{"@type":"ListItem","position":2,"name":"Maschinen","item":"https:\/\/www.checchiemagli.com\/de\/maschinen\/"},{"@type":"ListItem","position":3,"name":"Folienleger und Beetformer","item":"https:\/\/www.checchiemagli.com\/de\/maschinen\/folienleger-und-beetformer\/"},{"@type":"ListItem","position":4,"name":"PS Star Plus"}]},{"@type":"WebSite","@id":"https:\/\/www.checchiemagli.com\/de\/#website","url":"https:\/\/www.checchiemagli.com\/de\/","name":"Checchi&Magli","description":"Produzione e Distribuzione di Macchine Agricole","publisher":{"@id":"https:\/\/www.checchiemagli.com\/de\/#organization"},"potentialAction":[{"@type":"SearchAction","target":{"@type":"EntryPoint","urlTemplate":"https:\/\/www.checchiemagli.com\/de\/?s={search_term_string}"},"query-input":{"@type":"PropertyValueSpecification","valueRequired":true,"valueName":"search_term_string"}}],"inLanguage":"de"},{"@type":"Organization","@id":"https:\/\/www.checchiemagli.com\/de\/#organization","name":"Checchi&Magli","url":"https:\/\/www.checchiemagli.com\/de\/","logo":{"@type":"ImageObject","inLanguage":"de","@id":"https:\/\/www.checchiemagli.com\/de\/#\/schema\/logo\/image\/","url":"https:\/\/www.checchiemagli.com\/wp-content\/uploads\/2025\/03\/logo.png","contentUrl":"https:\/\/www.checchiemagli.com\/wp-content\/uploads\/2025\/03\/logo.png","width":633,"height":149,"caption":"Checchi&Magli"},"image":{"@id":"https:\/\/www.checchiemagli.com\/de\/#\/schema\/logo\/image\/"},"sameAs":["https:\/\/www.facebook.com\/checchiemagli\/","https:\/\/x.com\/checchiemagli","https:\/\/www.youtube.com\/user\/checchiemagli","https:\/\/www.instagram.com\/checchiemagli\/","https:\/\/www.linkedin.com\/company\/checchiemagli\/"]}]}},"_links":{"self":[{"href":"https:\/\/www.checchiemagli.com\/de\/wp-json\/wp\/v2\/product\/6775","targetHints":{"allow":["GET"]}}],"collection":[{"href":"https:\/\/www.checchiemagli.com\/de\/wp-json\/wp\/v2\/product"}],"about":[{"href":"https:\/\/www.checchiemagli.com\/de\/wp-json\/wp\/v2\/types\/product"}],"wp:featuredmedia":[{"embeddable":true,"href":"https:\/\/www.checchiemagli.com\/de\/wp-json\/wp\/v2\/media\/5154"}],"wp:attachment":[{"href":"https:\/\/www.checchiemagli.com\/de\/wp-json\/wp\/v2\/media?parent=6775"}],"wp:term":[{"taxonomy":"cosa-puoi-piantare","embeddable":true,"href":"https:\/\/www.checchiemagli.com\/de\/wp-json\/wp\/v2\/cosa-puoi-piantare?post=6775"},{"taxonomy":"etichette","embeddable":true,"href":"https:\/\/www.checchiemagli.com\/de\/wp-json\/wp\/v2\/etichette?post=6775"},{"taxonomy":"nr-file","embeddable":true,"href":"https:\/\/www.checchiemagli.com\/de\/wp-json\/wp\/v2\/nr-file?post=6775"},{"taxonomy":"specifiche-tecniche","embeddable":true,"href":"https:\/\/www.checchiemagli.com\/de\/wp-json\/wp\/v2\/specifiche-tecniche?post=6775"},{"taxonomy":"tipo-di-terreno","embeddable":true,"href":"https:\/\/www.checchiemagli.com\/de\/wp-json\/wp\/v2\/tipo-di-terreno?post=6775"},{"taxonomy":"tipo-di-zolla","embeddable":true,"href":"https:\/\/www.checchiemagli.com\/de\/wp-json\/wp\/v2\/tipo-di-zolla?post=6775"},{"taxonomy":"tipologie-macchine","embeddable":true,"href":"https:\/\/www.checchiemagli.com\/de\/wp-json\/wp\/v2\/tipologie-macchine?post=6775"},{"taxonomy":"product_brand","embeddable":true,"href":"https:\/\/www.checchiemagli.com\/de\/wp-json\/wp\/v2\/product_brand?post=6775"},{"taxonomy":"product_cat","embeddable":true,"href":"https:\/\/www.checchiemagli.com\/de\/wp-json\/wp\/v2\/product_cat?post=6775"},{"taxonomy":"product_tag","embeddable":true,"href":"https:\/\/www.checchiemagli.com\/de\/wp-json\/wp\/v2\/product_tag?post=6775"}],"curies":[{"name":"wp","href":"https:\/\/api.w.org\/{rel}","templated":true}]}}