{"id":6767,"date":"2025-03-04T12:36:44","date_gmt":"2025-03-04T11:36:44","guid":{"rendered":"https:\/\/www.checchiemagli.com\/prodotto\/sp100\/"},"modified":"2025-06-16T12:19:25","modified_gmt":"2025-06-16T10:19:25","slug":"sp100","status":"publish","type":"product","link":"https:\/\/www.checchiemagli.com\/de\/maschine-fur-kartoffeln\/sp100\/","title":{"rendered":"SP100"},"content":{"rendered":"<p><span data-sheets-root=\"1\"><strong>Kompromisslose Zuverl\u00e4ssigkeit!<\/strong> Einreihiger Kartoffelroder mit zwei Schwingsieben und seitlicher Entladung, auch f\u00fcr schwierige und stark geneigte B\u00f6den geeignet. Verf\u00fcgbar mit zentral oder seitlich 3-Punkt-Kraftheber. Ungef\u00e4hre Produktion bis zu 1,5 ha (4 ac)\/Tag.<\/span><\/p>\n","protected":false},"excerpt":{"rendered":"<p>Kompromisslose Zuverl\u00e4ssigkeit! Einreihiger Kartoffelroder mit zwei Schwingsieben und seitlicher Entladung, auch f\u00fcr schwierige und stark geneigte B\u00f6den geeignet. Verf\u00fcgbar mit zentral oder seitlich 3-Punkt-Kraftheber. Ungef\u00e4hre Produktion bis zu 1,5 ha (4 ac)\/Tag.<\/p>\n","protected":false},"featured_media":3406,"template":"","meta":{"_acf_changed":false,"_gspb_post_css":"","_kad_post_transparent":"default","_kad_post_title":"","_kad_post_layout":"default","_kad_post_sidebar_id":"","_kad_post_content_style":"default","_kad_post_vertical_padding":"default","_kad_post_feature":"","_kad_post_feature_position":"","_kad_post_header":false,"_kad_post_footer":false,"_kad_post_classname":""},"cosa-puoi-piantare":[500,504,496,512],"etichette":[],"nr-file":[448],"specifiche-tecniche":[1971,1972,1967,1968],"tipo-di-terreno":[428],"tipo-di-zolla":[],"tipologie-macchine":[1132],"product_brand":[],"product_cat":[1095],"product_tag":[],"class_list":{"0":"post-6767","1":"product","2":"type-product","3":"status-publish","4":"has-post-thumbnail","6":"cosa-puoi-piantare-zwiebeln-de","7":"cosa-puoi-piantare-kartoffeln","8":"cosa-puoi-piantare-knoblauch","9":"cosa-puoi-piantare-safran-de","10":"nr-file-1-de","11":"specifiche-tecniche-scheibenabstand-58-cm-23","12":"specifiche-tecniche-standard-spurweite-120-150-cm-47-59","13":"specifiche-tecniche-zentraler-dreipunktanbau-fuer-kleine-traktoren","14":"specifiche-tecniche-seitliche-dreipunktanbau-fuer-traktoren","15":"tipo-di-terreno-nackter-boden","16":"tipologie-macchine-kartoffelroder","17":"product_cat-kartoffeln-und-zwiebel","19":"first","20":"instock","21":"virtual","22":"product-type-simple","23":"entry","24":"content-bg","25":"loop-entry"},"acf":[],"yoast_head":"<!-- This site is optimized with the Yoast SEO plugin v27.2 - https:\/\/yoast.com\/product\/yoast-seo-wordpress\/ -->\n<title>Kartoffelroder SP100 - Checchi &amp; Magli<\/title>\n<meta name=\"description\" content=\"Kartoffelroder SP100: Zum Roden von Kartoffeln oder anderen Knollenfr\u00fcchten in allen Bodenarten, auch bei starkem Gef\u00e4lle. Modell mit seitlichem Auswurf\" \/>\n<meta name=\"robots\" content=\"index, follow, max-snippet:-1, max-image-preview:large, max-video-preview:-1\" \/>\n<link rel=\"canonical\" href=\"https:\/\/www.checchiemagli.com\/de\/maschine-fur-kartoffeln\/sp100\/\" \/>\n<meta property=\"og:locale\" content=\"de_DE\" \/>\n<meta property=\"og:type\" content=\"article\" \/>\n<meta property=\"og:title\" content=\"Kartoffelroder SP100 - Checchi &amp; Magli\" \/>\n<meta property=\"og:description\" content=\"Kartoffelroder SP100: Zum Roden von Kartoffeln oder anderen Knollenfr\u00fcchten in allen Bodenarten, auch bei starkem Gef\u00e4lle. Modell mit seitlichem Auswurf\" \/>\n<meta property=\"og:url\" content=\"https:\/\/www.checchiemagli.com\/de\/maschine-fur-kartoffeln\/sp100\/\" \/>\n<meta property=\"og:site_name\" content=\"Checchi e Magli\" \/>\n<meta property=\"article:publisher\" content=\"https:\/\/www.facebook.com\/checchiemagli\/\" \/>\n<meta property=\"article:modified_time\" content=\"2025-06-16T10:19:25+00:00\" \/>\n<meta property=\"og:image\" content=\"https:\/\/www.checchiemagli.com\/wp-content\/uploads\/2025\/03\/SP100-TRATTORE_front.png\" \/>\n\t<meta property=\"og:image:width\" content=\"768\" \/>\n\t<meta property=\"og:image:height\" content=\"576\" \/>\n\t<meta property=\"og:image:type\" content=\"image\/png\" \/>\n<meta name=\"twitter:card\" content=\"summary_large_image\" \/>\n<meta name=\"twitter:site\" content=\"@checchiemagli\" \/>\n<meta name=\"twitter:label1\" content=\"Gesch\u00e4tzte Lesezeit\" \/>\n\t<meta name=\"twitter:data1\" content=\"1\u00a0Minute\" \/>\n<!-- \/ Yoast SEO plugin. -->","yoast_head_json":{"title":"Kartoffelroder SP100 - Checchi & Magli","description":"Kartoffelroder SP100: Zum Roden von Kartoffeln oder anderen Knollenfr\u00fcchten in allen Bodenarten, auch bei starkem Gef\u00e4lle. Modell mit seitlichem Auswurf","robots":{"index":"index","follow":"follow","max-snippet":"max-snippet:-1","max-image-preview":"max-image-preview:large","max-video-preview":"max-video-preview:-1"},"canonical":"https:\/\/www.checchiemagli.com\/de\/maschine-fur-kartoffeln\/sp100\/","og_locale":"de_DE","og_type":"article","og_title":"Kartoffelroder SP100 - Checchi & Magli","og_description":"Kartoffelroder SP100: Zum Roden von Kartoffeln oder anderen Knollenfr\u00fcchten in allen Bodenarten, auch bei starkem Gef\u00e4lle. Modell mit seitlichem Auswurf","og_url":"https:\/\/www.checchiemagli.com\/de\/maschine-fur-kartoffeln\/sp100\/","og_site_name":"Checchi e Magli","article_publisher":"https:\/\/www.facebook.com\/checchiemagli\/","article_modified_time":"2025-06-16T10:19:25+00:00","og_image":[{"width":768,"height":576,"url":"https:\/\/www.checchiemagli.com\/wp-content\/uploads\/2025\/03\/SP100-TRATTORE_front.png","type":"image\/png"}],"twitter_card":"summary_large_image","twitter_site":"@checchiemagli","twitter_misc":{"Gesch\u00e4tzte Lesezeit":"1\u00a0Minute"},"schema":{"@context":"https:\/\/schema.org","@graph":[{"@type":"WebPage","@id":"https:\/\/www.checchiemagli.com\/de\/maschine-fur-kartoffeln\/sp100\/","url":"https:\/\/www.checchiemagli.com\/de\/maschine-fur-kartoffeln\/sp100\/","name":"Kartoffelroder SP100 - Checchi & Magli","isPartOf":{"@id":"https:\/\/www.checchiemagli.com\/de\/#website"},"primaryImageOfPage":{"@id":"https:\/\/www.checchiemagli.com\/de\/maschine-fur-kartoffeln\/sp100\/#primaryimage"},"image":{"@id":"https:\/\/www.checchiemagli.com\/de\/maschine-fur-kartoffeln\/sp100\/#primaryimage"},"thumbnailUrl":"https:\/\/www.checchiemagli.com\/wp-content\/uploads\/2025\/03\/SP100-TRATTORE_front.png","datePublished":"2025-03-04T11:36:44+00:00","dateModified":"2025-06-16T10:19:25+00:00","description":"Kartoffelroder SP100: Zum Roden von Kartoffeln oder anderen Knollenfr\u00fcchten in allen Bodenarten, auch bei starkem Gef\u00e4lle. Modell mit seitlichem Auswurf","breadcrumb":{"@id":"https:\/\/www.checchiemagli.com\/de\/maschine-fur-kartoffeln\/sp100\/#breadcrumb"},"inLanguage":"de","potentialAction":[{"@type":"ReadAction","target":["https:\/\/www.checchiemagli.com\/de\/maschine-fur-kartoffeln\/sp100\/"]}]},{"@type":"ImageObject","inLanguage":"de","@id":"https:\/\/www.checchiemagli.com\/de\/maschine-fur-kartoffeln\/sp100\/#primaryimage","url":"https:\/\/www.checchiemagli.com\/wp-content\/uploads\/2025\/03\/SP100-TRATTORE_front.png","contentUrl":"https:\/\/www.checchiemagli.com\/wp-content\/uploads\/2025\/03\/SP100-TRATTORE_front.png","width":768,"height":576},{"@type":"BreadcrumbList","@id":"https:\/\/www.checchiemagli.com\/de\/maschine-fur-kartoffeln\/sp100\/#breadcrumb","itemListElement":[{"@type":"ListItem","position":1,"name":"Home","item":"https:\/\/www.checchiemagli.com\/de\/"},{"@type":"ListItem","position":2,"name":"Maschinen","item":"https:\/\/www.checchiemagli.com\/de\/maschinen\/"},{"@type":"ListItem","position":3,"name":"Kartoffeln und Zwiebel","item":"https:\/\/www.checchiemagli.com\/de\/maschinen\/kartoffeln-und-zwiebel\/"},{"@type":"ListItem","position":4,"name":"SP100"}]},{"@type":"WebSite","@id":"https:\/\/www.checchiemagli.com\/de\/#website","url":"https:\/\/www.checchiemagli.com\/de\/","name":"Checchi&Magli","description":"Produzione e Distribuzione di Macchine Agricole","publisher":{"@id":"https:\/\/www.checchiemagli.com\/de\/#organization"},"potentialAction":[{"@type":"SearchAction","target":{"@type":"EntryPoint","urlTemplate":"https:\/\/www.checchiemagli.com\/de\/?s={search_term_string}"},"query-input":{"@type":"PropertyValueSpecification","valueRequired":true,"valueName":"search_term_string"}}],"inLanguage":"de"},{"@type":"Organization","@id":"https:\/\/www.checchiemagli.com\/de\/#organization","name":"Checchi&Magli","url":"https:\/\/www.checchiemagli.com\/de\/","logo":{"@type":"ImageObject","inLanguage":"de","@id":"https:\/\/www.checchiemagli.com\/de\/#\/schema\/logo\/image\/","url":"https:\/\/www.checchiemagli.com\/wp-content\/uploads\/2025\/03\/logo.png","contentUrl":"https:\/\/www.checchiemagli.com\/wp-content\/uploads\/2025\/03\/logo.png","width":633,"height":149,"caption":"Checchi&Magli"},"image":{"@id":"https:\/\/www.checchiemagli.com\/de\/#\/schema\/logo\/image\/"},"sameAs":["https:\/\/www.facebook.com\/checchiemagli\/","https:\/\/x.com\/checchiemagli","https:\/\/www.youtube.com\/user\/checchiemagli","https:\/\/www.instagram.com\/checchiemagli\/","https:\/\/www.linkedin.com\/company\/checchiemagli\/"]}]}},"_links":{"self":[{"href":"https:\/\/www.checchiemagli.com\/de\/wp-json\/wp\/v2\/product\/6767","targetHints":{"allow":["GET"]}}],"collection":[{"href":"https:\/\/www.checchiemagli.com\/de\/wp-json\/wp\/v2\/product"}],"about":[{"href":"https:\/\/www.checchiemagli.com\/de\/wp-json\/wp\/v2\/types\/product"}],"wp:featuredmedia":[{"embeddable":true,"href":"https:\/\/www.checchiemagli.com\/de\/wp-json\/wp\/v2\/media\/3406"}],"wp:attachment":[{"href":"https:\/\/www.checchiemagli.com\/de\/wp-json\/wp\/v2\/media?parent=6767"}],"wp:term":[{"taxonomy":"cosa-puoi-piantare","embeddable":true,"href":"https:\/\/www.checchiemagli.com\/de\/wp-json\/wp\/v2\/cosa-puoi-piantare?post=6767"},{"taxonomy":"etichette","embeddable":true,"href":"https:\/\/www.checchiemagli.com\/de\/wp-json\/wp\/v2\/etichette?post=6767"},{"taxonomy":"nr-file","embeddable":true,"href":"https:\/\/www.checchiemagli.com\/de\/wp-json\/wp\/v2\/nr-file?post=6767"},{"taxonomy":"specifiche-tecniche","embeddable":true,"href":"https:\/\/www.checchiemagli.com\/de\/wp-json\/wp\/v2\/specifiche-tecniche?post=6767"},{"taxonomy":"tipo-di-terreno","embeddable":true,"href":"https:\/\/www.checchiemagli.com\/de\/wp-json\/wp\/v2\/tipo-di-terreno?post=6767"},{"taxonomy":"tipo-di-zolla","embeddable":true,"href":"https:\/\/www.checchiemagli.com\/de\/wp-json\/wp\/v2\/tipo-di-zolla?post=6767"},{"taxonomy":"tipologie-macchine","embeddable":true,"href":"https:\/\/www.checchiemagli.com\/de\/wp-json\/wp\/v2\/tipologie-macchine?post=6767"},{"taxonomy":"product_brand","embeddable":true,"href":"https:\/\/www.checchiemagli.com\/de\/wp-json\/wp\/v2\/product_brand?post=6767"},{"taxonomy":"product_cat","embeddable":true,"href":"https:\/\/www.checchiemagli.com\/de\/wp-json\/wp\/v2\/product_cat?post=6767"},{"taxonomy":"product_tag","embeddable":true,"href":"https:\/\/www.checchiemagli.com\/de\/wp-json\/wp\/v2\/product_tag?post=6767"}],"curies":[{"name":"wp","href":"https:\/\/api.w.org\/{rel}","templated":true}]}}