{"id":6758,"date":"2025-03-04T12:36:44","date_gmt":"2025-03-04T11:36:44","guid":{"rendered":"https:\/\/www.checchiemagli.com\/prodotto\/vr76\/"},"modified":"2025-06-16T12:16:46","modified_gmt":"2025-06-16T10:16:46","slug":"vr76","status":"publish","type":"product","link":"https:\/\/www.checchiemagli.com\/de\/maschine-fur-kartoffeln\/vr76\/","title":{"rendered":"VR76"},"content":{"rendered":"<p><span data-sheets-root=\"1\"><strong>Nach der Aussaat und vor der Ernte!<\/strong> H\u00e4ufler mit Scheiben ideal f\u00fcr Kartoffeln, Arbeitsgeschwindigkeit bis zu 10 km\/h (6 mph). Kann auch zum J\u00e4ten von Reihenkulturen (Lauch, Mais, Tabak, Sellerie, R\u00fcben und Baumwolle) verwendet werden. Ausf\u00fchrung mit Scharen f\u00fcr sandige B\u00f6den und Hinterbettformer auf Anfrage lieferbar.<\/span><\/p>\n","protected":false},"excerpt":{"rendered":"<p>Nach der Aussaat und vor der Ernte! H\u00e4ufler mit Scheiben ideal f\u00fcr Kartoffeln, Arbeitsgeschwindigkeit bis zu 10 km\/h (6 mph). Kann auch zum J\u00e4ten von Reihenkulturen (Lauch, Mais, Tabak, Sellerie, R\u00fcben und Baumwolle) verwendet werden. Ausf\u00fchrung mit Scharen f\u00fcr sandige B\u00f6den und Hinterbettformer auf Anfrage lieferbar.<\/p>\n","protected":false},"featured_media":3336,"template":"","meta":{"_acf_changed":false,"_gspb_post_css":"","_kad_post_transparent":"default","_kad_post_title":"","_kad_post_layout":"default","_kad_post_sidebar_id":"","_kad_post_content_style":"default","_kad_post_vertical_padding":"default","_kad_post_feature":"","_kad_post_feature_position":"","_kad_post_header":false,"_kad_post_footer":false,"_kad_post_classname":""},"cosa-puoi-piantare":[580,584,576,500,504,496,2391,2402,2397],"etichette":[],"nr-file":[448,449,450,451,452],"specifiche-tecniche":[1965,1966,1963,1964],"tipo-di-terreno":[428],"tipo-di-zolla":[],"tipologie-macchine":[1128],"product_brand":[],"product_cat":[1095],"product_tag":[],"class_list":{"0":"post-6758","1":"product","2":"type-product","3":"status-publish","4":"has-post-thumbnail","6":"cosa-puoi-piantare-sellerie","7":"cosa-puoi-piantare-tabak","8":"cosa-puoi-piantare-lauch","9":"cosa-puoi-piantare-zwiebeln-de","10":"cosa-puoi-piantare-kartoffeln","11":"cosa-puoi-piantare-knoblauch","12":"cosa-puoi-piantare-mais-de","13":"cosa-puoi-piantare-rueben","14":"cosa-puoi-piantare-baumwolle","15":"nr-file-1-de","16":"nr-file-2-de","17":"nr-file-3-de","18":"nr-file-4-de","19":"nr-file-5-de","20":"specifiche-tecniche-3-vibrierende-federn-pro-einheit","21":"specifiche-tecniche-parallelogramm-mit-tiefenkontrollrad","22":"specifiche-tecniche-reihenabstand-fuer-scheibenversion-min-60-cm-max-90-cm-24-35","23":"specifiche-tecniche-reihenabstand-fuer-scharversion-min-45-cm-max-90-cm-18-35","24":"tipo-di-terreno-nackter-boden","25":"tipologie-macchine-vibriende-haeufelmaschine","26":"product_cat-kartoffeln-und-zwiebel","28":"first","29":"instock","30":"virtual","31":"product-type-simple","32":"entry","33":"content-bg","34":"loop-entry"},"acf":[],"yoast_head":"<!-- This site is optimized with the Yoast SEO plugin v27.2 - https:\/\/yoast.com\/product\/yoast-seo-wordpress\/ -->\n<title>Vibriende haeufelmaschine VR76 - Checchi &amp; Magli<\/title>\n<meta name=\"description\" content=\"Vibriende haeufelmaschine VR76: Die H\u00e4ufelphase bei Kartoffeln erfolgt zeitlich nach der Aussaat und vor der Ernte. Qualit\u00e4t f\u00fcr den Gem\u00fcsebau Checchi&amp;Magli\" \/>\n<meta name=\"robots\" content=\"index, follow, max-snippet:-1, max-image-preview:large, max-video-preview:-1\" \/>\n<link rel=\"canonical\" href=\"https:\/\/www.checchiemagli.com\/de\/maschine-fur-kartoffeln\/vr76\/\" \/>\n<meta property=\"og:locale\" content=\"de_DE\" \/>\n<meta property=\"og:type\" content=\"article\" \/>\n<meta property=\"og:title\" content=\"Vibriende haeufelmaschine VR76 - Checchi &amp; Magli\" \/>\n<meta property=\"og:description\" content=\"Vibriende haeufelmaschine VR76: Die H\u00e4ufelphase bei Kartoffeln erfolgt zeitlich nach der Aussaat und vor der Ernte. Qualit\u00e4t f\u00fcr den Gem\u00fcsebau Checchi&amp;Magli\" \/>\n<meta property=\"og:url\" content=\"https:\/\/www.checchiemagli.com\/de\/maschine-fur-kartoffeln\/vr76\/\" \/>\n<meta property=\"og:site_name\" content=\"Checchi e Magli\" \/>\n<meta property=\"article:publisher\" content=\"https:\/\/www.facebook.com\/checchiemagli\/\" \/>\n<meta property=\"article:modified_time\" content=\"2025-06-16T10:16:46+00:00\" \/>\n<meta property=\"og:image\" content=\"https:\/\/www.checchiemagli.com\/wp-content\/uploads\/2025\/03\/VR76.png\" \/>\n\t<meta property=\"og:image:width\" content=\"800\" \/>\n\t<meta property=\"og:image:height\" content=\"600\" \/>\n\t<meta property=\"og:image:type\" content=\"image\/png\" \/>\n<meta name=\"twitter:card\" content=\"summary_large_image\" \/>\n<meta name=\"twitter:site\" content=\"@checchiemagli\" \/>\n<meta name=\"twitter:label1\" content=\"Gesch\u00e4tzte Lesezeit\" \/>\n\t<meta name=\"twitter:data1\" content=\"1\u00a0Minute\" \/>\n<!-- \/ Yoast SEO plugin. -->","yoast_head_json":{"title":"Vibriende haeufelmaschine VR76 - Checchi & Magli","description":"Vibriende haeufelmaschine VR76: Die H\u00e4ufelphase bei Kartoffeln erfolgt zeitlich nach der Aussaat und vor der Ernte. Qualit\u00e4t f\u00fcr den Gem\u00fcsebau Checchi&Magli","robots":{"index":"index","follow":"follow","max-snippet":"max-snippet:-1","max-image-preview":"max-image-preview:large","max-video-preview":"max-video-preview:-1"},"canonical":"https:\/\/www.checchiemagli.com\/de\/maschine-fur-kartoffeln\/vr76\/","og_locale":"de_DE","og_type":"article","og_title":"Vibriende haeufelmaschine VR76 - Checchi & Magli","og_description":"Vibriende haeufelmaschine VR76: Die H\u00e4ufelphase bei Kartoffeln erfolgt zeitlich nach der Aussaat und vor der Ernte. Qualit\u00e4t f\u00fcr den Gem\u00fcsebau Checchi&Magli","og_url":"https:\/\/www.checchiemagli.com\/de\/maschine-fur-kartoffeln\/vr76\/","og_site_name":"Checchi e Magli","article_publisher":"https:\/\/www.facebook.com\/checchiemagli\/","article_modified_time":"2025-06-16T10:16:46+00:00","og_image":[{"width":800,"height":600,"url":"https:\/\/www.checchiemagli.com\/wp-content\/uploads\/2025\/03\/VR76.png","type":"image\/png"}],"twitter_card":"summary_large_image","twitter_site":"@checchiemagli","twitter_misc":{"Gesch\u00e4tzte Lesezeit":"1\u00a0Minute"},"schema":{"@context":"https:\/\/schema.org","@graph":[{"@type":"WebPage","@id":"https:\/\/www.checchiemagli.com\/de\/maschine-fur-kartoffeln\/vr76\/","url":"https:\/\/www.checchiemagli.com\/de\/maschine-fur-kartoffeln\/vr76\/","name":"Vibriende haeufelmaschine VR76 - Checchi & Magli","isPartOf":{"@id":"https:\/\/www.checchiemagli.com\/de\/#website"},"primaryImageOfPage":{"@id":"https:\/\/www.checchiemagli.com\/de\/maschine-fur-kartoffeln\/vr76\/#primaryimage"},"image":{"@id":"https:\/\/www.checchiemagli.com\/de\/maschine-fur-kartoffeln\/vr76\/#primaryimage"},"thumbnailUrl":"https:\/\/www.checchiemagli.com\/wp-content\/uploads\/2025\/03\/VR76.png","datePublished":"2025-03-04T11:36:44+00:00","dateModified":"2025-06-16T10:16:46+00:00","description":"Vibriende haeufelmaschine VR76: Die H\u00e4ufelphase bei Kartoffeln erfolgt zeitlich nach der Aussaat und vor der Ernte. Qualit\u00e4t f\u00fcr den Gem\u00fcsebau Checchi&Magli","breadcrumb":{"@id":"https:\/\/www.checchiemagli.com\/de\/maschine-fur-kartoffeln\/vr76\/#breadcrumb"},"inLanguage":"de","potentialAction":[{"@type":"ReadAction","target":["https:\/\/www.checchiemagli.com\/de\/maschine-fur-kartoffeln\/vr76\/"]}]},{"@type":"ImageObject","inLanguage":"de","@id":"https:\/\/www.checchiemagli.com\/de\/maschine-fur-kartoffeln\/vr76\/#primaryimage","url":"https:\/\/www.checchiemagli.com\/wp-content\/uploads\/2025\/03\/VR76.png","contentUrl":"https:\/\/www.checchiemagli.com\/wp-content\/uploads\/2025\/03\/VR76.png","width":800,"height":600},{"@type":"BreadcrumbList","@id":"https:\/\/www.checchiemagli.com\/de\/maschine-fur-kartoffeln\/vr76\/#breadcrumb","itemListElement":[{"@type":"ListItem","position":1,"name":"Home","item":"https:\/\/www.checchiemagli.com\/de\/"},{"@type":"ListItem","position":2,"name":"Maschinen","item":"https:\/\/www.checchiemagli.com\/de\/maschinen\/"},{"@type":"ListItem","position":3,"name":"Kartoffeln und Zwiebel","item":"https:\/\/www.checchiemagli.com\/de\/maschinen\/kartoffeln-und-zwiebel\/"},{"@type":"ListItem","position":4,"name":"VR76"}]},{"@type":"WebSite","@id":"https:\/\/www.checchiemagli.com\/de\/#website","url":"https:\/\/www.checchiemagli.com\/de\/","name":"Checchi&Magli","description":"Produzione e Distribuzione di Macchine Agricole","publisher":{"@id":"https:\/\/www.checchiemagli.com\/de\/#organization"},"potentialAction":[{"@type":"SearchAction","target":{"@type":"EntryPoint","urlTemplate":"https:\/\/www.checchiemagli.com\/de\/?s={search_term_string}"},"query-input":{"@type":"PropertyValueSpecification","valueRequired":true,"valueName":"search_term_string"}}],"inLanguage":"de"},{"@type":"Organization","@id":"https:\/\/www.checchiemagli.com\/de\/#organization","name":"Checchi&Magli","url":"https:\/\/www.checchiemagli.com\/de\/","logo":{"@type":"ImageObject","inLanguage":"de","@id":"https:\/\/www.checchiemagli.com\/de\/#\/schema\/logo\/image\/","url":"https:\/\/www.checchiemagli.com\/wp-content\/uploads\/2025\/03\/logo.png","contentUrl":"https:\/\/www.checchiemagli.com\/wp-content\/uploads\/2025\/03\/logo.png","width":633,"height":149,"caption":"Checchi&Magli"},"image":{"@id":"https:\/\/www.checchiemagli.com\/de\/#\/schema\/logo\/image\/"},"sameAs":["https:\/\/www.facebook.com\/checchiemagli\/","https:\/\/x.com\/checchiemagli","https:\/\/www.youtube.com\/user\/checchiemagli","https:\/\/www.instagram.com\/checchiemagli\/","https:\/\/www.linkedin.com\/company\/checchiemagli\/"]}]}},"_links":{"self":[{"href":"https:\/\/www.checchiemagli.com\/de\/wp-json\/wp\/v2\/product\/6758","targetHints":{"allow":["GET"]}}],"collection":[{"href":"https:\/\/www.checchiemagli.com\/de\/wp-json\/wp\/v2\/product"}],"about":[{"href":"https:\/\/www.checchiemagli.com\/de\/wp-json\/wp\/v2\/types\/product"}],"wp:featuredmedia":[{"embeddable":true,"href":"https:\/\/www.checchiemagli.com\/de\/wp-json\/wp\/v2\/media\/3336"}],"wp:attachment":[{"href":"https:\/\/www.checchiemagli.com\/de\/wp-json\/wp\/v2\/media?parent=6758"}],"wp:term":[{"taxonomy":"cosa-puoi-piantare","embeddable":true,"href":"https:\/\/www.checchiemagli.com\/de\/wp-json\/wp\/v2\/cosa-puoi-piantare?post=6758"},{"taxonomy":"etichette","embeddable":true,"href":"https:\/\/www.checchiemagli.com\/de\/wp-json\/wp\/v2\/etichette?post=6758"},{"taxonomy":"nr-file","embeddable":true,"href":"https:\/\/www.checchiemagli.com\/de\/wp-json\/wp\/v2\/nr-file?post=6758"},{"taxonomy":"specifiche-tecniche","embeddable":true,"href":"https:\/\/www.checchiemagli.com\/de\/wp-json\/wp\/v2\/specifiche-tecniche?post=6758"},{"taxonomy":"tipo-di-terreno","embeddable":true,"href":"https:\/\/www.checchiemagli.com\/de\/wp-json\/wp\/v2\/tipo-di-terreno?post=6758"},{"taxonomy":"tipo-di-zolla","embeddable":true,"href":"https:\/\/www.checchiemagli.com\/de\/wp-json\/wp\/v2\/tipo-di-zolla?post=6758"},{"taxonomy":"tipologie-macchine","embeddable":true,"href":"https:\/\/www.checchiemagli.com\/de\/wp-json\/wp\/v2\/tipologie-macchine?post=6758"},{"taxonomy":"product_brand","embeddable":true,"href":"https:\/\/www.checchiemagli.com\/de\/wp-json\/wp\/v2\/product_brand?post=6758"},{"taxonomy":"product_cat","embeddable":true,"href":"https:\/\/www.checchiemagli.com\/de\/wp-json\/wp\/v2\/product_cat?post=6758"},{"taxonomy":"product_tag","embeddable":true,"href":"https:\/\/www.checchiemagli.com\/de\/wp-json\/wp\/v2\/product_tag?post=6758"}],"curies":[{"name":"wp","href":"https:\/\/api.w.org\/{rel}","templated":true}]}}