{"id":6754,"date":"2025-03-04T12:36:44","date_gmt":"2025-03-04T11:36:44","guid":{"rendered":"https:\/\/www.checchiemagli.com\/prodotto\/f300l\/"},"modified":"2025-10-29T09:50:13","modified_gmt":"2025-10-29T08:50:13","slug":"f300l","status":"publish","type":"product","link":"https:\/\/www.checchiemagli.com\/de\/maschine-fur-kartoffeln\/f300l\/","title":{"rendered":"F300L"},"content":{"rendered":"<p><span data-sheets-root=\"1\"><strong>Zwischen Geschichte und Qualit\u00e4t!<\/strong> Halbautomatische Kartoffelpflanzmaschine mit kontinuierlich rotierendem Verteiler mit Alveolen, ideal f\u00fcr ganze oder geschnittene Knollen, ungef\u00e4hre Produktion von 0,6 ha (1,5 ac)\/Tag pro Bediener. Abstand zwischen den Reihen einstellbar ab mindestens 50 cm\/20&#8243;. Auch f\u00fcr Knoblauch, Zwiebeln, Safran und Tulpenzwiebeln geeignet.<\/span><\/p>\n","protected":false},"excerpt":{"rendered":"<p>Zwischen Geschichte und Qualit\u00e4t! Halbautomatische Kartoffelpflanzmaschine mit kontinuierlich rotierendem Verteiler mit Alveolen, ideal f\u00fcr ganze oder geschnittene Knollen, ungef\u00e4hre Produktion von 0,6 ha (1,5 ac)\/Tag pro Bediener. Abstand zwischen den Reihen einstellbar ab mindestens 50 cm\/20&#8243;. Auch f\u00fcr Knoblauch, Zwiebeln, Safran und Tulpenzwiebeln geeignet.<\/p>\n","protected":false},"featured_media":3291,"template":"","meta":{"_acf_changed":false,"_gspb_post_css":"","_kad_post_transparent":"default","_kad_post_title":"","_kad_post_layout":"default","_kad_post_sidebar_id":"","_kad_post_content_style":"default","_kad_post_vertical_padding":"default","_kad_post_feature":"","_kad_post_feature_position":"","_kad_post_header":false,"_kad_post_footer":false,"_kad_post_classname":""},"cosa-puoi-piantare":[500,504,508,496,512],"etichette":[2429],"nr-file":[448,449,450,451],"specifiche-tecniche":[1960,1961,1962,1997],"tipo-di-terreno":[428],"tipo-di-zolla":[],"tipologie-macchine":[1124],"product_brand":[],"product_cat":[1095],"product_tag":[],"class_list":{"0":"post-6754","1":"product","2":"type-product","3":"status-publish","4":"has-post-thumbnail","6":"cosa-puoi-piantare-zwiebeln-de","7":"cosa-puoi-piantare-kartoffeln","8":"cosa-puoi-piantare-tulpen","9":"cosa-puoi-piantare-knoblauch","10":"cosa-puoi-piantare-safran-de","11":"etichette-iconic","12":"nr-file-1-de","13":"nr-file-2-de","14":"nr-file-3-de","15":"nr-file-4-de","16":"specifiche-tecniche-pflanzenbstand-min-3-cm-max-38-cm-1-15","17":"specifiche-tecniche-stuetzraeder","18":"specifiche-tecniche-verstellbare-abdeckscheiben","19":"specifiche-tecniche-reihenabstand-min-50-cm-20","20":"tipo-di-terreno-nackter-boden","21":"tipologie-macchine-kartoffelsetzmaschine","22":"product_cat-kartoffeln-und-zwiebel","24":"first","25":"instock","26":"virtual","27":"product-type-simple","28":"entry","29":"content-bg","30":"loop-entry"},"acf":[],"yoast_head":"<!-- This site is optimized with the Yoast SEO plugin v27.2 - https:\/\/yoast.com\/product\/yoast-seo-wordpress\/ -->\n<title>Kartoffelsetzmaschine F300L - Checchi &amp; Magli<\/title>\n<meta name=\"description\" content=\"Kartoffellegemaschine F300L: Zum Legen von Kartoffeln und anderen Knollen oder Zwiebeln. Geeignet f\u00fcr Traktoren und Traktoren mit einer universellen Dreipunktanh\u00e4ngung.\" \/>\n<meta name=\"robots\" content=\"index, follow, max-snippet:-1, max-image-preview:large, max-video-preview:-1\" \/>\n<link rel=\"canonical\" href=\"https:\/\/www.checchiemagli.com\/de\/maschine-fur-kartoffeln\/f300l\/\" \/>\n<meta property=\"og:locale\" content=\"de_DE\" \/>\n<meta property=\"og:type\" content=\"article\" \/>\n<meta property=\"og:title\" content=\"Kartoffelsetzmaschine F300L - Checchi &amp; Magli\" \/>\n<meta property=\"og:description\" content=\"Kartoffellegemaschine F300L: Zum Legen von Kartoffeln und anderen Knollen oder Zwiebeln. Geeignet f\u00fcr Traktoren und Traktoren mit einer universellen Dreipunktanh\u00e4ngung.\" \/>\n<meta property=\"og:url\" content=\"https:\/\/www.checchiemagli.com\/de\/maschine-fur-kartoffeln\/f300l\/\" \/>\n<meta property=\"og:site_name\" content=\"Checchi e Magli\" \/>\n<meta property=\"article:publisher\" content=\"https:\/\/www.facebook.com\/checchiemagli\/\" \/>\n<meta property=\"article:modified_time\" content=\"2025-10-29T08:50:13+00:00\" \/>\n<meta property=\"og:image\" content=\"https:\/\/www.checchiemagli.com\/wp-content\/uploads\/2025\/03\/F300L.png\" \/>\n\t<meta property=\"og:image:width\" content=\"768\" \/>\n\t<meta property=\"og:image:height\" content=\"576\" \/>\n\t<meta property=\"og:image:type\" content=\"image\/png\" \/>\n<meta name=\"twitter:card\" content=\"summary_large_image\" \/>\n<meta name=\"twitter:site\" content=\"@checchiemagli\" \/>\n<meta name=\"twitter:label1\" content=\"Gesch\u00e4tzte Lesezeit\" \/>\n\t<meta name=\"twitter:data1\" content=\"1\u00a0Minute\" \/>\n<!-- \/ Yoast SEO plugin. -->","yoast_head_json":{"title":"Kartoffelsetzmaschine F300L - Checchi & Magli","description":"Kartoffellegemaschine F300L: Zum Legen von Kartoffeln und anderen Knollen oder Zwiebeln. Geeignet f\u00fcr Traktoren und Traktoren mit einer universellen Dreipunktanh\u00e4ngung.","robots":{"index":"index","follow":"follow","max-snippet":"max-snippet:-1","max-image-preview":"max-image-preview:large","max-video-preview":"max-video-preview:-1"},"canonical":"https:\/\/www.checchiemagli.com\/de\/maschine-fur-kartoffeln\/f300l\/","og_locale":"de_DE","og_type":"article","og_title":"Kartoffelsetzmaschine F300L - Checchi & Magli","og_description":"Kartoffellegemaschine F300L: Zum Legen von Kartoffeln und anderen Knollen oder Zwiebeln. Geeignet f\u00fcr Traktoren und Traktoren mit einer universellen Dreipunktanh\u00e4ngung.","og_url":"https:\/\/www.checchiemagli.com\/de\/maschine-fur-kartoffeln\/f300l\/","og_site_name":"Checchi e Magli","article_publisher":"https:\/\/www.facebook.com\/checchiemagli\/","article_modified_time":"2025-10-29T08:50:13+00:00","og_image":[{"width":768,"height":576,"url":"https:\/\/www.checchiemagli.com\/wp-content\/uploads\/2025\/03\/F300L.png","type":"image\/png"}],"twitter_card":"summary_large_image","twitter_site":"@checchiemagli","twitter_misc":{"Gesch\u00e4tzte Lesezeit":"1\u00a0Minute"},"schema":{"@context":"https:\/\/schema.org","@graph":[{"@type":"WebPage","@id":"https:\/\/www.checchiemagli.com\/de\/maschine-fur-kartoffeln\/f300l\/","url":"https:\/\/www.checchiemagli.com\/de\/maschine-fur-kartoffeln\/f300l\/","name":"Kartoffelsetzmaschine F300L - Checchi & Magli","isPartOf":{"@id":"https:\/\/www.checchiemagli.com\/de\/#website"},"primaryImageOfPage":{"@id":"https:\/\/www.checchiemagli.com\/de\/maschine-fur-kartoffeln\/f300l\/#primaryimage"},"image":{"@id":"https:\/\/www.checchiemagli.com\/de\/maschine-fur-kartoffeln\/f300l\/#primaryimage"},"thumbnailUrl":"https:\/\/www.checchiemagli.com\/wp-content\/uploads\/2025\/03\/F300L.png","datePublished":"2025-03-04T11:36:44+00:00","dateModified":"2025-10-29T08:50:13+00:00","description":"Kartoffellegemaschine F300L: Zum Legen von Kartoffeln und anderen Knollen oder Zwiebeln. Geeignet f\u00fcr Traktoren und Traktoren mit einer universellen Dreipunktanh\u00e4ngung.","breadcrumb":{"@id":"https:\/\/www.checchiemagli.com\/de\/maschine-fur-kartoffeln\/f300l\/#breadcrumb"},"inLanguage":"de","potentialAction":[{"@type":"ReadAction","target":["https:\/\/www.checchiemagli.com\/de\/maschine-fur-kartoffeln\/f300l\/"]}]},{"@type":"ImageObject","inLanguage":"de","@id":"https:\/\/www.checchiemagli.com\/de\/maschine-fur-kartoffeln\/f300l\/#primaryimage","url":"https:\/\/www.checchiemagli.com\/wp-content\/uploads\/2025\/03\/F300L.png","contentUrl":"https:\/\/www.checchiemagli.com\/wp-content\/uploads\/2025\/03\/F300L.png","width":768,"height":576},{"@type":"BreadcrumbList","@id":"https:\/\/www.checchiemagli.com\/de\/maschine-fur-kartoffeln\/f300l\/#breadcrumb","itemListElement":[{"@type":"ListItem","position":1,"name":"Home","item":"https:\/\/www.checchiemagli.com\/de\/"},{"@type":"ListItem","position":2,"name":"Maschinen","item":"https:\/\/www.checchiemagli.com\/de\/maschinen\/"},{"@type":"ListItem","position":3,"name":"Kartoffeln und Zwiebel","item":"https:\/\/www.checchiemagli.com\/de\/maschinen\/kartoffeln-und-zwiebel\/"},{"@type":"ListItem","position":4,"name":"F300L"}]},{"@type":"WebSite","@id":"https:\/\/www.checchiemagli.com\/de\/#website","url":"https:\/\/www.checchiemagli.com\/de\/","name":"Checchi&Magli","description":"Produzione e Distribuzione di Macchine Agricole","publisher":{"@id":"https:\/\/www.checchiemagli.com\/de\/#organization"},"potentialAction":[{"@type":"SearchAction","target":{"@type":"EntryPoint","urlTemplate":"https:\/\/www.checchiemagli.com\/de\/?s={search_term_string}"},"query-input":{"@type":"PropertyValueSpecification","valueRequired":true,"valueName":"search_term_string"}}],"inLanguage":"de"},{"@type":"Organization","@id":"https:\/\/www.checchiemagli.com\/de\/#organization","name":"Checchi&Magli","url":"https:\/\/www.checchiemagli.com\/de\/","logo":{"@type":"ImageObject","inLanguage":"de","@id":"https:\/\/www.checchiemagli.com\/de\/#\/schema\/logo\/image\/","url":"https:\/\/www.checchiemagli.com\/wp-content\/uploads\/2025\/03\/logo.png","contentUrl":"https:\/\/www.checchiemagli.com\/wp-content\/uploads\/2025\/03\/logo.png","width":633,"height":149,"caption":"Checchi&Magli"},"image":{"@id":"https:\/\/www.checchiemagli.com\/de\/#\/schema\/logo\/image\/"},"sameAs":["https:\/\/www.facebook.com\/checchiemagli\/","https:\/\/x.com\/checchiemagli","https:\/\/www.youtube.com\/user\/checchiemagli","https:\/\/www.instagram.com\/checchiemagli\/","https:\/\/www.linkedin.com\/company\/checchiemagli\/"]}]}},"_links":{"self":[{"href":"https:\/\/www.checchiemagli.com\/de\/wp-json\/wp\/v2\/product\/6754","targetHints":{"allow":["GET"]}}],"collection":[{"href":"https:\/\/www.checchiemagli.com\/de\/wp-json\/wp\/v2\/product"}],"about":[{"href":"https:\/\/www.checchiemagli.com\/de\/wp-json\/wp\/v2\/types\/product"}],"wp:featuredmedia":[{"embeddable":true,"href":"https:\/\/www.checchiemagli.com\/de\/wp-json\/wp\/v2\/media\/3291"}],"wp:attachment":[{"href":"https:\/\/www.checchiemagli.com\/de\/wp-json\/wp\/v2\/media?parent=6754"}],"wp:term":[{"taxonomy":"cosa-puoi-piantare","embeddable":true,"href":"https:\/\/www.checchiemagli.com\/de\/wp-json\/wp\/v2\/cosa-puoi-piantare?post=6754"},{"taxonomy":"etichette","embeddable":true,"href":"https:\/\/www.checchiemagli.com\/de\/wp-json\/wp\/v2\/etichette?post=6754"},{"taxonomy":"nr-file","embeddable":true,"href":"https:\/\/www.checchiemagli.com\/de\/wp-json\/wp\/v2\/nr-file?post=6754"},{"taxonomy":"specifiche-tecniche","embeddable":true,"href":"https:\/\/www.checchiemagli.com\/de\/wp-json\/wp\/v2\/specifiche-tecniche?post=6754"},{"taxonomy":"tipo-di-terreno","embeddable":true,"href":"https:\/\/www.checchiemagli.com\/de\/wp-json\/wp\/v2\/tipo-di-terreno?post=6754"},{"taxonomy":"tipo-di-zolla","embeddable":true,"href":"https:\/\/www.checchiemagli.com\/de\/wp-json\/wp\/v2\/tipo-di-zolla?post=6754"},{"taxonomy":"tipologie-macchine","embeddable":true,"href":"https:\/\/www.checchiemagli.com\/de\/wp-json\/wp\/v2\/tipologie-macchine?post=6754"},{"taxonomy":"product_brand","embeddable":true,"href":"https:\/\/www.checchiemagli.com\/de\/wp-json\/wp\/v2\/product_brand?post=6754"},{"taxonomy":"product_cat","embeddable":true,"href":"https:\/\/www.checchiemagli.com\/de\/wp-json\/wp\/v2\/product_cat?post=6754"},{"taxonomy":"product_tag","embeddable":true,"href":"https:\/\/www.checchiemagli.com\/de\/wp-json\/wp\/v2\/product_tag?post=6754"}],"curies":[{"name":"wp","href":"https:\/\/api.w.org\/{rel}","templated":true}]}}