{"id":6750,"date":"2025-03-04T12:36:44","date_gmt":"2025-03-04T11:36:44","guid":{"rendered":"https:\/\/www.checchiemagli.com\/prodotto\/al-s14-plus\/"},"modified":"2025-11-07T10:21:43","modified_gmt":"2025-11-07T09:21:43","slug":"al-s14-plus","status":"publish","type":"product","link":"https:\/\/www.checchiemagli.com\/de\/beetformer-folienleger\/al-s14-plus\/","title":{"rendered":"AL-S14 Plus"},"content":{"rendered":"<p><span data-sheets-root=\"1\"><strong>F\u00fcr Erdbeeren und mehr!<\/strong> F\u00fchrt gleichzeitig die Bodenbearbeitung, das Verlegen der Mulchfolie und den Schlauch zur Tropfbew\u00e4sserung durch, spart Zeit und Arbeitskraft. Arbeitsgeschwindigkeit bis zu 4 km\/h (2,5 mph). Folienbreite bis 140 cm\/55&#8243;. Kompatibel mit biologisch abbaubaren Folien. Durch eine einfache<br \/>\nAbtrennung kann man die Maschinen als Beetformer-und Folienleger verwendet werden.<\/span><\/p>\n","protected":false},"excerpt":{"rendered":"<p>F\u00fcr Erdbeeren und mehr! F\u00fchrt gleichzeitig die Bodenbearbeitung, das Verlegen der Mulchfolie und den Schlauch zur Tropfbew\u00e4sserung durch, spart Zeit und Arbeitskraft. Arbeitsgeschwindigkeit bis zu 4 km\/h (2,5 mph). Folienbreite bis 140 cm\/55&#8243;. Kompatibel mit biologisch abbaubaren Folien. Durch eine einfache Abtrennung kann man die Maschinen als Beetformer-und Folienleger verwendet werden.<\/p>\n","protected":false},"featured_media":5185,"template":"","meta":{"_acf_changed":false,"_gspb_post_css":"","_kad_post_transparent":"default","_kad_post_title":"","_kad_post_layout":"default","_kad_post_sidebar_id":"","_kad_post_content_style":"default","_kad_post_vertical_padding":"default","_kad_post_feature":"","_kad_post_feature_position":"","_kad_post_header":false,"_kad_post_footer":false,"_kad_post_classname":""},"cosa-puoi-piantare":[528],"etichette":[2425],"nr-file":[448],"specifiche-tecniche":[1948,1956,1957,1958,1959,1995],"tipo-di-terreno":[],"tipo-di-zolla":[],"tipologie-macchine":[1102],"product_brand":[],"product_cat":[1090],"product_tag":[],"class_list":{"0":"post-6750","1":"product","2":"type-product","3":"status-publish","4":"has-post-thumbnail","6":"cosa-puoi-piantare-erdbeeren","7":"etichette-top-seller","8":"nr-file-1-de","9":"specifiche-tecniche-kompatibel-mit-biologisch-abbaubaren-folien","10":"specifiche-tecniche-beetehoehe-min-10-cm-max-30-cm-4-12","11":"specifiche-tecniche-pflanzbettbreite-min-45-cm-max-90-cm-18-35","12":"specifiche-tecniche-abstand-zwischen-beeten-min-30-cm-12","13":"specifiche-tecniche-foerderschar-nivellierwalze-aus-edelstahl-und-haeufelscheiben","14":"specifiche-tecniche-hintere-haeufelscheiben","15":"tipologie-macchine-beetformer-folienleger","16":"product_cat-folienleger-und-beetformer","18":"first","19":"instock","20":"virtual","21":"product-type-simple","22":"entry","23":"content-bg","24":"loop-entry"},"acf":[],"yoast_head":"<!-- This site is optimized with the Yoast SEO plugin v27.2 - https:\/\/yoast.com\/product\/yoast-seo-wordpress\/ -->\n<title>Beetformer und Folienleger AL-S14 Plus - Checchi &amp; Magli<\/title>\n<meta name=\"description\" content=\"Beetformer und Folienleger AL-S14 PLUS: gleichzeitige Bodenbefestigung und Ablage von Mulchfolie, die ebenfalls biologisch abbaubar ist. Ideal f\u00fcr den Erdbeeranbau.\" \/>\n<meta name=\"robots\" content=\"index, follow, max-snippet:-1, max-image-preview:large, max-video-preview:-1\" \/>\n<link rel=\"canonical\" href=\"https:\/\/www.checchiemagli.com\/de\/beetformer-folienleger\/al-s14-plus\/\" \/>\n<meta property=\"og:locale\" content=\"de_DE\" \/>\n<meta property=\"og:type\" content=\"article\" \/>\n<meta property=\"og:title\" content=\"Beetformer und Folienleger AL-S14 Plus - Checchi &amp; Magli\" \/>\n<meta property=\"og:description\" content=\"Beetformer und Folienleger AL-S14 PLUS: gleichzeitige Bodenbefestigung und Ablage von Mulchfolie, die ebenfalls biologisch abbaubar ist. Ideal f\u00fcr den Erdbeeranbau.\" \/>\n<meta property=\"og:url\" content=\"https:\/\/www.checchiemagli.com\/de\/beetformer-folienleger\/al-s14-plus\/\" \/>\n<meta property=\"og:site_name\" content=\"Checchi e Magli\" \/>\n<meta property=\"article:publisher\" content=\"https:\/\/www.facebook.com\/checchiemagli\/\" \/>\n<meta property=\"article:modified_time\" content=\"2025-11-07T09:21:43+00:00\" \/>\n<meta property=\"og:image\" content=\"https:\/\/www.checchiemagli.com\/wp-content\/uploads\/2025\/03\/AL-S14-PLUS.png\" \/>\n\t<meta property=\"og:image:width\" content=\"768\" \/>\n\t<meta property=\"og:image:height\" content=\"576\" \/>\n\t<meta property=\"og:image:type\" content=\"image\/png\" \/>\n<meta name=\"twitter:card\" content=\"summary_large_image\" \/>\n<meta name=\"twitter:site\" content=\"@checchiemagli\" \/>\n<meta name=\"twitter:label1\" content=\"Gesch\u00e4tzte Lesezeit\" \/>\n\t<meta name=\"twitter:data1\" content=\"1\u00a0Minute\" \/>\n<!-- \/ Yoast SEO plugin. -->","yoast_head_json":{"title":"Beetformer und Folienleger AL-S14 Plus - Checchi & Magli","description":"Beetformer und Folienleger AL-S14 PLUS: gleichzeitige Bodenbefestigung und Ablage von Mulchfolie, die ebenfalls biologisch abbaubar ist. Ideal f\u00fcr den Erdbeeranbau.","robots":{"index":"index","follow":"follow","max-snippet":"max-snippet:-1","max-image-preview":"max-image-preview:large","max-video-preview":"max-video-preview:-1"},"canonical":"https:\/\/www.checchiemagli.com\/de\/beetformer-folienleger\/al-s14-plus\/","og_locale":"de_DE","og_type":"article","og_title":"Beetformer und Folienleger AL-S14 Plus - Checchi & Magli","og_description":"Beetformer und Folienleger AL-S14 PLUS: gleichzeitige Bodenbefestigung und Ablage von Mulchfolie, die ebenfalls biologisch abbaubar ist. Ideal f\u00fcr den Erdbeeranbau.","og_url":"https:\/\/www.checchiemagli.com\/de\/beetformer-folienleger\/al-s14-plus\/","og_site_name":"Checchi e Magli","article_publisher":"https:\/\/www.facebook.com\/checchiemagli\/","article_modified_time":"2025-11-07T09:21:43+00:00","og_image":[{"width":768,"height":576,"url":"https:\/\/www.checchiemagli.com\/wp-content\/uploads\/2025\/03\/AL-S14-PLUS.png","type":"image\/png"}],"twitter_card":"summary_large_image","twitter_site":"@checchiemagli","twitter_misc":{"Gesch\u00e4tzte Lesezeit":"1\u00a0Minute"},"schema":{"@context":"https:\/\/schema.org","@graph":[{"@type":"WebPage","@id":"https:\/\/www.checchiemagli.com\/de\/beetformer-folienleger\/al-s14-plus\/","url":"https:\/\/www.checchiemagli.com\/de\/beetformer-folienleger\/al-s14-plus\/","name":"Beetformer und Folienleger AL-S14 Plus - Checchi & Magli","isPartOf":{"@id":"https:\/\/www.checchiemagli.com\/de\/#website"},"primaryImageOfPage":{"@id":"https:\/\/www.checchiemagli.com\/de\/beetformer-folienleger\/al-s14-plus\/#primaryimage"},"image":{"@id":"https:\/\/www.checchiemagli.com\/de\/beetformer-folienleger\/al-s14-plus\/#primaryimage"},"thumbnailUrl":"https:\/\/www.checchiemagli.com\/wp-content\/uploads\/2025\/03\/AL-S14-PLUS.png","datePublished":"2025-03-04T11:36:44+00:00","dateModified":"2025-11-07T09:21:43+00:00","description":"Beetformer und Folienleger AL-S14 PLUS: gleichzeitige Bodenbefestigung und Ablage von Mulchfolie, die ebenfalls biologisch abbaubar ist. Ideal f\u00fcr den Erdbeeranbau.","breadcrumb":{"@id":"https:\/\/www.checchiemagli.com\/de\/beetformer-folienleger\/al-s14-plus\/#breadcrumb"},"inLanguage":"de","potentialAction":[{"@type":"ReadAction","target":["https:\/\/www.checchiemagli.com\/de\/beetformer-folienleger\/al-s14-plus\/"]}]},{"@type":"ImageObject","inLanguage":"de","@id":"https:\/\/www.checchiemagli.com\/de\/beetformer-folienleger\/al-s14-plus\/#primaryimage","url":"https:\/\/www.checchiemagli.com\/wp-content\/uploads\/2025\/03\/AL-S14-PLUS.png","contentUrl":"https:\/\/www.checchiemagli.com\/wp-content\/uploads\/2025\/03\/AL-S14-PLUS.png","width":768,"height":576},{"@type":"BreadcrumbList","@id":"https:\/\/www.checchiemagli.com\/de\/beetformer-folienleger\/al-s14-plus\/#breadcrumb","itemListElement":[{"@type":"ListItem","position":1,"name":"Home","item":"https:\/\/www.checchiemagli.com\/de\/"},{"@type":"ListItem","position":2,"name":"Maschinen","item":"https:\/\/www.checchiemagli.com\/de\/maschinen\/"},{"@type":"ListItem","position":3,"name":"Folienleger und Beetformer","item":"https:\/\/www.checchiemagli.com\/de\/maschinen\/folienleger-und-beetformer\/"},{"@type":"ListItem","position":4,"name":"AL-S14 Plus"}]},{"@type":"WebSite","@id":"https:\/\/www.checchiemagli.com\/de\/#website","url":"https:\/\/www.checchiemagli.com\/de\/","name":"Checchi&Magli","description":"Produzione e Distribuzione di Macchine Agricole","publisher":{"@id":"https:\/\/www.checchiemagli.com\/de\/#organization"},"potentialAction":[{"@type":"SearchAction","target":{"@type":"EntryPoint","urlTemplate":"https:\/\/www.checchiemagli.com\/de\/?s={search_term_string}"},"query-input":{"@type":"PropertyValueSpecification","valueRequired":true,"valueName":"search_term_string"}}],"inLanguage":"de"},{"@type":"Organization","@id":"https:\/\/www.checchiemagli.com\/de\/#organization","name":"Checchi&Magli","url":"https:\/\/www.checchiemagli.com\/de\/","logo":{"@type":"ImageObject","inLanguage":"de","@id":"https:\/\/www.checchiemagli.com\/de\/#\/schema\/logo\/image\/","url":"https:\/\/www.checchiemagli.com\/wp-content\/uploads\/2025\/03\/logo.png","contentUrl":"https:\/\/www.checchiemagli.com\/wp-content\/uploads\/2025\/03\/logo.png","width":633,"height":149,"caption":"Checchi&Magli"},"image":{"@id":"https:\/\/www.checchiemagli.com\/de\/#\/schema\/logo\/image\/"},"sameAs":["https:\/\/www.facebook.com\/checchiemagli\/","https:\/\/x.com\/checchiemagli","https:\/\/www.youtube.com\/user\/checchiemagli","https:\/\/www.instagram.com\/checchiemagli\/","https:\/\/www.linkedin.com\/company\/checchiemagli\/"]}]}},"_links":{"self":[{"href":"https:\/\/www.checchiemagli.com\/de\/wp-json\/wp\/v2\/product\/6750","targetHints":{"allow":["GET"]}}],"collection":[{"href":"https:\/\/www.checchiemagli.com\/de\/wp-json\/wp\/v2\/product"}],"about":[{"href":"https:\/\/www.checchiemagli.com\/de\/wp-json\/wp\/v2\/types\/product"}],"wp:featuredmedia":[{"embeddable":true,"href":"https:\/\/www.checchiemagli.com\/de\/wp-json\/wp\/v2\/media\/5185"}],"wp:attachment":[{"href":"https:\/\/www.checchiemagli.com\/de\/wp-json\/wp\/v2\/media?parent=6750"}],"wp:term":[{"taxonomy":"cosa-puoi-piantare","embeddable":true,"href":"https:\/\/www.checchiemagli.com\/de\/wp-json\/wp\/v2\/cosa-puoi-piantare?post=6750"},{"taxonomy":"etichette","embeddable":true,"href":"https:\/\/www.checchiemagli.com\/de\/wp-json\/wp\/v2\/etichette?post=6750"},{"taxonomy":"nr-file","embeddable":true,"href":"https:\/\/www.checchiemagli.com\/de\/wp-json\/wp\/v2\/nr-file?post=6750"},{"taxonomy":"specifiche-tecniche","embeddable":true,"href":"https:\/\/www.checchiemagli.com\/de\/wp-json\/wp\/v2\/specifiche-tecniche?post=6750"},{"taxonomy":"tipo-di-terreno","embeddable":true,"href":"https:\/\/www.checchiemagli.com\/de\/wp-json\/wp\/v2\/tipo-di-terreno?post=6750"},{"taxonomy":"tipo-di-zolla","embeddable":true,"href":"https:\/\/www.checchiemagli.com\/de\/wp-json\/wp\/v2\/tipo-di-zolla?post=6750"},{"taxonomy":"tipologie-macchine","embeddable":true,"href":"https:\/\/www.checchiemagli.com\/de\/wp-json\/wp\/v2\/tipologie-macchine?post=6750"},{"taxonomy":"product_brand","embeddable":true,"href":"https:\/\/www.checchiemagli.com\/de\/wp-json\/wp\/v2\/product_brand?post=6750"},{"taxonomy":"product_cat","embeddable":true,"href":"https:\/\/www.checchiemagli.com\/de\/wp-json\/wp\/v2\/product_cat?post=6750"},{"taxonomy":"product_tag","embeddable":true,"href":"https:\/\/www.checchiemagli.com\/de\/wp-json\/wp\/v2\/product_tag?post=6750"}],"curies":[{"name":"wp","href":"https:\/\/api.w.org\/{rel}","templated":true}]}}