{"id":6742,"date":"2025-04-10T17:06:17","date_gmt":"2025-04-10T15:06:17","guid":{"rendered":"https:\/\/www.checchiemagli.com\/prodotto\/al\/"},"modified":"2025-11-07T10:19:44","modified_gmt":"2025-11-07T09:19:44","slug":"al","status":"publish","type":"product","link":"https:\/\/www.checchiemagli.com\/de\/beetformer\/al\/","title":{"rendered":"AL"},"content":{"rendered":"<p><span data-sheets-root=\"1\"><strong>Beetformer f\u00fcr Garten- und Gem\u00fcsebau!<\/strong> Die AL f\u00fchrt die Beetanlegung des Boden mittels F\u00f6rdererscharen und Nivellierwalze mit verstellbarer Tiefe und Breite aus. Kombinierbar mit dem Folielleger S14 PLUS.<\/span><\/p>\n","protected":false},"excerpt":{"rendered":"<p>Beetformer f\u00fcr Garten- und Gem\u00fcsebau! Die AL f\u00fchrt die Beetanlegung des Boden mittels F\u00f6rdererscharen und Nivellierwalze mit verstellbarer Tiefe und Breite aus. Kombinierbar mit dem Folielleger S14 PLUS.<\/p>\n","protected":false},"featured_media":5191,"template":"","meta":{"_acf_changed":false,"_gspb_post_css":"","_kad_post_transparent":"default","_kad_post_title":"","_kad_post_layout":"default","_kad_post_sidebar_id":"","_kad_post_content_style":"default","_kad_post_vertical_padding":"default","_kad_post_feature":"","_kad_post_feature_position":"","_kad_post_header":false,"_kad_post_footer":false,"_kad_post_classname":""},"cosa-puoi-piantare":[],"etichette":[],"nr-file":[],"specifiche-tecniche":[1985,1986],"tipo-di-terreno":[],"tipo-di-zolla":[],"tipologie-macchine":[982],"product_brand":[],"product_cat":[1090],"product_tag":[],"class_list":{"0":"post-6742","1":"product","2":"type-product","3":"status-publish","4":"has-post-thumbnail","6":"specifiche-tecniche-kombinierbar-mit-mulchgeraet-s14-plus","7":"specifiche-tecniche-foerderschar-und-nivellierwalze-aus-edelstahl","8":"tipologie-macchine-beetformer","9":"product_cat-folienleger-und-beetformer","11":"first","12":"instock","13":"virtual","14":"product-type-simple","15":"entry","16":"content-bg","17":"loop-entry"},"acf":[],"yoast_head":"<!-- This site is optimized with the Yoast SEO plugin v27.2 - https:\/\/yoast.com\/product\/yoast-seo-wordpress\/ -->\n<title>Beetformer AL - Checchi &amp; Magli<\/title>\n<meta name=\"description\" content=\"AL-Beetformer: Gleichzeitiges Ablegen von Boden und Mulchfolie, auch biologisch abbaubar. Ideal f\u00fcr die Kultivierung von Erdbeeren.\" \/>\n<meta name=\"robots\" content=\"index, follow, max-snippet:-1, max-image-preview:large, max-video-preview:-1\" \/>\n<link rel=\"canonical\" href=\"https:\/\/www.checchiemagli.com\/de\/beetformer\/al\/\" \/>\n<meta property=\"og:locale\" content=\"de_DE\" \/>\n<meta property=\"og:type\" content=\"article\" \/>\n<meta property=\"og:title\" content=\"Beetformer AL - Checchi &amp; Magli\" \/>\n<meta property=\"og:description\" content=\"AL-Beetformer: Gleichzeitiges Ablegen von Boden und Mulchfolie, auch biologisch abbaubar. Ideal f\u00fcr die Kultivierung von Erdbeeren.\" \/>\n<meta property=\"og:url\" content=\"https:\/\/www.checchiemagli.com\/de\/beetformer\/al\/\" \/>\n<meta property=\"og:site_name\" content=\"Checchi e Magli\" \/>\n<meta property=\"article:publisher\" content=\"https:\/\/www.facebook.com\/checchiemagli\/\" \/>\n<meta property=\"article:modified_time\" content=\"2025-11-07T09:19:44+00:00\" \/>\n<meta property=\"og:image\" content=\"https:\/\/www.checchiemagli.com\/wp-content\/uploads\/2025\/04\/AL_ok.png\" \/>\n\t<meta property=\"og:image:width\" content=\"768\" \/>\n\t<meta property=\"og:image:height\" content=\"576\" \/>\n\t<meta property=\"og:image:type\" content=\"image\/png\" \/>\n<meta name=\"twitter:card\" content=\"summary_large_image\" \/>\n<meta name=\"twitter:site\" content=\"@checchiemagli\" \/>\n<meta name=\"twitter:label1\" content=\"Gesch\u00e4tzte Lesezeit\" \/>\n\t<meta name=\"twitter:data1\" content=\"1\u00a0Minute\" \/>\n<!-- \/ Yoast SEO plugin. -->","yoast_head_json":{"title":"Beetformer AL - Checchi & Magli","description":"AL-Beetformer: Gleichzeitiges Ablegen von Boden und Mulchfolie, auch biologisch abbaubar. Ideal f\u00fcr die Kultivierung von Erdbeeren.","robots":{"index":"index","follow":"follow","max-snippet":"max-snippet:-1","max-image-preview":"max-image-preview:large","max-video-preview":"max-video-preview:-1"},"canonical":"https:\/\/www.checchiemagli.com\/de\/beetformer\/al\/","og_locale":"de_DE","og_type":"article","og_title":"Beetformer AL - Checchi & Magli","og_description":"AL-Beetformer: Gleichzeitiges Ablegen von Boden und Mulchfolie, auch biologisch abbaubar. Ideal f\u00fcr die Kultivierung von Erdbeeren.","og_url":"https:\/\/www.checchiemagli.com\/de\/beetformer\/al\/","og_site_name":"Checchi e Magli","article_publisher":"https:\/\/www.facebook.com\/checchiemagli\/","article_modified_time":"2025-11-07T09:19:44+00:00","og_image":[{"width":768,"height":576,"url":"https:\/\/www.checchiemagli.com\/wp-content\/uploads\/2025\/04\/AL_ok.png","type":"image\/png"}],"twitter_card":"summary_large_image","twitter_site":"@checchiemagli","twitter_misc":{"Gesch\u00e4tzte Lesezeit":"1\u00a0Minute"},"schema":{"@context":"https:\/\/schema.org","@graph":[{"@type":"WebPage","@id":"https:\/\/www.checchiemagli.com\/de\/beetformer\/al\/","url":"https:\/\/www.checchiemagli.com\/de\/beetformer\/al\/","name":"Beetformer AL - Checchi & Magli","isPartOf":{"@id":"https:\/\/www.checchiemagli.com\/de\/#website"},"primaryImageOfPage":{"@id":"https:\/\/www.checchiemagli.com\/de\/beetformer\/al\/#primaryimage"},"image":{"@id":"https:\/\/www.checchiemagli.com\/de\/beetformer\/al\/#primaryimage"},"thumbnailUrl":"https:\/\/www.checchiemagli.com\/wp-content\/uploads\/2025\/04\/AL_ok.png","datePublished":"2025-04-10T15:06:17+00:00","dateModified":"2025-11-07T09:19:44+00:00","description":"AL-Beetformer: Gleichzeitiges Ablegen von Boden und Mulchfolie, auch biologisch abbaubar. Ideal f\u00fcr die Kultivierung von Erdbeeren.","breadcrumb":{"@id":"https:\/\/www.checchiemagli.com\/de\/beetformer\/al\/#breadcrumb"},"inLanguage":"de","potentialAction":[{"@type":"ReadAction","target":["https:\/\/www.checchiemagli.com\/de\/beetformer\/al\/"]}]},{"@type":"ImageObject","inLanguage":"de","@id":"https:\/\/www.checchiemagli.com\/de\/beetformer\/al\/#primaryimage","url":"https:\/\/www.checchiemagli.com\/wp-content\/uploads\/2025\/04\/AL_ok.png","contentUrl":"https:\/\/www.checchiemagli.com\/wp-content\/uploads\/2025\/04\/AL_ok.png","width":768,"height":576},{"@type":"BreadcrumbList","@id":"https:\/\/www.checchiemagli.com\/de\/beetformer\/al\/#breadcrumb","itemListElement":[{"@type":"ListItem","position":1,"name":"Home","item":"https:\/\/www.checchiemagli.com\/de\/"},{"@type":"ListItem","position":2,"name":"Maschinen","item":"https:\/\/www.checchiemagli.com\/de\/maschinen\/"},{"@type":"ListItem","position":3,"name":"Folienleger und Beetformer","item":"https:\/\/www.checchiemagli.com\/de\/maschinen\/folienleger-und-beetformer\/"},{"@type":"ListItem","position":4,"name":"AL"}]},{"@type":"WebSite","@id":"https:\/\/www.checchiemagli.com\/de\/#website","url":"https:\/\/www.checchiemagli.com\/de\/","name":"Checchi&Magli","description":"Produzione e Distribuzione di Macchine Agricole","publisher":{"@id":"https:\/\/www.checchiemagli.com\/de\/#organization"},"potentialAction":[{"@type":"SearchAction","target":{"@type":"EntryPoint","urlTemplate":"https:\/\/www.checchiemagli.com\/de\/?s={search_term_string}"},"query-input":{"@type":"PropertyValueSpecification","valueRequired":true,"valueName":"search_term_string"}}],"inLanguage":"de"},{"@type":"Organization","@id":"https:\/\/www.checchiemagli.com\/de\/#organization","name":"Checchi&Magli","url":"https:\/\/www.checchiemagli.com\/de\/","logo":{"@type":"ImageObject","inLanguage":"de","@id":"https:\/\/www.checchiemagli.com\/de\/#\/schema\/logo\/image\/","url":"https:\/\/www.checchiemagli.com\/wp-content\/uploads\/2025\/03\/logo.png","contentUrl":"https:\/\/www.checchiemagli.com\/wp-content\/uploads\/2025\/03\/logo.png","width":633,"height":149,"caption":"Checchi&Magli"},"image":{"@id":"https:\/\/www.checchiemagli.com\/de\/#\/schema\/logo\/image\/"},"sameAs":["https:\/\/www.facebook.com\/checchiemagli\/","https:\/\/x.com\/checchiemagli","https:\/\/www.youtube.com\/user\/checchiemagli","https:\/\/www.instagram.com\/checchiemagli\/","https:\/\/www.linkedin.com\/company\/checchiemagli\/"]}]}},"_links":{"self":[{"href":"https:\/\/www.checchiemagli.com\/de\/wp-json\/wp\/v2\/product\/6742","targetHints":{"allow":["GET"]}}],"collection":[{"href":"https:\/\/www.checchiemagli.com\/de\/wp-json\/wp\/v2\/product"}],"about":[{"href":"https:\/\/www.checchiemagli.com\/de\/wp-json\/wp\/v2\/types\/product"}],"wp:featuredmedia":[{"embeddable":true,"href":"https:\/\/www.checchiemagli.com\/de\/wp-json\/wp\/v2\/media\/5191"}],"wp:attachment":[{"href":"https:\/\/www.checchiemagli.com\/de\/wp-json\/wp\/v2\/media?parent=6742"}],"wp:term":[{"taxonomy":"cosa-puoi-piantare","embeddable":true,"href":"https:\/\/www.checchiemagli.com\/de\/wp-json\/wp\/v2\/cosa-puoi-piantare?post=6742"},{"taxonomy":"etichette","embeddable":true,"href":"https:\/\/www.checchiemagli.com\/de\/wp-json\/wp\/v2\/etichette?post=6742"},{"taxonomy":"nr-file","embeddable":true,"href":"https:\/\/www.checchiemagli.com\/de\/wp-json\/wp\/v2\/nr-file?post=6742"},{"taxonomy":"specifiche-tecniche","embeddable":true,"href":"https:\/\/www.checchiemagli.com\/de\/wp-json\/wp\/v2\/specifiche-tecniche?post=6742"},{"taxonomy":"tipo-di-terreno","embeddable":true,"href":"https:\/\/www.checchiemagli.com\/de\/wp-json\/wp\/v2\/tipo-di-terreno?post=6742"},{"taxonomy":"tipo-di-zolla","embeddable":true,"href":"https:\/\/www.checchiemagli.com\/de\/wp-json\/wp\/v2\/tipo-di-zolla?post=6742"},{"taxonomy":"tipologie-macchine","embeddable":true,"href":"https:\/\/www.checchiemagli.com\/de\/wp-json\/wp\/v2\/tipologie-macchine?post=6742"},{"taxonomy":"product_brand","embeddable":true,"href":"https:\/\/www.checchiemagli.com\/de\/wp-json\/wp\/v2\/product_brand?post=6742"},{"taxonomy":"product_cat","embeddable":true,"href":"https:\/\/www.checchiemagli.com\/de\/wp-json\/wp\/v2\/product_cat?post=6742"},{"taxonomy":"product_tag","embeddable":true,"href":"https:\/\/www.checchiemagli.com\/de\/wp-json\/wp\/v2\/product_tag?post=6742"}],"curies":[{"name":"wp","href":"https:\/\/api.w.org\/{rel}","templated":true}]}}