{"id":6734,"date":"2025-03-04T12:36:39","date_gmt":"2025-03-04T11:36:39","guid":{"rendered":"https:\/\/www.checchiemagli.com\/prodotto\/ps-plus-vomeri\/"},"modified":"2025-06-17T10:15:07","modified_gmt":"2025-06-17T08:15:07","slug":"ps-plus-vomeri","status":"publish","type":"product","link":"https:\/\/www.checchiemagli.com\/de\/folienlegemaschine\/ps-plus-scharen\/","title":{"rendered":"PS Plus &#8211; Scharen"},"content":{"rendered":"<p><span data-sheets-root=\"1\"><strong>Essentiell mit Professionalit\u00e4t!<\/strong> Folienleger mit St\u00fctzr\u00e4dern und ohne Frontwalze. Ideal f\u00fcr die Verdichtung des Bodens vor dem Auflegen von Mulchfolien. Konfigurierbar auch mit Freilegung-und H\u00e4ufelscheiben. Kompatibel mit biologisch abbaubaren Folie.<\/span><\/p>\n","protected":false},"excerpt":{"rendered":"<p>Essentiell mit Professionalit\u00e4t! Folienleger mit St\u00fctzr\u00e4dern und ohne Frontwalze. Ideal f\u00fcr die Verdichtung des Bodens vor dem Auflegen von Mulchfolien. Konfigurierbar auch mit Freilegung-und H\u00e4ufelscheiben. Kompatibel mit biologisch abbaubaren Folie.<\/p>\n","protected":false},"featured_media":5149,"template":"","meta":{"_acf_changed":false,"_gspb_post_css":"","_kad_post_transparent":"default","_kad_post_title":"","_kad_post_layout":"default","_kad_post_sidebar_id":"","_kad_post_content_style":"default","_kad_post_vertical_padding":"default","_kad_post_feature":"","_kad_post_feature_position":"","_kad_post_header":false,"_kad_post_footer":false,"_kad_post_classname":""},"cosa-puoi-piantare":[548,564,580,552,568,584,540,556,572,588,544,560,576,592,532,520,524,500,484,488,472],"etichette":[],"nr-file":[448,449,450],"specifiche-tecniche":[1946,1947,1948,1989],"tipo-di-terreno":[],"tipo-di-zolla":[],"tipologie-macchine":[990],"product_brand":[],"product_cat":[1090],"product_tag":[],"class_list":{"0":"post-6734","1":"product","2":"type-product","3":"status-publish","4":"has-post-thumbnail","6":"cosa-puoi-piantare-gurken","7":"cosa-puoi-piantare-suesskartoffeln","8":"cosa-puoi-piantare-sellerie","9":"cosa-puoi-piantare-fenchel","10":"cosa-puoi-piantare-paprika-peperoni","11":"cosa-puoi-piantare-tabak","12":"cosa-puoi-piantare-brokkoli","13":"cosa-puoi-piantare-salate","14":"cosa-puoi-piantare-tomaten","15":"cosa-puoi-piantare-kuerbis","16":"cosa-puoi-piantare-kohl","17":"cosa-puoi-piantare-auberginen","18":"cosa-puoi-piantare-lauch","19":"cosa-puoi-piantare-zucchini-de","20":"cosa-puoi-piantare-melone-de","21":"cosa-puoi-piantare-ananas-de","22":"cosa-puoi-piantare-wassermelone","23":"cosa-puoi-piantare-zwiebeln-de","24":"cosa-puoi-piantare-andere-kraeuter","25":"cosa-puoi-piantare-lavendel","26":"cosa-puoi-piantare-hanf","27":"nr-file-1-de","28":"nr-file-2-de","29":"nr-file-3-de","30":"specifiche-tecniche-ps14-plus-fuer-folien-bis-zu-140-cm-55","31":"specifiche-tecniche-ps19-plus-fuer-folien-bis-zu-190-cm-75","32":"specifiche-tecniche-kompatibel-mit-biologisch-abbaubaren-folien","33":"specifiche-tecniche-version-mit-freilegungsscheiben-und-haeufelscheiben-verfuegbar","34":"tipologie-macchine-folienlegemaschine","35":"product_cat-folienleger-und-beetformer","37":"first","38":"instock","39":"virtual","40":"product-type-simple","41":"entry","42":"content-bg","43":"loop-entry"},"acf":[],"yoast_head":"<!-- This site is optimized with the Yoast SEO plugin v27.2 - https:\/\/yoast.com\/product\/yoast-seo-wordpress\/ -->\n<title>Folienleger PS Plus - Vomeri - Checchi &amp; Magli<\/title>\n<meta name=\"description\" content=\"PS Plus Folienleger: Ideal f\u00fcr die Verdichtung vor dem Auslegen der Mulchschicht. Kompatibel mit biologisch abbaubaren Folien.\" \/>\n<meta name=\"robots\" content=\"index, follow, max-snippet:-1, max-image-preview:large, max-video-preview:-1\" \/>\n<link rel=\"canonical\" href=\"https:\/\/www.checchiemagli.com\/de\/folienlegemaschine\/ps-plus-scharen\/\" \/>\n<meta property=\"og:locale\" content=\"de_DE\" \/>\n<meta property=\"og:type\" content=\"article\" \/>\n<meta property=\"og:title\" content=\"Folienleger PS Plus - Vomeri - Checchi &amp; Magli\" \/>\n<meta property=\"og:description\" content=\"PS Plus Folienleger: Ideal f\u00fcr die Verdichtung vor dem Auslegen der Mulchschicht. Kompatibel mit biologisch abbaubaren Folien.\" \/>\n<meta property=\"og:url\" content=\"https:\/\/www.checchiemagli.com\/de\/folienlegemaschine\/ps-plus-scharen\/\" \/>\n<meta property=\"og:site_name\" content=\"Checchi e Magli\" \/>\n<meta property=\"article:publisher\" content=\"https:\/\/www.facebook.com\/checchiemagli\/\" \/>\n<meta property=\"article:modified_time\" content=\"2025-06-17T08:15:07+00:00\" \/>\n<meta property=\"og:image\" content=\"https:\/\/www.checchiemagli.com\/wp-content\/uploads\/2025\/04\/PLASTIC-STOP-W-PLUS-VOMERI.png\" \/>\n\t<meta property=\"og:image:width\" content=\"768\" \/>\n\t<meta property=\"og:image:height\" content=\"576\" \/>\n\t<meta property=\"og:image:type\" content=\"image\/png\" \/>\n<meta name=\"twitter:card\" content=\"summary_large_image\" \/>\n<meta name=\"twitter:site\" content=\"@checchiemagli\" \/>\n<meta name=\"twitter:label1\" content=\"Gesch\u00e4tzte Lesezeit\" \/>\n\t<meta name=\"twitter:data1\" content=\"1\u00a0Minute\" \/>\n<!-- \/ Yoast SEO plugin. -->","yoast_head_json":{"title":"Folienleger PS Plus - Vomeri - Checchi & Magli","description":"PS Plus Folienleger: Ideal f\u00fcr die Verdichtung vor dem Auslegen der Mulchschicht. Kompatibel mit biologisch abbaubaren Folien.","robots":{"index":"index","follow":"follow","max-snippet":"max-snippet:-1","max-image-preview":"max-image-preview:large","max-video-preview":"max-video-preview:-1"},"canonical":"https:\/\/www.checchiemagli.com\/de\/folienlegemaschine\/ps-plus-scharen\/","og_locale":"de_DE","og_type":"article","og_title":"Folienleger PS Plus - Vomeri - Checchi & Magli","og_description":"PS Plus Folienleger: Ideal f\u00fcr die Verdichtung vor dem Auslegen der Mulchschicht. Kompatibel mit biologisch abbaubaren Folien.","og_url":"https:\/\/www.checchiemagli.com\/de\/folienlegemaschine\/ps-plus-scharen\/","og_site_name":"Checchi e Magli","article_publisher":"https:\/\/www.facebook.com\/checchiemagli\/","article_modified_time":"2025-06-17T08:15:07+00:00","og_image":[{"width":768,"height":576,"url":"https:\/\/www.checchiemagli.com\/wp-content\/uploads\/2025\/04\/PLASTIC-STOP-W-PLUS-VOMERI.png","type":"image\/png"}],"twitter_card":"summary_large_image","twitter_site":"@checchiemagli","twitter_misc":{"Gesch\u00e4tzte Lesezeit":"1\u00a0Minute"},"schema":{"@context":"https:\/\/schema.org","@graph":[{"@type":"WebPage","@id":"https:\/\/www.checchiemagli.com\/de\/folienlegemaschine\/ps-plus-scharen\/","url":"https:\/\/www.checchiemagli.com\/de\/folienlegemaschine\/ps-plus-scharen\/","name":"Folienleger PS Plus - Vomeri - Checchi & Magli","isPartOf":{"@id":"https:\/\/www.checchiemagli.com\/de\/#website"},"primaryImageOfPage":{"@id":"https:\/\/www.checchiemagli.com\/de\/folienlegemaschine\/ps-plus-scharen\/#primaryimage"},"image":{"@id":"https:\/\/www.checchiemagli.com\/de\/folienlegemaschine\/ps-plus-scharen\/#primaryimage"},"thumbnailUrl":"https:\/\/www.checchiemagli.com\/wp-content\/uploads\/2025\/04\/PLASTIC-STOP-W-PLUS-VOMERI.png","datePublished":"2025-03-04T11:36:39+00:00","dateModified":"2025-06-17T08:15:07+00:00","description":"PS Plus Folienleger: Ideal f\u00fcr die Verdichtung vor dem Auslegen der Mulchschicht. Kompatibel mit biologisch abbaubaren Folien.","breadcrumb":{"@id":"https:\/\/www.checchiemagli.com\/de\/folienlegemaschine\/ps-plus-scharen\/#breadcrumb"},"inLanguage":"de","potentialAction":[{"@type":"ReadAction","target":["https:\/\/www.checchiemagli.com\/de\/folienlegemaschine\/ps-plus-scharen\/"]}]},{"@type":"ImageObject","inLanguage":"de","@id":"https:\/\/www.checchiemagli.com\/de\/folienlegemaschine\/ps-plus-scharen\/#primaryimage","url":"https:\/\/www.checchiemagli.com\/wp-content\/uploads\/2025\/04\/PLASTIC-STOP-W-PLUS-VOMERI.png","contentUrl":"https:\/\/www.checchiemagli.com\/wp-content\/uploads\/2025\/04\/PLASTIC-STOP-W-PLUS-VOMERI.png","width":768,"height":576},{"@type":"BreadcrumbList","@id":"https:\/\/www.checchiemagli.com\/de\/folienlegemaschine\/ps-plus-scharen\/#breadcrumb","itemListElement":[{"@type":"ListItem","position":1,"name":"Home","item":"https:\/\/www.checchiemagli.com\/de\/"},{"@type":"ListItem","position":2,"name":"Maschinen","item":"https:\/\/www.checchiemagli.com\/de\/maschinen\/"},{"@type":"ListItem","position":3,"name":"Folienleger und Beetformer","item":"https:\/\/www.checchiemagli.com\/de\/maschinen\/folienleger-und-beetformer\/"},{"@type":"ListItem","position":4,"name":"PS Plus &#8211; Scharen"}]},{"@type":"WebSite","@id":"https:\/\/www.checchiemagli.com\/de\/#website","url":"https:\/\/www.checchiemagli.com\/de\/","name":"Checchi&Magli","description":"Produzione e Distribuzione di Macchine Agricole","publisher":{"@id":"https:\/\/www.checchiemagli.com\/de\/#organization"},"potentialAction":[{"@type":"SearchAction","target":{"@type":"EntryPoint","urlTemplate":"https:\/\/www.checchiemagli.com\/de\/?s={search_term_string}"},"query-input":{"@type":"PropertyValueSpecification","valueRequired":true,"valueName":"search_term_string"}}],"inLanguage":"de"},{"@type":"Organization","@id":"https:\/\/www.checchiemagli.com\/de\/#organization","name":"Checchi&Magli","url":"https:\/\/www.checchiemagli.com\/de\/","logo":{"@type":"ImageObject","inLanguage":"de","@id":"https:\/\/www.checchiemagli.com\/de\/#\/schema\/logo\/image\/","url":"https:\/\/www.checchiemagli.com\/wp-content\/uploads\/2025\/03\/logo.png","contentUrl":"https:\/\/www.checchiemagli.com\/wp-content\/uploads\/2025\/03\/logo.png","width":633,"height":149,"caption":"Checchi&Magli"},"image":{"@id":"https:\/\/www.checchiemagli.com\/de\/#\/schema\/logo\/image\/"},"sameAs":["https:\/\/www.facebook.com\/checchiemagli\/","https:\/\/x.com\/checchiemagli","https:\/\/www.youtube.com\/user\/checchiemagli","https:\/\/www.instagram.com\/checchiemagli\/","https:\/\/www.linkedin.com\/company\/checchiemagli\/"]}]}},"_links":{"self":[{"href":"https:\/\/www.checchiemagli.com\/de\/wp-json\/wp\/v2\/product\/6734","targetHints":{"allow":["GET"]}}],"collection":[{"href":"https:\/\/www.checchiemagli.com\/de\/wp-json\/wp\/v2\/product"}],"about":[{"href":"https:\/\/www.checchiemagli.com\/de\/wp-json\/wp\/v2\/types\/product"}],"wp:featuredmedia":[{"embeddable":true,"href":"https:\/\/www.checchiemagli.com\/de\/wp-json\/wp\/v2\/media\/5149"}],"wp:attachment":[{"href":"https:\/\/www.checchiemagli.com\/de\/wp-json\/wp\/v2\/media?parent=6734"}],"wp:term":[{"taxonomy":"cosa-puoi-piantare","embeddable":true,"href":"https:\/\/www.checchiemagli.com\/de\/wp-json\/wp\/v2\/cosa-puoi-piantare?post=6734"},{"taxonomy":"etichette","embeddable":true,"href":"https:\/\/www.checchiemagli.com\/de\/wp-json\/wp\/v2\/etichette?post=6734"},{"taxonomy":"nr-file","embeddable":true,"href":"https:\/\/www.checchiemagli.com\/de\/wp-json\/wp\/v2\/nr-file?post=6734"},{"taxonomy":"specifiche-tecniche","embeddable":true,"href":"https:\/\/www.checchiemagli.com\/de\/wp-json\/wp\/v2\/specifiche-tecniche?post=6734"},{"taxonomy":"tipo-di-terreno","embeddable":true,"href":"https:\/\/www.checchiemagli.com\/de\/wp-json\/wp\/v2\/tipo-di-terreno?post=6734"},{"taxonomy":"tipo-di-zolla","embeddable":true,"href":"https:\/\/www.checchiemagli.com\/de\/wp-json\/wp\/v2\/tipo-di-zolla?post=6734"},{"taxonomy":"tipologie-macchine","embeddable":true,"href":"https:\/\/www.checchiemagli.com\/de\/wp-json\/wp\/v2\/tipologie-macchine?post=6734"},{"taxonomy":"product_brand","embeddable":true,"href":"https:\/\/www.checchiemagli.com\/de\/wp-json\/wp\/v2\/product_brand?post=6734"},{"taxonomy":"product_cat","embeddable":true,"href":"https:\/\/www.checchiemagli.com\/de\/wp-json\/wp\/v2\/product_cat?post=6734"},{"taxonomy":"product_tag","embeddable":true,"href":"https:\/\/www.checchiemagli.com\/de\/wp-json\/wp\/v2\/product_tag?post=6734"}],"curies":[{"name":"wp","href":"https:\/\/api.w.org\/{rel}","templated":true}]}}