{"id":6725,"date":"2025-03-04T12:36:44","date_gmt":"2025-03-04T11:36:44","guid":{"rendered":"https:\/\/www.checchiemagli.com\/prodotto\/sp-onion\/"},"modified":"2025-10-02T13:12:15","modified_gmt":"2025-10-02T11:12:15","slug":"sp-onion","status":"publish","type":"product","link":"https:\/\/www.checchiemagli.com\/de\/maschine-fuer-zwiebel\/sp-onion\/","title":{"rendered":"SP onion"},"content":{"rendered":"<p><span data-sheets-root=\"1\"><strong>Zwei Reihen in einem Durchgang!<\/strong> Zweireihiger Band-Zwiebelroder, Maschinenbreite 160 cm\/63&#8243;.<br \/>\nH\u00f6henverstellbare vordere Schnittscheiben \u00fcber Handheber, Doppelspiralf\u00f6rmige Grabwelle zur Wurzelentfernung von Kulturen und Unkraut<br \/>\nHintere Flexwalze \u00fcber die gesamte Breite zur Bodenverdichtung.<br \/>\nUngef\u00e4hre Produktion bis zu 4 ha (10 ac)\/Tag.<\/span><\/p>\n","protected":false},"excerpt":{"rendered":"<p>Zwei Reihen in einem Durchgang! Zweireihiger Band-Zwiebelroder, Maschinenbreite 160 cm\/63&#8243;. H\u00f6henverstellbare vordere Schnittscheiben \u00fcber Handheber, Doppelspiralf\u00f6rmige Grabwelle zur Wurzelentfernung von Kulturen und Unkraut Hintere Flexwalze \u00fcber die gesamte Breite zur Bodenverdichtung. Ungef\u00e4hre Produktion bis zu 4 ha (10 ac)\/Tag.<\/p>\n","protected":false},"featured_media":3271,"template":"","meta":{"_acf_changed":false,"_gspb_post_css":"","_kad_post_transparent":"default","_kad_post_title":"","_kad_post_layout":"default","_kad_post_sidebar_id":"","_kad_post_content_style":"default","_kad_post_vertical_padding":"default","_kad_post_feature":"","_kad_post_feature_position":"","_kad_post_header":false,"_kad_post_footer":false,"_kad_post_classname":""},"cosa-puoi-piantare":[500],"etichette":[],"nr-file":[449],"specifiche-tecniche":[1975,1978,1979,1980,1981],"tipo-di-terreno":[428],"tipo-di-zolla":[],"tipologie-macchine":[1136],"product_brand":[],"product_cat":[1095],"product_tag":[],"class_list":{"0":"post-6725","1":"product","2":"type-product","3":"status-publish","4":"has-post-thumbnail","6":"cosa-puoi-piantare-zwiebeln-de","7":"nr-file-2-de","8":"specifiche-tecniche-reinigungssieb-mit-einstellbarem-ruettler","9":"specifiche-tecniche-vordere-schnittscheibe-mit-anti-sinkring","10":"specifiche-tecniche-doppelspiralfoermige-grabbaum-zur-wurzelentfernung-von-kulturen-und-unkraut","11":"specifiche-tecniche-hintere-stuetzraeder-mit-hinterer-flex-walze-zur-bodenverdichtung","12":"specifiche-tecniche-3-arbeitsweise-raeder-walze-nur-walze-oder-nur-raeder","13":"tipo-di-terreno-nackter-boden","14":"tipologie-macchine-zwiebelroder","15":"product_cat-kartoffeln-und-zwiebel","17":"first","18":"instock","19":"virtual","20":"product-type-simple","21":"entry","22":"content-bg","23":"loop-entry"},"acf":[],"yoast_head":"<!-- This site is optimized with the Yoast SEO plugin v27.2 - https:\/\/yoast.com\/product\/yoast-seo-wordpress\/ -->\n<title>Zwiebelroder SP onion - Checchi &amp; Magli<\/title>\n<meta name=\"description\" content=\"Zwiebelroder: Die SP Onion ist f\u00fcr die Ernte aller Zwiebelsorten bestimmt und wurde f\u00fcr den professionellen Einsatz entwickelt.\" \/>\n<meta name=\"robots\" content=\"index, follow, max-snippet:-1, max-image-preview:large, max-video-preview:-1\" \/>\n<link rel=\"canonical\" href=\"https:\/\/www.checchiemagli.com\/de\/maschine-fuer-zwiebel\/sp-onion\/\" \/>\n<meta property=\"og:locale\" content=\"de_DE\" \/>\n<meta property=\"og:type\" content=\"article\" \/>\n<meta property=\"og:title\" content=\"Zwiebelroder SP onion - Checchi &amp; Magli\" \/>\n<meta property=\"og:description\" content=\"Zwiebelroder: Die SP Onion ist f\u00fcr die Ernte aller Zwiebelsorten bestimmt und wurde f\u00fcr den professionellen Einsatz entwickelt.\" \/>\n<meta property=\"og:url\" content=\"https:\/\/www.checchiemagli.com\/de\/maschine-fuer-zwiebel\/sp-onion\/\" \/>\n<meta property=\"og:site_name\" content=\"Checchi e Magli\" \/>\n<meta property=\"article:publisher\" content=\"https:\/\/www.facebook.com\/checchiemagli\/\" \/>\n<meta property=\"article:modified_time\" content=\"2025-10-02T11:12:15+00:00\" \/>\n<meta property=\"og:image\" content=\"https:\/\/www.checchiemagli.com\/wp-content\/uploads\/2025\/03\/SP-ONION-GENERALE-2-1.png\" \/>\n\t<meta property=\"og:image:width\" content=\"800\" \/>\n\t<meta property=\"og:image:height\" content=\"543\" \/>\n\t<meta property=\"og:image:type\" content=\"image\/png\" \/>\n<meta name=\"twitter:card\" content=\"summary_large_image\" \/>\n<meta name=\"twitter:site\" content=\"@checchiemagli\" \/>\n<meta name=\"twitter:label1\" content=\"Gesch\u00e4tzte Lesezeit\" \/>\n\t<meta name=\"twitter:data1\" content=\"1\u00a0Minute\" \/>\n<!-- \/ Yoast SEO plugin. -->","yoast_head_json":{"title":"Zwiebelroder SP onion - Checchi & Magli","description":"Zwiebelroder: Die SP Onion ist f\u00fcr die Ernte aller Zwiebelsorten bestimmt und wurde f\u00fcr den professionellen Einsatz entwickelt.","robots":{"index":"index","follow":"follow","max-snippet":"max-snippet:-1","max-image-preview":"max-image-preview:large","max-video-preview":"max-video-preview:-1"},"canonical":"https:\/\/www.checchiemagli.com\/de\/maschine-fuer-zwiebel\/sp-onion\/","og_locale":"de_DE","og_type":"article","og_title":"Zwiebelroder SP onion - Checchi & Magli","og_description":"Zwiebelroder: Die SP Onion ist f\u00fcr die Ernte aller Zwiebelsorten bestimmt und wurde f\u00fcr den professionellen Einsatz entwickelt.","og_url":"https:\/\/www.checchiemagli.com\/de\/maschine-fuer-zwiebel\/sp-onion\/","og_site_name":"Checchi e Magli","article_publisher":"https:\/\/www.facebook.com\/checchiemagli\/","article_modified_time":"2025-10-02T11:12:15+00:00","og_image":[{"width":800,"height":543,"url":"https:\/\/www.checchiemagli.com\/wp-content\/uploads\/2025\/03\/SP-ONION-GENERALE-2-1.png","type":"image\/png"}],"twitter_card":"summary_large_image","twitter_site":"@checchiemagli","twitter_misc":{"Gesch\u00e4tzte Lesezeit":"1\u00a0Minute"},"schema":{"@context":"https:\/\/schema.org","@graph":[{"@type":"WebPage","@id":"https:\/\/www.checchiemagli.com\/de\/maschine-fuer-zwiebel\/sp-onion\/","url":"https:\/\/www.checchiemagli.com\/de\/maschine-fuer-zwiebel\/sp-onion\/","name":"Zwiebelroder SP onion - Checchi & Magli","isPartOf":{"@id":"https:\/\/www.checchiemagli.com\/de\/#website"},"primaryImageOfPage":{"@id":"https:\/\/www.checchiemagli.com\/de\/maschine-fuer-zwiebel\/sp-onion\/#primaryimage"},"image":{"@id":"https:\/\/www.checchiemagli.com\/de\/maschine-fuer-zwiebel\/sp-onion\/#primaryimage"},"thumbnailUrl":"https:\/\/www.checchiemagli.com\/wp-content\/uploads\/2025\/03\/SP-ONION-GENERALE-2-1.png","datePublished":"2025-03-04T11:36:44+00:00","dateModified":"2025-10-02T11:12:15+00:00","description":"Zwiebelroder: Die SP Onion ist f\u00fcr die Ernte aller Zwiebelsorten bestimmt und wurde f\u00fcr den professionellen Einsatz entwickelt.","breadcrumb":{"@id":"https:\/\/www.checchiemagli.com\/de\/maschine-fuer-zwiebel\/sp-onion\/#breadcrumb"},"inLanguage":"de","potentialAction":[{"@type":"ReadAction","target":["https:\/\/www.checchiemagli.com\/de\/maschine-fuer-zwiebel\/sp-onion\/"]}]},{"@type":"ImageObject","inLanguage":"de","@id":"https:\/\/www.checchiemagli.com\/de\/maschine-fuer-zwiebel\/sp-onion\/#primaryimage","url":"https:\/\/www.checchiemagli.com\/wp-content\/uploads\/2025\/03\/SP-ONION-GENERALE-2-1.png","contentUrl":"https:\/\/www.checchiemagli.com\/wp-content\/uploads\/2025\/03\/SP-ONION-GENERALE-2-1.png","width":800,"height":543},{"@type":"BreadcrumbList","@id":"https:\/\/www.checchiemagli.com\/de\/maschine-fuer-zwiebel\/sp-onion\/#breadcrumb","itemListElement":[{"@type":"ListItem","position":1,"name":"Home","item":"https:\/\/www.checchiemagli.com\/de\/"},{"@type":"ListItem","position":2,"name":"Maschinen","item":"https:\/\/www.checchiemagli.com\/de\/maschinen\/"},{"@type":"ListItem","position":3,"name":"Kartoffeln und Zwiebel","item":"https:\/\/www.checchiemagli.com\/de\/maschinen\/kartoffeln-und-zwiebel\/"},{"@type":"ListItem","position":4,"name":"SP onion"}]},{"@type":"WebSite","@id":"https:\/\/www.checchiemagli.com\/de\/#website","url":"https:\/\/www.checchiemagli.com\/de\/","name":"Checchi&Magli","description":"Produzione e Distribuzione di Macchine Agricole","publisher":{"@id":"https:\/\/www.checchiemagli.com\/de\/#organization"},"potentialAction":[{"@type":"SearchAction","target":{"@type":"EntryPoint","urlTemplate":"https:\/\/www.checchiemagli.com\/de\/?s={search_term_string}"},"query-input":{"@type":"PropertyValueSpecification","valueRequired":true,"valueName":"search_term_string"}}],"inLanguage":"de"},{"@type":"Organization","@id":"https:\/\/www.checchiemagli.com\/de\/#organization","name":"Checchi&Magli","url":"https:\/\/www.checchiemagli.com\/de\/","logo":{"@type":"ImageObject","inLanguage":"de","@id":"https:\/\/www.checchiemagli.com\/de\/#\/schema\/logo\/image\/","url":"https:\/\/www.checchiemagli.com\/wp-content\/uploads\/2025\/03\/logo.png","contentUrl":"https:\/\/www.checchiemagli.com\/wp-content\/uploads\/2025\/03\/logo.png","width":633,"height":149,"caption":"Checchi&Magli"},"image":{"@id":"https:\/\/www.checchiemagli.com\/de\/#\/schema\/logo\/image\/"},"sameAs":["https:\/\/www.facebook.com\/checchiemagli\/","https:\/\/x.com\/checchiemagli","https:\/\/www.youtube.com\/user\/checchiemagli","https:\/\/www.instagram.com\/checchiemagli\/","https:\/\/www.linkedin.com\/company\/checchiemagli\/"]}]}},"_links":{"self":[{"href":"https:\/\/www.checchiemagli.com\/de\/wp-json\/wp\/v2\/product\/6725","targetHints":{"allow":["GET"]}}],"collection":[{"href":"https:\/\/www.checchiemagli.com\/de\/wp-json\/wp\/v2\/product"}],"about":[{"href":"https:\/\/www.checchiemagli.com\/de\/wp-json\/wp\/v2\/types\/product"}],"wp:featuredmedia":[{"embeddable":true,"href":"https:\/\/www.checchiemagli.com\/de\/wp-json\/wp\/v2\/media\/3271"}],"wp:attachment":[{"href":"https:\/\/www.checchiemagli.com\/de\/wp-json\/wp\/v2\/media?parent=6725"}],"wp:term":[{"taxonomy":"cosa-puoi-piantare","embeddable":true,"href":"https:\/\/www.checchiemagli.com\/de\/wp-json\/wp\/v2\/cosa-puoi-piantare?post=6725"},{"taxonomy":"etichette","embeddable":true,"href":"https:\/\/www.checchiemagli.com\/de\/wp-json\/wp\/v2\/etichette?post=6725"},{"taxonomy":"nr-file","embeddable":true,"href":"https:\/\/www.checchiemagli.com\/de\/wp-json\/wp\/v2\/nr-file?post=6725"},{"taxonomy":"specifiche-tecniche","embeddable":true,"href":"https:\/\/www.checchiemagli.com\/de\/wp-json\/wp\/v2\/specifiche-tecniche?post=6725"},{"taxonomy":"tipo-di-terreno","embeddable":true,"href":"https:\/\/www.checchiemagli.com\/de\/wp-json\/wp\/v2\/tipo-di-terreno?post=6725"},{"taxonomy":"tipo-di-zolla","embeddable":true,"href":"https:\/\/www.checchiemagli.com\/de\/wp-json\/wp\/v2\/tipo-di-zolla?post=6725"},{"taxonomy":"tipologie-macchine","embeddable":true,"href":"https:\/\/www.checchiemagli.com\/de\/wp-json\/wp\/v2\/tipologie-macchine?post=6725"},{"taxonomy":"product_brand","embeddable":true,"href":"https:\/\/www.checchiemagli.com\/de\/wp-json\/wp\/v2\/product_brand?post=6725"},{"taxonomy":"product_cat","embeddable":true,"href":"https:\/\/www.checchiemagli.com\/de\/wp-json\/wp\/v2\/product_cat?post=6725"},{"taxonomy":"product_tag","embeddable":true,"href":"https:\/\/www.checchiemagli.com\/de\/wp-json\/wp\/v2\/product_tag?post=6725"}],"curies":[{"name":"wp","href":"https:\/\/api.w.org\/{rel}","templated":true}]}}