{"id":6715,"date":"2025-03-04T12:36:39","date_gmt":"2025-03-04T11:36:39","guid":{"rendered":"https:\/\/www.checchiemagli.com\/prodotto\/seedpro-e\/"},"modified":"2025-10-28T11:16:17","modified_gmt":"2025-10-28T10:16:17","slug":"seedpro-e","status":"publish","type":"product","link":"https:\/\/www.checchiemagli.com\/de\/saemaschine\/seedpro-e\/","title":{"rendered":"SEEDPRO<i>e<\/i>"},"content":{"rendered":"<p><span data-sheets-root=\"1\"><strong>Der einzige auf der Welt f\u00fcr die Aussaat und Verpflanzung auf Mulch!<\/strong> S\u00e4maschine kompatibel mit Pflanzmaschinen WOLF PRO und SMARTWOLF.<br \/>\nStromversorgung, automatische Saatgutbeladung und elektrische Synchronisierung der S\u00e4-\/Pflanzmaschine.<br \/>\nPneumatischer Verteiler mit 24-Loch-Scheibe (von 2 bis 6,5 mm), geeignet f\u00fcr eine Vielzahl von Samen, einschlie\u00dflich Melonen, Wassermelonen, K\u00fcrbissen, Zucchini und Tomaten, sowohl kandiert als auch nicht kandiert.<br \/>\nSie garantiert eine ungef\u00e4hre Produktion von 10.000 Samen pro Stunde bei einer Einlegegenauigkeit von 90\u202f% und erm\u00f6glicht einen schnellen und einfachen Umbau von Saat- auf Pflanzbetrieb.<br \/>\nEs funktioniert auch auf nacktem Boden und ist empfohlen f\u00fcr Landwirte, die je nach Jahreszeit abwechselnd s\u00e4en und pflanzen.<br \/>\nAuf Anfrage lokalisierte und synchronisierte elektrische Bew\u00e4sserung.<\/span><\/p>\n","protected":false},"excerpt":{"rendered":"<p>Der einzige auf der Welt f\u00fcr die Aussaat und Verpflanzung auf Mulch! S\u00e4maschine kompatibel mit Pflanzmaschinen WOLF PRO und SMARTWOLF. Stromversorgung, automatische Saatgutbeladung und elektrische Synchronisierung der S\u00e4-\/Pflanzmaschine. Pneumatischer Verteiler mit 24-Loch-Scheibe (von 2 bis 6,5 mm), geeignet f\u00fcr eine Vielzahl von Samen, einschlie\u00dflich Melonen, Wassermelonen, K\u00fcrbissen, Zucchini und Tomaten, sowohl kandiert als auch nicht&#8230;<\/p>\n","protected":false},"featured_media":9774,"template":"","meta":{"_acf_changed":false,"_gspb_post_css":"","_kad_post_transparent":"default","_kad_post_title":"","_kad_post_layout":"default","_kad_post_sidebar_id":"","_kad_post_content_style":"default","_kad_post_vertical_padding":"default","_kad_post_feature":"","_kad_post_feature_position":"","_kad_post_header":false,"_kad_post_footer":false,"_kad_post_classname":""},"cosa-puoi-piantare":[548,572,588,592,532,524],"etichette":[],"nr-file":[448,449,450,451,452,453,454],"specifiche-tecniche":[1942,1943,1944,1945,1948,1984,1904,1939,1940,1941],"tipo-di-terreno":[428,433],"tipo-di-zolla":[408],"tipologie-macchine":[994],"product_brand":[],"product_cat":[396],"product_tag":[],"class_list":{"0":"post-6715","1":"product","2":"type-product","3":"status-publish","4":"has-post-thumbnail","6":"cosa-puoi-piantare-gurken","7":"cosa-puoi-piantare-tomaten","8":"cosa-puoi-piantare-kuerbis","9":"cosa-puoi-piantare-zucchini-de","10":"cosa-puoi-piantare-melone-de","11":"cosa-puoi-piantare-wassermelone","12":"nr-file-1-de","13":"nr-file-2-de","14":"nr-file-3-de","15":"nr-file-4-de","16":"nr-file-5-de","17":"nr-file-6-de","18":"nr-file-6-reihen","19":"specifiche-tecniche-stechbechern-mit-einstellbarer-oeffnung","20":"specifiche-tecniche-10-000-samen-h","21":"specifiche-tecniche-schnelle-und-einfache-umstellung-von-der-aussaat-zum-umpflanzen","22":"specifiche-tecniche-saemaschinen-pflanzmaschine-synchronisierung","23":"specifiche-tecniche-kompatibel-mit-biologisch-abbaubaren-folien","24":"specifiche-tecniche-kompatibel-mit-wolf-pro-und-smartwolf","25":"specifiche-tecniche-gezielte-und-synchronisierte-elektrische-bewaesserungsvorrichtung-weltweit-einzigartig-optional","26":"specifiche-tecniche-stromversorgung","27":"specifiche-tecniche-automatische-samenbeladung","28":"specifiche-tecniche-elektrisch-angetriebenen-untersetzer","29":"tipo-di-terreno-nackter-boden","30":"tipo-di-terreno-gemulchter-boden","31":"tipo-di-zolla-samen","32":"tipologie-macchine-saemaschine","33":"product_cat-saemaschinen","35":"first","36":"instock","37":"virtual","38":"product-type-simple","39":"entry","40":"content-bg","41":"loop-entry"},"acf":[],"yoast_head":"<!-- This site is optimized with the Yoast SEO plugin v27.2 - https:\/\/yoast.com\/product\/yoast-seo-wordpress\/ -->\n<title>S\u00e4maschinen SEEDPRO-e - Checchi &amp; Magli<\/title>\n<meta name=\"description\" content=\"S\u00e4maschinen SEEDPROe. Die einzige Maschine weltweit f\u00fcr Aussaat und Pflanzung auf Mulchfolie! Geeignet f\u00fcr eine Vielzahl von Samen wie Melonen, K\u00fcrbisse und Tomaten.\" \/>\n<meta name=\"robots\" content=\"index, follow, max-snippet:-1, max-image-preview:large, max-video-preview:-1\" \/>\n<link rel=\"canonical\" href=\"https:\/\/www.checchiemagli.com\/de\/saemaschine\/seedpro-e\/\" \/>\n<meta property=\"og:locale\" content=\"de_DE\" \/>\n<meta property=\"og:type\" content=\"article\" \/>\n<meta property=\"og:title\" content=\"S\u00e4maschinen SEEDPRO-e - Checchi &amp; Magli\" \/>\n<meta property=\"og:description\" content=\"S\u00e4maschinen SEEDPROe. Die einzige Maschine weltweit f\u00fcr Aussaat und Pflanzung auf Mulchfolie! Geeignet f\u00fcr eine Vielzahl von Samen wie Melonen, K\u00fcrbisse und Tomaten.\" \/>\n<meta property=\"og:url\" content=\"https:\/\/www.checchiemagli.com\/de\/saemaschine\/seedpro-e\/\" \/>\n<meta property=\"og:site_name\" content=\"Checchi e Magli\" \/>\n<meta property=\"article:publisher\" content=\"https:\/\/www.facebook.com\/checchiemagli\/\" \/>\n<meta property=\"article:modified_time\" content=\"2025-10-28T10:16:17+00:00\" \/>\n<meta property=\"og:image\" content=\"https:\/\/www.checchiemagli.com\/wp-content\/uploads\/2025\/03\/SEEDPROe-1000x1000-1.png\" \/>\n\t<meta property=\"og:image:width\" content=\"1000\" \/>\n\t<meta property=\"og:image:height\" content=\"1000\" \/>\n\t<meta property=\"og:image:type\" content=\"image\/png\" \/>\n<meta name=\"twitter:card\" content=\"summary_large_image\" \/>\n<meta name=\"twitter:site\" content=\"@checchiemagli\" \/>\n<meta name=\"twitter:label1\" content=\"Gesch\u00e4tzte Lesezeit\" \/>\n\t<meta name=\"twitter:data1\" content=\"1\u00a0Minute\" \/>\n<!-- \/ Yoast SEO plugin. -->","yoast_head_json":{"title":"S\u00e4maschinen SEEDPRO-e - Checchi & Magli","description":"S\u00e4maschinen SEEDPROe. Die einzige Maschine weltweit f\u00fcr Aussaat und Pflanzung auf Mulchfolie! Geeignet f\u00fcr eine Vielzahl von Samen wie Melonen, K\u00fcrbisse und Tomaten.","robots":{"index":"index","follow":"follow","max-snippet":"max-snippet:-1","max-image-preview":"max-image-preview:large","max-video-preview":"max-video-preview:-1"},"canonical":"https:\/\/www.checchiemagli.com\/de\/saemaschine\/seedpro-e\/","og_locale":"de_DE","og_type":"article","og_title":"S\u00e4maschinen SEEDPRO-e - Checchi & Magli","og_description":"S\u00e4maschinen SEEDPROe. Die einzige Maschine weltweit f\u00fcr Aussaat und Pflanzung auf Mulchfolie! Geeignet f\u00fcr eine Vielzahl von Samen wie Melonen, K\u00fcrbisse und Tomaten.","og_url":"https:\/\/www.checchiemagli.com\/de\/saemaschine\/seedpro-e\/","og_site_name":"Checchi e Magli","article_publisher":"https:\/\/www.facebook.com\/checchiemagli\/","article_modified_time":"2025-10-28T10:16:17+00:00","og_image":[{"width":1000,"height":1000,"url":"https:\/\/www.checchiemagli.com\/wp-content\/uploads\/2025\/03\/SEEDPROe-1000x1000-1.png","type":"image\/png"}],"twitter_card":"summary_large_image","twitter_site":"@checchiemagli","twitter_misc":{"Gesch\u00e4tzte Lesezeit":"1\u00a0Minute"},"schema":{"@context":"https:\/\/schema.org","@graph":[{"@type":"WebPage","@id":"https:\/\/www.checchiemagli.com\/de\/saemaschine\/seedpro-e\/","url":"https:\/\/www.checchiemagli.com\/de\/saemaschine\/seedpro-e\/","name":"S\u00e4maschinen SEEDPRO-e - Checchi & Magli","isPartOf":{"@id":"https:\/\/www.checchiemagli.com\/de\/#website"},"primaryImageOfPage":{"@id":"https:\/\/www.checchiemagli.com\/de\/saemaschine\/seedpro-e\/#primaryimage"},"image":{"@id":"https:\/\/www.checchiemagli.com\/de\/saemaschine\/seedpro-e\/#primaryimage"},"thumbnailUrl":"https:\/\/www.checchiemagli.com\/wp-content\/uploads\/2025\/03\/SEEDPROe-1000x1000-1.png","datePublished":"2025-03-04T11:36:39+00:00","dateModified":"2025-10-28T10:16:17+00:00","description":"S\u00e4maschinen SEEDPROe. Die einzige Maschine weltweit f\u00fcr Aussaat und Pflanzung auf Mulchfolie! Geeignet f\u00fcr eine Vielzahl von Samen wie Melonen, K\u00fcrbisse und Tomaten.","breadcrumb":{"@id":"https:\/\/www.checchiemagli.com\/de\/saemaschine\/seedpro-e\/#breadcrumb"},"inLanguage":"de","potentialAction":[{"@type":"ReadAction","target":["https:\/\/www.checchiemagli.com\/de\/saemaschine\/seedpro-e\/"]}]},{"@type":"ImageObject","inLanguage":"de","@id":"https:\/\/www.checchiemagli.com\/de\/saemaschine\/seedpro-e\/#primaryimage","url":"https:\/\/www.checchiemagli.com\/wp-content\/uploads\/2025\/03\/SEEDPROe-1000x1000-1.png","contentUrl":"https:\/\/www.checchiemagli.com\/wp-content\/uploads\/2025\/03\/SEEDPROe-1000x1000-1.png","width":1000,"height":1000},{"@type":"BreadcrumbList","@id":"https:\/\/www.checchiemagli.com\/de\/saemaschine\/seedpro-e\/#breadcrumb","itemListElement":[{"@type":"ListItem","position":1,"name":"Home","item":"https:\/\/www.checchiemagli.com\/de\/"},{"@type":"ListItem","position":2,"name":"Maschinen","item":"https:\/\/www.checchiemagli.com\/de\/maschinen\/"},{"@type":"ListItem","position":3,"name":"S\u00e4maschinen","item":"https:\/\/www.checchiemagli.com\/de\/maschinen\/saemaschinen\/"},{"@type":"ListItem","position":4,"name":"SEEDPROe"}]},{"@type":"WebSite","@id":"https:\/\/www.checchiemagli.com\/de\/#website","url":"https:\/\/www.checchiemagli.com\/de\/","name":"Checchi&Magli","description":"Produzione e Distribuzione di Macchine Agricole","publisher":{"@id":"https:\/\/www.checchiemagli.com\/de\/#organization"},"potentialAction":[{"@type":"SearchAction","target":{"@type":"EntryPoint","urlTemplate":"https:\/\/www.checchiemagli.com\/de\/?s={search_term_string}"},"query-input":{"@type":"PropertyValueSpecification","valueRequired":true,"valueName":"search_term_string"}}],"inLanguage":"de"},{"@type":"Organization","@id":"https:\/\/www.checchiemagli.com\/de\/#organization","name":"Checchi&Magli","url":"https:\/\/www.checchiemagli.com\/de\/","logo":{"@type":"ImageObject","inLanguage":"de","@id":"https:\/\/www.checchiemagli.com\/de\/#\/schema\/logo\/image\/","url":"https:\/\/www.checchiemagli.com\/wp-content\/uploads\/2025\/03\/logo.png","contentUrl":"https:\/\/www.checchiemagli.com\/wp-content\/uploads\/2025\/03\/logo.png","width":633,"height":149,"caption":"Checchi&Magli"},"image":{"@id":"https:\/\/www.checchiemagli.com\/de\/#\/schema\/logo\/image\/"},"sameAs":["https:\/\/www.facebook.com\/checchiemagli\/","https:\/\/x.com\/checchiemagli","https:\/\/www.youtube.com\/user\/checchiemagli","https:\/\/www.instagram.com\/checchiemagli\/","https:\/\/www.linkedin.com\/company\/checchiemagli\/"]}]}},"_links":{"self":[{"href":"https:\/\/www.checchiemagli.com\/de\/wp-json\/wp\/v2\/product\/6715","targetHints":{"allow":["GET"]}}],"collection":[{"href":"https:\/\/www.checchiemagli.com\/de\/wp-json\/wp\/v2\/product"}],"about":[{"href":"https:\/\/www.checchiemagli.com\/de\/wp-json\/wp\/v2\/types\/product"}],"wp:featuredmedia":[{"embeddable":true,"href":"https:\/\/www.checchiemagli.com\/de\/wp-json\/wp\/v2\/media\/9774"}],"wp:attachment":[{"href":"https:\/\/www.checchiemagli.com\/de\/wp-json\/wp\/v2\/media?parent=6715"}],"wp:term":[{"taxonomy":"cosa-puoi-piantare","embeddable":true,"href":"https:\/\/www.checchiemagli.com\/de\/wp-json\/wp\/v2\/cosa-puoi-piantare?post=6715"},{"taxonomy":"etichette","embeddable":true,"href":"https:\/\/www.checchiemagli.com\/de\/wp-json\/wp\/v2\/etichette?post=6715"},{"taxonomy":"nr-file","embeddable":true,"href":"https:\/\/www.checchiemagli.com\/de\/wp-json\/wp\/v2\/nr-file?post=6715"},{"taxonomy":"specifiche-tecniche","embeddable":true,"href":"https:\/\/www.checchiemagli.com\/de\/wp-json\/wp\/v2\/specifiche-tecniche?post=6715"},{"taxonomy":"tipo-di-terreno","embeddable":true,"href":"https:\/\/www.checchiemagli.com\/de\/wp-json\/wp\/v2\/tipo-di-terreno?post=6715"},{"taxonomy":"tipo-di-zolla","embeddable":true,"href":"https:\/\/www.checchiemagli.com\/de\/wp-json\/wp\/v2\/tipo-di-zolla?post=6715"},{"taxonomy":"tipologie-macchine","embeddable":true,"href":"https:\/\/www.checchiemagli.com\/de\/wp-json\/wp\/v2\/tipologie-macchine?post=6715"},{"taxonomy":"product_brand","embeddable":true,"href":"https:\/\/www.checchiemagli.com\/de\/wp-json\/wp\/v2\/product_brand?post=6715"},{"taxonomy":"product_cat","embeddable":true,"href":"https:\/\/www.checchiemagli.com\/de\/wp-json\/wp\/v2\/product_cat?post=6715"},{"taxonomy":"product_tag","embeddable":true,"href":"https:\/\/www.checchiemagli.com\/de\/wp-json\/wp\/v2\/product_tag?post=6715"}],"curies":[{"name":"wp","href":"https:\/\/api.w.org\/{rel}","templated":true}]}}